{"id":768,"date":"2024-09-27T15:30:20","date_gmt":"2024-09-27T15:30:20","guid":{"rendered":"https:\/\/www.gdwanjiada.net\/?post_type=product&#038;p=768"},"modified":"2026-01-06T08:00:57","modified_gmt":"2026-01-06T08:00:57","slug":"custom-plastic-cabinets-bulk","status":"publish","type":"product","link":"https:\/\/www.gdwanjiada.net\/es\/producto\/custom-plastic-cabinets-bulk\/","title":{"rendered":"Armarios de pl\u00e1stico a granel, al por mayor Armarios de 3 capas"},"content":{"rendered":"<h3 class=\"wp-block-heading has-text-align-center\">Especificaciones de los armarios de pl\u00e1stico a medida a granel<\/h3><figure class=\"wp-block-table\"><table class=\"has-fixed-layout\"><tbody><tr><td>Modelo<\/td><td>Material<\/td><td>Tama\u00f1o del producto\uff08cm\uff09<\/td><td>Tama\u00f1o de la caja\uff08cm\uff09<\/td><td>Cantidad por embalaje\uff08pcs\uff09<\/td><td>G.W.\uff08kg\uff09<\/td><td>N.W.\uff08kg\uff09<\/td><\/tr><tr><td>703\uff083 capas\uff09<\/td><td>ABS+PP<\/td><td>69*38*108.5<\/td><td>72*42.5*26.5<\/td><td>1<\/td><td>9.4<\/td><td>8.11<\/td><\/tr><\/tbody><\/table><\/figure><div class=\"wp-block-columns is-layout-flex wp-container-core-columns-is-layout-9d6595d7 wp-block-columns-is-layout-flex\"><div class=\"wp-block-column is-layout-flow wp-block-column-is-layout-flow\" style=\"flex-basis:50%\"><h3 class=\"wp-block-heading has-text-align-left\">Ventajas de los armarios de pl\u00e1stico a medida a granel<\/h3>\n\n<ul class=\"wp-block-list\"><li><strong>Durabilidad: <\/strong>Nuestros armarios de pl\u00e1stico a granel personalizados est\u00e1n fabricados con materiales pl\u00e1sticos ecol\u00f3gicos de alta calidad, que son impermeables, resistentes al moho y a la corrosi\u00f3n. Soportan el desgaste diario, garantizan su buen estado en entornos h\u00famedos y son aptos para un uso prolongado.<\/li>\n\n<li><strong>Optimizaci\u00f3n del espacio: <\/strong>Estos armarios al por mayor tienen una estructura de tres capas que distribuye racionalmente el espacio de almacenamiento. Cada capa puede almacenar de forma flexible diferentes art\u00edculos, que se pueden clasificar y almacenar en ropa y art\u00edculos para el hogar, y puede acomodar f\u00e1cilmente documentos de oficina, por lo que la utilizaci\u00f3n del espacio es m\u00e1s eficiente.<\/li>\n\n<li><strong>Servicio personalizado:<\/strong> Nuestros armarios al por mayor admiten la personalizaci\u00f3n del color, el tama\u00f1o y el n\u00famero de capas, y pueden adaptarse a las distintas necesidades de almacenamiento y entornos de los clientes para crear armarios de pl\u00e1stico personalizados \u00fanicos a granel.<\/li>\n\n<li><strong>F\u00e1cil de limpiar y mantener: <\/strong>La superficie lisa de pl\u00e1stico de nuestros armarios de pl\u00e1stico a granel personalizados no s\u00f3lo es a prueba de polvo y manchas, sino que tambi\u00e9n se puede limpiar f\u00e1cilmente para mantenerla limpia, sin necesidad de una limpieza y mantenimiento complicados, lo que resulta muy adecuado para los usuarios que necesitan gestionar el espacio de forma eficiente.<\/li><\/ul><\/div>\n\n<div class=\"wp-block-column is-layout-flow wp-block-column-is-layout-flow\"><figure class=\"wp-block-image size-full\"><img decoding=\"async\" width=\"800\" height=\"800\" src=\"https:\/\/www.gdwanjiada.net\/wp-content\/uploads\/2024\/09\/3-Layers-Custom-Plastic-Cabinets-Bulk-Wholesale-Cabinets-For-Clothes-3.webp\" alt=\"Gabinetes De Pl\u00e1stico De 3 Capas A Granel, Mayorista Gabinetes Para Ropa-3\" class=\"wp-image-771\" srcset=\"https:\/\/www.gdwanjiada.net\/wp-content\/uploads\/2024\/09\/3-Layers-Custom-Plastic-Cabinets-Bulk-Wholesale-Cabinets-For-Clothes-3.webp 800w, https:\/\/www.gdwanjiada.net\/wp-content\/uploads\/2024\/09\/3-Layers-Custom-Plastic-Cabinets-Bulk-Wholesale-Cabinets-For-Clothes-3-300x300.webp 300w, https:\/\/www.gdwanjiada.net\/wp-content\/uploads\/2024\/09\/3-Layers-Custom-Plastic-Cabinets-Bulk-Wholesale-Cabinets-For-Clothes-3-150x150.webp 150w, https:\/\/www.gdwanjiada.net\/wp-content\/uploads\/2024\/09\/3-Layers-Custom-Plastic-Cabinets-Bulk-Wholesale-Cabinets-For-Clothes-3-768x768.webp 768w, https:\/\/www.gdwanjiada.net\/wp-content\/uploads\/2024\/09\/3-Layers-Custom-Plastic-Cabinets-Bulk-Wholesale-Cabinets-For-Clothes-3-600x600.webp 600w, https:\/\/www.gdwanjiada.net\/wp-content\/uploads\/2024\/09\/3-Layers-Custom-Plastic-Cabinets-Bulk-Wholesale-Cabinets-For-Clothes-3-100x100.webp 100w\" sizes=\"(max-width: 800px) 100vw, 800px\" \/><\/figure><\/div><\/div>","protected":false},"excerpt":{"rendered":"<p>Bienvenido a comprar armarios al por mayor. Nuestros armarios de pl\u00e1stico personalizados al por mayor est\u00e1n fabricados en pl\u00e1stico de alta calidad, resistente al agua y al moho, con un dise\u00f1o ligero y de f\u00e1cil montaje, proporcionando un amplio espacio de almacenamiento clasificado. El producto se puede personalizar en color y tama\u00f1o seg\u00fan las necesidades del cliente, por lo que es una opci\u00f3n ideal para el almacenamiento en el hogar y la oficina.<\/p>\n<h2>Caracter\u00edsticas del producto\uff1a<\/h2>\n<ul>\n<li>Hecho de material pl\u00e1stico duradero, respetuoso con el medio ambiente y f\u00e1cil de limpiar.<\/li>\n<li>El dise\u00f1o de tres capas proporciona un amplio espacio de almacenamiento.<\/li>\n<li>Colores y tama\u00f1os personalizables.<\/li>\n<li>Estructura ligera, f\u00e1cil de montar y trasladar.<\/li>\n<\/ul>","protected":false},"featured_media":770,"comment_status":"closed","ping_status":"closed","template":"","meta":{"_acf_changed":false},"product_brand":[],"product_cat":[20],"product_tag":[],"class_list":{"0":"post-768","1":"product","2":"type-product","3":"status-publish","4":"has-post-thumbnail","6":"product_cat-plastic-cabinets-wholesale","8":"first","9":"instock","10":"shipping-taxable","11":"product-type-simple"},"acf":[],"_links":{"self":[{"href":"https:\/\/www.gdwanjiada.net\/es\/wp-json\/wp\/v2\/product\/768","targetHints":{"allow":["GET"]}}],"collection":[{"href":"https:\/\/www.gdwanjiada.net\/es\/wp-json\/wp\/v2\/product"}],"about":[{"href":"https:\/\/www.gdwanjiada.net\/es\/wp-json\/wp\/v2\/types\/product"}],"replies":[{"embeddable":true,"href":"https:\/\/www.gdwanjiada.net\/es\/wp-json\/wp\/v2\/comments?post=768"}],"wp:featuredmedia":[{"embeddable":true,"href":"https:\/\/www.gdwanjiada.net\/es\/wp-json\/wp\/v2\/media\/770"}],"wp:attachment":[{"href":"https:\/\/www.gdwanjiada.net\/es\/wp-json\/wp\/v2\/media?parent=768"}],"wp:term":[{"taxonomy":"product_brand","embeddable":true,"href":"https:\/\/www.gdwanjiada.net\/es\/wp-json\/wp\/v2\/product_brand?post=768"},{"taxonomy":"product_cat","embeddable":true,"href":"https:\/\/www.gdwanjiada.net\/es\/wp-json\/wp\/v2\/product_cat?post=768"},{"taxonomy":"product_tag","embeddable":true,"href":"https:\/\/www.gdwanjiada.net\/es\/wp-json\/wp\/v2\/product_tag?post=768"}],"curies":[{"name":"wp","href":"https:\/\/api.w.org\/{rel}","templated":true}]}}