{"id":757,"date":"2024-09-27T10:14:29","date_gmt":"2024-09-27T10:14:29","guid":{"rendered":"https:\/\/www.gdwanjiada.net\/?post_type=product&#038;p=757"},"modified":"2026-01-06T07:52:21","modified_gmt":"2026-01-06T07:52:21","slug":"bulk-portable-fans","status":"publish","type":"product","link":"https:\/\/www.gdwanjiada.net\/es\/producto\/bulk-portable-fans\/","title":{"rendered":"F\u00e1brica a granel ventiladores port\u00e1tiles, ventilador de escritorio personalizado con doble luz"},"content":{"rendered":"<h3 class=\"wp-block-heading has-text-align-center\">Especificaciones de los ventiladores port\u00e1tiles a granel<\/h3><figure class=\"wp-block-table\"><table class=\"has-fixed-layout\"><tbody><tr><td rowspan=\"2\">Modelo<\/td><td rowspan=\"2\">Potencia\uff08W\uff09<\/td><td rowspan=\"2\">Tensi\u00f3n\uff08V\uff09<\/td><td rowspan=\"2\">Velocidad<\/td><td rowspan=\"2\">G.W.\uff08g\uff09<\/td><td rowspan=\"2\">Tama\u00f1o del producto\uff08mm\uff09<\/td><td rowspan=\"2\">Tama\u00f1o del embalaje\uff08mm\uff09<\/td><td rowspan=\"2\">Tama\u00f1o de la caja\uff08mm\uff09<\/td><td rowspan=\"2\">Embalaje Q'ty\uff08pc\uff09<\/td><td rowspan=\"2\">Cart\u00f3n G.W.\uff08kg\uff09<\/td><td rowspan=\"2\">Alimentaci\u00f3n<\/td><td rowspan=\"2\">Capacidad de la bater\u00eda<\/td><td colspan=\"2\">Tipo de carga<\/td><\/tr><tr><td>20GP<\/td><td>40HQ<\/td><\/tr><tr><td>F03<\/td><td>5<\/td><td>5<\/td><td>5<\/td><td>440<\/td><td>210*220*230<\/td><td>216*58*216<\/td><td>600*447*462<\/td><td>40<\/td><td>19.6<\/td><td>Tipo-C\/Bater\u00eda<\/td><td>1800mh<\/td><td>9040<\/td><td>21960<\/td><\/tr><\/tbody><\/table><\/figure><div class=\"wp-block-columns is-layout-flex wp-container-core-columns-is-layout-9d6595d7 wp-block-columns-is-layout-flex\"><div class=\"wp-block-column is-layout-flow wp-block-column-is-layout-flow\" style=\"flex-basis:50%\"><h3 class=\"wp-block-heading has-text-align-left\">Ventajas de los ventiladores port\u00e1tiles a granel<\/h3>\n\n<ul class=\"wp-block-list\"><li><strong>M\u00faltiples escenarios de uso: <\/strong>Nuestros ventiladores port\u00e1tiles a granel son adecuados para escritorio, montaje en pared y colgado, y pueden satisfacer con flexibilidad diferentes necesidades de uso. Son ideales para espacios dom\u00e9sticos y de oficina.<\/li>\n\n<li><strong>5 velocidades de viento, doble iluminaci\u00f3n: <\/strong>Estos ventiladores de escritorio al por mayor tienen 5 ajustes de velocidad de viento, luz blanca en la parte delantera y luz c\u00e1lida en la parte inferior, proporcionando una experiencia de uso vers\u00e1til.<\/li>\n\n<li><strong>Se puede a\u00f1adir aromaterapia: <\/strong>Los usuarios pueden a\u00f1adir aromaterapia, repelente de mosquitos o desinfectante en el centro de los ventiladores port\u00e1tiles a granel para lograr la expansi\u00f3n multifuncional del ventilador.<\/li>\n\n<li><strong>F\u00e1cil de plegar y guardar:<\/strong> Estos ventiladores de escritorio al por mayor son ligeros, f\u00e1ciles de transportar y de plegar y guardar, ahorran espacio y se pueden utilizar en cualquier momento y lugar.<\/li><\/ul><\/div>\n\n<div class=\"wp-block-column is-layout-flow wp-block-column-is-layout-flow\"><figure class=\"wp-block-image size-full\"><img decoding=\"async\" width=\"800\" height=\"800\" src=\"https:\/\/www.gdwanjiada.net\/wp-content\/uploads\/2024\/09\/Bulk-Portable-Fans-Wholesale-Desk-Fans-With-Dual-Light-7.webp\" alt=\"Ventiladores Port\u00e1tiles Al Por Mayor, Ventiladores De Escritorio Con Doble Luz-7\" class=\"wp-image-764\" srcset=\"https:\/\/www.gdwanjiada.net\/wp-content\/uploads\/2024\/09\/Bulk-Portable-Fans-Wholesale-Desk-Fans-With-Dual-Light-7.webp 800w, https:\/\/www.gdwanjiada.net\/wp-content\/uploads\/2024\/09\/Bulk-Portable-Fans-Wholesale-Desk-Fans-With-Dual-Light-7-300x300.webp 300w, https:\/\/www.gdwanjiada.net\/wp-content\/uploads\/2024\/09\/Bulk-Portable-Fans-Wholesale-Desk-Fans-With-Dual-Light-7-150x150.webp 150w, https:\/\/www.gdwanjiada.net\/wp-content\/uploads\/2024\/09\/Bulk-Portable-Fans-Wholesale-Desk-Fans-With-Dual-Light-7-768x768.webp 768w, https:\/\/www.gdwanjiada.net\/wp-content\/uploads\/2024\/09\/Bulk-Portable-Fans-Wholesale-Desk-Fans-With-Dual-Light-7-600x600.webp 600w, https:\/\/www.gdwanjiada.net\/wp-content\/uploads\/2024\/09\/Bulk-Portable-Fans-Wholesale-Desk-Fans-With-Dual-Light-7-100x100.webp 100w\" sizes=\"(max-width: 800px) 100vw, 800px\" \/><\/figure><\/div><\/div>","protected":false},"excerpt":{"rendered":"<p>Bienvenido a comprar ventiladores de escritorio al por mayor. Nuestros ventiladores port\u00e1tiles al por mayor admiten una gran variedad de escenarios, como escritorio, montaje en pared y colgado, con 5 ajustes de velocidad del viento y doble funci\u00f3n de iluminaci\u00f3n. El dise\u00f1o compacto es f\u00e1cil de transportar, no ocupa espacio despu\u00e9s de plegarlo, y la pantalla ofrece ajustes de velocidad del viento, regulaci\u00f3n continua y visualizaci\u00f3n de la potencia.<\/p>\n<h2>Caracter\u00edsticas del producto\uff1a<\/h2>\n<ul>\n<li>M\u00faltiples escenarios, como sobremesa, colgado en la pared, colgado, etc.<\/li>\n<li>5 velocidades de viento ajustable, doble ajuste de la luz, la parte delantera es de luz blanca y la base es de luz c\u00e1lida<\/li>\n<li>El centro puede a\u00f1adir aromaterapia, l\u00edquido repelente y l\u00edquido desinfectante<\/li>\n<li>Dise\u00f1o compacto para transportarlo f\u00e1cilmente y guardarlo plegado sin ocupar espacio<\/li>\n<li>Pantalla de visualizaci\u00f3n= Ajuste de la velocidad del aire + Atenuaci\u00f3n sin escalonamiento + Cantidad el\u00e9ctrica.<\/li>\n<\/ul>","protected":false},"featured_media":765,"comment_status":"closed","ping_status":"closed","template":"","meta":{"_acf_changed":false},"product_brand":[],"product_cat":[23],"product_tag":[],"class_list":{"0":"post-757","1":"product","2":"type-product","3":"status-publish","4":"has-post-thumbnail","6":"product_cat-wholesale-portable-fans","8":"first","9":"instock","10":"shipping-taxable","11":"product-type-simple"},"acf":[],"_links":{"self":[{"href":"https:\/\/www.gdwanjiada.net\/es\/wp-json\/wp\/v2\/product\/757","targetHints":{"allow":["GET"]}}],"collection":[{"href":"https:\/\/www.gdwanjiada.net\/es\/wp-json\/wp\/v2\/product"}],"about":[{"href":"https:\/\/www.gdwanjiada.net\/es\/wp-json\/wp\/v2\/types\/product"}],"replies":[{"embeddable":true,"href":"https:\/\/www.gdwanjiada.net\/es\/wp-json\/wp\/v2\/comments?post=757"}],"wp:featuredmedia":[{"embeddable":true,"href":"https:\/\/www.gdwanjiada.net\/es\/wp-json\/wp\/v2\/media\/765"}],"wp:attachment":[{"href":"https:\/\/www.gdwanjiada.net\/es\/wp-json\/wp\/v2\/media?parent=757"}],"wp:term":[{"taxonomy":"product_brand","embeddable":true,"href":"https:\/\/www.gdwanjiada.net\/es\/wp-json\/wp\/v2\/product_brand?post=757"},{"taxonomy":"product_cat","embeddable":true,"href":"https:\/\/www.gdwanjiada.net\/es\/wp-json\/wp\/v2\/product_cat?post=757"},{"taxonomy":"product_tag","embeddable":true,"href":"https:\/\/www.gdwanjiada.net\/es\/wp-json\/wp\/v2\/product_tag?post=757"}],"curies":[{"name":"wp","href":"https:\/\/api.w.org\/{rel}","templated":true}]}}