{"id":747,"date":"2024-09-27T09:52:22","date_gmt":"2024-09-27T09:52:22","guid":{"rendered":"https:\/\/www.gdwanjiada.net\/?post_type=product&#038;p=747"},"modified":"2026-01-06T07:48:45","modified_gmt":"2026-01-06T07:48:45","slug":"wholesale-clothes-dryers","status":"publish","type":"product","link":"https:\/\/www.gdwanjiada.net\/es\/producto\/wholesale-clothes-dryers\/","title":{"rendered":"450L, 1300W Secadoras de ropa al por mayor, Suministro de secadora el\u00e9ctrica"},"content":{"rendered":"<h3 class=\"wp-block-heading has-text-align-center\">Especificaciones de las secadoras de ropa al por mayor<\/h3><figure class=\"wp-block-table\"><table class=\"has-fixed-layout\"><tbody><tr><td rowspan=\"2\">Modelo<\/td><td rowspan=\"2\">Volt\/Freq<\/td><td rowspan=\"2\">Potencia (W)&nbsp;<\/td><td rowspan=\"2\">Tiempo de secado<\/td><td rowspan=\"2\">Volumen<\/td><td rowspan=\"2\">Capacidad<\/td><td rowspan=\"2\">Tama\u00f1o del producto<\/td><td rowspan=\"2\">N.O.<\/td><td rowspan=\"2\">G.W.<\/td><td>Cantidad de carga<\/td><td><\/td><\/tr><tr><td>20'GP<\/td><td>40'HQ<\/td><\/tr><tr><td>WJD12G-1R<\/td><td>220V\uff5e50Hz<\/td><td>1300W<\/td><td>20-240MIN<\/td><td>450L<\/td><td>8-15KG<\/td><td>70*48*148cm<\/td><td>4 kg<\/td><td>4,5 kg<\/td><td>838 piezas<\/td><td>1826 piezas<\/td><\/tr><\/tbody><\/table><\/figure><div class=\"wp-block-columns is-layout-flex wp-container-core-columns-is-layout-9d6595d7 wp-block-columns-is-layout-flex\"><div class=\"wp-block-column is-layout-flow wp-block-column-is-layout-flow\" style=\"flex-basis:50%\"><h3 class=\"wp-block-heading has-text-align-left\">Ventajas de las secadoras al por mayor<\/h3>\n\n<ul class=\"wp-block-list\"><li><strong>Dise\u00f1o plegable: <\/strong>Estas secadoras de ropa al por mayor adoptan una estructura plegable, que se puede guardar f\u00e1cilmente cuando no se utiliza, ahorrando espacio, y son adecuadas para diversos entornos como el hogar y el dormitorio.<\/li>\n\n<li><strong>Funci\u00f3n de control remoto inteligente: <\/strong>Nuestra secadora port\u00e1til al por mayor esta equipada con una funci\u00f3n de control remoto inteligente, que permite a los usuarios controlar remotamente la secadora, haciendo la operaci\u00f3n mas conveniente y flexible.<\/li>\n\n<li><strong>Gran capacidad: <\/strong>La carga de secado \u00f3ptima de estas secadoras de ropa al por mayor es de 8 kg, y la m\u00e1xima puede alcanzar los 15 kg, lo que resulta adecuado para las necesidades de secado r\u00e1pido de una gran variedad de prendas y tejidos de gran tama\u00f1o.<\/li>\n\n<li><strong>Dise\u00f1o antigoteo de la hostia: <\/strong>La parte anfitriona de nuestra secadora port\u00e1til al por mayor cuenta con un dise\u00f1o antigoteo, que previene eficazmente la entrada de manchas de agua al interior y mejora la seguridad y vida \u00fatil del equipo.<\/li><\/ul><\/div>\n\n<div class=\"wp-block-column is-layout-flow wp-block-column-is-layout-flow\"><figure class=\"wp-block-image size-full\"><img decoding=\"async\" width=\"800\" height=\"800\" src=\"https:\/\/www.gdwanjiada.net\/wp-content\/uploads\/2024\/09\/450L-1300W-Wholesale-Clothes-Dryers-With-Remote-Control-5.webp\" alt=\"450L, 1300W al por mayor secadoras de ropa con mando a distancia-5\" class=\"wp-image-752\" srcset=\"https:\/\/www.gdwanjiada.net\/wp-content\/uploads\/2024\/09\/450L-1300W-Wholesale-Clothes-Dryers-With-Remote-Control-5.webp 800w, https:\/\/www.gdwanjiada.net\/wp-content\/uploads\/2024\/09\/450L-1300W-Wholesale-Clothes-Dryers-With-Remote-Control-5-300x300.webp 300w, https:\/\/www.gdwanjiada.net\/wp-content\/uploads\/2024\/09\/450L-1300W-Wholesale-Clothes-Dryers-With-Remote-Control-5-150x150.webp 150w, https:\/\/www.gdwanjiada.net\/wp-content\/uploads\/2024\/09\/450L-1300W-Wholesale-Clothes-Dryers-With-Remote-Control-5-768x768.webp 768w, https:\/\/www.gdwanjiada.net\/wp-content\/uploads\/2024\/09\/450L-1300W-Wholesale-Clothes-Dryers-With-Remote-Control-5-600x600.webp 600w, https:\/\/www.gdwanjiada.net\/wp-content\/uploads\/2024\/09\/450L-1300W-Wholesale-Clothes-Dryers-With-Remote-Control-5-100x100.webp 100w\" sizes=\"(max-width: 800px) 100vw, 800px\" \/><\/figure><\/div><\/div><p><\/p>","protected":false},"excerpt":{"rendered":"<p>Bienvenido a comprar secadoras port\u00e1tiles al por mayor. Nuestras secadoras de ropa al por mayor tienen un dise\u00f1o plegable, de f\u00e1cil almacenamiento, y est\u00e1n equipadas con una funci\u00f3n de control remoto inteligente para un f\u00e1cil manejo. Su dise\u00f1o antigoteo garantiza la seguridad del equipo y es un equipo de secado esencial y eficiente para la familia.<\/p>\n<h2>Caracter\u00edsticas del producto\uff1a<\/h2>\n<ul>\n<li>Funci\u00f3n de control remoto inteligente.<\/li>\n<li>Utilizar a una temperatura ambiente de 10-35 grados.<\/li>\n<li>Ajuste del tiempo de secado de 20-240 minutos.<\/li>\n<li>Mejor capacidad en seco de 8KG, capacidad m\u00e1xima de 15KG.<\/li>\n<li>La m\u00e1quina dejar\u00e1 de funcionar autom\u00e1ticamente cuando<\/li>\n<li>aumento de la temperatura de m\u00e1s de 70 grados.<\/li>\n<li>El fusible interno se desconectar\u00e1 cuando la temperatura<\/li>\n<li>calentamiento supere los 105 grados o la potencia supere los 10 A.<\/li>\n<li>Tipo plegable, f\u00e1cil de guardar.<\/li>\n<li>La m\u00e1quina principal con dise\u00f1o a prueba de goteo, m\u00e1s seguro de usar.<\/li>\n<\/ul>","protected":false},"featured_media":754,"comment_status":"closed","ping_status":"closed","template":"","meta":{"_acf_changed":false},"product_brand":[],"product_cat":[21],"product_tag":[],"class_list":{"0":"post-747","1":"product","2":"type-product","3":"status-publish","4":"has-post-thumbnail","6":"product_cat-wholesale-clothes-dryers","8":"first","9":"instock","10":"shipping-taxable","11":"product-type-simple"},"acf":[],"_links":{"self":[{"href":"https:\/\/www.gdwanjiada.net\/es\/wp-json\/wp\/v2\/product\/747","targetHints":{"allow":["GET"]}}],"collection":[{"href":"https:\/\/www.gdwanjiada.net\/es\/wp-json\/wp\/v2\/product"}],"about":[{"href":"https:\/\/www.gdwanjiada.net\/es\/wp-json\/wp\/v2\/types\/product"}],"replies":[{"embeddable":true,"href":"https:\/\/www.gdwanjiada.net\/es\/wp-json\/wp\/v2\/comments?post=747"}],"wp:featuredmedia":[{"embeddable":true,"href":"https:\/\/www.gdwanjiada.net\/es\/wp-json\/wp\/v2\/media\/754"}],"wp:attachment":[{"href":"https:\/\/www.gdwanjiada.net\/es\/wp-json\/wp\/v2\/media?parent=747"}],"wp:term":[{"taxonomy":"product_brand","embeddable":true,"href":"https:\/\/www.gdwanjiada.net\/es\/wp-json\/wp\/v2\/product_brand?post=747"},{"taxonomy":"product_cat","embeddable":true,"href":"https:\/\/www.gdwanjiada.net\/es\/wp-json\/wp\/v2\/product_cat?post=747"},{"taxonomy":"product_tag","embeddable":true,"href":"https:\/\/www.gdwanjiada.net\/es\/wp-json\/wp\/v2\/product_tag?post=747"}],"curies":[{"name":"wp","href":"https:\/\/api.w.org\/{rel}","templated":true}]}}