{"id":735,"date":"2024-09-27T09:37:01","date_gmt":"2024-09-27T09:37:01","guid":{"rendered":"https:\/\/www.gdwanjiada.net\/?post_type=product&#038;p=735"},"modified":"2025-12-17T07:18:42","modified_gmt":"2025-12-17T07:18:42","slug":"small-portable-heater-in-bulk","status":"publish","type":"product","link":"https:\/\/www.gdwanjiada.net\/es\/producto\/small-portable-heater-in-bulk\/","title":{"rendered":"Calentadores port\u00e1tiles peque\u00f1os a granel, Calentadores cer\u00e1micos PTC para habitaciones"},"content":{"rendered":"<h3 class=\"wp-block-heading has-text-align-center\">Especificaciones del calentador port\u00e1til peque\u00f1o a granel<\/h3><figure class=\"wp-block-table\"><table class=\"has-fixed-layout\"><tbody><tr><td>Modelo<\/td><td>Modo calefacci\u00f3n<\/td><td>Volt\/Freq<\/td><td colspan=\"2\">Potencia (W)&nbsp;<\/td><td colspan=\"3\">Tama\u00f1o del producto (mm)&nbsp;<\/td><td colspan=\"2\">Embalaje<\/td><td>N.W.\/ G.W.(kg)&nbsp;<\/td><td>Tama\u00f1o del embalaje (mm)<\/td><td colspan=\"2\">Carga Ctd.<\/td><\/tr><tr><td rowspan=\"2\">WJD801R<\/td><td rowspan=\"2\">PTC<\/td><td rowspan=\"2\">220V\/50Hz<\/td><td>Fr\u00edo<br>viento<\/td><td>Calor<br>viento<\/td><td>Longitud<\/td><td>Anchura<\/td><td>Altura<\/td><td>Caja interior<\/td><td>1 unidad<\/td><td>0.85\/0.97<\/td><td>140*140*250<\/td><td>20'GP<\/td><td>40'HQ<\/td><\/tr><tr><td>6<\/td><td>800<\/td><td>130<\/td><td>130<\/td><td>235<\/td><td>Cart\u00f3n<\/td><td>24 unidades<\/td><td>21.5\/28<\/td><td>580*435*520<\/td><td>5016<\/td><td>12168<\/td><\/tr><\/tbody><\/table><\/figure><div class=\"wp-block-columns is-layout-flex wp-container-core-columns-is-layout-9d6595d7 wp-block-columns-is-layout-flex\"><div class=\"wp-block-column is-layout-flow wp-block-column-is-layout-flow\" style=\"flex-basis:50%\"><h3 class=\"wp-block-heading has-text-align-left\">Ventajas del peque\u00f1o calefactor port\u00e1til a granel<\/h3>\n\n<ul class=\"wp-block-list\"><li><strong>Control inteligente, elegante y considerado:<\/strong> Este peque\u00f1o calefactor port\u00e1til a granel est\u00e1 equipado con un sistema de control inteligente, f\u00e1cil de manejar, y adopta un dise\u00f1o moderno y actual, adecuado para diversos entornos dom\u00e9sticos y de oficina.<\/li>\n\n<li><strong>Calor instant\u00e1neo, calentamiento r\u00e1pido: <\/strong>Nuestro calefactor de ambiente al por mayor utiliza elementos calefactores cer\u00e1micos PTC, que pueden calentarse r\u00e1pidamente despu\u00e9s de encenderse, proporcionando calor instant\u00e1neo, lo que le permite sentirse caliente y c\u00f3modo en las estaciones fr\u00edas.<\/li>\n\n<li><strong>Suministro de aire de gran \u00e1ngulo, fr\u00edo y caliente a voluntad: <\/strong>Este peque\u00f1o calefactor port\u00e1til a granel tiene una funci\u00f3n de oscilaci\u00f3n gran angular y un suministro de aire uniforme. Puede proporcionar aire caliente en invierno y utilizarse como ventilador de aire fr\u00edo en otras estaciones. Una sola m\u00e1quina tiene m\u00faltiples usos.<\/li>\n\n<li><strong>M\u00faltiples protecciones de seguridad, uso seguro: <\/strong>Nuestro calefactor ambiental al por mayor est\u00e1 equipado con protecci\u00f3n de apagado, sobrecorriente y sobrecalentamiento, combinado con materiales ign\u00edfugos para garantizar la seguridad durante el uso, y la funci\u00f3n de enfriamiento retardado aumenta a\u00fan m\u00e1s la seguridad del equipo.<\/li><\/ul><\/div>\n\n<div class=\"wp-block-column is-layout-flow wp-block-column-is-layout-flow\"><figure class=\"wp-block-image size-full\"><img decoding=\"async\" width=\"800\" height=\"800\" src=\"https:\/\/www.gdwanjiada.net\/wp-content\/uploads\/2024\/09\/Small-Portable-Heater-In-Bulk-PTC-Ceramic-Room-Heater-With-Oscillation-2.webp\" alt=\"Calentador Port\u00e1til Peque\u00f1o A Granel, Calentador Cer\u00e1mico PTC Con Oscilaci\u00f3n-2\" class=\"wp-image-738\" srcset=\"https:\/\/www.gdwanjiada.net\/wp-content\/uploads\/2024\/09\/Small-Portable-Heater-In-Bulk-PTC-Ceramic-Room-Heater-With-Oscillation-2.webp 800w, https:\/\/www.gdwanjiada.net\/wp-content\/uploads\/2024\/09\/Small-Portable-Heater-In-Bulk-PTC-Ceramic-Room-Heater-With-Oscillation-2-300x300.webp 300w, https:\/\/www.gdwanjiada.net\/wp-content\/uploads\/2024\/09\/Small-Portable-Heater-In-Bulk-PTC-Ceramic-Room-Heater-With-Oscillation-2-150x150.webp 150w, https:\/\/www.gdwanjiada.net\/wp-content\/uploads\/2024\/09\/Small-Portable-Heater-In-Bulk-PTC-Ceramic-Room-Heater-With-Oscillation-2-768x768.webp 768w, https:\/\/www.gdwanjiada.net\/wp-content\/uploads\/2024\/09\/Small-Portable-Heater-In-Bulk-PTC-Ceramic-Room-Heater-With-Oscillation-2-600x600.webp 600w, https:\/\/www.gdwanjiada.net\/wp-content\/uploads\/2024\/09\/Small-Portable-Heater-In-Bulk-PTC-Ceramic-Room-Heater-With-Oscillation-2-100x100.webp 100w\" sizes=\"(max-width: 800px) 100vw, 800px\" \/><\/figure><\/div><\/div>","protected":false},"excerpt":{"rendered":"<p>Bienvenido a comprar calentador de ambiente al por mayor. Este peque\u00f1o calefactor port\u00e1til al por mayor tiene un control inteligente y un aspecto elegante, con funciones de calentamiento r\u00e1pido y suministro de aire de gran \u00e1ngulo, satisfaciendo las necesidades de doble uso de fr\u00edo y calor. Equipado con apagado basculante y m\u00faltiples funciones de protecci\u00f3n, y materiales ign\u00edfugos, garantiza un uso seguro y fiable.<\/p>\n<h2>Caracter\u00edsticas del producto\uff1a<\/h2>\n<ul>\n<li>Control inteligente, dise\u00f1o de moda.<\/li>\n<li>La temperatura sube r\u00e1pidamente.<\/li>\n<li>Calentamiento por PTC, alta eficiencia t\u00e9rmica, larga vida \u00fatil.<\/li>\n<li>Gran angular de suministro de viento natural y de calor.<\/li>\n<li>Poco ruido, no perturba el sue\u00f1o.<\/li>\n<li>Apagado a tiempo, funci\u00f3n de enfriamiento despu\u00e9s del trabajo.<\/li>\n<li>Protecci\u00f3n contra ca\u00edda de tensi\u00f3n.<\/li>\n<li>Protecci\u00f3n m\u00faltiple contra sobrecalentamiento o sobrecorriente.<\/li>\n<li>Material ign\u00edfugo para mayor seguridad.<\/li>\n<\/ul>","protected":false},"featured_media":746,"comment_status":"closed","ping_status":"closed","template":"","meta":{"_acf_changed":false},"product_brand":[],"product_cat":[22],"product_tag":[],"class_list":{"0":"post-735","1":"product","2":"type-product","3":"status-publish","4":"has-post-thumbnail","6":"product_cat-wholesale-fan-heaters","8":"first","9":"instock","10":"shipping-taxable","11":"product-type-simple"},"acf":[],"_links":{"self":[{"href":"https:\/\/www.gdwanjiada.net\/es\/wp-json\/wp\/v2\/product\/735","targetHints":{"allow":["GET"]}}],"collection":[{"href":"https:\/\/www.gdwanjiada.net\/es\/wp-json\/wp\/v2\/product"}],"about":[{"href":"https:\/\/www.gdwanjiada.net\/es\/wp-json\/wp\/v2\/types\/product"}],"replies":[{"embeddable":true,"href":"https:\/\/www.gdwanjiada.net\/es\/wp-json\/wp\/v2\/comments?post=735"}],"wp:featuredmedia":[{"embeddable":true,"href":"https:\/\/www.gdwanjiada.net\/es\/wp-json\/wp\/v2\/media\/746"}],"wp:attachment":[{"href":"https:\/\/www.gdwanjiada.net\/es\/wp-json\/wp\/v2\/media?parent=735"}],"wp:term":[{"taxonomy":"product_brand","embeddable":true,"href":"https:\/\/www.gdwanjiada.net\/es\/wp-json\/wp\/v2\/product_brand?post=735"},{"taxonomy":"product_cat","embeddable":true,"href":"https:\/\/www.gdwanjiada.net\/es\/wp-json\/wp\/v2\/product_cat?post=735"},{"taxonomy":"product_tag","embeddable":true,"href":"https:\/\/www.gdwanjiada.net\/es\/wp-json\/wp\/v2\/product_tag?post=735"}],"curies":[{"name":"wp","href":"https:\/\/api.w.org\/{rel}","templated":true}]}}