{"id":703,"date":"2024-09-27T09:08:04","date_gmt":"2024-09-27T09:08:04","guid":{"rendered":"https:\/\/www.gdwanjiada.net\/?post_type=product&#038;p=703"},"modified":"2025-12-17T07:12:16","modified_gmt":"2025-12-17T07:12:16","slug":"wholesale-smart-air-purifier","status":"publish","type":"product","link":"https:\/\/www.gdwanjiada.net\/es\/producto\/wholesale-smart-air-purifier\/","title":{"rendered":"Mayorista Purificador de Aire Inteligente Con Ventilador Y Elemento Filtrante H11"},"content":{"rendered":"<h3 class=\"wp-block-heading has-text-align-center\">Especificaciones del purificador de aire inteligente al por mayor<\/h3><figure class=\"wp-block-table\"><table class=\"has-fixed-layout\"><tbody><tr><td rowspan=\"2\">Modelo<\/td><td rowspan=\"2\">Potencia(w)<\/td><td rowspan=\"2\">Volt\/Freq<\/td><td rowspan=\"2\">Superficie aplicable(\u33a1)<\/td><td rowspan=\"2\">Dep\u00f3sito de agua (L)<\/td><td rowspan=\"2\">Capacidad de evaporaci\u00f3n (ml\/h)<\/td><td rowspan=\"2\">Tama\u00f1o del producto<br>(mm)<\/td><td rowspan=\"2\">Tama\u00f1o del embalaje<br>(mm)<\/td><td rowspan=\"2\">N.W. (kg)<\/td><td rowspan=\"2\">G.W. (kg)<\/td><td colspan=\"2\">Carga Ctd.<\/td><\/tr><tr><td>20'GP<\/td><td>40'HQ<\/td><\/tr><tr><td>WJD8060B<\/td><td>55<\/td><td>220V\/50Hz<\/td><td>60<\/td><td>\/<\/td><td>\/<\/td><td>250*250*610<\/td><td>295*295*660<\/td><td>4.9<\/td><td>5.9<\/td><td>520<\/td><td>1280<\/td><\/tr><\/tbody><\/table><\/figure><div class=\"wp-block-columns is-layout-flex wp-container-core-columns-is-layout-9d6595d7 wp-block-columns-is-layout-flex\"><div class=\"wp-block-column is-layout-flow wp-block-column-is-layout-flow\" style=\"flex-basis:50%\"><h3 class=\"wp-block-heading has-text-align-left\">Ventajas del purificador de aire inteligente al por mayor<\/h3>\n\n<ul class=\"wp-block-list\"><li><strong>Funcionamiento t\u00e1ctil inteligente y con mando a distancia:<\/strong> Nuestro purificador de aire inteligente al por mayor est\u00e1 equipado con un panel t\u00e1ctil y un mando a distancia. Los usuarios pueden controlar f\u00e1cilmente el dispositivo, ajustar la velocidad del viento o cambiar las funciones de acuerdo a sus necesidades, y la operaci\u00f3n es conveniente.<\/li>\n\n<li><strong>Detecci\u00f3n inteligente de la calidad del aire: <\/strong>Nuestros purificadores de aire al por mayor con ventilador incorporan un sistema inteligente de detecci\u00f3n de la calidad del aire, que supervisa las condiciones del aire interior en tiempo real y ajusta autom\u00e1ticamente el modo de purificaci\u00f3n para proporcionarle un ambiente fresco y limpio.<\/li>\n\n<li><strong>Ajuste de la velocidad del viento en tres velocidades: <\/strong>Este purificador de aire inteligente al por mayor tiene tres velocidades de viento para elegir. Los usuarios pueden ajustar la velocidad del viento de acuerdo a las diferentes necesidades ambientales para asegurar una experiencia c\u00f3moda circulaci\u00f3n de aire.<\/li>\n\n<li><strong>Purificaci\u00f3n eficaz + eliminaci\u00f3n de formaldeh\u00eddo + funci\u00f3n de ventilador: <\/strong>Nuestros purificadores de aire al por mayor con ventilador est\u00e1n equipados con filtros H11, que pueden purificar eficazmente el aire, eliminar el formaldeh\u00eddo y las sustancias nocivas, y tienen funciones de ventilador para hacer que el aire sea fresco y natural.<\/li><\/ul><\/div>\n\n<div class=\"wp-block-column is-layout-flow wp-block-column-is-layout-flow\"><figure class=\"wp-block-image size-full\"><img decoding=\"async\" width=\"800\" height=\"800\" src=\"https:\/\/www.gdwanjiada.net\/wp-content\/uploads\/2024\/09\/Wholesale-Smart-Air-Purifier-With-Fan-And-H11-Filter-Element-9.webp\" alt=\"Mayorista Purificador De Aire Inteligente Con Ventilador Y Filtro H11 Element-9\" class=\"wp-image-712\" srcset=\"https:\/\/www.gdwanjiada.net\/wp-content\/uploads\/2024\/09\/Wholesale-Smart-Air-Purifier-With-Fan-And-H11-Filter-Element-9.webp 800w, https:\/\/www.gdwanjiada.net\/wp-content\/uploads\/2024\/09\/Wholesale-Smart-Air-Purifier-With-Fan-And-H11-Filter-Element-9-300x300.webp 300w, https:\/\/www.gdwanjiada.net\/wp-content\/uploads\/2024\/09\/Wholesale-Smart-Air-Purifier-With-Fan-And-H11-Filter-Element-9-150x150.webp 150w, https:\/\/www.gdwanjiada.net\/wp-content\/uploads\/2024\/09\/Wholesale-Smart-Air-Purifier-With-Fan-And-H11-Filter-Element-9-768x768.webp 768w, https:\/\/www.gdwanjiada.net\/wp-content\/uploads\/2024\/09\/Wholesale-Smart-Air-Purifier-With-Fan-And-H11-Filter-Element-9-600x600.webp 600w, https:\/\/www.gdwanjiada.net\/wp-content\/uploads\/2024\/09\/Wholesale-Smart-Air-Purifier-With-Fan-And-H11-Filter-Element-9-100x100.webp 100w\" sizes=\"(max-width: 800px) 100vw, 800px\" \/><\/figure><\/div><\/div>","protected":false},"excerpt":{"rendered":"<p>Bienvenido a comprar purificadores de aire con ventilador al por mayor. Nuestro purificador de aire inteligente al por mayor integra operaciones t\u00e1ctiles y de control remoto, y est\u00e1 equipado con un sistema inteligente de detecci\u00f3n de la calidad del aire para garantizar la supervisi\u00f3n en tiempo real y la optimizaci\u00f3n de la calidad del aire. El dise\u00f1o de la cubierta trasera desmontable facilita la limpieza del elemento filtrante y es una soluci\u00f3n ideal para la purificaci\u00f3n del aire en interiores.<\/p>\n<h2>Caracter\u00edsticas del producto\uff1a<\/h2>\n<ul>\n<li>Panel de control t\u00e1ctil, mando a distancia por infrarrojos.<\/li>\n<li>Detecci\u00f3n inteligente de la calidad del aire, visualizaci\u00f3n de la temperatura y la humedad.<\/li>\n<li>Viento de tres velocidades para elegir.<\/li>\n<li>Izquierda-derecha mediante giro autom\u00e1tico, Arriba-abajo mediante ajuste del \u00e1ngulo direccional (0\u00b0\/30\u00b0\/60\u00b0\/90\u00b0) del ventilador de circulaci\u00f3n de aire.<\/li>\n<li>Viento fuerte para hacer circular el aire, suministro de aire de 8 m, compa\u00f1\u00eda de aire acondicionado.<\/li>\n<li>Funci\u00f3n ani\u00f3nica, purifica el aire.<\/li>\n<li>Asa oculta, f\u00e1cil de transportar.<\/li>\n<li>Panel trasero extra\u00edble, para facilitar la limpieza del elemento filtrante.<\/li>\n<li>Purificaci\u00f3n\/Eliminaci\u00f3n de formaldeh\u00eddo + ventilador<\/li>\n<\/ul>","protected":false},"featured_media":707,"comment_status":"closed","ping_status":"closed","template":"","meta":{"_acf_changed":false},"product_brand":[],"product_cat":[25],"product_tag":[],"class_list":{"0":"post-703","1":"product","2":"type-product","3":"status-publish","4":"has-post-thumbnail","6":"product_cat-wholesale-air-purifiers","8":"first","9":"instock","10":"shipping-taxable","11":"product-type-simple"},"acf":[],"_links":{"self":[{"href":"https:\/\/www.gdwanjiada.net\/es\/wp-json\/wp\/v2\/product\/703","targetHints":{"allow":["GET"]}}],"collection":[{"href":"https:\/\/www.gdwanjiada.net\/es\/wp-json\/wp\/v2\/product"}],"about":[{"href":"https:\/\/www.gdwanjiada.net\/es\/wp-json\/wp\/v2\/types\/product"}],"replies":[{"embeddable":true,"href":"https:\/\/www.gdwanjiada.net\/es\/wp-json\/wp\/v2\/comments?post=703"}],"wp:featuredmedia":[{"embeddable":true,"href":"https:\/\/www.gdwanjiada.net\/es\/wp-json\/wp\/v2\/media\/707"}],"wp:attachment":[{"href":"https:\/\/www.gdwanjiada.net\/es\/wp-json\/wp\/v2\/media?parent=703"}],"wp:term":[{"taxonomy":"product_brand","embeddable":true,"href":"https:\/\/www.gdwanjiada.net\/es\/wp-json\/wp\/v2\/product_brand?post=703"},{"taxonomy":"product_cat","embeddable":true,"href":"https:\/\/www.gdwanjiada.net\/es\/wp-json\/wp\/v2\/product_cat?post=703"},{"taxonomy":"product_tag","embeddable":true,"href":"https:\/\/www.gdwanjiada.net\/es\/wp-json\/wp\/v2\/product_tag?post=703"}],"curies":[{"name":"wp","href":"https:\/\/api.w.org\/{rel}","templated":true}]}}