{"id":683,"date":"2024-09-27T08:53:47","date_gmt":"2024-09-27T08:53:47","guid":{"rendered":"https:\/\/www.gdwanjiada.net\/?post_type=product&#038;p=683"},"modified":"2025-12-17T07:09:35","modified_gmt":"2025-12-17T07:09:35","slug":"wholesale-air-purifier-with-humidifier","status":"publish","type":"product","link":"https:\/\/www.gdwanjiada.net\/es\/producto\/wholesale-air-purifier-with-humidifier\/","title":{"rendered":"Mayorista Purificador de aire con humidificador y ventilador, dep\u00f3sito de agua"},"content":{"rendered":"<h3 class=\"wp-block-heading has-text-align-center\">Especificaciones del purificador de aire al por mayor<\/h3><figure class=\"wp-block-table\"><table class=\"has-fixed-layout\"><tbody><tr><td rowspan=\"2\">Modelo<\/td><td rowspan=\"2\">Potencia(w)<\/td><td rowspan=\"2\">Volt\/Freq<\/td><td rowspan=\"2\">Superficie aplicable(\u33a1)<\/td><td rowspan=\"2\">Dep\u00f3sito de agua (L)<\/td><td rowspan=\"2\">Capacidad de evaporaci\u00f3n (ml\/h)<\/td><td rowspan=\"2\">Tama\u00f1o del producto<br>(mm)<\/td><td rowspan=\"2\">Tama\u00f1o del embalaje<br>(mm)<\/td><td rowspan=\"2\">N.W. (kg)<\/td><td rowspan=\"2\">G.W. (kg)<\/td><td colspan=\"2\">Carga Ctd.<\/td><\/tr><tr><td>20'GP<\/td><td>40'HQ<\/td><\/tr><tr><td>WJD8060A<\/td><td>55<\/td><td>220V\/50Hz<\/td><td>60<\/td><td>3.6<\/td><td>300<\/td><td>250*250*610<\/td><td>295*295*660<\/td><td>4.9<\/td><td>5.9<\/td><td>520<\/td><td>1280<\/td><\/tr><\/tbody><\/table><\/figure><div class=\"wp-block-columns is-layout-flex wp-container-core-columns-is-layout-9d6595d7 wp-block-columns-is-layout-flex\"><div class=\"wp-block-column is-layout-flow wp-block-column-is-layout-flow\" style=\"flex-basis:50%\"><h3 class=\"wp-block-heading has-text-align-left\">Ventajas del purificador de aire al por mayor<\/h3>\n\n<ul class=\"wp-block-list\"><li><strong>Ajuste de la velocidad del viento en tres velocidades: <\/strong>Nuestro purificador de aire al por mayor con ventilador ofrece tres opciones de velocidad. Los usuarios pueden ajustar la intensidad del viento seg\u00fan sus necesidades para adaptarse a diferentes ambientes interiores, ya sea una ventilaci\u00f3n ligera o un fuerte suministro de aire.<\/li>\n\n<li><strong>Multifunci\u00f3n en uno: <\/strong>Este ventilador purificador al por mayor integra funciones de purificaci\u00f3n del aire, eliminaci\u00f3n de formaldeh\u00eddo, humidificaci\u00f3n y ventilador. Mediante un potente sistema de purificaci\u00f3n, elimina eficazmente las sustancias nocivas del aire, al tiempo que aumenta la humedad del aire para que el aire interior sea m\u00e1s fresco.<\/li>\n\n<li><strong>Humidificaci\u00f3n sin bruma: <\/strong>Nuestro purificador de aire al por mayor con ventilador adopta la tecnolog\u00eda de humidificaci\u00f3n sin niebla, que puede proporcionar una gran humidificaci\u00f3n sin mojar el suelo. Es especialmente adecuado para su uso en un ambiente interior limpio para mejorar la comodidad.<\/li>\n\n<li><strong>Humidificaci\u00f3n continua durante 12 horas: <\/strong>Este ventilador purificador al por mayor lleva incorporado un dep\u00f3sito de agua de gran capacidad de 3,6 litros. Una vez lleno de agua, puede utilizarse de forma continua durante unas 12 horas. Es adecuado para el funcionamiento a largo plazo, lo que reduce la molestia de la adici\u00f3n frecuente de agua, y es adecuado para su uso en todo tipo de clima en hogares u oficinas.<\/li><\/ul><\/div>\n\n<div class=\"wp-block-column is-layout-flow wp-block-column-is-layout-flow\"><figure class=\"wp-block-image size-full\"><img decoding=\"async\" width=\"800\" height=\"800\" src=\"https:\/\/www.gdwanjiada.net\/wp-content\/uploads\/2024\/09\/Wholesale-Air-Purifier-With-Humidifier-and-Fan-3.6L-Water-Tank-7.webp\" alt=\"Mayorista Purificador de aire con humidificador y ventilador, dep\u00f3sito de agua de 3,6L-7\" class=\"wp-image-697\" srcset=\"https:\/\/www.gdwanjiada.net\/wp-content\/uploads\/2024\/09\/Wholesale-Air-Purifier-With-Humidifier-and-Fan-3.6L-Water-Tank-7.webp 800w, https:\/\/www.gdwanjiada.net\/wp-content\/uploads\/2024\/09\/Wholesale-Air-Purifier-With-Humidifier-and-Fan-3.6L-Water-Tank-7-300x300.webp 300w, https:\/\/www.gdwanjiada.net\/wp-content\/uploads\/2024\/09\/Wholesale-Air-Purifier-With-Humidifier-and-Fan-3.6L-Water-Tank-7-150x150.webp 150w, https:\/\/www.gdwanjiada.net\/wp-content\/uploads\/2024\/09\/Wholesale-Air-Purifier-With-Humidifier-and-Fan-3.6L-Water-Tank-7-768x768.webp 768w, https:\/\/www.gdwanjiada.net\/wp-content\/uploads\/2024\/09\/Wholesale-Air-Purifier-With-Humidifier-and-Fan-3.6L-Water-Tank-7-600x600.webp 600w, https:\/\/www.gdwanjiada.net\/wp-content\/uploads\/2024\/09\/Wholesale-Air-Purifier-With-Humidifier-and-Fan-3.6L-Water-Tank-7-100x100.webp 100w\" sizes=\"(max-width: 800px) 100vw, 800px\" \/><\/figure><\/div><\/div>","protected":false},"excerpt":{"rendered":"<p>Bienvenido a comprar ventilador purificador al por mayor. Nuestro purificador de aire al por mayor integra funciones de purificaci\u00f3n, eliminaci\u00f3n de formaldeh\u00eddo, humidificaci\u00f3n y ventilador, y ofrece tres opciones de ajuste de la velocidad del viento para garantizar un aire puro y h\u00famedo y un suministro de aire a larga distancia. Es una opci\u00f3n ideal para entornos dom\u00e9sticos y de oficina.<\/p>\n<h2>Caracter\u00edsticas del producto\uff1a<\/h2>\n<ul>\n<li>Panel de control t\u00e1ctil, mando a distancia por infrarrojos.<\/li>\n<li>Detecci\u00f3n inteligente de la calidad del aire, visualizaci\u00f3n de la temperatura y la humedad.<\/li>\n<li>Viento de tres velocidades para elegir.<\/li>\n<li>Izquierda-derecha mediante giro autom\u00e1tico, Arriba-abajo mediante ajuste del \u00e1ngulo direccional (0\u00b0\/30\u00b0\/60\u00b0\/90\u00b0) del ventilador de circulaci\u00f3n de aire.<\/li>\n<li>Viento fuerte para hacer circular el aire, suministro de aire de 8 m, compa\u00f1\u00eda de aire acondicionado.<\/li>\n<li>Funci\u00f3n ani\u00f3nica, purifica el aire.<\/li>\n<li>Asa oculta, f\u00e1cil de transportar.<\/li>\n<li>Panel trasero extra\u00edble, para facilitar la limpieza del elemento filtrante.<\/li>\n<li>Purificaci\u00f3n\/eliminaci\u00f3n de formaldeh\u00eddo + humidificaci\u00f3n + ventilador.<\/li>\n<li>Humidificaci\u00f3n sin bruma, gran capacidad de humidificaci\u00f3n, suministro de aire puro a larga distancia, no moja el suelo.<\/li>\n<li>Gran dep\u00f3sito de agua, disponible durante 12 horas con el agua llena.<\/li>\n<\/ul>","protected":false},"featured_media":693,"comment_status":"closed","ping_status":"closed","template":"","meta":{"_acf_changed":false},"product_brand":[],"product_cat":[25],"product_tag":[],"class_list":{"0":"post-683","1":"product","2":"type-product","3":"status-publish","4":"has-post-thumbnail","6":"product_cat-wholesale-air-purifiers","8":"first","9":"instock","10":"shipping-taxable","11":"product-type-simple"},"acf":[],"_links":{"self":[{"href":"https:\/\/www.gdwanjiada.net\/es\/wp-json\/wp\/v2\/product\/683","targetHints":{"allow":["GET"]}}],"collection":[{"href":"https:\/\/www.gdwanjiada.net\/es\/wp-json\/wp\/v2\/product"}],"about":[{"href":"https:\/\/www.gdwanjiada.net\/es\/wp-json\/wp\/v2\/types\/product"}],"replies":[{"embeddable":true,"href":"https:\/\/www.gdwanjiada.net\/es\/wp-json\/wp\/v2\/comments?post=683"}],"wp:featuredmedia":[{"embeddable":true,"href":"https:\/\/www.gdwanjiada.net\/es\/wp-json\/wp\/v2\/media\/693"}],"wp:attachment":[{"href":"https:\/\/www.gdwanjiada.net\/es\/wp-json\/wp\/v2\/media?parent=683"}],"wp:term":[{"taxonomy":"product_brand","embeddable":true,"href":"https:\/\/www.gdwanjiada.net\/es\/wp-json\/wp\/v2\/product_brand?post=683"},{"taxonomy":"product_cat","embeddable":true,"href":"https:\/\/www.gdwanjiada.net\/es\/wp-json\/wp\/v2\/product_cat?post=683"},{"taxonomy":"product_tag","embeddable":true,"href":"https:\/\/www.gdwanjiada.net\/es\/wp-json\/wp\/v2\/product_tag?post=683"}],"curies":[{"name":"wp","href":"https:\/\/api.w.org\/{rel}","templated":true}]}}