{"id":673,"date":"2024-09-27T08:35:44","date_gmt":"2024-09-27T08:35:44","guid":{"rendered":"https:\/\/www.gdwanjiada.net\/?post_type=product&#038;p=673"},"modified":"2025-12-17T07:05:53","modified_gmt":"2025-12-17T07:05:53","slug":"air-purifier-wholesale","status":"publish","type":"product","link":"https:\/\/www.gdwanjiada.net\/es\/producto\/air-purifier-wholesale\/","title":{"rendered":"Purificador De Aire Al Por Mayor Con Mando A Distancia Para Aire Interior"},"content":{"rendered":"<h3 class=\"wp-block-heading has-text-align-center\">Especificaciones del purificador de aire al por mayor<\/h3><figure class=\"wp-block-table\"><table class=\"has-fixed-layout\"><tbody><tr><td rowspan=\"2\">Modelo<\/td><td rowspan=\"2\">Potencia(w)<\/td><td rowspan=\"2\">Volt\/Freq<\/td><td rowspan=\"2\">Superficie aplicable(\u33a1)<\/td><td rowspan=\"2\">Dep\u00f3sito de agua (L)<\/td><td rowspan=\"2\">Capacidad de evaporaci\u00f3n (ml\/h)<\/td><td rowspan=\"2\">Tama\u00f1o del producto<br>(mm)<\/td><td rowspan=\"2\">Tama\u00f1o del embalaje<br>(mm)<\/td><td rowspan=\"2\">N.W. (kg)<\/td><td rowspan=\"2\">G.W. (kg)<\/td><td colspan=\"2\">Carga Ctd.<\/td><\/tr><tr><td>20'GP<\/td><td>40'HQ<\/td><\/tr><tr><td>WJD8050B<\/td><td>55<\/td><td>220V\/50Hz<\/td><td>30<\/td><td>\/<\/td><td>\/<\/td><td>250*250*460<\/td><td>295*295*520<\/td><td>3.8<\/td><td>4.8<\/td><td>680<\/td><td>1600<\/td><\/tr><\/tbody><\/table><\/figure><div class=\"wp-block-columns is-layout-flex wp-container-core-columns-is-layout-9d6595d7 wp-block-columns-is-layout-flex\"><div class=\"wp-block-column is-layout-flow wp-block-column-is-layout-flow\" style=\"flex-basis:50%\"><h3 class=\"wp-block-heading has-text-align-left\">Ventajas del purificador de aire al por mayor<\/h3>\n\n<ul class=\"wp-block-list\"><li><strong>Panel t\u00e1ctil, mando a distancia por infrarrojos: <\/strong>Este purificador de aire al por mayor no s\u00f3lo est\u00e1 equipado con un panel t\u00e1ctil intuitivo, que es c\u00f3modo y r\u00e1pido de manejar, sino que tambi\u00e9n admite la funci\u00f3n de control remoto por infrarrojos. Los usuarios pueden controlar f\u00e1cilmente el dispositivo desde cualquier posici\u00f3n en la habitaci\u00f3n, lo que mejora la comodidad de operaci\u00f3n.<\/li>\n\n<li><strong>Detecci\u00f3n inteligente de la calidad del aire:<\/strong> Nuestros purificadores de aire al por mayor tienen sensores inteligentes incorporados que pueden detectar la calidad del aire en tiempo real y mostrar los datos de temperatura y humedad en la pantalla, lo que ayuda a los usuarios a comprender intuitivamente las condiciones del aire interior y ajustar la configuraci\u00f3n de purificaci\u00f3n a tiempo para garantizar un aire fresco y saludable.<\/li>\n\n<li><strong>Funci\u00f3n de purificaci\u00f3n de iones negativos: <\/strong>Este purificador de aire al por mayor tiene una funci\u00f3n de iones negativos, que puede capturar eficazmente sustancias nocivas y part\u00edculas en el aire, purificar el aire, eliminar sustancias nocivas como el formaldeh\u00eddo, mejorar la calidad del aire interior y crear un ambiente de respiraci\u00f3n m\u00e1s saludable.<\/li>\n\n<li><strong>Dise\u00f1o de asa oculta y panel trasero desmontable: <\/strong>El dise\u00f1o de asa oculta de nuestros purificadores de aire al por mayor hace que sea f\u00e1cil de mover para los usuarios, adecuado para su uso en diferentes entornos como el hogar y la oficina. El panel trasero desmontable hace que sea conveniente para los usuarios limpiar el elemento de filtro con regularidad para asegurar la durabilidad del efecto de purificaci\u00f3n y el uso a largo plazo del equipo.<\/li><\/ul><\/div>\n\n<div class=\"wp-block-column is-layout-flow wp-block-column-is-layout-flow\"><figure class=\"wp-block-image size-full\"><img decoding=\"async\" width=\"400\" height=\"400\" src=\"https:\/\/www.gdwanjiada.net\/wp-content\/uploads\/2024\/09\/Air-Purifier-Wholesale-With-Remote-Control-For-Clean-Indoor-Air-4.webp\" alt=\"Purificador De Aire Al Por Mayor Con Mando A Distancia Para Aire Interior Limpio-4\" class=\"wp-image-677\" srcset=\"https:\/\/www.gdwanjiada.net\/wp-content\/uploads\/2024\/09\/Air-Purifier-Wholesale-With-Remote-Control-For-Clean-Indoor-Air-4.webp 400w, https:\/\/www.gdwanjiada.net\/wp-content\/uploads\/2024\/09\/Air-Purifier-Wholesale-With-Remote-Control-For-Clean-Indoor-Air-4-300x300.webp 300w, https:\/\/www.gdwanjiada.net\/wp-content\/uploads\/2024\/09\/Air-Purifier-Wholesale-With-Remote-Control-For-Clean-Indoor-Air-4-150x150.webp 150w, https:\/\/www.gdwanjiada.net\/wp-content\/uploads\/2024\/09\/Air-Purifier-Wholesale-With-Remote-Control-For-Clean-Indoor-Air-4-100x100.webp 100w\" sizes=\"(max-width: 400px) 100vw, 400px\" \/><\/figure><\/div><\/div>","protected":false},"excerpt":{"rendered":"<p>Bienvenido a comprar al por mayor purificador de aire inteligente. Este purificador de aire al por mayor cuenta con detecci\u00f3n inteligente de la calidad del aire, funci\u00f3n de purificaci\u00f3n de iones negativos y visualizaci\u00f3n de la temperatura y la humedad, que pueden eliminar eficazmente sustancias nocivas como el formaldeh\u00eddo y mejorar la calidad del aire interior. El dise\u00f1o del panel trasero desmontable facilita la limpieza del elemento filtrante, asegurando que el dispositivo mantenga las mejores condiciones de funcionamiento durante mucho tiempo, por lo que es una opci\u00f3n ideal para el hogar y lugares de oficina.<\/p>\n<h2>Caracter\u00edsticas del producto\uff1a<\/h2>\n<ul>\n<li>Panel de control t\u00e1ctil, mando a distancia por infrarrojos.<\/li>\n<li>Detecci\u00f3n inteligente de la calidad del aire, visualizaci\u00f3n de la temperatura y la humedad.<\/li>\n<li>Funci\u00f3n ani\u00f3nica, purifica el aire.<\/li>\n<li>Asa oculta, f\u00e1cil de transportar.<\/li>\n<li>Panel trasero extra\u00edble, f\u00e1cil limpieza del elemento filtrante.<\/li>\n<li>Purificaci\u00f3n\/Eliminaci\u00f3n del formaldeh\u00eddo.<\/li>\n<\/ul>","protected":false},"featured_media":674,"comment_status":"closed","ping_status":"closed","template":"","meta":{"_acf_changed":false},"product_brand":[],"product_cat":[25],"product_tag":[],"class_list":{"0":"post-673","1":"product","2":"type-product","3":"status-publish","4":"has-post-thumbnail","6":"product_cat-wholesale-air-purifiers","8":"first","9":"instock","10":"shipping-taxable","11":"product-type-simple"},"acf":[],"_links":{"self":[{"href":"https:\/\/www.gdwanjiada.net\/es\/wp-json\/wp\/v2\/product\/673","targetHints":{"allow":["GET"]}}],"collection":[{"href":"https:\/\/www.gdwanjiada.net\/es\/wp-json\/wp\/v2\/product"}],"about":[{"href":"https:\/\/www.gdwanjiada.net\/es\/wp-json\/wp\/v2\/types\/product"}],"replies":[{"embeddable":true,"href":"https:\/\/www.gdwanjiada.net\/es\/wp-json\/wp\/v2\/comments?post=673"}],"wp:featuredmedia":[{"embeddable":true,"href":"https:\/\/www.gdwanjiada.net\/es\/wp-json\/wp\/v2\/media\/674"}],"wp:attachment":[{"href":"https:\/\/www.gdwanjiada.net\/es\/wp-json\/wp\/v2\/media?parent=673"}],"wp:term":[{"taxonomy":"product_brand","embeddable":true,"href":"https:\/\/www.gdwanjiada.net\/es\/wp-json\/wp\/v2\/product_brand?post=673"},{"taxonomy":"product_cat","embeddable":true,"href":"https:\/\/www.gdwanjiada.net\/es\/wp-json\/wp\/v2\/product_cat?post=673"},{"taxonomy":"product_tag","embeddable":true,"href":"https:\/\/www.gdwanjiada.net\/es\/wp-json\/wp\/v2\/product_tag?post=673"}],"curies":[{"name":"wp","href":"https:\/\/api.w.org\/{rel}","templated":true}]}}