{"id":659,"date":"2024-09-27T08:13:38","date_gmt":"2024-09-27T08:13:38","guid":{"rendered":"https:\/\/www.gdwanjiada.net\/?post_type=product&#038;p=659"},"modified":"2025-12-17T07:01:13","modified_gmt":"2025-12-17T07:01:13","slug":"wholesale-air-purifiers-humidifier-fans","status":"publish","type":"product","link":"https:\/\/www.gdwanjiada.net\/es\/producto\/wholesale-air-purifiers-humidifier-fans\/","title":{"rendered":"Venta al Mayor de Purificadores de Aire y Ventiladores Humidificadores, Dep\u00f3sito de Agua de 3,6L"},"content":{"rendered":"<h3 class=\"wp-block-heading has-text-align-center\">Especificaciones de los purificadores de aire al por mayor + ventiladores humidificadores<\/h3><figure class=\"wp-block-table\"><table class=\"has-fixed-layout\"><tbody><tr><td rowspan=\"2\">Modelo<\/td><td rowspan=\"2\">Potencia(w)<\/td><td rowspan=\"2\">Volt\/Freq<\/td><td rowspan=\"2\">Superficie aplicable(\u33a1)<\/td><td rowspan=\"2\">Dep\u00f3sito de agua (L)<\/td><td rowspan=\"2\">Capacidad de evaporaci\u00f3n (ml\/h)<\/td><td rowspan=\"2\">Tama\u00f1o del producto<br>(mm)<\/td><td rowspan=\"2\">Tama\u00f1o del embalaje<br>(mm)<\/td><td rowspan=\"2\">N.W. (kg)<\/td><td rowspan=\"2\">G.W. (kg)<\/td><td colspan=\"2\">Carga Ctd.<\/td><\/tr><tr><td>20'GP<\/td><td>40'HQ<\/td><\/tr><tr><td>WJD8050A<\/td><td>55<\/td><td>220V\/50Hz<\/td><td>30<\/td><td>3.6<\/td><td>300<\/td><td>250*250*460<\/td><td>295*295*520<\/td><td>3.8<\/td><td>4.8<\/td><td>680<\/td><td>1600<\/td><\/tr><\/tbody><\/table><\/figure><div class=\"wp-block-columns is-layout-flex wp-container-core-columns-is-layout-9d6595d7 wp-block-columns-is-layout-flex\"><div class=\"wp-block-column is-layout-flow wp-block-column-is-layout-flow\" style=\"flex-basis:50%\"><h3 class=\"wp-block-heading has-text-align-left\">Ventajas de la venta al por mayor de purificadores de aire + ventiladores humidificadores<\/h3>\n\n<ul class=\"wp-block-list\"><li><strong>Mando a distancia:<\/strong> Nuestros purificadores de aire al por mayor ventiladores humidificadores est\u00e1n equipados con un mando a distancia, los usuarios pueden operar f\u00e1cilmente a distancia, ajustar varias funciones y la configuraci\u00f3n de la velocidad del viento, la operaci\u00f3n es m\u00e1s conveniente e inteligente, y proporcionar una mejor experiencia de usuario.<\/li>\n\n<li><strong>Funci\u00f3n de barra de ox\u00edgeno de iones negativos: <\/strong>Nuestros ventiladores purificadores de aire inteligentes al por mayor tienen generadores de iones negativos incorporados, que purifican eficazmente el aire, eliminan sustancias nocivas y olores en el aire, ayudan a eliminar el formaldeh\u00eddo, el humo y otros contaminantes, mejoran la calidad del aire interior y crean un entorno de vida m\u00e1s saludable.<\/li>\n\n<li><strong>Dise\u00f1o port\u00e1til, f\u00e1cil de mover: <\/strong>Estos ventiladores humidificadores purificadores de aire al por mayor adoptan un dise\u00f1o de mano de ranura oculta, los usuarios pueden mover f\u00e1cilmente el equipo en cualquier momento, adecuado para diferentes habitaciones en el hogar o lugares de oficina, y mejorar la practicidad y flexibilidad del producto.<\/li>\n\n<li><strong>Humidificaci\u00f3n sin vaho, sin suelo mojado: <\/strong>Nuestros ventiladores purificadores de aire inteligentes al por mayor est\u00e1n equipados con un dep\u00f3sito de agua de gran capacidad de 3,6 L y admiten tecnolog\u00eda de humidificaci\u00f3n sin niebla. Mientras que humedece con eficacia el aire, no mojar\u00e1 el piso, asegurando un ambiente interior limpio y ordenado, especialmente conveniente para los espacios que necesitan ser mantenidos limpios.<\/li><\/ul><\/div>\n\n<div class=\"wp-block-column is-layout-flow wp-block-column-is-layout-flow\"><figure class=\"wp-block-image size-full\"><img decoding=\"async\" width=\"800\" height=\"800\" src=\"https:\/\/www.gdwanjiada.net\/wp-content\/uploads\/2024\/09\/Wholesale-Air-Purifiers-Humidifier-Fans-With-3.6L-Water-Tank-7.webp\" alt=\"Venta al por mayor purificadores de aire + ventiladores humidificadores con dep\u00f3sito de agua 3.6L-7\" class=\"wp-image-669\" srcset=\"https:\/\/www.gdwanjiada.net\/wp-content\/uploads\/2024\/09\/Wholesale-Air-Purifiers-Humidifier-Fans-With-3.6L-Water-Tank-7.webp 800w, https:\/\/www.gdwanjiada.net\/wp-content\/uploads\/2024\/09\/Wholesale-Air-Purifiers-Humidifier-Fans-With-3.6L-Water-Tank-7-300x300.webp 300w, https:\/\/www.gdwanjiada.net\/wp-content\/uploads\/2024\/09\/Wholesale-Air-Purifiers-Humidifier-Fans-With-3.6L-Water-Tank-7-150x150.webp 150w, https:\/\/www.gdwanjiada.net\/wp-content\/uploads\/2024\/09\/Wholesale-Air-Purifiers-Humidifier-Fans-With-3.6L-Water-Tank-7-768x768.webp 768w, https:\/\/www.gdwanjiada.net\/wp-content\/uploads\/2024\/09\/Wholesale-Air-Purifiers-Humidifier-Fans-With-3.6L-Water-Tank-7-600x600.webp 600w, https:\/\/www.gdwanjiada.net\/wp-content\/uploads\/2024\/09\/Wholesale-Air-Purifiers-Humidifier-Fans-With-3.6L-Water-Tank-7-100x100.webp 100w\" sizes=\"(max-width: 800px) 100vw, 800px\" \/><\/figure><\/div><\/div>","protected":false},"excerpt":{"rendered":"<p>Bienvenido a comprar ventiladores purificadores de aire inteligentes. Este purificador de aire al por mayor con control remoto combina purificaci\u00f3n de iones negativos, dise\u00f1o port\u00e1til y humidificaci\u00f3n sin niebla. El tanque de agua de gran capacidad de 3.6L puede proporcionar 12 horas de efecto de humidificaci\u00f3n. Puede purificar el aire y eliminar sustancias nocivas como el formaldeh\u00eddo, por lo que es una opci\u00f3n ideal para entornos dom\u00e9sticos y de oficina.<\/p>\n<h2>Caracter\u00edsticas del producto\uff1a<\/h2>\n<ul>\n<li>Panel de control t\u00e1ctil, mando a distancia por infrarrojos.<\/li>\n<li>Detecci\u00f3n inteligente de la calidad del aire, visualizaci\u00f3n de la temperatura y la humedad.<\/li>\n<li>Funci\u00f3n ani\u00f3nica, purifica el aire.<\/li>\n<li>Asa oculta, f\u00e1cil de transportar.<\/li>\n<li>Panel trasero extra\u00edble, para facilitar la limpieza del elemento filtrante.<\/li>\n<li>Purificaci\u00f3n\/Eliminaci\u00f3n de formaldeh\u00eddo + humidificaci\u00f3n.<\/li>\n<li>Humidificaci\u00f3n sin bruma, gran capacidad de humidificaci\u00f3n, no moja el suelo.<\/li>\n<li>Gran dep\u00f3sito de agua, disponible durante 12 horas con el agua llena.<\/li>\n<\/ul>","protected":false},"featured_media":663,"comment_status":"closed","ping_status":"closed","template":"","meta":{"_acf_changed":false},"product_brand":[],"product_cat":[25],"product_tag":[],"class_list":{"0":"post-659","1":"product","2":"type-product","3":"status-publish","4":"has-post-thumbnail","6":"product_cat-wholesale-air-purifiers","8":"first","9":"instock","10":"shipping-taxable","11":"product-type-simple"},"acf":[],"_links":{"self":[{"href":"https:\/\/www.gdwanjiada.net\/es\/wp-json\/wp\/v2\/product\/659","targetHints":{"allow":["GET"]}}],"collection":[{"href":"https:\/\/www.gdwanjiada.net\/es\/wp-json\/wp\/v2\/product"}],"about":[{"href":"https:\/\/www.gdwanjiada.net\/es\/wp-json\/wp\/v2\/types\/product"}],"replies":[{"embeddable":true,"href":"https:\/\/www.gdwanjiada.net\/es\/wp-json\/wp\/v2\/comments?post=659"}],"wp:featuredmedia":[{"embeddable":true,"href":"https:\/\/www.gdwanjiada.net\/es\/wp-json\/wp\/v2\/media\/663"}],"wp:attachment":[{"href":"https:\/\/www.gdwanjiada.net\/es\/wp-json\/wp\/v2\/media?parent=659"}],"wp:term":[{"taxonomy":"product_brand","embeddable":true,"href":"https:\/\/www.gdwanjiada.net\/es\/wp-json\/wp\/v2\/product_brand?post=659"},{"taxonomy":"product_cat","embeddable":true,"href":"https:\/\/www.gdwanjiada.net\/es\/wp-json\/wp\/v2\/product_cat?post=659"},{"taxonomy":"product_tag","embeddable":true,"href":"https:\/\/www.gdwanjiada.net\/es\/wp-json\/wp\/v2\/product_tag?post=659"}],"curies":[{"name":"wp","href":"https:\/\/api.w.org\/{rel}","templated":true}]}}