{"id":654,"date":"2024-09-27T07:59:21","date_gmt":"2024-09-27T07:59:21","guid":{"rendered":"https:\/\/www.gdwanjiada.net\/?post_type=product&#038;p=654"},"modified":"2025-12-17T06:59:59","modified_gmt":"2025-12-17T06:59:59","slug":"air-circulation-fan-wholesale","status":"publish","type":"product","link":"https:\/\/www.gdwanjiada.net\/es\/producto\/air-circulation-fan-wholesale\/","title":{"rendered":"Ventilador De Circulaci\u00f3n De Aire Peque\u00f1o Al Por Mayor, Ventiladores De Escritorio Personalizados A Granel"},"content":{"rendered":"<h3 class=\"wp-block-heading has-text-align-center\">Especificaciones del ventilador de circulaci\u00f3n de aire al por mayor<\/h3><figure class=\"wp-block-table\"><table class=\"has-fixed-layout\"><tbody><tr><td rowspan=\"2\">Modelo<\/td><td rowspan=\"2\">Potencia(w)<\/td><td rowspan=\"2\">Volt\/Freq<\/td><td colspan=\"5\">Embalaje<\/td><td colspan=\"2\">Carga Ctd.<\/td><\/tr><tr><td>Tama\u00f1o del producto (mm)<\/td><td>237*237*308<\/td><td>N.W. (kg)<\/td><td>G.W. (kg)<\/td><td>Embalaje Cant.<\/td><td>20'GP<\/td><td>40'HQ<\/td><\/tr><tr><td rowspan=\"2\">WJD18AM<\/td><td rowspan=\"2\">40<\/td><td rowspan=\"2\">220V\/50Hz<\/td><td>Caja interior(mm)<\/td><td>255*255*335<\/td><td>1.5<\/td><td>1.88<\/td><td>1<\/td><td>1230 unidades<\/td><td>2952 unidades<\/td><\/tr><tr><td>Cart\u00f3n(mm)<\/td><td>785*260*690<\/td><td>11.3<\/td><td>12.3<\/td><td>6<\/td><td>205 ctns<\/td><td>492 ctns<\/td><\/tr><\/tbody><\/table><\/figure><div class=\"wp-block-columns is-layout-flex wp-container-core-columns-is-layout-9d6595d7 wp-block-columns-is-layout-flex\"><div class=\"wp-block-column is-layout-flow wp-block-column-is-layout-flow\" style=\"flex-basis:50%\"><h3 class=\"wp-block-heading has-text-align-left\">Ventajas del ventilador de circulaci\u00f3n de aire al por mayor<\/h3>\n\n<ul class=\"wp-block-list\"><li><strong>Exquisito dise\u00f1o de la carrocer\u00eda: <\/strong>Este ventilador de circulaci\u00f3n de aire al por mayor adopta un dise\u00f1o compacto, de peque\u00f1o tama\u00f1o, no ocupa espacio, y es f\u00e1cil de colocar en el escritorio, estanter\u00eda o cualquier esquina, adecuado para un uso flexible en el entorno dom\u00e9stico.<\/li>\n\n<li><strong>Ajuste de la velocidad del viento en tres velocidades: <\/strong>Nuestros ventiladores de escritorio a granel ofrecen opciones de velocidad del viento de tres velocidades, los usuarios pueden ajustar f\u00e1cilmente la velocidad del viento girando el bot\u00f3n, desde brisa suave a viento fuerte, para satisfacer diferentes necesidades y adaptarse a diversas condiciones clim\u00e1ticas.<\/li>\n\n<li><strong>Fuerte suministro de aire:<\/strong> Este ventilador de circulaci\u00f3n de aire al por mayor tiene un fuerte poder de viento, y la distancia de suministro de aire puede alcanzar los 6 metros, lo que promueve eficazmente la circulaci\u00f3n del aire en la habitaci\u00f3n y asegura que el aire en toda la habitaci\u00f3n est\u00e9 siempre fresco y fresco.<\/li>\n\n<li><strong>Interruptor de bot\u00f3n giratorio: <\/strong>Nuestros ventiladores de sobremesa a granel est\u00e1n dise\u00f1ados con un interruptor de bot\u00f3n giratorio, cuyo funcionamiento es sencillo e intuitivo. Los usuarios pueden controlar f\u00e1cilmente la apertura, el cierre y el ajuste de la velocidad del viento del ventilador, y la experiencia de uso es c\u00f3moda.<\/li><\/ul><\/div>\n\n<div class=\"wp-block-column is-layout-flow wp-block-column-is-layout-flow\"><figure class=\"wp-block-image size-full\"><img decoding=\"async\" width=\"800\" height=\"800\" src=\"https:\/\/www.gdwanjiada.net\/wp-content\/uploads\/2024\/09\/Small-Air-Circulation-Fan-Wholesale-Bulk-Fans-For-Home-Use-4.webp\" alt=\"Ventilador De Circulaci\u00f3n De Aire Peque\u00f1o Al Por Mayor, Ventiladores A Granel Para Uso Dom\u00e9stico-4\" class=\"wp-image-658\" srcset=\"https:\/\/www.gdwanjiada.net\/wp-content\/uploads\/2024\/09\/Small-Air-Circulation-Fan-Wholesale-Bulk-Fans-For-Home-Use-4.webp 800w, https:\/\/www.gdwanjiada.net\/wp-content\/uploads\/2024\/09\/Small-Air-Circulation-Fan-Wholesale-Bulk-Fans-For-Home-Use-4-300x300.webp 300w, https:\/\/www.gdwanjiada.net\/wp-content\/uploads\/2024\/09\/Small-Air-Circulation-Fan-Wholesale-Bulk-Fans-For-Home-Use-4-150x150.webp 150w, https:\/\/www.gdwanjiada.net\/wp-content\/uploads\/2024\/09\/Small-Air-Circulation-Fan-Wholesale-Bulk-Fans-For-Home-Use-4-768x768.webp 768w, https:\/\/www.gdwanjiada.net\/wp-content\/uploads\/2024\/09\/Small-Air-Circulation-Fan-Wholesale-Bulk-Fans-For-Home-Use-4-600x600.webp 600w, https:\/\/www.gdwanjiada.net\/wp-content\/uploads\/2024\/09\/Small-Air-Circulation-Fan-Wholesale-Bulk-Fans-For-Home-Use-4-100x100.webp 100w\" sizes=\"(max-width: 800px) 100vw, 800px\" \/><\/figure><\/div><\/div>","protected":false},"excerpt":{"rendered":"<p>Bienvenido a comprar ventiladores de escritorio al por mayor. Este ventilador compacto de circulaci\u00f3n de aire al por mayor tiene un dise\u00f1o sencillo, funci\u00f3n de ajuste de la velocidad del viento de tres velocidades y un interruptor de bot\u00f3n giratorio, que es f\u00e1cil de manejar. Con una fuerte capacidad de suministro de aire, la velocidad del viento puede alcanzar los 6 metros de distancia, lo que puede hacer circular el aire con eficacia y es adecuado para el uso diario en el hogar.<\/p>\n<h2>Caracter\u00edsticas del producto\uff1a<\/h2>\n<ul>\n<li>3 velocidades de viento para elegir.<\/li>\n<li>Rejillas de ventilaci\u00f3n extra\u00edbles, c\u00f3modas de limpiar.<\/li>\n<li>Manualmente arriba y abajo, autom\u00e1ticamente izquierda y derecha para el giro.<\/li>\n<li>Fuerte viento de 6m de suministro de aire, aire circulante y la compa\u00f1\u00eda de aire acondicionado.<\/li>\n<\/ul>","protected":false},"featured_media":655,"comment_status":"closed","ping_status":"closed","template":"","meta":{"_acf_changed":false},"product_brand":[],"product_cat":[24],"product_tag":[],"class_list":{"0":"post-654","1":"product","2":"type-product","3":"status-publish","4":"has-post-thumbnail","6":"product_cat-air-circulation-fan-wholesale","8":"first","9":"instock","10":"shipping-taxable","11":"product-type-simple"},"acf":[],"_links":{"self":[{"href":"https:\/\/www.gdwanjiada.net\/es\/wp-json\/wp\/v2\/product\/654","targetHints":{"allow":["GET"]}}],"collection":[{"href":"https:\/\/www.gdwanjiada.net\/es\/wp-json\/wp\/v2\/product"}],"about":[{"href":"https:\/\/www.gdwanjiada.net\/es\/wp-json\/wp\/v2\/types\/product"}],"replies":[{"embeddable":true,"href":"https:\/\/www.gdwanjiada.net\/es\/wp-json\/wp\/v2\/comments?post=654"}],"wp:featuredmedia":[{"embeddable":true,"href":"https:\/\/www.gdwanjiada.net\/es\/wp-json\/wp\/v2\/media\/655"}],"wp:attachment":[{"href":"https:\/\/www.gdwanjiada.net\/es\/wp-json\/wp\/v2\/media?parent=654"}],"wp:term":[{"taxonomy":"product_brand","embeddable":true,"href":"https:\/\/www.gdwanjiada.net\/es\/wp-json\/wp\/v2\/product_brand?post=654"},{"taxonomy":"product_cat","embeddable":true,"href":"https:\/\/www.gdwanjiada.net\/es\/wp-json\/wp\/v2\/product_cat?post=654"},{"taxonomy":"product_tag","embeddable":true,"href":"https:\/\/www.gdwanjiada.net\/es\/wp-json\/wp\/v2\/product_tag?post=654"}],"curies":[{"name":"wp","href":"https:\/\/api.w.org\/{rel}","templated":true}]}}