{"id":647,"date":"2024-09-27T07:39:06","date_gmt":"2024-09-27T07:39:06","guid":{"rendered":"https:\/\/www.gdwanjiada.net\/?post_type=product&#038;p=647"},"modified":"2024-09-27T07:59:08","modified_gmt":"2024-09-27T07:59:08","slug":"circulation-fans-wholesale","status":"publish","type":"product","link":"https:\/\/www.gdwanjiada.net\/es\/producto\/circulation-fans-wholesale\/","title":{"rendered":"Potentes Ventiladores Turbo de Circulaci\u00f3n al por Mayor, Ventiladores Oscilantes"},"content":{"rendered":"<h3 class=\"wp-block-heading has-text-align-center\">Especificaciones de los ventiladores de circulaci\u00f3n al por mayor<\/h3><figure class=\"wp-block-table\"><table class=\"has-fixed-layout\"><tbody><tr><td rowspan=\"2\">Modelo<\/td><td rowspan=\"2\">Potencia(w)<\/td><td rowspan=\"2\">Volt\/Freq<\/td><td colspan=\"5\">Embalaje<\/td><td colspan=\"2\">Carga Ctd.<\/td><\/tr><tr><td>Tama\u00f1o del producto (mm)<\/td><td>237*237*308<\/td><td>N.W. (kg)<\/td><td>G.W. (kg)<\/td><td>Embalaje Cant.<\/td><td>20'GP<\/td><td>40'HQ<\/td><\/tr><tr><td rowspan=\"2\">WJD18A<\/td><td rowspan=\"2\">40<\/td><td rowspan=\"2\">220V\/50Hz<\/td><td>Caja interior(mm)<\/td><td>255*255*335<\/td><td>1.5<\/td><td>1.88<\/td><td>1<\/td><td>1230 unidades<\/td><td>2952 unidades<\/td><\/tr><tr><td>Cart\u00f3n(mm)<\/td><td>785*260*690<\/td><td>11.3<\/td><td>12.3<\/td><td>6<\/td><td>205 ctns<\/td><td>492 ctns<\/td><\/tr><\/tbody><\/table><\/figure><div class=\"wp-block-columns is-layout-flex wp-container-core-columns-is-layout-9d6595d7 wp-block-columns-is-layout-flex\"><div class=\"wp-block-column is-layout-flow wp-block-column-is-layout-flow\" style=\"flex-basis:50%\"><h3 class=\"wp-block-heading has-text-align-left\">Ventajas de los ventiladores de circulaci\u00f3n al por mayor<\/h3>\n\n<ul class=\"wp-block-list\"><li><strong>Dise\u00f1o compacto: <\/strong>Estos ventiladores turbo de circulaci\u00f3n al por mayor adoptan un dise\u00f1o de cuerpo compacto, que no ocupa demasiado espacio. Es conveniente para la colocaci\u00f3n en el escritorio, suelo y otras escenas, que es conveniente para los usuarios mover y utilizar con flexibilidad, y mejorar la comodidad del entorno del hogar o la oficina.<\/li>\n\n<li><strong>Ajuste de viento de tres velocidades:<\/strong> Estos ventiladores el\u00e9ctricos de refrigeraci\u00f3n al por mayor ofrecen una funci\u00f3n de ajuste del viento de tres velocidades. Los usuarios pueden elegir libremente la velocidad del viento seg\u00fan sus preferencias personales o las diferentes condiciones meteorol\u00f3gicas, disfrutar de viento suave, viento medio o viento fuerte, y satisfacer diversas necesidades de refrigeraci\u00f3n.<\/li>\n\n<li><strong>Gran capacidad de suministro de aire: <\/strong>Nuestros ventiladores de circulaci\u00f3n al por mayor tienen un fuerte poder de viento de turbina, y la distancia de suministro de aire puede alcanzar los 6 metros. Pueden promover r\u00e1pidamente la circulaci\u00f3n de aire interior y llenar toda la habitaci\u00f3n con flujo de aire fresco, que es especialmente adecuado para el uso de verano caliente.<\/li>\n\n<li><strong>Funci\u00f3n de apagado temporizado:<\/strong> Nuestros ventiladores el\u00e9ctricos de refrigeraci\u00f3n al por mayor est\u00e1n equipados con una funci\u00f3n de apagado temporizado. Los usuarios pueden preestablecer el tiempo de apagado de acuerdo con el uso real para evitar el desperdicio de electricidad. Es m\u00e1s seguro y m\u00e1s inteligente de usar, adecuado para la noche o el uso a largo plazo.<\/li><\/ul><\/div>\n\n<div class=\"wp-block-column is-layout-flow wp-block-column-is-layout-flow\"><figure class=\"wp-block-image size-full\"><img decoding=\"async\" width=\"800\" height=\"800\" src=\"https:\/\/www.gdwanjiada.net\/wp-content\/uploads\/2024\/09\/Powerful-Turbo-Circulation-Fan-Wholesale-Electric-Cooling-Fans-2.webp\" alt=\"Potente Ventilador Turbo de Circulaci\u00f3n al por Mayor, Ventiladores El\u00e9ctricos de Enfriamiento-2\" class=\"wp-image-649\" srcset=\"https:\/\/www.gdwanjiada.net\/wp-content\/uploads\/2024\/09\/Powerful-Turbo-Circulation-Fan-Wholesale-Electric-Cooling-Fans-2.webp 800w, https:\/\/www.gdwanjiada.net\/wp-content\/uploads\/2024\/09\/Powerful-Turbo-Circulation-Fan-Wholesale-Electric-Cooling-Fans-2-300x300.webp 300w, https:\/\/www.gdwanjiada.net\/wp-content\/uploads\/2024\/09\/Powerful-Turbo-Circulation-Fan-Wholesale-Electric-Cooling-Fans-2-150x150.webp 150w, https:\/\/www.gdwanjiada.net\/wp-content\/uploads\/2024\/09\/Powerful-Turbo-Circulation-Fan-Wholesale-Electric-Cooling-Fans-2-768x768.webp 768w, https:\/\/www.gdwanjiada.net\/wp-content\/uploads\/2024\/09\/Powerful-Turbo-Circulation-Fan-Wholesale-Electric-Cooling-Fans-2-600x600.webp 600w, https:\/\/www.gdwanjiada.net\/wp-content\/uploads\/2024\/09\/Powerful-Turbo-Circulation-Fan-Wholesale-Electric-Cooling-Fans-2-100x100.webp 100w\" sizes=\"(max-width: 800px) 100vw, 800px\" \/><\/figure><\/div><\/div><p><\/p>","protected":false},"excerpt":{"rendered":"<p>Bienvenido a comprar ventiladores el\u00e9ctricos de refrigeraci\u00f3n al por mayor. Nuestros ventiladores de circulaci\u00f3n compactos al por mayor tienen ajuste de velocidad del viento de tres velocidades y funci\u00f3n de apagado temporizado, con una distancia de suministro de aire de hasta 6 metros, hace circular r\u00e1pidamente el aire y mantiene la habitaci\u00f3n fresca, por lo que es perfecto para una variedad de ocasiones como el hogar o la oficina.<\/p>\n<h2>Caracter\u00edsticas del producto\uff1a<\/h2>\n<ul>\n<li>3 velocidades de viento para elegir.<\/li>\n<li>Rejillas de ventilaci\u00f3n extra\u00edbles, c\u00f3modas de limpiar.<\/li>\n<li>Manualmente arriba y abajo, autom\u00e1ticamente izquierda y derecha para el giro.<\/li>\n<li>Fuerte viento de 6m de suministro de aire, aire circulante y la compa\u00f1\u00eda de aire acondicionado.<\/li>\n<li>Temporizaci\u00f3n de 1 a 7 horas<\/li>\n<\/ul>","protected":false},"featured_media":648,"comment_status":"closed","ping_status":"closed","template":"","meta":{"_acf_changed":false},"product_brand":[],"product_cat":[24],"product_tag":[],"class_list":{"0":"post-647","1":"product","2":"type-product","3":"status-publish","4":"has-post-thumbnail","6":"product_cat-air-circulation-fan-wholesale","8":"first","9":"instock","10":"shipping-taxable","11":"product-type-simple"},"acf":[],"_links":{"self":[{"href":"https:\/\/www.gdwanjiada.net\/es\/wp-json\/wp\/v2\/product\/647","targetHints":{"allow":["GET"]}}],"collection":[{"href":"https:\/\/www.gdwanjiada.net\/es\/wp-json\/wp\/v2\/product"}],"about":[{"href":"https:\/\/www.gdwanjiada.net\/es\/wp-json\/wp\/v2\/types\/product"}],"replies":[{"embeddable":true,"href":"https:\/\/www.gdwanjiada.net\/es\/wp-json\/wp\/v2\/comments?post=647"}],"wp:featuredmedia":[{"embeddable":true,"href":"https:\/\/www.gdwanjiada.net\/es\/wp-json\/wp\/v2\/media\/648"}],"wp:attachment":[{"href":"https:\/\/www.gdwanjiada.net\/es\/wp-json\/wp\/v2\/media?parent=647"}],"wp:term":[{"taxonomy":"product_brand","embeddable":true,"href":"https:\/\/www.gdwanjiada.net\/es\/wp-json\/wp\/v2\/product_brand?post=647"},{"taxonomy":"product_cat","embeddable":true,"href":"https:\/\/www.gdwanjiada.net\/es\/wp-json\/wp\/v2\/product_cat?post=647"},{"taxonomy":"product_tag","embeddable":true,"href":"https:\/\/www.gdwanjiada.net\/es\/wp-json\/wp\/v2\/product_tag?post=647"}],"curies":[{"name":"wp","href":"https:\/\/api.w.org\/{rel}","templated":true}]}}