{"id":589,"date":"2024-09-26T10:58:36","date_gmt":"2024-09-26T10:58:36","guid":{"rendered":"https:\/\/www.gdwanjiada.net\/?post_type=product&#038;p=589"},"modified":"2026-04-17T02:37:49","modified_gmt":"2026-04-17T02:37:49","slug":"wholesale-evaporative-air-cooler","status":"publish","type":"product","link":"https:\/\/www.gdwanjiada.net\/es\/producto\/wholesale-evaporative-air-cooler\/","title":{"rendered":"Enfriador de aire evaporativo 80L al por mayor de f\u00e1brica, uso industrial"},"content":{"rendered":"<h3 class=\"wp-block-heading has-text-align-center\">Especificaciones del climatizador evaporativo al por mayor<\/h3><figure class=\"wp-block-table\"><table class=\"has-fixed-layout\"><tbody><tr><td rowspan=\"2\">Modelo<\/td><td rowspan=\"2\">Potencia (W)&nbsp;<\/td><td colspan=\"3\">Caudal de aire (m\u00b3\/h)<\/td><td rowspan=\"2\">Capacidad del dep\u00f3sito de agua (L)<\/td><td colspan=\"3\">Tama\u00f1o del producto (mm)&nbsp;<\/td><td rowspan=\"2\">Tama\u00f1o del panel de refrigeraci\u00f3n (mm)<\/td><td rowspan=\"2\">Embalaje<\/td><td rowspan=\"2\">N.W.\/ G.W. (kg)&nbsp;&nbsp;<\/td><td rowspan=\"2\">Tama\u00f1o del embalaje (mm)&nbsp;<\/td><td colspan=\"2\">Cantidad de carga<\/td><\/tr><tr><td>H<\/td><td>M<\/td><td>L<\/td><td>L<\/td><td>W<\/td><td>H<\/td><td>20'GP<\/td><td>40'HQ<\/td><\/tr><tr><td>WJD8000F-1M<\/td><td>200<\/td><td>8000<\/td><td>6000<\/td><td>3500<\/td><td>80.0<\/td><td>680<\/td><td>410<\/td><td>1250<\/td><td>75*520*690<\/td><td>1 unidad<\/td><td>18\/21<\/td><td>695*460*980<\/td><td>98<\/td><td>230<\/td><\/tr><\/tbody><\/table><\/figure><div class=\"wp-block-columns is-layout-flex wp-container-core-columns-is-layout-9d6595d7 wp-block-columns-is-layout-flex\"><div class=\"wp-block-column is-layout-flow wp-block-column-is-layout-flow\" style=\"flex-basis:50%\"><h3 class=\"wp-block-heading has-text-align-left\">Ventajas de los climatizadores evaporativos al por mayor<\/h3>\n\n<ul class=\"wp-block-list\"><li><strong>F\u00e1cil de limpiar y mantener:<\/strong> Este enfriador de aire evaporativo al por mayor tiene una pantalla antipolvo extra\u00edble, que le ayuda a limpiar y mantener regularmente para mantener el aire limpio, tambi\u00e9n para mantener el equipo funcionando de manera eficiente y eficaz, extendiendo la vida \u00fatil. Se puede utilizar durante mucho tiempo en la casa sin problemas, especialmente para la industria.<\/li>\n\n<li><strong>Flexible y estable: <\/strong>Nuestro ventilador enfriador de aire al por mayor est\u00e1 equipado con una funci\u00f3n de bloqueo del freno de la rueda delantera, que es f\u00e1cil de mover y se fija firmemente, por lo que el equipo se puede mover libremente y colocarse de forma estable en grandes entornos industriales, adapt\u00e1ndose a las necesidades de m\u00faltiples escenarios.<\/li>\n\n<li><strong>Embalaje del dep\u00f3sito de agua invertido: <\/strong>Este enfriador de aire evaporativo al por mayor adopta un innovador dise\u00f1o de embalaje con dep\u00f3sito de agua invertido para maximizar el ahorro de espacio de transporte, reducir los costes de log\u00edstica y almacenamiento, y es muy adecuado para compras al por mayor y mejorar la eficiencia operativa general.<\/li>\n\n<li><strong>Adaptarse a las necesidades industriales:<\/strong> Nuestro enfriador de aire por evaporaci\u00f3n al por mayor tiene un dise\u00f1o de tanque de agua de gran capacidad de 80L, que puede proporcionar un fuerte efecto de enfriamiento durante mucho tiempo. Es adecuado para varios sitios industriales grandes, asegurando que el equipo todav\u00eda puede proporcionar servicios de enfriamiento continuos y estables en ambientes de alta temperatura.<\/li><\/ul><\/div>\n\n<div class=\"wp-block-column is-layout-flow wp-block-column-is-layout-flow\"><figure class=\"wp-block-image size-full\"><img decoding=\"async\" width=\"800\" height=\"800\" src=\"https:\/\/www.gdwanjiada.net\/wp-content\/uploads\/2024\/09\/80L-Wholesale-Evaporative-Air-Cooler-For-Industrial-Use-6.webp\" alt=\"Enfriador de aire evaporativo al por mayor de 80L para uso industrial-6\" class=\"wp-image-595\" srcset=\"https:\/\/www.gdwanjiada.net\/wp-content\/uploads\/2024\/09\/80L-Wholesale-Evaporative-Air-Cooler-For-Industrial-Use-6.webp 800w, https:\/\/www.gdwanjiada.net\/wp-content\/uploads\/2024\/09\/80L-Wholesale-Evaporative-Air-Cooler-For-Industrial-Use-6-300x300.webp 300w, https:\/\/www.gdwanjiada.net\/wp-content\/uploads\/2024\/09\/80L-Wholesale-Evaporative-Air-Cooler-For-Industrial-Use-6-150x150.webp 150w, https:\/\/www.gdwanjiada.net\/wp-content\/uploads\/2024\/09\/80L-Wholesale-Evaporative-Air-Cooler-For-Industrial-Use-6-768x768.webp 768w, https:\/\/www.gdwanjiada.net\/wp-content\/uploads\/2024\/09\/80L-Wholesale-Evaporative-Air-Cooler-For-Industrial-Use-6-600x600.webp 600w, https:\/\/www.gdwanjiada.net\/wp-content\/uploads\/2024\/09\/80L-Wholesale-Evaporative-Air-Cooler-For-Industrial-Use-6-100x100.webp 100w\" sizes=\"(max-width: 800px) 100vw, 800px\" \/><\/figure><\/div><\/div><p><\/p>","protected":false},"excerpt":{"rendered":"<p>Bienvenido a comprar nuestro enfriador de aire evaporativo al por mayor, dise\u00f1ado para entornos industriales, f\u00e1cil de limpiar y mantener, y flexible y estable. El dep\u00f3sito de agua de 80L garantiza una refrigeraci\u00f3n continua y eficiente, adecuada para las necesidades de refrigeraci\u00f3n de grandes instalaciones industriales.<\/p>\n<h2>Venta al por mayor enfriadores de aire evaporativos Caracter\u00edsticas\uff1a<\/h2>\n<ul>\n<li>Integra funciones de refrigeraci\u00f3n, humidificaci\u00f3n y purificaci\u00f3n, y es una m\u00e1quina polivalente.<\/li>\n<li>Utiliza una entrada de aire de tres lados y cortinas h\u00famedas de enfriamiento evaporativo de alta eficiencia, y el efecto de enfriamiento es m\u00e1s obvio.<\/li>\n<li>Funci\u00f3n manual de subida y bajada, funci\u00f3n autom\u00e1tica de balanceo a izquierda y derecha, selecci\u00f3n de tres velocidades de viento.<\/li>\n<li>Impulsor de flujo axial de gran di\u00e1metro, gran volumen de aire, bajo nivel de ruido.<\/li>\n<li>Dep\u00f3sito de agua dividido de gran capacidad, f\u00e1cil de limpiar.<\/li>\n<li>La parte superior del cuerpo de la m\u00e1quina puede voltearse para a\u00f1adir agua, hielo y cristales de hielo para enfriarla.<\/li>\n<li>Red antipolvo extra\u00edble para facilitar la limpieza.<\/li>\n<li>La rueda delantera tiene una funci\u00f3n de bloqueo de freno, que es conveniente para mover y colocar.<\/li>\n<li>La bomba sumergible tiene m\u00faltiples funciones de protecci\u00f3n, agua suficiente, y es segura y garantizada.<\/li>\n<li>Motor de cobre puro.<\/li>\n<li>El dep\u00f3sito de agua se apila en un embalaje invertido para ahorrar espacio y costes durante el transporte.<\/li>\n<\/ul>","protected":false},"featured_media":590,"comment_status":"closed","ping_status":"closed","template":"","meta":{"_acf_changed":false},"product_brand":[],"product_cat":[26],"product_tag":[29],"class_list":{"0":"post-589","1":"product","2":"type-product","3":"status-publish","4":"has-post-thumbnail","6":"product_cat-wholesale-air-coolers","7":"product_tag-wholesale-industrial-evaporative-air-coolers","9":"first","10":"instock","11":"shipping-taxable","12":"product-type-simple"},"acf":[],"_links":{"self":[{"href":"https:\/\/www.gdwanjiada.net\/es\/wp-json\/wp\/v2\/product\/589","targetHints":{"allow":["GET"]}}],"collection":[{"href":"https:\/\/www.gdwanjiada.net\/es\/wp-json\/wp\/v2\/product"}],"about":[{"href":"https:\/\/www.gdwanjiada.net\/es\/wp-json\/wp\/v2\/types\/product"}],"replies":[{"embeddable":true,"href":"https:\/\/www.gdwanjiada.net\/es\/wp-json\/wp\/v2\/comments?post=589"}],"wp:featuredmedia":[{"embeddable":true,"href":"https:\/\/www.gdwanjiada.net\/es\/wp-json\/wp\/v2\/media\/590"}],"wp:attachment":[{"href":"https:\/\/www.gdwanjiada.net\/es\/wp-json\/wp\/v2\/media?parent=589"}],"wp:term":[{"taxonomy":"product_brand","embeddable":true,"href":"https:\/\/www.gdwanjiada.net\/es\/wp-json\/wp\/v2\/product_brand?post=589"},{"taxonomy":"product_cat","embeddable":true,"href":"https:\/\/www.gdwanjiada.net\/es\/wp-json\/wp\/v2\/product_cat?post=589"},{"taxonomy":"product_tag","embeddable":true,"href":"https:\/\/www.gdwanjiada.net\/es\/wp-json\/wp\/v2\/product_tag?post=589"}],"curies":[{"name":"wp","href":"https:\/\/api.w.org\/{rel}","templated":true}]}}