{"id":580,"date":"2024-09-26T10:40:51","date_gmt":"2024-09-26T10:40:51","guid":{"rendered":"https:\/\/www.gdwanjiada.net\/?post_type=product&#038;p=580"},"modified":"2024-11-16T02:18:24","modified_gmt":"2024-11-16T02:18:24","slug":"wholesale-air-coolers","status":"publish","type":"product","link":"https:\/\/www.gdwanjiada.net\/es\/producto\/wholesale-air-coolers\/","title":{"rendered":"Venta caliente 42L al por mayor refrigeradores de aire con mando a distancia"},"content":{"rendered":"<h3 class=\"wp-block-heading has-text-align-center\">Especificaciones de los enfriadores de aire al por mayor<\/h3><figure class=\"wp-block-table\"><table class=\"has-fixed-layout\"><tbody><tr><td rowspan=\"2\">Modelo<\/td><td rowspan=\"2\">Potencia (W)&nbsp;<\/td><td colspan=\"3\">Caudal de aire (m\u00b3\/h)<\/td><td rowspan=\"2\">Capacidad del dep\u00f3sito de agua (L)<\/td><td colspan=\"3\">Tama\u00f1o del producto (mm)&nbsp;<\/td><td rowspan=\"2\">Consumo de agua (L\/H)<\/td><td rowspan=\"2\">Tama\u00f1o del panel de refrigeraci\u00f3n (mm)<\/td><td rowspan=\"2\">Embalaje<\/td><td rowspan=\"2\">N.W.\/ G.W. (kg)&nbsp;&nbsp;<\/td><td rowspan=\"2\">Tama\u00f1o del embalaje (mm)&nbsp;<\/td><td colspan=\"2\">Cantidad de carga<\/td><\/tr><tr><td>H<\/td><td>M<\/td><td>L<\/td><td>L<\/td><td>W<\/td><td>H<\/td><td>20'GP<\/td><td>40'HQ<\/td><\/tr><tr><td>WJD4500F-2Z<\/td><td>125<\/td><td>4500<\/td><td>3200<\/td><td>1800<\/td><td>42.0<\/td><td>500<\/td><td>410<\/td><td>960<\/td><td>5.0<\/td><td>385*90*530<\/td><td>1 unidad<\/td><td>12.6\/14.6<\/td><td>550*460*1020<\/td><td>122<\/td><td>278<\/td><\/tr><\/tbody><\/table><\/figure><div class=\"wp-block-columns is-layout-flex wp-container-core-columns-is-layout-9d6595d7 wp-block-columns-is-layout-flex\"><div class=\"wp-block-column is-layout-flow wp-block-column-is-layout-flow\" style=\"flex-basis:50%\"><h3 class=\"wp-block-heading has-text-align-left\">Ventajas de los enfriadores de aire al por mayor<\/h3>\n\n<ul class=\"wp-block-list\"><li><strong>Flexible y estable: <\/strong>Nuestros enfriadores de aire al por mayor est\u00e1n equipados con una funci\u00f3n de bloqueo del freno de la rueda delantera, el acondicionador de aire se puede mover f\u00e1cilmente a la posici\u00f3n requerida y se puede fijar firmemente para garantizar la seguridad y la comodidad durante el uso, especialmente adecuado para su uso en m\u00faltiples escenarios.<\/li>\n\n<li><strong>Protecci\u00f3n de seguridad: <\/strong>Este enfriador evaporativo al por mayor tiene una funci\u00f3n de bloqueo para ni\u00f1os, que puede evitar que los ni\u00f1os lo toquen accidentalmente o lo manejen mal, mejorar la seguridad, y es especialmente adecuado para el hogar o lugares p\u00fablicos, garantizando que el dispositivo pueda funcionar con seguridad en un entorno donde los ni\u00f1os est\u00e1n expuestos.<\/li>\n\n<li><strong>Dise\u00f1o abatible superior: <\/strong>Nuestros enfriadores de aire al por mayor est\u00e1n dise\u00f1ados con un \u00e1rea abatible en la parte superior del fuselaje, los usuarios pueden a\u00f1adir f\u00e1cilmente agua, hielo o colocar cristales de hielo para mejorar el efecto de enfriamiento y proporcionar una experiencia m\u00e1s fresca, especialmente adecuado para su uso en altas temperaturas en verano.<\/li>\n\n<li><strong>Funcionamiento por control remoto, inteligente y c\u00f3modo: <\/strong>Soporta la operaci\u00f3n por control remoto, los usuarios pueden controlar las diversas funciones del enfriador evaporativo al por mayor desde la distancia, trayendo una experiencia de uso m\u00e1s conveniente, sin el ajuste manual frecuente del equipo.<\/li><\/ul><\/div>\n\n<div class=\"wp-block-column is-layout-flow wp-block-column-is-layout-flow\"><figure class=\"wp-block-image size-full\"><img decoding=\"async\" width=\"800\" height=\"800\" src=\"https:\/\/www.gdwanjiada.net\/wp-content\/uploads\/2024\/09\/Hot-Sale-42L-Wholesale-Air-Coolers-With-Remote-Control-7.webp\" alt=\"Venta al por mayor 42L enfriadores de aire con control remoto-7\" class=\"wp-image-587\" srcset=\"https:\/\/www.gdwanjiada.net\/wp-content\/uploads\/2024\/09\/Hot-Sale-42L-Wholesale-Air-Coolers-With-Remote-Control-7.webp 800w, https:\/\/www.gdwanjiada.net\/wp-content\/uploads\/2024\/09\/Hot-Sale-42L-Wholesale-Air-Coolers-With-Remote-Control-7-300x300.webp 300w, https:\/\/www.gdwanjiada.net\/wp-content\/uploads\/2024\/09\/Hot-Sale-42L-Wholesale-Air-Coolers-With-Remote-Control-7-150x150.webp 150w, https:\/\/www.gdwanjiada.net\/wp-content\/uploads\/2024\/09\/Hot-Sale-42L-Wholesale-Air-Coolers-With-Remote-Control-7-768x768.webp 768w, https:\/\/www.gdwanjiada.net\/wp-content\/uploads\/2024\/09\/Hot-Sale-42L-Wholesale-Air-Coolers-With-Remote-Control-7-600x600.webp 600w, https:\/\/www.gdwanjiada.net\/wp-content\/uploads\/2024\/09\/Hot-Sale-42L-Wholesale-Air-Coolers-With-Remote-Control-7-100x100.webp 100w\" sizes=\"(max-width: 800px) 100vw, 800px\" \/><\/figure><\/div><\/div><p><\/p>","protected":false},"excerpt":{"rendered":"<p>Bienvenido a comprar enfriadores evaporativos al por mayor. Nuestros enfriadores de aire al por mayor est\u00e1n equipados con una funci\u00f3n de bloqueo del freno de la rueda delantera, que es flexible y estable, y tiene una funci\u00f3n de bloqueo para ni\u00f1os para garantizar la seguridad de los ni\u00f1os. El dise\u00f1o de la cubierta superior abatible facilita la adici\u00f3n de agua y hielo, mejorando a\u00fan m\u00e1s el efecto de enfriamiento.<\/p>\n<h2>Caracter\u00edsticas del producto\uff1a<\/h2>\n<ul>\n<li>Refrigeraci\u00f3n, humidificaci\u00f3n y purificaci\u00f3n, una m\u00e1quina polivalente.<\/li>\n<li>Utiliza una entrada de aire de 3 lados y cortinas h\u00famedas de enfriamiento evaporativo de alta eficiencia, y el efecto de enfriamiento es m\u00e1s obvio.<\/li>\n<li>Panel de control multifunci\u00f3n, LED din\u00e1mico y pantalla de temperatura, funci\u00f3n de control remoto inteligente.<\/li>\n<li>Funci\u00f3n de barra de ox\u00edgeno de iones negativos, aumenta el ox\u00edgeno activo, purifica el aire.<\/li>\n<li>Rodete de flujo axial de gran di\u00e1metro, gran volumen de aire y bajo nivel de ruido.<\/li>\n<li>Tres tipos de opciones de viento: imitaci\u00f3n de viento natural, viento dormido y viento est\u00e1ndar.<\/li>\n<li>Funci\u00f3n de apagado autom\u00e1tico temporizado de 1 a 12 horas.<\/li>\n<li>Funci\u00f3n manual de subida y bajada, funci\u00f3n autom\u00e1tica de balanceo a izquierda y derecha, tres opciones de velocidad de viento.<\/li>\n<li>Bomba sumergible con m\u00faltiples funciones de protecci\u00f3n, agua suficiente, segura y garantizada.<\/li>\n<li>La rueda delantera tiene una funci\u00f3n de bloqueo de freno, que es conveniente para mover y colocar.<\/li>\n<li>Con funci\u00f3n de bloqueo infantil para evitar que los ni\u00f1os lo manejen de forma incorrecta.<\/li>\n<li>La parte superior del fuselaje se puede voltear para a\u00f1adir agua, hielo y cristales de hielo para enfriarlo.<\/li>\n<li>Motor de cobre puro.<\/li>\n<\/ul>","protected":false},"featured_media":581,"comment_status":"closed","ping_status":"closed","template":"","meta":{"_acf_changed":false},"product_brand":[],"product_cat":[26],"product_tag":[28],"class_list":{"0":"post-580","1":"product","2":"type-product","3":"status-publish","4":"has-post-thumbnail","6":"product_cat-wholesale-air-coolers","7":"product_tag-commercial-air-coolers-wholesale","9":"first","10":"instock","11":"shipping-taxable","12":"product-type-simple"},"acf":[],"_links":{"self":[{"href":"https:\/\/www.gdwanjiada.net\/es\/wp-json\/wp\/v2\/product\/580","targetHints":{"allow":["GET"]}}],"collection":[{"href":"https:\/\/www.gdwanjiada.net\/es\/wp-json\/wp\/v2\/product"}],"about":[{"href":"https:\/\/www.gdwanjiada.net\/es\/wp-json\/wp\/v2\/types\/product"}],"replies":[{"embeddable":true,"href":"https:\/\/www.gdwanjiada.net\/es\/wp-json\/wp\/v2\/comments?post=580"}],"wp:featuredmedia":[{"embeddable":true,"href":"https:\/\/www.gdwanjiada.net\/es\/wp-json\/wp\/v2\/media\/581"}],"wp:attachment":[{"href":"https:\/\/www.gdwanjiada.net\/es\/wp-json\/wp\/v2\/media?parent=580"}],"wp:term":[{"taxonomy":"product_brand","embeddable":true,"href":"https:\/\/www.gdwanjiada.net\/es\/wp-json\/wp\/v2\/product_brand?post=580"},{"taxonomy":"product_cat","embeddable":true,"href":"https:\/\/www.gdwanjiada.net\/es\/wp-json\/wp\/v2\/product_cat?post=580"},{"taxonomy":"product_tag","embeddable":true,"href":"https:\/\/www.gdwanjiada.net\/es\/wp-json\/wp\/v2\/product_tag?post=580"}],"curies":[{"name":"wp","href":"https:\/\/api.w.org\/{rel}","templated":true}]}}