{"id":560,"date":"2024-09-26T09:43:30","date_gmt":"2024-09-26T09:43:30","guid":{"rendered":"https:\/\/www.gdwanjiada.net\/?post_type=product&#038;p=560"},"modified":"2025-11-15T09:47:47","modified_gmt":"2025-11-15T09:47:47","slug":"wholesale-portable-air-cooler","status":"publish","type":"product","link":"https:\/\/www.gdwanjiada.net\/es\/producto\/wholesale-portable-air-cooler\/","title":{"rendered":"Enfriador de aire port\u00e1til al por mayor de f\u00e1brica para lugares comerciales"},"content":{"rendered":"<h3 class=\"wp-block-heading has-text-align-center\">Especificaciones del enfriador de aire port\u00e1til al por mayor<\/h3><figure class=\"wp-block-table\"><table class=\"has-fixed-layout\"><tbody><tr><td rowspan=\"2\">Modelo<\/td><td rowspan=\"2\">Potencia (W)&nbsp;<\/td><td colspan=\"3\">Caudal de aire (m\u00b3\/h)<\/td><td rowspan=\"2\">Capacidad del dep\u00f3sito de agua (L)<\/td><td colspan=\"3\">Tama\u00f1o del producto (mm)&nbsp;<\/td><td rowspan=\"2\">Consumo de agua (L\/H)<\/td><td rowspan=\"2\">Tama\u00f1o del panel de refrigeraci\u00f3n (mm)<\/td><td rowspan=\"2\">Embalaje<\/td><td rowspan=\"2\">N.W.\/ G.W. (kg)&nbsp;&nbsp;<\/td><td rowspan=\"2\">Tama\u00f1o del embalaje (mm)&nbsp;<\/td><td colspan=\"2\">Cantidad de carga<\/td><\/tr><tr><td>H<\/td><td>M<\/td><td>L<\/td><td>L<\/td><td>W<\/td><td>H<\/td><td>20'GP<\/td><td>40'HQ<\/td><\/tr><tr><td>WJD2800F-2Z<\/td><td>125<\/td><td>2500<\/td><td>1800<\/td><td>1300<\/td><td>28.0<\/td><td>470<\/td><td>345<\/td><td>950<\/td><td>4.0<\/td><td>360*65*495<\/td><td>1 unidad<\/td><td>12\/14.1<\/td><td>520*390*930<\/td><td>155<\/td><td>368<\/td><\/tr><\/tbody><\/table><\/figure><div class=\"wp-block-columns is-layout-flex wp-container-core-columns-is-layout-9d6595d7 wp-block-columns-is-layout-flex\"><div class=\"wp-block-column is-layout-flow wp-block-column-is-layout-flow\" style=\"flex-basis:50%\"><h3 class=\"wp-block-heading has-text-align-left\">Ventajas del enfriador de aire port\u00e1til al por mayor<\/h3>\n\n<ul class=\"wp-block-list\"><li><strong>Multifuncional:<\/strong> Este enfriador de aire port\u00e1til al por mayor combina refrigeraci\u00f3n, humidificaci\u00f3n y purificaci\u00f3n del aire. A trav\u00e9s de su funcionamiento, puede mejorar efectivamente la calidad del aire y tambi\u00e9n proporcionar un ambiente fresco y h\u00famedo, que puede satisfacer a los usuarios en lugares al aire libre y comerciales para una gama completa de experiencias confortables.<\/li>\n\n<li><strong>Control inteligente: <\/strong>Nuestro climatizador evaporativo al por mayor est\u00e1 equipado con un control inteligente, y todas las funciones del climatizador pueden ser convenientemente controladas por el usuario a trav\u00e9s de un panel de control multifunci\u00f3n y una pantalla LED. Adem\u00e1s, permite una mayor comodidad e idoneidad con operaciones de control remoto en grandes espacios.<\/li>\n\n<li><strong>Uso duradero:<\/strong> El dep\u00f3sito de agua ultra grande de 28L hace que este enfriador de aire port\u00e1til al por mayor garantice un funcionamiento continuo de larga duraci\u00f3n sin necesidad de a\u00f1adir agua con frecuencia. En particular, es muy adecuado para su uso durante un largo per\u00edodo al aire libre o comercialmente y puede seguir proporcionando un efecto de enfriamiento continuo.<\/li>\n\n<li><strong>Resistente y duradero: <\/strong>Nuestro enfriador de aire por evaporaci\u00f3n al por mayor adopta un dise\u00f1o de cuerpo de cobre puro que se desempe\u00f1a bien en t\u00e9rminos de durabilidad y resistencia a la corrosi\u00f3n, con el fin de mantener el producto funcionando bien incluso en condiciones extremas al aire libre y comerciales, garantizando una larga vida \u00fatil.<\/li><\/ul><\/div>\n\n<div class=\"wp-block-column is-layout-flow wp-block-column-is-layout-flow\"><figure class=\"wp-block-image size-full\"><img decoding=\"async\" width=\"800\" height=\"800\" src=\"https:\/\/www.gdwanjiada.net\/wp-content\/uploads\/2024\/09\/Wholesale-Portable-Air-Cooler-For-Outdoor-and-Commercial-Places-4.webp\" alt=\"Mayorista Enfriador de Aire Port\u00e1til Para Exteriores y Locales Comerciales-4\" class=\"wp-image-564\" srcset=\"https:\/\/www.gdwanjiada.net\/wp-content\/uploads\/2024\/09\/Wholesale-Portable-Air-Cooler-For-Outdoor-and-Commercial-Places-4.webp 800w, https:\/\/www.gdwanjiada.net\/wp-content\/uploads\/2024\/09\/Wholesale-Portable-Air-Cooler-For-Outdoor-and-Commercial-Places-4-300x300.webp 300w, https:\/\/www.gdwanjiada.net\/wp-content\/uploads\/2024\/09\/Wholesale-Portable-Air-Cooler-For-Outdoor-and-Commercial-Places-4-150x150.webp 150w, https:\/\/www.gdwanjiada.net\/wp-content\/uploads\/2024\/09\/Wholesale-Portable-Air-Cooler-For-Outdoor-and-Commercial-Places-4-768x768.webp 768w, https:\/\/www.gdwanjiada.net\/wp-content\/uploads\/2024\/09\/Wholesale-Portable-Air-Cooler-For-Outdoor-and-Commercial-Places-4-600x600.webp 600w, https:\/\/www.gdwanjiada.net\/wp-content\/uploads\/2024\/09\/Wholesale-Portable-Air-Cooler-For-Outdoor-and-Commercial-Places-4-100x100.webp 100w\" sizes=\"(max-width: 800px) 100vw, 800px\" \/><\/figure><\/div><\/div>","protected":false},"excerpt":{"rendered":"<p>Bienvenido a comprar climatizadores evaporativos al por mayor. Este enfriador de aire port\u00e1til al por mayor integra tres funciones: refrigeraci\u00f3n, humidificaci\u00f3n y purificaci\u00f3n. Viene con un tanque de agua de gran capacidad de 28L, un panel de control inteligente, y una pantalla LED, que soporta la operaci\u00f3n por control remoto. Se puede utilizar en exteriores y en comercios.<\/p>\n<h2>Enfriador de aire port\u00e1til al por mayor Caracter\u00edsticas\uff1a.<\/h2>\n<ul>\n<li>Refrigeraci\u00f3n, humidificaci\u00f3n y purificaci\u00f3n, una m\u00e1quina polivalente.<\/li>\n<li>Toma de aire de 3 lados y hace que el efecto de refrigeraci\u00f3n sea m\u00e1s evidente.<\/li>\n<li>Panel de control multifunci\u00f3n, pantalla LED, funci\u00f3n de control remoto inteligente.<\/li>\n<li>Funci\u00f3n de barra de ox\u00edgeno de iones negativos, aumenta el ox\u00edgeno activo, purifica el aire.<\/li>\n<li>Impulsor de flujo axial de gran di\u00e1metro, gran volumen de aire, bajo nivel de ruido.<\/li>\n<li>Tres tipos de opciones de viento: imitaci\u00f3n de viento natural, viento dormido y viento est\u00e1ndar.<\/li>\n<li>Funci\u00f3n de apagado autom\u00e1tico temporizado de 0,5-7,5 horas.<\/li>\n<li>Subida y bajada manual, giro autom\u00e1tico a izquierda y derecha, 3 opciones de velocidad del viento.<\/li>\n<li>Bomba de agua de protecci\u00f3n m\u00faltiple, volumen de agua suficiente y seguridad garantizada.<\/li>\n<li>Funci\u00f3n de bloqueo en las ruedas delanteras, conveniente para mover y colocar.<\/li>\n<li>Motor de cobre puro.<\/li>\n<\/ul>","protected":false},"featured_media":562,"comment_status":"closed","ping_status":"closed","template":"","meta":{"_acf_changed":false},"product_brand":[],"product_cat":[26],"product_tag":[28],"class_list":{"0":"post-560","1":"product","2":"type-product","3":"status-publish","4":"has-post-thumbnail","6":"product_cat-wholesale-air-coolers","7":"product_tag-commercial-air-coolers-wholesale","9":"first","10":"instock","11":"shipping-taxable","12":"product-type-simple"},"acf":[],"_links":{"self":[{"href":"https:\/\/www.gdwanjiada.net\/es\/wp-json\/wp\/v2\/product\/560","targetHints":{"allow":["GET"]}}],"collection":[{"href":"https:\/\/www.gdwanjiada.net\/es\/wp-json\/wp\/v2\/product"}],"about":[{"href":"https:\/\/www.gdwanjiada.net\/es\/wp-json\/wp\/v2\/types\/product"}],"replies":[{"embeddable":true,"href":"https:\/\/www.gdwanjiada.net\/es\/wp-json\/wp\/v2\/comments?post=560"}],"wp:featuredmedia":[{"embeddable":true,"href":"https:\/\/www.gdwanjiada.net\/es\/wp-json\/wp\/v2\/media\/562"}],"wp:attachment":[{"href":"https:\/\/www.gdwanjiada.net\/es\/wp-json\/wp\/v2\/media?parent=560"}],"wp:term":[{"taxonomy":"product_brand","embeddable":true,"href":"https:\/\/www.gdwanjiada.net\/es\/wp-json\/wp\/v2\/product_brand?post=560"},{"taxonomy":"product_cat","embeddable":true,"href":"https:\/\/www.gdwanjiada.net\/es\/wp-json\/wp\/v2\/product_cat?post=560"},{"taxonomy":"product_tag","embeddable":true,"href":"https:\/\/www.gdwanjiada.net\/es\/wp-json\/wp\/v2\/product_tag?post=560"}],"curies":[{"name":"wp","href":"https:\/\/api.w.org\/{rel}","templated":true}]}}