{"id":550,"date":"2024-09-26T09:28:05","date_gmt":"2024-09-26T09:28:05","guid":{"rendered":"https:\/\/www.gdwanjiada.net\/?post_type=product&#038;p=550"},"modified":"2025-11-15T09:59:31","modified_gmt":"2025-11-15T09:59:31","slug":"commercial-air-cooler-fans-wholesale","status":"publish","type":"product","link":"https:\/\/www.gdwanjiada.net\/es\/producto\/commercial-air-cooler-fans-wholesale\/","title":{"rendered":"Ventiladores Comerciales Al Por Mayor Con Tanque De Agua De 28L"},"content":{"rendered":"<h3 class=\"wp-block-heading has-text-align-center\">Especificaciones de los ventiladores refrigeradores de aire comerciales al por mayor<\/h3><figure class=\"wp-block-table\"><table class=\"has-fixed-layout\"><tbody><tr><td rowspan=\"2\">Modelo<\/td><td rowspan=\"2\">Potencia (W)&nbsp;<\/td><td colspan=\"3\">Caudal de aire (m\u00b3\/h)<\/td><td rowspan=\"2\">Capacidad del dep\u00f3sito de agua (L)<\/td><td colspan=\"3\">Tama\u00f1o del producto (mm)&nbsp;<\/td><td rowspan=\"2\">Consumo de agua (L\/H)<\/td><td rowspan=\"2\">Tama\u00f1o del panel de refrigeraci\u00f3n (mm)<\/td><td rowspan=\"2\">Embalaje<\/td><td rowspan=\"2\">N.W.\/ G.W. (kg)&nbsp;&nbsp;<\/td><td rowspan=\"2\">Tama\u00f1o del embalaje (mm)&nbsp;<\/td><td colspan=\"2\">Cantidad de carga<\/td><\/tr><tr><td>H<\/td><td>M<\/td><td>L<\/td><td>L<\/td><td>W<\/td><td>H<\/td><td>20'GP<\/td><td>40'HQ<\/td><\/tr><tr><td>WJD2800F-1Z<\/td><td>125<\/td><td>2500<\/td><td>1800<\/td><td>1300<\/td><td>28.0<\/td><td>470<\/td><td>345<\/td><td>950<\/td><td>4.0<\/td><td>360*65*495<\/td><td>1 unidad<\/td><td>12\/14.1<\/td><td>520*390*930<\/td><td>155<\/td><td>368<\/td><\/tr><\/tbody><\/table><\/figure><div class=\"wp-block-columns is-layout-flex wp-container-core-columns-is-layout-9d6595d7 wp-block-columns-is-layout-flex\"><div class=\"wp-block-column is-layout-flow wp-block-column-is-layout-flow\" style=\"flex-basis:50%\"><h3 class=\"wp-block-heading has-text-align-left\">Ventajas de los ventiladores comerciales de refrigeraci\u00f3n de aire al por mayor<\/h3>\n\n<ul class=\"wp-block-list\"><li><strong>Rueda delantera con bloqueo de freno: <\/strong>Este ventilador enfriador de aire comercial al por mayor est\u00e1 equipado con una funci\u00f3n de bloqueo de freno de la rueda delantera para garantizar que se puede fijar firmemente cuando se utiliza en diferentes posiciones, f\u00e1cil de mover y seguro, y adecuado para un uso flexible en m\u00faltiples escenarios en entornos comerciales.<\/li>\n\n<li><strong>Dep\u00f3sito de agua de gran capacidad de 28L: <\/strong>Este climatizador evaporativo de venta al por mayor est\u00e1 equipado con un dep\u00f3sito de agua de gran capacidad de 28 litros, que no requiere la adici\u00f3n frecuente de agua para un funcionamiento a largo plazo. Es especialmente adecuado para grandes espacios comerciales que requieren refrigeraci\u00f3n a largo plazo, mejorando la comodidad de uso y el efecto de enfriamiento continuo.<\/li>\n\n<li><strong>Toma de aire de tres lados: <\/strong>Nuestros ventiladores enfriadores de aire comerciales al por mayor adoptan un dise\u00f1o de entrada de aire de tres lados para mejorar a\u00fan m\u00e1s la eficiencia de circulaci\u00f3n de aire, enfriar r\u00e1pidamente una gran \u00e1rea de espacio, garantizar un efecto de enfriamiento uniforme y proporcionar un ambiente m\u00e1s c\u00f3modo para los lugares comerciales.<\/li>\n\n<li><strong>M\u00e1s seguro de usar: <\/strong>Este enfriador evaporativo al por mayor tiene una bomba sumergible incorporada y m\u00faltiples dise\u00f1os de protecci\u00f3n de seguridad para evitar fallos de la bomba de agua o problemas el\u00e9ctricos, garantizar la seguridad durante el funcionamiento a largo plazo y mejorar en gran medida la fiabilidad de uso.<\/li><\/ul><\/div>\n\n<div class=\"wp-block-column is-layout-flow wp-block-column-is-layout-flow\"><figure class=\"wp-block-image size-full\"><img decoding=\"async\" width=\"800\" height=\"800\" src=\"https:\/\/www.gdwanjiada.net\/wp-content\/uploads\/2024\/09\/Commercial-Air-Cooler-Fans-Wholesale-With-28L-Water-Tank-5.webp\" alt=\"Ventiladores Comerciales Al Por Mayor Con Tanque De Agua De 28L-5\" class=\"wp-image-555\" srcset=\"https:\/\/www.gdwanjiada.net\/wp-content\/uploads\/2024\/09\/Commercial-Air-Cooler-Fans-Wholesale-With-28L-Water-Tank-5.webp 800w, https:\/\/www.gdwanjiada.net\/wp-content\/uploads\/2024\/09\/Commercial-Air-Cooler-Fans-Wholesale-With-28L-Water-Tank-5-300x300.webp 300w, https:\/\/www.gdwanjiada.net\/wp-content\/uploads\/2024\/09\/Commercial-Air-Cooler-Fans-Wholesale-With-28L-Water-Tank-5-150x150.webp 150w, https:\/\/www.gdwanjiada.net\/wp-content\/uploads\/2024\/09\/Commercial-Air-Cooler-Fans-Wholesale-With-28L-Water-Tank-5-768x768.webp 768w, https:\/\/www.gdwanjiada.net\/wp-content\/uploads\/2024\/09\/Commercial-Air-Cooler-Fans-Wholesale-With-28L-Water-Tank-5-600x600.webp 600w, https:\/\/www.gdwanjiada.net\/wp-content\/uploads\/2024\/09\/Commercial-Air-Cooler-Fans-Wholesale-With-28L-Water-Tank-5-100x100.webp 100w\" sizes=\"(max-width: 800px) 100vw, 800px\" \/><\/figure><\/div><\/div>","protected":false},"excerpt":{"rendered":"<p>Bienvenido a comprar enfriadores evaporativos. Nuestro enfriador de aire comercial de 28L adopta un dise\u00f1o de entrada de aire de tres lados para mejorar la eficiencia de enfriamiento y la circulaci\u00f3n del aire. La nueva rueda delantera con funci\u00f3n de bloqueo de freno hace que sea m\u00e1s f\u00e1cil de mover y m\u00e1s seguro, por lo que es una soluci\u00f3n de refrigeraci\u00f3n ideal para grandes espacios comerciales.<\/p>\n<h2>Caracter\u00edsticas del producto\uff1a<\/h2>\n<ul>\n<li>Integra funciones de refrigeraci\u00f3n, humidificaci\u00f3n y purificaci\u00f3n, y es una m\u00e1quina polivalente.<\/li>\n<li>Utiliza una entrada de aire de tres lados y cortinas h\u00famedas de enfriamiento evaporativo de alta eficiencia, y el efecto de enfriamiento es m\u00e1s obvio.<\/li>\n<li>Panel de control multifunci\u00f3n, pantalla LED en color y funci\u00f3n de mando a distancia inteligente.<\/li>\n<li>Funci\u00f3n de barra de ox\u00edgeno de iones negativos, aumenta el ox\u00edgeno activo, purifica el aire.<\/li>\n<li>Impulsor de flujo axial de gran di\u00e1metro, gran volumen de aire, bajo nivel de ruido.<\/li>\n<li>Tres tipos de opciones de viento: imitaci\u00f3n de viento natural, viento dormido y viento est\u00e1ndar.<\/li>\n<li>Funci\u00f3n de apagado autom\u00e1tico temporizado de 0,5-7,5 horas.<\/li>\n<li>Funci\u00f3n manual de subida y bajada, funci\u00f3n autom\u00e1tica de balanceo a izquierda y derecha, tres opciones de velocidad de viento.<\/li>\n<li>Bomba sumergible con m\u00faltiples funciones de protecci\u00f3n, volumen de agua suficiente y seguridad garantizada.<\/li>\n<li>La rueda delantera tiene una funci\u00f3n de bloqueo de freno, que es conveniente para mover y colocar.<\/li>\n<li>Motor de cobre puro.<\/li>\n<\/ul>","protected":false},"featured_media":551,"comment_status":"closed","ping_status":"closed","template":"","meta":{"_acf_changed":false},"product_brand":[],"product_cat":[26],"product_tag":[28],"class_list":{"0":"post-550","1":"product","2":"type-product","3":"status-publish","4":"has-post-thumbnail","6":"product_cat-wholesale-air-coolers","7":"product_tag-commercial-air-coolers-wholesale","9":"first","10":"instock","11":"shipping-taxable","12":"product-type-simple"},"acf":[],"_links":{"self":[{"href":"https:\/\/www.gdwanjiada.net\/es\/wp-json\/wp\/v2\/product\/550","targetHints":{"allow":["GET"]}}],"collection":[{"href":"https:\/\/www.gdwanjiada.net\/es\/wp-json\/wp\/v2\/product"}],"about":[{"href":"https:\/\/www.gdwanjiada.net\/es\/wp-json\/wp\/v2\/types\/product"}],"replies":[{"embeddable":true,"href":"https:\/\/www.gdwanjiada.net\/es\/wp-json\/wp\/v2\/comments?post=550"}],"wp:featuredmedia":[{"embeddable":true,"href":"https:\/\/www.gdwanjiada.net\/es\/wp-json\/wp\/v2\/media\/551"}],"wp:attachment":[{"href":"https:\/\/www.gdwanjiada.net\/es\/wp-json\/wp\/v2\/media?parent=550"}],"wp:term":[{"taxonomy":"product_brand","embeddable":true,"href":"https:\/\/www.gdwanjiada.net\/es\/wp-json\/wp\/v2\/product_brand?post=550"},{"taxonomy":"product_cat","embeddable":true,"href":"https:\/\/www.gdwanjiada.net\/es\/wp-json\/wp\/v2\/product_cat?post=550"},{"taxonomy":"product_tag","embeddable":true,"href":"https:\/\/www.gdwanjiada.net\/es\/wp-json\/wp\/v2\/product_tag?post=550"}],"curies":[{"name":"wp","href":"https:\/\/api.w.org\/{rel}","templated":true}]}}