{"id":429,"date":"2024-09-25T03:35:38","date_gmt":"2024-09-25T03:35:38","guid":{"rendered":"https:\/\/www.gdwanjiada.net\/?post_type=product&#038;p=429"},"modified":"2025-11-15T02:14:55","modified_gmt":"2025-11-15T02:14:55","slug":"evaporative-air-coolers-wholesale","status":"publish","type":"product","link":"https:\/\/www.gdwanjiada.net\/es\/producto\/evaporative-air-coolers-wholesale\/","title":{"rendered":"Mejor Enfriadores De Aire Evaporativos Al Por Mayor Con Mando A Distancia Para Dormitorio"},"content":{"rendered":"<h3 class=\"wp-block-heading has-text-align-center\">Especificaciones del mayorista de climatizadores evaporativos<\/h3><figure class=\"wp-block-table\"><table class=\"has-fixed-layout\"><tbody><tr><td rowspan=\"2\">Modelo<\/td><td rowspan=\"2\">Potencia (W)&nbsp;<\/td><td colspan=\"3\">Caudal de aire (m\u00b3\/h)<\/td><td rowspan=\"2\">Capacidad del dep\u00f3sito de agua (L)<\/td><td colspan=\"3\">Tama\u00f1o del producto (mm)&nbsp;<\/td><td rowspan=\"2\">Tama\u00f1o del panel de refrigeraci\u00f3n (mm)<\/td><td rowspan=\"2\">Embalaje<\/td><td rowspan=\"2\">N.W.\/ G.W. (kg)&nbsp;&nbsp;<\/td><td rowspan=\"2\">Tama\u00f1o del embalaje (mm)&nbsp;<\/td><td colspan=\"2\">Cantidad de carga<\/td><\/tr><tr><td>H<\/td><td>M<\/td><td>L<\/td><td>L<\/td><td>W<\/td><td>H<\/td><td>20'GP<\/td><td>40'HQ<\/td><\/tr><tr><td>WJD880F-1L<\/td><td>90<\/td><td>900<\/td><td>600<\/td><td>300<\/td><td>5.5<\/td><td>280<\/td><td>280<\/td><td>635<\/td><td>30*210*265<\/td><td>1 unidad<\/td><td>4.5\/6<\/td><td>330*330*670<\/td><td>428<\/td><td>1008<\/td><\/tr><\/tbody><\/table><\/figure><div class=\"wp-block-columns is-layout-flex wp-container-core-columns-is-layout-9d6595d7 wp-block-columns-is-layout-flex\"><div class=\"wp-block-column is-layout-flow wp-block-column-is-layout-flow\" style=\"flex-basis:50%\"><h3 class=\"wp-block-heading has-text-align-left\">Ventajas de los climatizadores evaporativos al por mayor<\/h3>\n\n<ul class=\"wp-block-list\"><li><strong>Refrigeraci\u00f3n eficiente: <\/strong>Nuestros enfriadores de aire evaporativos al por mayor utilizan lo \u00faltimo en tecnolog\u00eda de enfriamiento evaporativo para enfriar r\u00e1pidamente los espacios interiores.<\/li>\n\n<li><strong>Ahorro de energ\u00eda y protecci\u00f3n del medio ambiente:<\/strong> Nuestros enfriadores de aire al por mayor se basan en el ahorro de energ\u00eda, el bajo consumo, evitando el uso de refrigerantes, y la refrigeraci\u00f3n por el proceso natural de evaporaci\u00f3n del agua, que sostiene el medio ambiente y ahorra energ\u00eda.<\/li>\n\n<li><strong>F\u00e1cil manejo: <\/strong>Nuestros climatizadores evaporativos al por mayor tienen un dise\u00f1o humanizado y est\u00e1n equipados con una gran variedad de modos de funcionamiento inteligentes, incluyendo el ajuste de la velocidad del viento, el apagado temporizado, etc. La interfaz de operaci\u00f3n es simple y f\u00e1cil de entender.<\/li>\n\n<li><strong>Movimiento flexible: <\/strong>Estos enfriadores de aire al por mayor son ligeros y est\u00e1n equipados con rodillos universales en la parte inferior, que se pueden mover f\u00e1cilmente entre las habitaciones sin esfuerzo.<\/li><\/ul><\/div>\n\n<div class=\"wp-block-column is-layout-flow wp-block-column-is-layout-flow\"><figure class=\"wp-block-image size-full\"><img decoding=\"async\" width=\"800\" height=\"800\" src=\"https:\/\/www.gdwanjiada.net\/wp-content\/uploads\/2024\/09\/Factory-Supply-Evaporative-Air-Coolers-Wholesale-For-Home-Use-6.webp\" alt=\"Fuente de la f\u00e1brica Evaporative Air Coolers Venta al por mayor para uso dom\u00e9stico-6\" class=\"wp-image-440\" srcset=\"https:\/\/www.gdwanjiada.net\/wp-content\/uploads\/2024\/09\/Factory-Supply-Evaporative-Air-Coolers-Wholesale-For-Home-Use-6.webp 800w, https:\/\/www.gdwanjiada.net\/wp-content\/uploads\/2024\/09\/Factory-Supply-Evaporative-Air-Coolers-Wholesale-For-Home-Use-6-300x300.webp 300w, https:\/\/www.gdwanjiada.net\/wp-content\/uploads\/2024\/09\/Factory-Supply-Evaporative-Air-Coolers-Wholesale-For-Home-Use-6-150x150.webp 150w, https:\/\/www.gdwanjiada.net\/wp-content\/uploads\/2024\/09\/Factory-Supply-Evaporative-Air-Coolers-Wholesale-For-Home-Use-6-768x768.webp 768w, https:\/\/www.gdwanjiada.net\/wp-content\/uploads\/2024\/09\/Factory-Supply-Evaporative-Air-Coolers-Wholesale-For-Home-Use-6-600x600.webp 600w, https:\/\/www.gdwanjiada.net\/wp-content\/uploads\/2024\/09\/Factory-Supply-Evaporative-Air-Coolers-Wholesale-For-Home-Use-6-100x100.webp 100w\" sizes=\"(max-width: 800px) 100vw, 800px\" \/><\/figure><\/div><\/div>","protected":false},"excerpt":{"rendered":"<p>Nuestros climatizadores evaporativos al por mayor utilizan tecnolog\u00eda avanzada para lograr una refrigeraci\u00f3n eficiente y proporcionar un ambiente c\u00f3modo y fresco para la familia. Es ahorrador de energ\u00eda y respetuoso con el medio ambiente y cuenta con un sistema operativo sencillo y f\u00e1cil de usar, junto con un dise\u00f1o flexible y m\u00f3vil, para satisfacer las necesidades de uso en diversas ocasiones.<\/p>\n<h2>Caracter\u00edsticas del producto\uff1a<\/h2>\n<ul>\n<li>Funci\u00f3n de refrigeraci\u00f3n, humidificaci\u00f3n y purificaci\u00f3n, una m\u00e1quina polivalente.<\/li>\n<li>Manualmente arriba y abajo, autom\u00e1ticamente izquierda y derecha por cuchillas.<\/li>\n<li>Tres velocidades de viento a elegir.<\/li>\n<li>Gran angular suministrar viento c\u00f3modo.<\/li>\n<li>El dep\u00f3sito de agua puede extraerse de la m\u00e1quina, lo que facilita su limpieza.<\/li>\n<li>Cierre manualmente los orificios de ventilaci\u00f3n.<\/li>\n<\/ul>","protected":false},"featured_media":436,"comment_status":"closed","ping_status":"closed","template":"","meta":{"_acf_changed":false},"product_brand":[],"product_cat":[26],"product_tag":[27],"class_list":{"0":"post-429","1":"product","2":"type-product","3":"status-publish","4":"has-post-thumbnail","6":"product_cat-wholesale-air-coolers","7":"product_tag-wholesale-home-air-coolers","9":"first","10":"instock","11":"shipping-taxable","12":"product-type-simple"},"acf":[],"_links":{"self":[{"href":"https:\/\/www.gdwanjiada.net\/es\/wp-json\/wp\/v2\/product\/429","targetHints":{"allow":["GET"]}}],"collection":[{"href":"https:\/\/www.gdwanjiada.net\/es\/wp-json\/wp\/v2\/product"}],"about":[{"href":"https:\/\/www.gdwanjiada.net\/es\/wp-json\/wp\/v2\/types\/product"}],"replies":[{"embeddable":true,"href":"https:\/\/www.gdwanjiada.net\/es\/wp-json\/wp\/v2\/comments?post=429"}],"wp:featuredmedia":[{"embeddable":true,"href":"https:\/\/www.gdwanjiada.net\/es\/wp-json\/wp\/v2\/media\/436"}],"wp:attachment":[{"href":"https:\/\/www.gdwanjiada.net\/es\/wp-json\/wp\/v2\/media?parent=429"}],"wp:term":[{"taxonomy":"product_brand","embeddable":true,"href":"https:\/\/www.gdwanjiada.net\/es\/wp-json\/wp\/v2\/product_brand?post=429"},{"taxonomy":"product_cat","embeddable":true,"href":"https:\/\/www.gdwanjiada.net\/es\/wp-json\/wp\/v2\/product_cat?post=429"},{"taxonomy":"product_tag","embeddable":true,"href":"https:\/\/www.gdwanjiada.net\/es\/wp-json\/wp\/v2\/product_tag?post=429"}],"curies":[{"name":"wp","href":"https:\/\/api.w.org\/{rel}","templated":true}]}}