{"id":2139,"date":"2025-12-17T08:02:39","date_gmt":"2025-12-17T08:02:39","guid":{"rendered":"https:\/\/www.gdwanjiada.net\/?post_type=product&#038;p=2139"},"modified":"2025-12-17T08:03:30","modified_gmt":"2025-12-17T08:03:30","slug":"wholesale-air-cooler-fan","status":"publish","type":"product","link":"https:\/\/www.gdwanjiada.net\/es\/producto\/wholesale-air-cooler-fan\/","title":{"rendered":"Venta al por mayor Air Cooler Fan, Enfriador evaporativo port\u00e1til a granel"},"content":{"rendered":"<h3 class=\"wp-block-heading has-text-align-center\">Especificaciones del ventilador enfriador de aire al por mayor<\/h3><figure class=\"wp-block-table\"><table class=\"has-fixed-layout\"><tbody><tr><td>Modelo<\/td><td>Tensi\u00f3n<\/td><td>Potencia<\/td><td>Velocidad del viento<\/td><td>Capacidad de la bater\u00eda<\/td><td>Flujo de aire<\/td><td>Dep\u00f3sito de agua<\/td><td>G.W.<\/td><td>N.O.<\/td><td>Tama\u00f1o del producto<\/td><td>Tama\u00f1o del embalaje<\/td><td colspan=\"2\">Cantidad de carga<\/td><\/tr><tr><td rowspan=\"2\">WJD4500F-1D<\/td><td rowspan=\"2\">DC24V<\/td><td rowspan=\"2\">75W<\/td><td rowspan=\"2\">6<\/td><td rowspan=\"2\">4000mAh*12pcs<\/td><td rowspan=\"2\">4500m\u00b3\/h<\/td><td rowspan=\"2\">42L<\/td><td rowspan=\"2\">14,6 kg<\/td><td rowspan=\"2\">12,6 kg<\/td><td rowspan=\"2\">500*410*960mm<\/td><td rowspan=\"2\">550*460*1020mm<\/td><td>20 GP<\/td><td>40 CUARTEL GENERAL<\/td><\/tr><tr><td>122 unidades<\/td><td>278 unidades<\/td><\/tr><\/tbody><\/table><\/figure><div class=\"wp-block-columns is-layout-flex wp-container-core-columns-is-layout-9d6595d7 wp-block-columns-is-layout-flex\"><div class=\"wp-block-column is-layout-flow wp-block-column-is-layout-flow\" style=\"flex-basis:50%\"><h3 class=\"wp-block-heading has-text-align-left\">Ventajas del ventilador enfriador de aire al por mayor<\/h3>\n\n<ul class=\"wp-block-list\"><li><strong>Dep\u00f3sito de agua grande de 42L:<\/strong> Estos ventiladores enfriadores de aire al por mayor ofrecen una refrigeraci\u00f3n continua durante periodos prolongados. El gran dep\u00f3sito de agua de 42 L reduce la necesidad de rellenarlo con frecuencia, por lo que es adecuado para aplicaciones comerciales, proyectos de ingenier\u00eda y uso en exteriores.<\/li>\n\n<li><strong>Tres entradas de aire + cuatro cortinas de refrigeraci\u00f3n:<\/strong> Estos ventiladores enfriadores de aire al por mayor consiguen una refrigeraci\u00f3n evaporativa eficaz. Las cortinas de refrigeraci\u00f3n dobles en la parte trasera y la estructura de entrada de aire de tres lados en los lados izquierdo y derecho dan como resultado una refrigeraci\u00f3n m\u00e1s r\u00e1pida y un aire fr\u00edo m\u00e1s concentrado, lo que lo hace especialmente adecuado para mercados en zonas secas y de alta temperatura.<\/li>\n\n<li><strong>Gran caudal de aire y funcionamiento ultrasilencioso:<\/strong> Este ventilador enfriador de aire al por mayor a granel utiliza aspas axiales de gran di\u00e1metro y un motor de corriente continua, consiguiendo un gran caudal de aire al tiempo que mantiene un funcionamiento silencioso, adecuado para entornos silenciosos como dormitorios y oficinas.<\/li>\n\n<li><strong>Bater\u00eda de larga duraci\u00f3n y verdadera portabilidad inal\u00e1mbrica:<\/strong> Estos bultos enfriadores de aire est\u00e1n equipados con 12 bater\u00edas de iones de litio 21700 incorporadas, que proporcionan hasta 48 horas de duraci\u00f3n de la bater\u00eda en ajustes bajos, satisfaciendo las necesidades de un uso inal\u00e1mbrico prolongado. Equipados con cuatro ruedas omnidireccionales, incluida una funci\u00f3n de bloqueo en las ruedas delanteras, ofrecen un f\u00e1cil desplazamiento y un posicionamiento estable, lo que permite una verdadera libertad de movimiento por toda la casa.<\/li><\/ul><\/div>\n\n<div class=\"wp-block-column is-layout-flow wp-block-column-is-layout-flow\"><figure class=\"wp-block-image size-full\"><img decoding=\"async\" width=\"1200\" height=\"1200\" src=\"https:\/\/www.gdwanjiada.net\/wp-content\/uploads\/2025\/12\/wholesale-air-cooler-fan-portable-evaporative-cooler-bulk-1.webp\" alt=\"mayorista-enfriador-de-aire-ventilador-enfriador-evaporativo-port\u00e1til-granel-1\" class=\"wp-image-2141\" srcset=\"https:\/\/www.gdwanjiada.net\/wp-content\/uploads\/2025\/12\/wholesale-air-cooler-fan-portable-evaporative-cooler-bulk-1.webp 1200w, https:\/\/www.gdwanjiada.net\/wp-content\/uploads\/2025\/12\/wholesale-air-cooler-fan-portable-evaporative-cooler-bulk-1-300x300.webp 300w, https:\/\/www.gdwanjiada.net\/wp-content\/uploads\/2025\/12\/wholesale-air-cooler-fan-portable-evaporative-cooler-bulk-1-150x150.webp 150w, https:\/\/www.gdwanjiada.net\/wp-content\/uploads\/2025\/12\/wholesale-air-cooler-fan-portable-evaporative-cooler-bulk-1-768x768.webp 768w, https:\/\/www.gdwanjiada.net\/wp-content\/uploads\/2025\/12\/wholesale-air-cooler-fan-portable-evaporative-cooler-bulk-1-12x12.webp 12w, https:\/\/www.gdwanjiada.net\/wp-content\/uploads\/2025\/12\/wholesale-air-cooler-fan-portable-evaporative-cooler-bulk-1-600x600.webp 600w, https:\/\/www.gdwanjiada.net\/wp-content\/uploads\/2025\/12\/wholesale-air-cooler-fan-portable-evaporative-cooler-bulk-1-100x100.webp 100w\" sizes=\"(max-width: 1200px) 100vw, 1200px\" \/><\/figure><\/div><\/div><p><\/p>","protected":false},"excerpt":{"rendered":"<p>Bienvenido a comprar nuestro ventilador enfriador de aire port\u00e1til al por mayor de 42L que ofrece una potente refrigeraci\u00f3n, humidificaci\u00f3n y purificaci\u00f3n del aire en una sola unidad. El sistema de bater\u00eda de litio 21700 incorporado proporciona hasta 48 horas de funcionamiento, por lo que es ideal para aplicaciones de refrigeraci\u00f3n comerciales, al aire libre y port\u00e1tiles. Una soluci\u00f3n fiable y de gran valor para pedidos al por mayor, OEM y distribuci\u00f3n al por mayor.<\/p>\n<h2>Venta al por mayor ventilador enfriador de aire Caracter\u00edsticas\uff1a.<\/h2>\n<ul>\n<li>Funci\u00f3n de refrigeraci\u00f3n, humidificaci\u00f3n y purificaci\u00f3n, una m\u00e1quina polivalente<\/li>\n<li>4 almohadillas de refrigeraci\u00f3n (doble almohadillas de refrigeraci\u00f3n en la espalda) y el viento en 3 lados, haciendo que el efecto de enfriamiento m\u00e1s evidente<\/li>\n<li>Panel de control multifunci\u00f3n, pantalla LED din\u00e1mica, indicador de temperatura y mando a distancia inteligente<\/li>\n<li>Funci\u00f3n ani\u00f3nica, purifica el aire<\/li>\n<li>Pala de ventilador de flujo axial de gran di\u00e1metro, motor de CC, gran viento, poco ruido<\/li>\n<li>Temporizaci\u00f3n de 1 a 12 horas<\/li>\n<li>Viento natural, viento del sue\u00f1o y viento est\u00e1ndar a elegir<\/li>\n<li>Manualmente arriba y abajo, autom\u00e1ticamente izquierda y derecha por cuchillas<\/li>\n<li>Funci\u00f3n de bloqueo mediante ruedas delanteras, f\u00e1cil de mover y colocar<\/li>\n<li>La bomba de agua de protecci\u00f3n m\u00faltiple<\/li>\n<li>Puede a\u00f1adir agua, hielo o un dep\u00f3sito de hielo en la parte superior, para una mayor refrigeraci\u00f3n<\/li>\n<li>Construido en 12pcs 21700 bater\u00eda de litio, el engranaje m\u00e1s bajo dura 48hrs, el engranaje m\u00e1s alto dura 3hr,s y est\u00e1 completamente cargada en 16hrs<\/li>\n<\/ul>","protected":false},"featured_media":2147,"comment_status":"closed","ping_status":"closed","template":"","meta":{"_acf_changed":false},"product_brand":[],"product_cat":[26],"product_tag":[28,27],"class_list":{"0":"post-2139","1":"product","2":"type-product","3":"status-publish","4":"has-post-thumbnail","6":"product_cat-wholesale-air-coolers","7":"product_tag-commercial-air-coolers-wholesale","8":"product_tag-wholesale-home-air-coolers","10":"first","11":"instock","12":"shipping-taxable","13":"product-type-simple"},"acf":[],"_links":{"self":[{"href":"https:\/\/www.gdwanjiada.net\/es\/wp-json\/wp\/v2\/product\/2139","targetHints":{"allow":["GET"]}}],"collection":[{"href":"https:\/\/www.gdwanjiada.net\/es\/wp-json\/wp\/v2\/product"}],"about":[{"href":"https:\/\/www.gdwanjiada.net\/es\/wp-json\/wp\/v2\/types\/product"}],"replies":[{"embeddable":true,"href":"https:\/\/www.gdwanjiada.net\/es\/wp-json\/wp\/v2\/comments?post=2139"}],"wp:featuredmedia":[{"embeddable":true,"href":"https:\/\/www.gdwanjiada.net\/es\/wp-json\/wp\/v2\/media\/2147"}],"wp:attachment":[{"href":"https:\/\/www.gdwanjiada.net\/es\/wp-json\/wp\/v2\/media?parent=2139"}],"wp:term":[{"taxonomy":"product_brand","embeddable":true,"href":"https:\/\/www.gdwanjiada.net\/es\/wp-json\/wp\/v2\/product_brand?post=2139"},{"taxonomy":"product_cat","embeddable":true,"href":"https:\/\/www.gdwanjiada.net\/es\/wp-json\/wp\/v2\/product_cat?post=2139"},{"taxonomy":"product_tag","embeddable":true,"href":"https:\/\/www.gdwanjiada.net\/es\/wp-json\/wp\/v2\/product_tag?post=2139"}],"curies":[{"name":"wp","href":"https:\/\/api.w.org\/{rel}","templated":true}]}}