{"id":2034,"date":"2025-11-15T03:39:07","date_gmt":"2025-11-15T03:39:07","guid":{"rendered":"https:\/\/www.gdwanjiada.net\/?post_type=product&#038;p=2034"},"modified":"2025-11-15T08:31:51","modified_gmt":"2025-11-15T08:31:51","slug":"air-cooler-fan-wholesale","status":"publish","type":"product","link":"https:\/\/www.gdwanjiada.net\/es\/producto\/air-cooler-fan-wholesale\/","title":{"rendered":"Ventilador Enfriador de Aire al por Mayor en 6 Velocidades, Ventilador Evaporativo"},"content":{"rendered":"<h3 class=\"wp-block-heading has-text-align-center\">Especificaciones del ventilador enfriador de aire al por mayor<\/h3><figure class=\"wp-block-table\"><table class=\"has-fixed-layout\"><tbody><tr><td>Modelo<\/td><td>Tensi\u00f3n<\/td><td>Potencia<\/td><td>Velocidad del viento<\/td><td>Capacidad de la bater\u00eda<\/td><td>Flujo de aire<\/td><td>Dep\u00f3sito de agua<\/td><td>G.W.<\/td><td>N.O.<\/td><td>Tama\u00f1o del producto<\/td><td>Tama\u00f1o del embalaje<\/td><td colspan=\"2\">Cantidad de carga<\/td><\/tr><tr><td rowspan=\"2\">WJD880F-1D<\/td><td rowspan=\"2\">12 V CC<\/td><td rowspan=\"2\">24W<\/td><td rowspan=\"2\">6<\/td><td rowspan=\"2\">4000mAh*3pcs<\/td><td rowspan=\"2\">800 m\u00b3\/h<\/td><td rowspan=\"2\">5.5L<\/td><td rowspan=\"2\">6 kg<\/td><td rowspan=\"2\">4,5 kg<\/td><td rowspan=\"2\">280*280*635mm<\/td><td rowspan=\"2\">330*330*670mm<\/td><td>20 GP<\/td><td>40 CUARTEL GENERAL<\/td><\/tr><tr><td>428 unidades<\/td><td>1008 unidades<\/td><\/tr><\/tbody><\/table><\/figure><div class=\"wp-block-columns is-layout-flex wp-container-core-columns-is-layout-9d6595d7 wp-block-columns-is-layout-flex\"><div class=\"wp-block-column is-layout-flow wp-block-column-is-layout-flow\" style=\"flex-basis:50%\"><h3 class=\"wp-block-heading has-text-align-left\">Ventajas del ventilador enfriador de aire al por mayor<\/h3>\n\n<ul class=\"wp-block-list\"><li><strong>Aspecto sencillo y elegante:<\/strong> El ventilador enfriador de aire al por mayor tiene un cuerpo de color blanco puro y un dise\u00f1o minimalista. Con cuatro ruedas omnidireccionales en la parte inferior, se puede transportar y reposicionar de forma f\u00e1cil y flexible en numerosos espacios, como oficinas, salas de estar o dormitorios, y se integrar\u00e1 a la perfecci\u00f3n en diferentes entornos dom\u00e9sticos o de oficina para mejorar el espacio.\u00a0<\/li>\n\n<li><strong>Funciones b\u00e1sicas tres en uno:<\/strong> Estos enfriadores de aire evaporativos al por mayor proporcionan refrigeraci\u00f3n, humidificaci\u00f3n y purificaci\u00f3n del aire, todo lo cual satisface las necesidades de aire acondicionado de cuando hay varias estaciones a la vez que minimiza las compras adicionales del usuario final. El panel de control inteligente centraliza las funciones de velocidad del ventilador, refrigeraci\u00f3n, oscilaci\u00f3n y temporizador, simplificando el funcionamiento de forma intuitiva.\u00a0<\/li>\n\n<li><strong>6 velocidades de ventilador ajustables:<\/strong> El ventilador enfriador de aire al por mayor tiene 6 velocidades de ventilador disponibles, que van desde una brisa ligera a una fuerte explosi\u00f3n, todo lo cual le permite satisfacer las diferentes necesidades de flujo de aire a trav\u00e9s de escenarios - espec\u00edficamente a trav\u00e9s de los usuarios. Ajuste manualmente la direcci\u00f3n del flujo de aire hacia arriba y hacia abajo, y oscile autom\u00e1ticamente a izquierda y derecha, cubriendo una amplia zona para una circulaci\u00f3n de aire m\u00e1s eficiente.<\/li>\n\n<li><strong>Bater\u00eda de litio integrada para una mayor autonom\u00eda: <\/strong>Estos enfriadores de aire evap al por mayor llevan incorporadas 3 bater\u00edas de litio 21700 de alto rendimiento para uso port\u00e1til inal\u00e1mbrico. El modo de bajo consumo proporciona hasta 18 horas de duraci\u00f3n de la bater\u00eda, satisfaciendo las necesidades de uso m\u00f3vil prolongado.<\/li>\n\n<li><strong>Dep\u00f3sito de agua visible:<\/strong> El ventilador enfriador de aire al por mayor est\u00e1 equipado con un dep\u00f3sito de agua independiente y extra\u00edble de 5,5 L para un llenado y limpieza del agua extremadamente c\u00f3modos. El dise\u00f1o interno cuenta con un m\u00f3dulo de bomba de agua independiente conectado por una manguera flexible, lo que resulta en una estructura clara, funcionamiento estable y f\u00e1cil mantenimiento.<\/li>\n\n<li><strong>Servicios de personalizaci\u00f3n: <\/strong>El ventilador enfriador de aire al por mayor puede personalizarse con logotipos de marca y ofrecer varias opciones de embalaje (caja de color\/caja de papel kraft\/caja exterior de cart\u00f3n personalizada) para satisfacer las diversas necesidades del mercado de OEM, ODM al por mayor y clientes de marca.<\/li><\/ul><\/div>\n\n<div class=\"wp-block-column is-layout-flow wp-block-column-is-layout-flow\"><figure class=\"wp-block-image size-full\"><img decoding=\"async\" width=\"800\" height=\"800\" src=\"https:\/\/www.gdwanjiada.net\/wp-content\/uploads\/2025\/11\/air-cooler-fan-wholesale-in-6-speed-evap-air-cooler-supply-8.webp\" alt=\"air-cooler-fan-wholesale-in-6-speed-evap-air-cooler-supply-8\" class=\"wp-image-2051\" srcset=\"https:\/\/www.gdwanjiada.net\/wp-content\/uploads\/2025\/11\/air-cooler-fan-wholesale-in-6-speed-evap-air-cooler-supply-8.webp 800w, https:\/\/www.gdwanjiada.net\/wp-content\/uploads\/2025\/11\/air-cooler-fan-wholesale-in-6-speed-evap-air-cooler-supply-8-300x300.webp 300w, https:\/\/www.gdwanjiada.net\/wp-content\/uploads\/2025\/11\/air-cooler-fan-wholesale-in-6-speed-evap-air-cooler-supply-8-150x150.webp 150w, https:\/\/www.gdwanjiada.net\/wp-content\/uploads\/2025\/11\/air-cooler-fan-wholesale-in-6-speed-evap-air-cooler-supply-8-768x768.webp 768w, https:\/\/www.gdwanjiada.net\/wp-content\/uploads\/2025\/11\/air-cooler-fan-wholesale-in-6-speed-evap-air-cooler-supply-8-12x12.webp 12w, https:\/\/www.gdwanjiada.net\/wp-content\/uploads\/2025\/11\/air-cooler-fan-wholesale-in-6-speed-evap-air-cooler-supply-8-600x600.webp 600w, https:\/\/www.gdwanjiada.net\/wp-content\/uploads\/2025\/11\/air-cooler-fan-wholesale-in-6-speed-evap-air-cooler-supply-8-100x100.webp 100w\" sizes=\"(max-width: 800px) 100vw, 800px\" \/><\/figure><\/div><\/div><p><\/p>","protected":false},"excerpt":{"rendered":"<p>Bienvenido a comprar nuestro ventilador enfriador de aire 5.5L al por mayor cuenta con control de velocidad inteligente de 6 velocidades, integrando refrigeraci\u00f3n, humidificaci\u00f3n y purificaci\u00f3n, y tiene un panel t\u00e1ctil claro. Adopta de forma innovadora un dep\u00f3sito de agua extra\u00edble y un dise\u00f1o de bomba de agua independiente, y lleva incorporada una bater\u00eda de litio 21700 de alta capacidad para un uso inal\u00e1mbrico de larga duraci\u00f3n. Adecuado para la venta al por mayor en m\u00faltiples escenarios y la personalizaci\u00f3n de la marca.<\/p>\n<h2>Caracter\u00edsticas del producto\uff1a<\/h2>\n<ul>\n<li>Funci\u00f3n de refrigeraci\u00f3n, humidificaci\u00f3n y purificaci\u00f3n, una m\u00e1quina polivalente<\/li>\n<li>Manualmente arriba y abajo, autom\u00e1ticamente izquierda y derecha por cuchillas<\/li>\n<li>6 velocidades para elegir<\/li>\n<li>Gran angular de suministro c\u00f3modo viento<\/li>\n<li>El dep\u00f3sito de agua se puede extraer de la m\u00e1quina, f\u00e1cil de limpiar<\/li>\n<li>Cerrar manualmente los orificios de ventilaci\u00f3n<\/li>\n<li>Con ruedas universales, f\u00e1cil de mover y colocar<\/li>\n<li>Temporizaci\u00f3n de 1 a 9 horas<\/li>\n<li>Construido en 3pcs 21700 bater\u00eda de litio, la marcha m\u00e1s baja dura 18hrs, la marcha m\u00e1s alta dura 2hrs y est\u00e1 completamente cargada en 6hrs<\/li>\n<\/ul>","protected":false},"featured_media":2044,"comment_status":"closed","ping_status":"closed","template":"","meta":{"_acf_changed":false},"product_brand":[],"product_cat":[26],"product_tag":[27],"class_list":{"0":"post-2034","1":"product","2":"type-product","3":"status-publish","4":"has-post-thumbnail","6":"product_cat-wholesale-air-coolers","7":"product_tag-wholesale-home-air-coolers","9":"first","10":"instock","11":"shipping-taxable","12":"product-type-simple"},"acf":[],"_links":{"self":[{"href":"https:\/\/www.gdwanjiada.net\/es\/wp-json\/wp\/v2\/product\/2034","targetHints":{"allow":["GET"]}}],"collection":[{"href":"https:\/\/www.gdwanjiada.net\/es\/wp-json\/wp\/v2\/product"}],"about":[{"href":"https:\/\/www.gdwanjiada.net\/es\/wp-json\/wp\/v2\/types\/product"}],"replies":[{"embeddable":true,"href":"https:\/\/www.gdwanjiada.net\/es\/wp-json\/wp\/v2\/comments?post=2034"}],"wp:featuredmedia":[{"embeddable":true,"href":"https:\/\/www.gdwanjiada.net\/es\/wp-json\/wp\/v2\/media\/2044"}],"wp:attachment":[{"href":"https:\/\/www.gdwanjiada.net\/es\/wp-json\/wp\/v2\/media?parent=2034"}],"wp:term":[{"taxonomy":"product_brand","embeddable":true,"href":"https:\/\/www.gdwanjiada.net\/es\/wp-json\/wp\/v2\/product_brand?post=2034"},{"taxonomy":"product_cat","embeddable":true,"href":"https:\/\/www.gdwanjiada.net\/es\/wp-json\/wp\/v2\/product_cat?post=2034"},{"taxonomy":"product_tag","embeddable":true,"href":"https:\/\/www.gdwanjiada.net\/es\/wp-json\/wp\/v2\/product_tag?post=2034"}],"curies":[{"name":"wp","href":"https:\/\/api.w.org\/{rel}","templated":true}]}}