{"id":1890,"date":"2025-08-06T07:21:02","date_gmt":"2025-08-06T07:21:02","guid":{"rendered":"https:\/\/www.gdwanjiada.net\/?post_type=product&#038;p=1890"},"modified":"2025-09-01T07:03:32","modified_gmt":"2025-09-01T07:03:32","slug":"custom-portable-fan-2","status":"publish","type":"product","link":"https:\/\/www.gdwanjiada.net\/es\/producto\/custom-portable-fan-2\/","title":{"rendered":"Ventilador port\u00e1til personalizado con LED, Ventilador recargable al por mayor con regulaci\u00f3n continua de la velocidad"},"content":{"rendered":"<h3 class=\"wp-block-heading has-text-align-center\">Especificaciones del ventilador port\u00e1til a medida<\/h3><figure class=\"wp-block-table\"><table class=\"has-fixed-layout\"><tbody><tr><td rowspan=\"2\">Modelo<\/td><td rowspan=\"2\">Tensi\u00f3n\uff08V\uff09<\/td><td rowspan=\"2\">Tama\u00f1o del producto\uff08mm\uff09<\/td><td rowspan=\"2\">Tama\u00f1o del embalaje\uff08mm\uff09<\/td><td rowspan=\"2\">Tama\u00f1o de la caja\uff08mm\uff09<\/td><td rowspan=\"2\">Embalaje Q'ty\uff08pc\uff09<\/td><td rowspan=\"2\">Cart\u00f3n G.W.\uff08kg\uff09<\/td><td rowspan=\"2\">Capacidad de la bater\u00eda<\/td><td colspan=\"2\">Tipo de carga<\/td><\/tr><tr><td>20GP<\/td><td>40HQ<\/td><\/tr><tr><td>MR66-B<\/td><td>5<\/td><td>130*115*135<\/td><td>135*135*150<\/td><td>700*560*325<\/td><td>40<\/td><td>0.4<\/td><td>3000mh<\/td><td>8600<\/td><td>21160<\/td><\/tr><\/tbody><\/table><\/figure><div class=\"wp-block-columns is-layout-flex wp-container-core-columns-is-layout-9d6595d7 wp-block-columns-is-layout-flex\"><div class=\"wp-block-column is-layout-flow wp-block-column-is-layout-flow\" style=\"flex-basis:50%\"><h3 class=\"wp-block-heading has-text-align-left\">Ventajas de los ventiladores port\u00e1tiles a medida<\/h3>\n\n<ul class=\"wp-block-list\"><li><strong>Suministro de aire a larga distancia:<\/strong> El ventilador port\u00e1til a medida se adopta para lograr una circulaci\u00f3n de aire a gran distancia, cubrir r\u00e1pidamente grandes espacios y resolver el problema de la atenuaci\u00f3n del viento de los ventiladores tradicionales.<\/li>\n\n<li><strong>Regulaci\u00f3n continua de la velocidad: <\/strong>El ventilador recargable al por mayor admite la regulaci\u00f3n continua de la velocidad, lo que permite a los usuarios ajustar libremente la velocidad del viento seg\u00fan sus necesidades para disfrutar de una experiencia m\u00e1s personalizada.<\/li>\n\n<li>Alta eficiencia, ahorro de energ\u00eda y silencioso: El ventilador port\u00e1til personalizado est\u00e1 impulsado por un motor de n\u00facleo de cobre, con un consumo de energ\u00eda de s\u00f3lo 1,3 kWh\/d\u00eda, un ruido de funcionamiento tan bajo como 27,9 decibelios, teniendo en cuenta el ahorro de energ\u00eda y el silencio nocturno.<\/li>\n\n<li><strong>Adaptaci\u00f3n inteligente multiescena: <\/strong>El ventilador recargable al por mayor admite un modo de uso dual de sobremesa\/suelo, se adapta al hogar, la oficina y otros entornos; funci\u00f3n de carga USB opcional (bater\u00eda de 3000 mAh) para satisfacer las necesidades temporales de energ\u00eda en exteriores.<\/li>\n\n<li><strong>Dise\u00f1o industrial duradero: <\/strong>El ventilador port\u00e1til personalizado es a prueba de polvo y agua, con aspas de acero inoxidable y un filtro desmontable, para prolongar la vida \u00fatil y mantener un suministro de aire limpio.<\/li><\/ul><\/div>\n\n<div class=\"wp-block-column is-layout-flow wp-block-column-is-layout-flow\"><figure class=\"wp-block-gallery has-nested-images columns-default is-cropped wp-block-gallery-1 is-layout-flex wp-block-gallery-is-layout-flex\"><figure class=\"wp-block-image size-full is-style-default\"><img decoding=\"async\" width=\"800\" height=\"800\" data-id=\"1793\" src=\"https:\/\/www.gdwanjiada.net\/wp-content\/uploads\/2025\/06\/Air-Circulation-Fan-Custom-5.jpg\" alt=\"ventilador-port\u00e1til-a-la-medida-con-ventilador-recargable-al-mayor-1\" class=\"wp-image-1793\" srcset=\"https:\/\/www.gdwanjiada.net\/wp-content\/uploads\/2025\/06\/Air-Circulation-Fan-Custom-5.jpg 800w, https:\/\/www.gdwanjiada.net\/wp-content\/uploads\/2025\/06\/Air-Circulation-Fan-Custom-5-300x300.jpg 300w, https:\/\/www.gdwanjiada.net\/wp-content\/uploads\/2025\/06\/Air-Circulation-Fan-Custom-5-150x150.jpg 150w, https:\/\/www.gdwanjiada.net\/wp-content\/uploads\/2025\/06\/Air-Circulation-Fan-Custom-5-768x768.jpg 768w, https:\/\/www.gdwanjiada.net\/wp-content\/uploads\/2025\/06\/Air-Circulation-Fan-Custom-5-12x12.jpg 12w, https:\/\/www.gdwanjiada.net\/wp-content\/uploads\/2025\/06\/Air-Circulation-Fan-Custom-5-600x600.jpg 600w, https:\/\/www.gdwanjiada.net\/wp-content\/uploads\/2025\/06\/Air-Circulation-Fan-Custom-5-100x100.jpg 100w\" sizes=\"(max-width: 800px) 100vw, 800px\" \/><\/figure><\/figure><\/div><\/div>","protected":false},"excerpt":{"rendered":"<p>Bienvenido a comprar nuestro ventilador recargable al por mayor. Este ventilador port\u00e1til personalizado cuenta con una pantalla LED y regulaci\u00f3n continua de la velocidad, ofreciendo un control preciso del flujo de aire y visualizaci\u00f3n del estado en tiempo real. Dise\u00f1ado con un \u00e1ngulo de 180\u00b0 ajustable manualmente, permite una direcci\u00f3n flexible del aire. Con una bater\u00eda recargable y un cuerpo compacto, es perfecto para uso dom\u00e9stico o de escritorio. Personalizaci\u00f3n OEM\/ODM disponible para pedidos al por mayor.<\/p>\n<h2>Caracter\u00edsticas del producto\uff1a<\/h2>\n<ul>\n<li>Suministro de aire a larga distancia, refrigeraci\u00f3n instant\u00e1nea y r\u00e1pida<\/li>\n<li>Flujo de aire de alta potencia, funcionamiento ultrasilencioso<\/li>\n<li>Luz de ambiente<\/li>\n<li>Regulaci\u00f3n de velocidad sin v\u00e1stago de pulsaci\u00f3n larga, aumento\/disminuci\u00f3n de velocidad 1-100, cada pulsaci\u00f3n +\/- sube o baja 25 marchas<\/li>\n<li>180\u00b0 hacia arriba y hacia abajo para el \u00e1ngulo ajustable manualmente<\/li>\n<li>Colgado de la pared, suspendido y de pie en tres modos de uso opcionales e ilimitados por espacio<\/li>\n<\/ul>","protected":false},"featured_media":1794,"comment_status":"closed","ping_status":"closed","template":"","meta":{"_acf_changed":false},"product_brand":[],"product_cat":[24,23],"product_tag":[],"class_list":{"0":"post-1890","1":"product","2":"type-product","3":"status-publish","4":"has-post-thumbnail","6":"product_cat-air-circulation-fan-wholesale","7":"product_cat-wholesale-portable-fans","9":"first","10":"instock","11":"shipping-taxable","12":"product-type-simple"},"acf":[],"_links":{"self":[{"href":"https:\/\/www.gdwanjiada.net\/es\/wp-json\/wp\/v2\/product\/1890","targetHints":{"allow":["GET"]}}],"collection":[{"href":"https:\/\/www.gdwanjiada.net\/es\/wp-json\/wp\/v2\/product"}],"about":[{"href":"https:\/\/www.gdwanjiada.net\/es\/wp-json\/wp\/v2\/types\/product"}],"replies":[{"embeddable":true,"href":"https:\/\/www.gdwanjiada.net\/es\/wp-json\/wp\/v2\/comments?post=1890"}],"wp:featuredmedia":[{"embeddable":true,"href":"https:\/\/www.gdwanjiada.net\/es\/wp-json\/wp\/v2\/media\/1794"}],"wp:attachment":[{"href":"https:\/\/www.gdwanjiada.net\/es\/wp-json\/wp\/v2\/media?parent=1890"}],"wp:term":[{"taxonomy":"product_brand","embeddable":true,"href":"https:\/\/www.gdwanjiada.net\/es\/wp-json\/wp\/v2\/product_brand?post=1890"},{"taxonomy":"product_cat","embeddable":true,"href":"https:\/\/www.gdwanjiada.net\/es\/wp-json\/wp\/v2\/product_cat?post=1890"},{"taxonomy":"product_tag","embeddable":true,"href":"https:\/\/www.gdwanjiada.net\/es\/wp-json\/wp\/v2\/product_tag?post=1890"}],"curies":[{"name":"wp","href":"https:\/\/api.w.org\/{rel}","templated":true}]}}