{"id":1761,"date":"2025-06-27T08:24:26","date_gmt":"2025-06-27T08:24:26","guid":{"rendered":"https:\/\/www.gdwanjiada.net\/?post_type=product&#038;p=1761"},"modified":"2025-06-27T08:24:28","modified_gmt":"2025-06-27T08:24:28","slug":"air-circulation-fan-customized","status":"publish","type":"product","link":"https:\/\/www.gdwanjiada.net\/es\/producto\/air-circulation-fan-customized\/","title":{"rendered":"Ventilador de Circulaci\u00f3n de Aire Personalizado con Luz de Ambiente, Ventilador Port\u00e1til al por Mayor en \u00c1ngulo Ajustable"},"content":{"rendered":"<h3 class=\"wp-block-heading has-text-align-center\"><strong><strong>Especificaciones del ventilador de circulaci\u00f3n de aire personalizado<\/strong><\/strong><\/h3><figure class=\"wp-block-table\"><table class=\"has-fixed-layout\"><tbody><tr><td rowspan=\"2\">Modelo<\/td><td rowspan=\"2\">Tensi\u00f3n\uff08V\uff09<\/td><td rowspan=\"2\">Tama\u00f1o del producto\uff08mm\uff09<\/td><td rowspan=\"2\">Tama\u00f1o del embalaje\uff08mm\uff09<\/td><td rowspan=\"2\">Tama\u00f1o de la caja\uff08mm\uff09<\/td><td rowspan=\"2\">Embalaje Q'ty\uff08pc\uff09<\/td><td rowspan=\"2\">Cart\u00f3n G.W.\uff08kg\uff09<\/td><td rowspan=\"2\">Capacidad de la bater\u00eda<\/td><td colspan=\"2\">Tipo de carga<\/td><\/tr><tr><td>20GP<\/td><td>40HQ<\/td><\/tr><tr><td>MR66-A<\/td><td>5<\/td><td>130*115*135<\/td><td>135*135*150<\/td><td>700*560*325<\/td><td>40<\/td><td>0.4<\/td><td>3000mh<\/td><td>8600<\/td><td>21160<\/td><\/tr><\/tbody><\/table><\/figure><div class=\"wp-block-columns is-layout-flex wp-container-core-columns-is-layout-9d6595d7 wp-block-columns-is-layout-flex\"><div class=\"wp-block-column is-layout-flow wp-block-column-is-layout-flow\" style=\"flex-basis:50%\"><h3 class=\"wp-block-heading has-text-align-left\">Ventajas de <strong><strong>Ventilador de circulaci\u00f3n de aire a medida<\/strong><\/strong><\/h3>\n\n<ul class=\"wp-block-list\"><li><strong>Funcionamiento muy silencioso: <\/strong>Nuestro ventilador de circulaci\u00f3n de aire personalizado con un dise\u00f1o de motor de bajo ruido que es silencioso incluso durante la alta velocidad, ideal para espacios tranquilos como dormitorios, bibliotecas y salas de reuniones.<\/li>\n\n<li><strong>Circulaci\u00f3n de aire de largo alcance: <\/strong>Nuestro ventilador de circulaci\u00f3n de aire personalizado con un potente motor y un bastidor que dirige el flujo de aire empuja el aire por toda la habitaci\u00f3n, lo que permite distribuir el aire a gran distancia y equilibrar r\u00e1pidamente la temperatura ambiente.<\/li>\n\n<li><strong>Pantalla LED inteligente:<\/strong> El ventilador de circulaci\u00f3n de aire al por mayor muestra el engranaje de la velocidad del viento y el estado de la energ\u00eda, la operaci\u00f3n es clara de un vistazo, y est\u00e1 lleno de tecnolog\u00eda.<\/li>\n\n<li><strong>Ajuste libre multi\u00e1ngulo: <\/strong>Nuestro ventilador de circulaci\u00f3n de aire personalizado para soportar la rotaci\u00f3n flexible arriba y abajo, izquierda y derecha, suministro de aire de gran angular, promueve r\u00e1pidamente la circulaci\u00f3n de aire, y mejora el confort ambiental.<\/li>\n\n<li><strong>Ajuste continuo de la velocidad: <\/strong>El ventilador port\u00e1til al por mayor tiene un delicado control de la velocidad del viento, de suave brisa a fuerte brisa fresca, para satisfacer las necesidades de diferentes escenas, silencioso y de bajo ruido sin molestar a la gente.<\/li><\/ul><\/div>\n\n<div class=\"wp-block-column is-layout-flow wp-block-column-is-layout-flow\"><figure class=\"wp-block-image size-full\"><img decoding=\"async\" width=\"800\" height=\"800\" src=\"https:\/\/www.gdwanjiada.net\/wp-content\/uploads\/2025\/06\/Custom-Air-Circulation-Fan-1.jpg\" alt=\"ventilador-circulador-de-aire-personalizado-con-luz-mood-ventilador-portable-mayorista-1\" class=\"wp-image-1781\" srcset=\"https:\/\/www.gdwanjiada.net\/wp-content\/uploads\/2025\/06\/Custom-Air-Circulation-Fan-1.jpg 800w, https:\/\/www.gdwanjiada.net\/wp-content\/uploads\/2025\/06\/Custom-Air-Circulation-Fan-1-300x300.jpg 300w, https:\/\/www.gdwanjiada.net\/wp-content\/uploads\/2025\/06\/Custom-Air-Circulation-Fan-1-150x150.jpg 150w, https:\/\/www.gdwanjiada.net\/wp-content\/uploads\/2025\/06\/Custom-Air-Circulation-Fan-1-768x768.jpg 768w, https:\/\/www.gdwanjiada.net\/wp-content\/uploads\/2025\/06\/Custom-Air-Circulation-Fan-1-12x12.jpg 12w, https:\/\/www.gdwanjiada.net\/wp-content\/uploads\/2025\/06\/Custom-Air-Circulation-Fan-1-600x600.jpg 600w, https:\/\/www.gdwanjiada.net\/wp-content\/uploads\/2025\/06\/Custom-Air-Circulation-Fan-1-100x100.jpg 100w\" sizes=\"(max-width: 800px) 100vw, 800px\" \/><\/figure><\/div><\/div>","protected":false},"excerpt":{"rendered":"<p>Bienvenido a pedir un ventilador de circulaci\u00f3n de aire personalizado. Este ventilador de circulaci\u00f3n de aire multifunci\u00f3n al por mayor combina aire a larga distancia, tres formas de instalaci\u00f3n y refrigeraci\u00f3n silenciosa, adem\u00e1s de luz ambiental y dise\u00f1o de \u00e1ngulo ajustable. Este ventilador multifunci\u00f3n es aplicable a diversos lugares, como residencias, oficinas y empresas, y admite la personalizaci\u00f3n OEM\/ODM, por lo que es una opci\u00f3n ideal para la compra al por mayor y la cooperaci\u00f3n de marca.<\/p>\n<h2>Caracter\u00edsticas del producto\uff1a<\/h2>\n<ul>\n<li>Se puede utilizar en varios escenarios, como en el suelo, en la pared, en sobremesa y en exteriores.<\/li>\n<li>El \u00e1ngulo de suministro de aire gira 180 grados, la velocidad del viento se puede ajustar en 3 niveles y tiene una bater\u00eda de litio incorporada.<\/li>\n<li>Brillo con memoria inteligente y atenuaci\u00f3n continua, puede ajustar el brillo a voluntad, y se puede utilizar como l\u00e1mpara de mesa, l\u00e1mpara de exterior, luz de relleno o luz nocturna.<\/li>\n<li>Haga circular el aire y disfrute de cada bocanada de aire fresco.<\/li>\n<\/ul>","protected":false},"featured_media":1786,"comment_status":"closed","ping_status":"closed","template":"","meta":{"_acf_changed":false},"product_brand":[],"product_cat":[24],"product_tag":[],"class_list":{"0":"post-1761","1":"product","2":"type-product","3":"status-publish","4":"has-post-thumbnail","6":"product_cat-air-circulation-fan-wholesale","8":"first","9":"instock","10":"shipping-taxable","11":"product-type-simple"},"acf":[],"_links":{"self":[{"href":"https:\/\/www.gdwanjiada.net\/es\/wp-json\/wp\/v2\/product\/1761","targetHints":{"allow":["GET"]}}],"collection":[{"href":"https:\/\/www.gdwanjiada.net\/es\/wp-json\/wp\/v2\/product"}],"about":[{"href":"https:\/\/www.gdwanjiada.net\/es\/wp-json\/wp\/v2\/types\/product"}],"replies":[{"embeddable":true,"href":"https:\/\/www.gdwanjiada.net\/es\/wp-json\/wp\/v2\/comments?post=1761"}],"wp:featuredmedia":[{"embeddable":true,"href":"https:\/\/www.gdwanjiada.net\/es\/wp-json\/wp\/v2\/media\/1786"}],"wp:attachment":[{"href":"https:\/\/www.gdwanjiada.net\/es\/wp-json\/wp\/v2\/media?parent=1761"}],"wp:term":[{"taxonomy":"product_brand","embeddable":true,"href":"https:\/\/www.gdwanjiada.net\/es\/wp-json\/wp\/v2\/product_brand?post=1761"},{"taxonomy":"product_cat","embeddable":true,"href":"https:\/\/www.gdwanjiada.net\/es\/wp-json\/wp\/v2\/product_cat?post=1761"},{"taxonomy":"product_tag","embeddable":true,"href":"https:\/\/www.gdwanjiada.net\/es\/wp-json\/wp\/v2\/product_tag?post=1761"}],"curies":[{"name":"wp","href":"https:\/\/api.w.org\/{rel}","templated":true}]}}