{"id":1656,"date":"2025-03-21T04:02:25","date_gmt":"2025-03-21T04:02:25","guid":{"rendered":"https:\/\/www.gdwanjiada.net\/?post_type=product&#038;p=1656"},"modified":"2025-03-21T04:11:46","modified_gmt":"2025-03-21T04:11:46","slug":"wholesale-small-heater","status":"publish","type":"product","link":"https:\/\/www.gdwanjiada.net\/es\/producto\/wholesale-small-heater\/","title":{"rendered":"Calentador rojo al por mayor ventiladores peque\u00f1os con control de 2 velocidades"},"content":{"rendered":"<h3 class=\"wp-block-heading has-text-align-center\">Especificaciones del calentador peque\u00f1o al por mayor<\/h3><figure class=\"wp-block-table\"><table class=\"has-fixed-layout\"><tbody><tr><td rowspan=\"2\">Modelo<\/td><td rowspan=\"2\">Potencia\uff08W\uff09<\/td><td rowspan=\"2\">Tensi\u00f3n\uff08V\uff09<\/td><td rowspan=\"2\">Velocidad<\/td><td rowspan=\"2\">G.W.\uff08g\uff09<\/td><td rowspan=\"2\">Tama\u00f1o del producto\uff08mm\uff09<\/td><td rowspan=\"2\">Tama\u00f1o del embalaje\uff08mm\uff09<\/td><td rowspan=\"2\">Tama\u00f1o de la caja\uff08mm\uff09<\/td><td rowspan=\"2\">Embalaje Q'ty\uff08pc\uff09<\/td><td rowspan=\"2\">Cart\u00f3n G.W.\uff08kg\uff09<\/td><td rowspan=\"2\">Alimentaci\u00f3n<\/td><td rowspan=\"2\">Modo calefacci\u00f3n<\/td><td colspan=\"2\">Tipo de carga<\/td><\/tr><tr><td>20GP<\/td><td>40HQ<\/td><\/tr><tr><td>AQL039<\/td><td>800\/1200<\/td><td>220<\/td><td>2<\/td><td>720<\/td><td>207*133*110<\/td><td>228*168*150<\/td><td>620*475*510<\/td><td>24<\/td><td>18.5<\/td><td>Enchufe<\/td><td>PTC<\/td><td>4512<\/td><td>10968<\/td><\/tr><\/tbody><\/table><\/figure><div class=\"wp-block-columns is-layout-flex wp-container-core-columns-is-layout-9d6595d7 wp-block-columns-is-layout-flex\"><div class=\"wp-block-column is-layout-flow wp-block-column-is-layout-flow\" style=\"flex-basis:50%\"><h3 class=\"wp-block-heading has-text-align-left\">Ventajas del calentador peque\u00f1o al por mayor<\/h3>\n\n<ul class=\"wp-block-list\"><li><strong>Calentamiento r\u00e1pido, calor duradero: <\/strong>Nuestros calefactores de sobremesa a granel utilizan elementos calefactores cer\u00e1micos PTC de alta eficiencia, que se calientan nada m\u00e1s encenderlos, pueden aumentar r\u00e1pidamente la temperatura interior y mantener la potencia calor\u00edfica de forma constante, proporcionando una experiencia de calor duradera.<\/li>\n\n<li><strong>Ajuste de dos velocidades, control flexible de la temperatura: <\/strong>Estos ventiladores calefactores peque\u00f1os al por mayor tienen dos funciones de regulaci\u00f3n de la velocidad del viento, que pueden elegir aire templado suave o aire caliente fuerte seg\u00fan la temperatura ambiente, satisfacen diferentes necesidades de calefacci\u00f3n y son adecuados para diferentes entornos de uso.<\/li>\n\n<li><strong>Protecci\u00f3n de seguridad inteligente, uso m\u00e1s seguro: <\/strong>Estos calefactores de sobremesa a granel est\u00e1n equipados con protecci\u00f3n antivuelco, que corta directamente el suministro el\u00e9ctrico cuando el producto se vuelca accidentalmente para evitar accidentes. Al mismo tiempo, tiene protecci\u00f3n contra sobrecalentamiento y sobrecorriente, lo que puede evitar eficazmente da\u00f1os el\u00e9ctricos y aumentar la seguridad de uso.<\/li>\n\n<li><strong>Peque\u00f1a y port\u00e1til, adecuada para una gran variedad de escenarios:<\/strong> Nuestros ventiladores calefactores peque\u00f1os al por mayor tienen un dise\u00f1o compacto y ligero, ocupan poco espacio y pueden trasladarse a escritorios, dormitorios, salas de estudio y otros lugares en cualquier momento, haciendo que el calor le acompa\u00f1e a cualquier lugar y en cualquier momento.<\/li><\/ul><\/div>\n\n<div class=\"wp-block-column is-layout-flow wp-block-column-is-layout-flow\"><figure class=\"wp-block-image size-full\"><img decoding=\"async\" width=\"800\" height=\"800\" src=\"https:\/\/www.gdwanjiada.net\/wp-content\/uploads\/2025\/03\/Warm-Red-Wholesale-Small-Heater-Fans-With-2-Speed-Control-3.webp\" alt=\"Rojo caliente al por mayor peque\u00f1os ventiladores del calentador con control de 2 velocidades-3\" class=\"wp-image-1659\" srcset=\"https:\/\/www.gdwanjiada.net\/wp-content\/uploads\/2025\/03\/Warm-Red-Wholesale-Small-Heater-Fans-With-2-Speed-Control-3.webp 800w, https:\/\/www.gdwanjiada.net\/wp-content\/uploads\/2025\/03\/Warm-Red-Wholesale-Small-Heater-Fans-With-2-Speed-Control-3-300x300.webp 300w, https:\/\/www.gdwanjiada.net\/wp-content\/uploads\/2025\/03\/Warm-Red-Wholesale-Small-Heater-Fans-With-2-Speed-Control-3-150x150.webp 150w, https:\/\/www.gdwanjiada.net\/wp-content\/uploads\/2025\/03\/Warm-Red-Wholesale-Small-Heater-Fans-With-2-Speed-Control-3-768x768.webp 768w, https:\/\/www.gdwanjiada.net\/wp-content\/uploads\/2025\/03\/Warm-Red-Wholesale-Small-Heater-Fans-With-2-Speed-Control-3-12x12.webp 12w, https:\/\/www.gdwanjiada.net\/wp-content\/uploads\/2025\/03\/Warm-Red-Wholesale-Small-Heater-Fans-With-2-Speed-Control-3-600x600.webp 600w, https:\/\/www.gdwanjiada.net\/wp-content\/uploads\/2025\/03\/Warm-Red-Wholesale-Small-Heater-Fans-With-2-Speed-Control-3-100x100.webp 100w\" sizes=\"(max-width: 800px) 100vw, 800px\" \/><figcaption class=\"wp-element-caption\">Rojo caliente al por mayor peque\u00f1os ventiladores del calentador con control de 2 velocidades-3<\/figcaption><\/figure><\/div><\/div>","protected":false},"excerpt":{"rendered":"<p>Bienvenido a comprar al por mayor peque\u00f1os ventiladores calefactores. Estos peque\u00f1os calefactores el\u00e9ctricos al por mayor de color rojo c\u00e1lido adoptan tecnolog\u00eda de calefacci\u00f3n cer\u00e1mica PTC, calentamiento r\u00e1pido, dos velocidades ajustables, protecci\u00f3n de apagado por vuelco y funciones de protecci\u00f3n contra sobrecalentamiento m\u00faltiple. Su aspecto es compacto y ligero y es adecuado para una amplia gama de aplicaciones.<\/p>\n<h2>Caracter\u00edsticas del producto\uff1a<\/h2>\n<ul>\n<li>Aire caliente con control de dos velocidades.<\/li>\n<li>Vuelco con protecci\u00f3n de apagado.<\/li>\n<li>La temperatura sube r\u00e1pidamente.<\/li>\n<li>Calentamiento por PTC, alta eficiencia y durabilidad.<\/li>\n<li>Protecci\u00f3n m\u00faltiple contra sobrecalentamiento o sobrecorriente.<\/li>\n<li>Material ign\u00edfugo ABS para mayor seguridad.<\/li>\n<\/ul>","protected":false},"featured_media":1657,"comment_status":"closed","ping_status":"closed","template":"","meta":{"_acf_changed":false},"product_brand":[],"product_cat":[22],"product_tag":[],"class_list":{"0":"post-1656","1":"product","2":"type-product","3":"status-publish","4":"has-post-thumbnail","6":"product_cat-wholesale-fan-heaters","8":"first","9":"instock","10":"shipping-taxable","11":"product-type-simple"},"acf":[],"_links":{"self":[{"href":"https:\/\/www.gdwanjiada.net\/es\/wp-json\/wp\/v2\/product\/1656","targetHints":{"allow":["GET"]}}],"collection":[{"href":"https:\/\/www.gdwanjiada.net\/es\/wp-json\/wp\/v2\/product"}],"about":[{"href":"https:\/\/www.gdwanjiada.net\/es\/wp-json\/wp\/v2\/types\/product"}],"replies":[{"embeddable":true,"href":"https:\/\/www.gdwanjiada.net\/es\/wp-json\/wp\/v2\/comments?post=1656"}],"wp:featuredmedia":[{"embeddable":true,"href":"https:\/\/www.gdwanjiada.net\/es\/wp-json\/wp\/v2\/media\/1657"}],"wp:attachment":[{"href":"https:\/\/www.gdwanjiada.net\/es\/wp-json\/wp\/v2\/media?parent=1656"}],"wp:term":[{"taxonomy":"product_brand","embeddable":true,"href":"https:\/\/www.gdwanjiada.net\/es\/wp-json\/wp\/v2\/product_brand?post=1656"},{"taxonomy":"product_cat","embeddable":true,"href":"https:\/\/www.gdwanjiada.net\/es\/wp-json\/wp\/v2\/product_cat?post=1656"},{"taxonomy":"product_tag","embeddable":true,"href":"https:\/\/www.gdwanjiada.net\/es\/wp-json\/wp\/v2\/product_tag?post=1656"}],"curies":[{"name":"wp","href":"https:\/\/api.w.org\/{rel}","templated":true}]}}