{"id":1619,"date":"2025-03-05T03:59:16","date_gmt":"2025-03-05T03:59:16","guid":{"rendered":"https:\/\/www.gdwanjiada.net\/?post_type=product&#038;p=1619"},"modified":"2025-03-05T08:19:43","modified_gmt":"2025-03-05T08:19:43","slug":"wholesale-handy-fan-heater","status":"publish","type":"product","link":"https:\/\/www.gdwanjiada.net\/es\/producto\/wholesale-handy-fan-heater\/","title":{"rendered":"Calentador de Ventilador, Calentador Peque\u00f1o Al Por Mayor, Blanco Brillante"},"content":{"rendered":"<h3 class=\"wp-block-heading has-text-align-center\">Especificaciones del calentador de ventilador Handy al por mayor<\/h3><figure class=\"wp-block-table\"><table class=\"has-fixed-layout\"><tbody><tr><td>Modelo<\/td><td>Modo calefacci\u00f3n<\/td><td>Volt\/Freq<\/td><td colspan=\"2\">Potencia (W)&nbsp;<\/td><td colspan=\"3\">Tama\u00f1o del producto (mm)&nbsp;<\/td><td colspan=\"2\">Embalaje<\/td><td>N.W.\/ G.W.(kg)&nbsp;<\/td><td>Tama\u00f1o del embalaje (mm)<\/td><td colspan=\"2\">Carga Ctd.<\/td><\/tr><tr><td rowspan=\"2\">WJD501R<\/td><td rowspan=\"2\">PTC<\/td><td rowspan=\"2\">220V\/50Hz<\/td><td>Fr\u00edo<br>viento<\/td><td>Calor<br>viento<\/td><td>Longitud<\/td><td>Anchura<\/td><td>Altura<\/td><td>Caja interior<\/td><td>1 unidad<\/td><td>0.4\/0.48<\/td><td>133*80*190<\/td><td>20'GP<\/td><td>40'HQ<\/td><\/tr><tr><td>\/<\/td><td>500<\/td><td>100<\/td><td>65<\/td><td>175<\/td><td>Cart\u00f3n<\/td><td>48 unidades<\/td><td>23.04\/24.54<\/td><td>540*330*590<\/td><td>14352<\/td><td>33792<\/td><\/tr><\/tbody><\/table><\/figure><div class=\"wp-block-columns is-layout-flex wp-container-core-columns-is-layout-9d6595d7 wp-block-columns-is-layout-flex\"><div class=\"wp-block-column is-layout-flow wp-block-column-is-layout-flow\" style=\"flex-basis:50%\"><h3 class=\"wp-block-heading has-text-align-left\">Ventajas de la venta al por mayor<\/h3>\n\n<ul class=\"wp-block-list\"><li><strong>Aspecto blanco brillante a la moda:<\/strong> Este pr\u00e1ctico ventilador calefactor al por mayor adopta un aspecto blanco brillante liso, con aspecto sencillo y elegante, que puede utilizarse en diversos entornos dom\u00e9sticos y de oficina. Es de tama\u00f1o peque\u00f1o y se puede ajustar a voluntad para satisfacer diversas necesidades de calefacci\u00f3n.<\/li>\n\n<li><strong>Calentamiento r\u00e1pido: <\/strong>Nuestro peque\u00f1o calefactor port\u00e1til a granel puede aumentar la temperatura en poco tiempo utilizando menos energ\u00eda, con una larga vida \u00fatil y sin secarse, proporcionando una calefacci\u00f3n m\u00e1s confortable.<\/li>\n\n<li><strong>Tranquilo y sin molestias: <\/strong>Nuestro pr\u00e1ctico ventilador calefactor al por mayor tiene un dise\u00f1o silencioso, incluso cuando se utiliza por la noche, no perturbar\u00e1 el sue\u00f1o o el trabajo, puede apreciar el calor sin preocuparse por ello, adecuado para dormitorios, oficinas y otros lugares.<\/li>\n\n<li><strong>M\u00faltiples protecciones de seguridad: <\/strong>Nuestro peque\u00f1o calefactor port\u00e1til a granel cuenta con protecci\u00f3n contra sobrecalentamiento, protecci\u00f3n contra sobrecorriente y una carcasa ign\u00edfuga para garantizar su seguridad y durabilidad incluso cuando se utiliza de forma continuada, ofreciendo un calentamiento m\u00e1s seguro.<\/li><\/ul><\/div>\n\n<div class=\"wp-block-column is-layout-flow wp-block-column-is-layout-flow\"><figure class=\"wp-block-image size-full\"><img decoding=\"async\" width=\"800\" height=\"800\" src=\"https:\/\/www.gdwanjiada.net\/wp-content\/uploads\/2025\/03\/Wholesale-Desktop-Heater-Portable-Electric-Heater-Bulk.webp\" alt=\"Calentador de sobremesa al por mayor, Calentador el\u00e9ctrico port\u00e1til al por mayor\" class=\"wp-image-1611\" srcset=\"https:\/\/www.gdwanjiada.net\/wp-content\/uploads\/2025\/03\/Wholesale-Desktop-Heater-Portable-Electric-Heater-Bulk.webp 800w, https:\/\/www.gdwanjiada.net\/wp-content\/uploads\/2025\/03\/Wholesale-Desktop-Heater-Portable-Electric-Heater-Bulk-300x300.webp 300w, https:\/\/www.gdwanjiada.net\/wp-content\/uploads\/2025\/03\/Wholesale-Desktop-Heater-Portable-Electric-Heater-Bulk-150x150.webp 150w, https:\/\/www.gdwanjiada.net\/wp-content\/uploads\/2025\/03\/Wholesale-Desktop-Heater-Portable-Electric-Heater-Bulk-768x768.webp 768w, https:\/\/www.gdwanjiada.net\/wp-content\/uploads\/2025\/03\/Wholesale-Desktop-Heater-Portable-Electric-Heater-Bulk-12x12.webp 12w, https:\/\/www.gdwanjiada.net\/wp-content\/uploads\/2025\/03\/Wholesale-Desktop-Heater-Portable-Electric-Heater-Bulk-600x600.webp 600w, https:\/\/www.gdwanjiada.net\/wp-content\/uploads\/2025\/03\/Wholesale-Desktop-Heater-Portable-Electric-Heater-Bulk-100x100.webp 100w\" sizes=\"(max-width: 800px) 100vw, 800px\" \/><\/figure><\/div><\/div>","protected":false},"excerpt":{"rendered":"<p>Bienvenido a comprar peque\u00f1o calentador port\u00e1til al por mayor. Este calefactor port\u00e1til blanco brillante al por mayor es peque\u00f1o en tama\u00f1o, ligero en peso, f\u00e1cil de instalar, de poco ruido, y no interrumpir\u00e1 el sue\u00f1o ni el trabajo. Dispone de numerosas protecciones de sobrecalentamiento y sobrecorriente y utiliza materiales ign\u00edfugos para un funcionamiento seguro y estable.<\/p>\n<h2>Caracter\u00edsticas del producto\uff1a<\/h2>\n<ul>\n<li>M\u00faltiples m\u00e9todos de colocaci\u00f3n, f\u00e1cil de colocar.<\/li>\n<li>Bajo nivel de ruido, no perturba el sue\u00f1o.<\/li>\n<li>Calefacci\u00f3n PTC, calentamiento r\u00e1pido, eficiente y duradero.<\/li>\n<li>Protecci\u00f3n m\u00faltiple contra sobrecalentamiento y sobrecorriente.<\/li>\n<li>Material ign\u00edfugo, dise\u00f1o razonable, seguro y fiable.<\/li>\n<\/ul>","protected":false},"featured_media":1620,"comment_status":"closed","ping_status":"closed","template":"","meta":{"_acf_changed":false},"product_brand":[],"product_cat":[22],"product_tag":[],"class_list":{"0":"post-1619","1":"product","2":"type-product","3":"status-publish","4":"has-post-thumbnail","6":"product_cat-wholesale-fan-heaters","8":"first","9":"instock","10":"shipping-taxable","11":"product-type-simple"},"acf":[],"_links":{"self":[{"href":"https:\/\/www.gdwanjiada.net\/es\/wp-json\/wp\/v2\/product\/1619","targetHints":{"allow":["GET"]}}],"collection":[{"href":"https:\/\/www.gdwanjiada.net\/es\/wp-json\/wp\/v2\/product"}],"about":[{"href":"https:\/\/www.gdwanjiada.net\/es\/wp-json\/wp\/v2\/types\/product"}],"replies":[{"embeddable":true,"href":"https:\/\/www.gdwanjiada.net\/es\/wp-json\/wp\/v2\/comments?post=1619"}],"wp:featuredmedia":[{"embeddable":true,"href":"https:\/\/www.gdwanjiada.net\/es\/wp-json\/wp\/v2\/media\/1620"}],"wp:attachment":[{"href":"https:\/\/www.gdwanjiada.net\/es\/wp-json\/wp\/v2\/media?parent=1619"}],"wp:term":[{"taxonomy":"product_brand","embeddable":true,"href":"https:\/\/www.gdwanjiada.net\/es\/wp-json\/wp\/v2\/product_brand?post=1619"},{"taxonomy":"product_cat","embeddable":true,"href":"https:\/\/www.gdwanjiada.net\/es\/wp-json\/wp\/v2\/product_cat?post=1619"},{"taxonomy":"product_tag","embeddable":true,"href":"https:\/\/www.gdwanjiada.net\/es\/wp-json\/wp\/v2\/product_tag?post=1619"}],"curies":[{"name":"wp","href":"https:\/\/api.w.org\/{rel}","templated":true}]}}