{"id":1612,"date":"2025-03-05T03:49:41","date_gmt":"2025-03-05T03:49:41","guid":{"rendered":"https:\/\/www.gdwanjiada.net\/?post_type=product&#038;p=1612"},"modified":"2025-03-05T03:59:04","modified_gmt":"2025-03-05T03:59:04","slug":"fan-heater-wholesale","status":"publish","type":"product","link":"https:\/\/www.gdwanjiada.net\/es\/producto\/fan-heater-wholesale\/","title":{"rendered":"Calentador De Ventilador Gris De Lujo Al Por Mayor, Calentador De Ventilador Manejable Seguro Al Por Mayor"},"content":{"rendered":"<h3 class=\"wp-block-heading has-text-align-center\">Especificaciones del calentador de ventilador al por mayor<\/h3><figure class=\"wp-block-table\"><table class=\"has-fixed-layout\"><tbody><tr><td>Modelo<\/td><td>Modo calefacci\u00f3n<\/td><td>Volt\/Freq<\/td><td colspan=\"2\">Potencia (W)&nbsp;<\/td><td colspan=\"3\">Tama\u00f1o del producto (mm)&nbsp;<\/td><td colspan=\"2\">Embalaje<\/td><td>N.W.\/ G.W.(kg)&nbsp;<\/td><td>Tama\u00f1o del embalaje (mm)<\/td><td colspan=\"2\">Carga Ctd.<\/td><\/tr><tr><td rowspan=\"2\">WJD501R<\/td><td rowspan=\"2\">PTC<\/td><td rowspan=\"2\">220V\/50Hz<\/td><td>Fr\u00edo<br>viento<\/td><td>Calor<br>viento<\/td><td>Longitud<\/td><td>Anchura<\/td><td>Altura<\/td><td>Caja interior<\/td><td>1 unidad<\/td><td>0.4\/0.48<\/td><td>133*80*190<\/td><td>20'GP<\/td><td>40'HQ<\/td><\/tr><tr><td>\/<\/td><td>500<\/td><td>100<\/td><td>65<\/td><td>175<\/td><td>Cart\u00f3n<\/td><td>48 unidades<\/td><td>23.04\/24.54<\/td><td>540*330*590<\/td><td>14352<\/td><td>33792<\/td><\/tr><\/tbody><\/table><\/figure><div class=\"wp-block-columns is-layout-flex wp-container-core-columns-is-layout-9d6595d7 wp-block-columns-is-layout-flex\"><div class=\"wp-block-column is-layout-flow wp-block-column-is-layout-flow\" style=\"flex-basis:50%\"><h3 class=\"wp-block-heading has-text-align-left\">Ventajas de la venta al por mayor de aerotermos<\/h3>\n\n<ul class=\"wp-block-list\"><li><strong>Dise\u00f1o sencillo de gama alta: <\/strong>Este calefactor de ventilador al por mayor adopta emplea colores grises de lujo, minimalista y de moda, adecuado para varios estilos de dise\u00f1o de interiores. Su cuerpo ligero y peque\u00f1o se puede colocar al azar para satisfacer muchas necesidades de calor.<\/li>\n\n<li><strong>Calentamiento r\u00e1pido y mayor ahorro de energ\u00eda: <\/strong>Nuestro pr\u00e1ctico ventilador calefactor a granel adopta la tecnolog\u00eda de calentamiento de cer\u00e1mica PTC, que puede calentarse r\u00e1pidamente en poco tiempo y se caracteriza por la estabilidad de la salida de calor, el ahorro de energ\u00eda y la alta eficiencia.<\/li>\n\n<li><strong>Silencioso y no perturba el sue\u00f1o: <\/strong>Este ventilador calefactor al por mayor hace un ruido m\u00ednimo durante su funcionamiento, no interrumpe el trabajo, el estudio o el sue\u00f1o, y se puede utilizar en dormitorios, oficinas y otros escenarios donde el silencio es esencial, para hacer la calefacci\u00f3n m\u00e1s c\u00f3moda y acogedora.<\/li>\n\n<li><strong>M\u00faltiples protecciones de seguridad: <\/strong>Nuestro pr\u00e1ctico ventilador calefactor a granel cuenta con m\u00faltiples protecciones de seguridad, como protecci\u00f3n contra sobrecalentamiento y protecci\u00f3n contra sobrecorriente, para evitar el sobrecalentamiento debido a largas horas de trabajo. Cuenta con una carcasa de material ign\u00edfugo para garantizar la seguridad y la fiabilidad.<\/li><\/ul><\/div>\n\n<div class=\"wp-block-column is-layout-flow wp-block-column-is-layout-flow\"><figure class=\"wp-block-image size-full\"><img decoding=\"async\" width=\"800\" height=\"800\" src=\"https:\/\/www.gdwanjiada.net\/wp-content\/uploads\/2025\/03\/Luxury-Gray-Fan-Heater-Wholesale-Safe-Handy-Fan-Heater-Bulk-6.webp\" alt=\"\" class=\"wp-image-1618\" srcset=\"https:\/\/www.gdwanjiada.net\/wp-content\/uploads\/2025\/03\/Luxury-Gray-Fan-Heater-Wholesale-Safe-Handy-Fan-Heater-Bulk-6.webp 800w, https:\/\/www.gdwanjiada.net\/wp-content\/uploads\/2025\/03\/Luxury-Gray-Fan-Heater-Wholesale-Safe-Handy-Fan-Heater-Bulk-6-300x300.webp 300w, https:\/\/www.gdwanjiada.net\/wp-content\/uploads\/2025\/03\/Luxury-Gray-Fan-Heater-Wholesale-Safe-Handy-Fan-Heater-Bulk-6-150x150.webp 150w, https:\/\/www.gdwanjiada.net\/wp-content\/uploads\/2025\/03\/Luxury-Gray-Fan-Heater-Wholesale-Safe-Handy-Fan-Heater-Bulk-6-768x768.webp 768w, https:\/\/www.gdwanjiada.net\/wp-content\/uploads\/2025\/03\/Luxury-Gray-Fan-Heater-Wholesale-Safe-Handy-Fan-Heater-Bulk-6-12x12.webp 12w, https:\/\/www.gdwanjiada.net\/wp-content\/uploads\/2025\/03\/Luxury-Gray-Fan-Heater-Wholesale-Safe-Handy-Fan-Heater-Bulk-6-600x600.webp 600w, https:\/\/www.gdwanjiada.net\/wp-content\/uploads\/2025\/03\/Luxury-Gray-Fan-Heater-Wholesale-Safe-Handy-Fan-Heater-Bulk-6-100x100.webp 100w\" sizes=\"(max-width: 800px) 100vw, 800px\" \/><\/figure><\/div><\/div>","protected":false},"excerpt":{"rendered":"<p>Bienvenido a comprar ventilador calefactor al por mayor. Este pr\u00e1ctico ventilador calefactor gris plateado al por mayor utiliza calefacci\u00f3n cer\u00e1mica PTC, que calienta r\u00e1pidamente y proporciona una sensaci\u00f3n de calor estable y duradera. Cuenta con un tama\u00f1o compacto y es f\u00e1cil de colocar, y se puede aplicar a extensas escenas tales como escritorios y pisos.<\/p>\n<h2>Caracter\u00edsticas del producto\uff1a<\/h2>\n<ul>\n<li>M\u00faltiples m\u00e9todos de colocaci\u00f3n, f\u00e1cil de colocar.<\/li>\n<li>Bajo nivel de ruido, no perturba el sue\u00f1o.<\/li>\n<li>Calefacci\u00f3n PTC, calentamiento r\u00e1pido, eficiente y duradero.<\/li>\n<li>Protecci\u00f3n m\u00faltiple contra sobrecalentamiento y sobrecorriente.<\/li>\n<li>Material ign\u00edfugo, dise\u00f1o razonable, seguro y fiable.<\/li>\n<\/ul>","protected":false},"featured_media":1613,"comment_status":"closed","ping_status":"closed","template":"","meta":{"_acf_changed":false},"product_brand":[],"product_cat":[22],"product_tag":[],"class_list":{"0":"post-1612","1":"product","2":"type-product","3":"status-publish","4":"has-post-thumbnail","6":"product_cat-wholesale-fan-heaters","8":"first","9":"instock","10":"shipping-taxable","11":"product-type-simple"},"acf":[],"_links":{"self":[{"href":"https:\/\/www.gdwanjiada.net\/es\/wp-json\/wp\/v2\/product\/1612","targetHints":{"allow":["GET"]}}],"collection":[{"href":"https:\/\/www.gdwanjiada.net\/es\/wp-json\/wp\/v2\/product"}],"about":[{"href":"https:\/\/www.gdwanjiada.net\/es\/wp-json\/wp\/v2\/types\/product"}],"replies":[{"embeddable":true,"href":"https:\/\/www.gdwanjiada.net\/es\/wp-json\/wp\/v2\/comments?post=1612"}],"wp:featuredmedia":[{"embeddable":true,"href":"https:\/\/www.gdwanjiada.net\/es\/wp-json\/wp\/v2\/media\/1613"}],"wp:attachment":[{"href":"https:\/\/www.gdwanjiada.net\/es\/wp-json\/wp\/v2\/media?parent=1612"}],"wp:term":[{"taxonomy":"product_brand","embeddable":true,"href":"https:\/\/www.gdwanjiada.net\/es\/wp-json\/wp\/v2\/product_brand?post=1612"},{"taxonomy":"product_cat","embeddable":true,"href":"https:\/\/www.gdwanjiada.net\/es\/wp-json\/wp\/v2\/product_cat?post=1612"},{"taxonomy":"product_tag","embeddable":true,"href":"https:\/\/www.gdwanjiada.net\/es\/wp-json\/wp\/v2\/product_tag?post=1612"}],"curies":[{"name":"wp","href":"https:\/\/api.w.org\/{rel}","templated":true}]}}