{"id":1605,"date":"2025-03-05T03:28:42","date_gmt":"2025-03-05T03:28:42","guid":{"rendered":"https:\/\/www.gdwanjiada.net\/?post_type=product&#038;p=1605"},"modified":"2025-03-05T03:48:55","modified_gmt":"2025-03-05T03:48:55","slug":"wholesale-desktop-heater","status":"publish","type":"product","link":"https:\/\/www.gdwanjiada.net\/es\/producto\/wholesale-desktop-heater\/","title":{"rendered":"Green Wholesale Calentador de sobremesa, Calentador el\u00e9ctrico port\u00e1til a granel"},"content":{"rendered":"<h3 class=\"wp-block-heading has-text-align-center\">Especificaciones del calentador de sobremesa al por mayor<\/h3><figure class=\"wp-block-table\"><table class=\"has-fixed-layout\"><tbody><tr><td>Modelo<\/td><td>Modo calefacci\u00f3n<\/td><td>Volt\/Freq<\/td><td colspan=\"2\">Potencia (W)&nbsp;<\/td><td colspan=\"3\">Tama\u00f1o del producto (mm)&nbsp;<\/td><td colspan=\"2\">Embalaje<\/td><td>N.W.\/ G.W.(kg)&nbsp;<\/td><td>Tama\u00f1o del embalaje (mm)<\/td><td colspan=\"2\">Carga Ctd.<\/td><\/tr><tr><td rowspan=\"2\">WJD501R<\/td><td rowspan=\"2\">PTC<\/td><td rowspan=\"2\">220V\/50Hz<\/td><td>Fr\u00edo<br>viento<\/td><td>Calor<br>viento<\/td><td>Longitud<\/td><td>Anchura<\/td><td>Altura<\/td><td>Caja interior<\/td><td>1 unidad<\/td><td>0.4\/0.48<\/td><td>133*80*190<\/td><td>20'GP<\/td><td>40'HQ<\/td><\/tr><tr><td>\/<\/td><td>500<\/td><td>100<\/td><td>65<\/td><td>175<\/td><td>Cart\u00f3n<\/td><td>48 unidades<\/td><td>23.04\/24.54<\/td><td>540*330*590<\/td><td>14352<\/td><td>33792<\/td><\/tr><\/tbody><\/table><\/figure><div class=\"wp-block-columns is-layout-flex wp-container-core-columns-is-layout-9d6595d7 wp-block-columns-is-layout-flex\"><div class=\"wp-block-column is-layout-flow wp-block-column-is-layout-flow\" style=\"flex-basis:50%\"><h3 class=\"wp-block-heading has-text-align-left\">Ventajas del calentador de sobremesa al por mayor<\/h3>\n\n<ul class=\"wp-block-list\"><li><strong>Flexible y aplicable:<\/strong> Este calefactor de sobremesa al por mayor es de peque\u00f1o tama\u00f1o y puede colocarse de forma flexible en el escritorio, el suelo o junto a la cama del dormitorio. Es adecuado para diferentes entornos, como el hogar y la oficina.<\/li>\n\n<li><strong>Calentamiento r\u00e1pido y duradero: <\/strong>Nuestros calefactores el\u00e9ctricos port\u00e1tiles al por mayor est\u00e1n equipados con tecnolog\u00eda de calefacci\u00f3n cer\u00e1mica PTC. Se calienta r\u00e1pidamente despu\u00e9s de ser encendido, irradia calor de manera uniforme, es duradero, y es m\u00e1s eficiente y eficiente energ\u00e9ticamente, por lo que el calor puede acompa\u00f1arle en cualquier momento.<\/li>\n\n<li><strong>Funcionamiento silencioso: <\/strong>Este calefactor de sobremesa al por mayor funciona con poco ruido y no perturba el sue\u00f1o ni siquiera cuando funciona durante la noche. Es ideal para habitaciones y despachos que exigen condiciones silenciosas.<\/li>\n\n<li><strong>M\u00faltiples protecciones de seguridad: <\/strong>Nuestros calefactores el\u00e9ctricos port\u00e1tiles al por mayor incorporan protecci\u00f3n contra sobrecalentamiento, protecci\u00f3n contra sobrecorriente y utilizan material ign\u00edfugo en su carcasa para garantizar que sigue siendo seguro y fiable incluso bajo un uso prolongado en caso de evitar riesgos de seguridad.<\/li><\/ul><\/div>\n\n<div class=\"wp-block-column is-layout-flow wp-block-column-is-layout-flow\"><figure class=\"wp-block-image size-full\"><img decoding=\"async\" width=\"800\" height=\"800\" src=\"https:\/\/www.gdwanjiada.net\/wp-content\/uploads\/2025\/03\/Wholesale-Desktop-Heater-Portable-Electric-Heater-Bulk.webp\" alt=\"Calentador de sobremesa al por mayor, Calentador el\u00e9ctrico port\u00e1til al por mayor\" class=\"wp-image-1611\" srcset=\"https:\/\/www.gdwanjiada.net\/wp-content\/uploads\/2025\/03\/Wholesale-Desktop-Heater-Portable-Electric-Heater-Bulk.webp 800w, https:\/\/www.gdwanjiada.net\/wp-content\/uploads\/2025\/03\/Wholesale-Desktop-Heater-Portable-Electric-Heater-Bulk-300x300.webp 300w, https:\/\/www.gdwanjiada.net\/wp-content\/uploads\/2025\/03\/Wholesale-Desktop-Heater-Portable-Electric-Heater-Bulk-150x150.webp 150w, https:\/\/www.gdwanjiada.net\/wp-content\/uploads\/2025\/03\/Wholesale-Desktop-Heater-Portable-Electric-Heater-Bulk-768x768.webp 768w, https:\/\/www.gdwanjiada.net\/wp-content\/uploads\/2025\/03\/Wholesale-Desktop-Heater-Portable-Electric-Heater-Bulk-12x12.webp 12w, https:\/\/www.gdwanjiada.net\/wp-content\/uploads\/2025\/03\/Wholesale-Desktop-Heater-Portable-Electric-Heater-Bulk-600x600.webp 600w, https:\/\/www.gdwanjiada.net\/wp-content\/uploads\/2025\/03\/Wholesale-Desktop-Heater-Portable-Electric-Heater-Bulk-100x100.webp 100w\" sizes=\"(max-width: 800px) 100vw, 800px\" \/><\/figure><\/div><\/div>","protected":false},"excerpt":{"rendered":"<p>Bienvenido a comprar calefactores el\u00e9ctricos port\u00e1tiles. Este calefactor de sobremesa al por mayor adopta tecnolog\u00eda de calefacci\u00f3n cer\u00e1mica PTC, calentamiento r\u00e1pido, ahorro de energ\u00eda y larga vida \u00fatil. Peque\u00f1o tama\u00f1o, amplio espacio para m\u00faltiples colocaciones y bajo nivel de ruido. Con m\u00faltiples funciones de protecci\u00f3n de seguridad, la calefacci\u00f3n es m\u00e1s segura y fiable.<\/p>\n<h2>Caracter\u00edsticas del producto\uff1a<\/h2>\n<ul>\n<li>M\u00faltiples m\u00e9todos de colocaci\u00f3n, f\u00e1cil de colocar.<\/li>\n<li>Bajo nivel de ruido, no perturba el sue\u00f1o.<\/li>\n<li>Calefacci\u00f3n PTC, calentamiento r\u00e1pido, eficiente y duradero.<\/li>\n<li>Protecci\u00f3n m\u00faltiple contra sobrecalentamiento y sobrecorriente.<\/li>\n<li>Material ign\u00edfugo, dise\u00f1o razonable, seguro y fiable.<\/li>\n<\/ul>","protected":false},"featured_media":1606,"comment_status":"closed","ping_status":"closed","template":"","meta":{"_acf_changed":false},"product_brand":[],"product_cat":[22],"product_tag":[],"class_list":{"0":"post-1605","1":"product","2":"type-product","3":"status-publish","4":"has-post-thumbnail","6":"product_cat-wholesale-fan-heaters","8":"first","9":"instock","10":"shipping-taxable","11":"product-type-simple"},"acf":[],"_links":{"self":[{"href":"https:\/\/www.gdwanjiada.net\/es\/wp-json\/wp\/v2\/product\/1605","targetHints":{"allow":["GET"]}}],"collection":[{"href":"https:\/\/www.gdwanjiada.net\/es\/wp-json\/wp\/v2\/product"}],"about":[{"href":"https:\/\/www.gdwanjiada.net\/es\/wp-json\/wp\/v2\/types\/product"}],"replies":[{"embeddable":true,"href":"https:\/\/www.gdwanjiada.net\/es\/wp-json\/wp\/v2\/comments?post=1605"}],"wp:featuredmedia":[{"embeddable":true,"href":"https:\/\/www.gdwanjiada.net\/es\/wp-json\/wp\/v2\/media\/1606"}],"wp:attachment":[{"href":"https:\/\/www.gdwanjiada.net\/es\/wp-json\/wp\/v2\/media?parent=1605"}],"wp:term":[{"taxonomy":"product_brand","embeddable":true,"href":"https:\/\/www.gdwanjiada.net\/es\/wp-json\/wp\/v2\/product_brand?post=1605"},{"taxonomy":"product_cat","embeddable":true,"href":"https:\/\/www.gdwanjiada.net\/es\/wp-json\/wp\/v2\/product_cat?post=1605"},{"taxonomy":"product_tag","embeddable":true,"href":"https:\/\/www.gdwanjiada.net\/es\/wp-json\/wp\/v2\/product_tag?post=1605"}],"curies":[{"name":"wp","href":"https:\/\/api.w.org\/{rel}","templated":true}]}}