{"id":1570,"date":"2025-01-16T03:23:19","date_gmt":"2025-01-16T03:23:19","guid":{"rendered":"https:\/\/www.gdwanjiada.net\/?post_type=product&#038;p=1570"},"modified":"2025-01-21T08:52:51","modified_gmt":"2025-01-21T08:52:51","slug":"wholesale-battery-operated-fans","status":"publish","type":"product","link":"https:\/\/www.gdwanjiada.net\/es\/producto\/wholesale-battery-operated-fans\/","title":{"rendered":"Venta al por mayor de ventiladores a pilas blancos, ventiladores port\u00e1tiles peque\u00f1os al por mayor"},"content":{"rendered":"<h3 class=\"wp-block-heading has-text-align-center\">Especificaciones de los ventiladores a pilas al por mayor<\/h3><figure class=\"wp-block-table\"><table class=\"has-fixed-layout\"><tbody><tr><td rowspan=\"2\">Modelo<\/td><td rowspan=\"2\">Potencia\uff08W\uff09<\/td><td rowspan=\"2\">Tensi\u00f3n\uff08V\uff09<\/td><td rowspan=\"2\">Modo de velocidad<\/td><td rowspan=\"2\">G.W.\uff08g\uff09<\/td><td rowspan=\"2\">Tama\u00f1o del producto\uff08mm\uff09<\/td><td rowspan=\"2\">Tama\u00f1o del embalaje\uff08mm\uff09<\/td><td rowspan=\"2\">Tama\u00f1o de la caja\uff08mm\uff09<\/td><td rowspan=\"2\">Embalaje Q'ty\uff08pc\uff09<\/td><td rowspan=\"2\">Cart\u00f3n G.W.\uff08kg\uff09<\/td><td rowspan=\"2\">Alimentaci\u00f3n<\/td><td rowspan=\"2\">Capacidad de la bater\u00eda<\/td><td colspan=\"2\">Tipo de carga<\/td><\/tr><tr><td>20GP<\/td><td>40HQ<\/td><\/tr><tr><td>F04<\/td><td>5<\/td><td>5<\/td><td>3<\/td><td>650<\/td><td>190*200*230<\/td><td>367*184*184<\/td><td>820*420*615<\/td><td>24<\/td><td>17.6<\/td><td>Enchufe<\/td><td>1200mh<\/td><td>3192<\/td><td>7704<\/td><\/tr><\/tbody><\/table><\/figure><div class=\"wp-block-columns is-layout-flex wp-container-core-columns-is-layout-9d6595d7 wp-block-columns-is-layout-flex\"><div class=\"wp-block-column is-layout-flow wp-block-column-is-layout-flow\" style=\"flex-basis:50%\"><h3 class=\"wp-block-heading has-text-align-left\">Ventajas de los ventiladores a pilas al por mayor<\/h3>\n\n<ul class=\"wp-block-list\"><li><strong>Port\u00e1til y compacta, adecuada para su uso en m\u00faltiples escenarios: <\/strong>Nuestros ventiladores a pilas al por mayor est\u00e1n dise\u00f1ados para ser ligeros y compactos, f\u00e1ciles de llevar con usted, y pueden ser ampliamente utilizados en diversas ocasiones, tales como el hogar, la oficina, los viajes al aire libre, etc., aportando frescor en cualquier momento y en cualquier lugar.<\/li>\n\n<li><strong>3 velocidades de ajuste de la velocidad del viento para satisfacer las necesidades de forma flexible: <\/strong>Este ventilador port\u00e1til a granel est\u00e1 equipado con tres modos de velocidad del viento ajustables, desde una suave brisa hasta un fuerte flujo de aire, para satisfacer diferentes entornos y necesidades personales, aportando una experiencia de uso personalizada.<\/li>\n\n<li><strong>Circulaci\u00f3n eficaz del aire para crear un espacio fresco: <\/strong>Estos ventiladores a pilas al por mayor tienen una excelente funci\u00f3n de circulaci\u00f3n del aire, que no s\u00f3lo puede proporcionar frescor, sino tambi\u00e9n promover la circulaci\u00f3n del aire interior y optimizar la calidad del ambiente espacial.<\/li>\n\n<li><strong>Bater\u00eda de litio incorporada, bater\u00eda de larga duraci\u00f3n sin preocupaciones: <\/strong>Este ventilador port\u00e1til a granel lleva incorporada una bater\u00eda de litio de gran capacidad que no requiere depender de una toma de corriente. Puede funcionar durante mucho tiempo despu\u00e9s de una carga completa. Es muy adecuado para actividades al aire libre o apagones.<\/li><\/ul><\/div>\n\n<div class=\"wp-block-column is-layout-flow wp-block-column-is-layout-flow\"><figure class=\"wp-block-image size-full\"><img decoding=\"async\" width=\"800\" height=\"800\" src=\"https:\/\/www.gdwanjiada.net\/wp-content\/uploads\/2025\/01\/White-Wholesale-Battery-Operated-Fans-Small-Portable-Fan-In-Bulk-1.webp\" alt=\"Venta al por mayor de ventiladores a pilas blancos, ventilador port\u00e1til peque\u00f1o a granel-1\" class=\"wp-image-1571\" srcset=\"https:\/\/www.gdwanjiada.net\/wp-content\/uploads\/2025\/01\/White-Wholesale-Battery-Operated-Fans-Small-Portable-Fan-In-Bulk-1.webp 800w, https:\/\/www.gdwanjiada.net\/wp-content\/uploads\/2025\/01\/White-Wholesale-Battery-Operated-Fans-Small-Portable-Fan-In-Bulk-1-300x300.webp 300w, https:\/\/www.gdwanjiada.net\/wp-content\/uploads\/2025\/01\/White-Wholesale-Battery-Operated-Fans-Small-Portable-Fan-In-Bulk-1-150x150.webp 150w, https:\/\/www.gdwanjiada.net\/wp-content\/uploads\/2025\/01\/White-Wholesale-Battery-Operated-Fans-Small-Portable-Fan-In-Bulk-1-768x768.webp 768w, https:\/\/www.gdwanjiada.net\/wp-content\/uploads\/2025\/01\/White-Wholesale-Battery-Operated-Fans-Small-Portable-Fan-In-Bulk-1-12x12.webp 12w, https:\/\/www.gdwanjiada.net\/wp-content\/uploads\/2025\/01\/White-Wholesale-Battery-Operated-Fans-Small-Portable-Fan-In-Bulk-1-600x600.webp 600w, https:\/\/www.gdwanjiada.net\/wp-content\/uploads\/2025\/01\/White-Wholesale-Battery-Operated-Fans-Small-Portable-Fan-In-Bulk-1-100x100.webp 100w\" sizes=\"(max-width: 800px) 100vw, 800px\" \/><\/figure><\/div><\/div>","protected":false},"excerpt":{"rendered":"<p>Bienvenido a comprar ventiladores a pilas al por mayor. Nuestro ventilador port\u00e1til blanco al por mayor es conocido por su dise\u00f1o compacto y sus potentes funciones. Dispone de 3 ajustes de velocidad del viento, bater\u00eda de litio incorporada y eficaz funci\u00f3n de circulaci\u00f3n del aire. Ya sea en casa o al aire libre, puede proporcionar una experiencia c\u00f3moda y fresca, es una opci\u00f3n de confianza en el mercado al por mayor.<\/p>\n<h2>Caracter\u00edsticas del producto\uff1a<\/h2>\n<ul>\n<li>Se puede utilizar en varios escenarios, como en el suelo, en la pared, en sobremesa y en exteriores.<\/li>\n<li>El \u00e1ngulo de suministro de aire gira 180 grados, la velocidad del viento se puede ajustar en 3 niveles y tiene una bater\u00eda de litio incorporada.<\/li>\n<li>Brillo con memoria inteligente y atenuaci\u00f3n continua, puede ajustar el brillo a voluntad, y se puede utilizar como l\u00e1mpara de mesa, l\u00e1mpara de exterior, luz de relleno o luz nocturna.<\/li>\n<li>Haga circular el aire y disfrute de cada bocanada de aire fresco.<\/li>\n<\/ul>","protected":false},"featured_media":1573,"comment_status":"closed","ping_status":"closed","template":"","meta":{"_acf_changed":false},"product_brand":[],"product_cat":[23,24],"product_tag":[],"class_list":{"0":"post-1570","1":"product","2":"type-product","3":"status-publish","4":"has-post-thumbnail","6":"product_cat-wholesale-portable-fans","7":"product_cat-air-circulation-fan-wholesale","9":"first","10":"instock","11":"shipping-taxable","12":"product-type-simple"},"acf":[],"_links":{"self":[{"href":"https:\/\/www.gdwanjiada.net\/es\/wp-json\/wp\/v2\/product\/1570","targetHints":{"allow":["GET"]}}],"collection":[{"href":"https:\/\/www.gdwanjiada.net\/es\/wp-json\/wp\/v2\/product"}],"about":[{"href":"https:\/\/www.gdwanjiada.net\/es\/wp-json\/wp\/v2\/types\/product"}],"replies":[{"embeddable":true,"href":"https:\/\/www.gdwanjiada.net\/es\/wp-json\/wp\/v2\/comments?post=1570"}],"wp:featuredmedia":[{"embeddable":true,"href":"https:\/\/www.gdwanjiada.net\/es\/wp-json\/wp\/v2\/media\/1573"}],"wp:attachment":[{"href":"https:\/\/www.gdwanjiada.net\/es\/wp-json\/wp\/v2\/media?parent=1570"}],"wp:term":[{"taxonomy":"product_brand","embeddable":true,"href":"https:\/\/www.gdwanjiada.net\/es\/wp-json\/wp\/v2\/product_brand?post=1570"},{"taxonomy":"product_cat","embeddable":true,"href":"https:\/\/www.gdwanjiada.net\/es\/wp-json\/wp\/v2\/product_cat?post=1570"},{"taxonomy":"product_tag","embeddable":true,"href":"https:\/\/www.gdwanjiada.net\/es\/wp-json\/wp\/v2\/product_tag?post=1570"}],"curies":[{"name":"wp","href":"https:\/\/api.w.org\/{rel}","templated":true}]}}