{"id":1552,"date":"2025-01-16T02:47:20","date_gmt":"2025-01-16T02:47:20","guid":{"rendered":"https:\/\/www.gdwanjiada.net\/?post_type=product&#038;p=1552"},"modified":"2025-01-16T02:58:26","modified_gmt":"2025-01-16T02:58:26","slug":"wholesale-mini-portable-fan","status":"publish","type":"product","link":"https:\/\/www.gdwanjiada.net\/es\/producto\/wholesale-mini-portable-fan\/","title":{"rendered":"Verde al por mayor Mini ventilador port\u00e1til, ventiladores de escritorio a granel con la luz"},"content":{"rendered":"<h3 class=\"wp-block-heading has-text-align-center\">Especificaciones del mini ventilador port\u00e1til al por mayor<\/h3><figure class=\"wp-block-table\"><table class=\"has-fixed-layout\"><tbody><tr><td rowspan=\"2\">Modelo<\/td><td rowspan=\"2\">Potencia\uff08W\uff09<\/td><td rowspan=\"2\">Tensi\u00f3n\uff08V\uff09<\/td><td rowspan=\"2\">Modo de velocidad<\/td><td rowspan=\"2\">G.W.\uff08g\uff09<\/td><td rowspan=\"2\">Tama\u00f1o del producto\uff08mm\uff09<\/td><td rowspan=\"2\">Tama\u00f1o del embalaje\uff08mm\uff09<\/td><td rowspan=\"2\">Tama\u00f1o de la caja\uff08mm\uff09<\/td><td rowspan=\"2\">Embalaje Q'ty\uff08pc\uff09<\/td><td rowspan=\"2\">Cart\u00f3n G.W.\uff08kg\uff09<\/td><td rowspan=\"2\">Alimentaci\u00f3n<\/td><td rowspan=\"2\">Capacidad de la bater\u00eda<\/td><td colspan=\"2\">Tipo de carga<\/td><\/tr><tr><td>20GP<\/td><td>40HQ<\/td><\/tr><tr><td>F04<\/td><td>5<\/td><td>5<\/td><td>3<\/td><td>650<\/td><td>190*200*230<\/td><td>367*184*184<\/td><td>820*420*615<\/td><td>24<\/td><td>17.6<\/td><td>Enchufe<\/td><td>1200mh<\/td><td>3192<\/td><td>7704<\/td><\/tr><\/tbody><\/table><\/figure><div class=\"wp-block-columns is-layout-flex wp-container-core-columns-is-layout-9d6595d7 wp-block-columns-is-layout-flex\"><div class=\"wp-block-column is-layout-flow wp-block-column-is-layout-flow\" style=\"flex-basis:50%\"><h3 class=\"wp-block-heading has-text-align-left\">Ventajas del miniventilador port\u00e1til al por mayor<\/h3>\n\n<ul class=\"wp-block-list\"><li><strong>Aplicaci\u00f3n multiescenario, flexible y c\u00f3moda: <\/strong>Este ventilador port\u00e1til al por mayor est\u00e1 inteligentemente dise\u00f1ado para soportar m\u00faltiples escenarios de uso, tales como de pie, montado en la pared, de escritorio y al aire libre. Ya sea en casa, en la oficina, o al aire libre de camping o de viaje, se puede adaptar f\u00e1cilmente para ofrecerle un suministro constante de frescor.<\/li>\n\n<li><strong>Suministro de aire con rotaci\u00f3n de 180 grados, cobertura gran angular: <\/strong>Nuestros ventiladores de sobremesa a granel admiten una rotaci\u00f3n libre de 180 grados, ajustan f\u00e1cilmente la direcci\u00f3n del suministro de aire y garantizan un flujo de aire uniforme. Tanto si se trata de refrigeraci\u00f3n centralizada como de cubrir toda la habitaci\u00f3n, puede satisfacer sus necesidades y mejorar la experiencia del usuario.<\/li>\n\n<li><strong>Ajuste de viento de 3 velocidades, comodidad personalizada: <\/strong>Este mini ventilador port\u00e1til al por mayor proporciona 3 velocidades de viento para elegir, la brisa suave es adecuada para momentos tranquilos, el viento medio es adecuado para el entorno de trabajo, y el fuerte viento fresco es adecuado para el clima caliente. Cada velocidad est\u00e1 cuidadosamente dise\u00f1ada para crear la experiencia de viento m\u00e1s c\u00f3moda para usted.<\/li>\n\n<li><strong>Bater\u00eda de litio incorporada, fr\u00edo en cualquier momento y lugar:<\/strong> Estos ventiladores de sobremesa a granel llevan incorporadas bater\u00edas de litio de alta capacidad, lo que le permite decir adi\u00f3s a las restricciones de energ\u00eda. Una sola carga puede durar mucho tiempo, ya sea en exteriores o en situaciones de emergencia, lo que pone el frescor al alcance de la mano, de forma c\u00f3moda y respetuosa con el medio ambiente.<\/li><\/ul><\/div>\n\n<div class=\"wp-block-column is-layout-flow wp-block-column-is-layout-flow\"><figure class=\"wp-block-image size-full\"><img decoding=\"async\" width=\"800\" height=\"800\" src=\"https:\/\/www.gdwanjiada.net\/wp-content\/uploads\/2025\/01\/Green-Wholesale-Mini-Portable-Fan-Bulk-Desk-Fans-With-Light-6.webp\" alt=\"Verde al por mayor Mini ventilador port\u00e1til, ventiladores de escritorio a granel con la luz-6\" class=\"wp-image-1558\" srcset=\"https:\/\/www.gdwanjiada.net\/wp-content\/uploads\/2025\/01\/Green-Wholesale-Mini-Portable-Fan-Bulk-Desk-Fans-With-Light-6.webp 800w, https:\/\/www.gdwanjiada.net\/wp-content\/uploads\/2025\/01\/Green-Wholesale-Mini-Portable-Fan-Bulk-Desk-Fans-With-Light-6-300x300.webp 300w, https:\/\/www.gdwanjiada.net\/wp-content\/uploads\/2025\/01\/Green-Wholesale-Mini-Portable-Fan-Bulk-Desk-Fans-With-Light-6-150x150.webp 150w, https:\/\/www.gdwanjiada.net\/wp-content\/uploads\/2025\/01\/Green-Wholesale-Mini-Portable-Fan-Bulk-Desk-Fans-With-Light-6-768x768.webp 768w, https:\/\/www.gdwanjiada.net\/wp-content\/uploads\/2025\/01\/Green-Wholesale-Mini-Portable-Fan-Bulk-Desk-Fans-With-Light-6-12x12.webp 12w, https:\/\/www.gdwanjiada.net\/wp-content\/uploads\/2025\/01\/Green-Wholesale-Mini-Portable-Fan-Bulk-Desk-Fans-With-Light-6-600x600.webp 600w, https:\/\/www.gdwanjiada.net\/wp-content\/uploads\/2025\/01\/Green-Wholesale-Mini-Portable-Fan-Bulk-Desk-Fans-With-Light-6-100x100.webp 100w\" sizes=\"(max-width: 800px) 100vw, 800px\" \/><\/figure><\/div><\/div>","protected":false},"excerpt":{"rendered":"<p>Bienvenido a la venta al por mayor de mini ventiladores port\u00e1tiles. Nuestros ventiladores de escritorio verdes al por mayor est\u00e1n bien dise\u00f1ados y son adecuados para una gran variedad de escenarios, incluyendo el uso de pie, montado en la pared, de sobremesa y al aire libre. Soporta 180 grados de suministro de aire de gran angular, con funci\u00f3n de ajuste de velocidad de viento de 3 velocidades para satisfacer las necesidades personalizadas.<\/p>\n<h2>Caracter\u00edsticas del producto\uff1a<\/h2>\n<ul>\n<li>Se puede utilizar en varios escenarios, como en el suelo, en la pared, en sobremesa y en exteriores.<\/li>\n<li>El \u00e1ngulo de suministro de aire gira 180 grados, la velocidad del viento se puede ajustar en 3 niveles y tiene una bater\u00eda de litio incorporada.<\/li>\n<li>Brillo con memoria inteligente y atenuaci\u00f3n continua, puede ajustar el brillo a voluntad, y se puede utilizar como l\u00e1mpara de mesa, l\u00e1mpara de exterior, luz de relleno o luz nocturna.<\/li>\n<li>Haga circular el aire y disfrute de cada bocanada de aire fresco.<\/li>\n<\/ul>","protected":false},"featured_media":1555,"comment_status":"closed","ping_status":"closed","template":"","meta":{"_acf_changed":false},"product_brand":[],"product_cat":[23,24],"product_tag":[],"class_list":{"0":"post-1552","1":"product","2":"type-product","3":"status-publish","4":"has-post-thumbnail","6":"product_cat-wholesale-portable-fans","7":"product_cat-air-circulation-fan-wholesale","9":"first","10":"instock","11":"shipping-taxable","12":"product-type-simple"},"acf":[],"_links":{"self":[{"href":"https:\/\/www.gdwanjiada.net\/es\/wp-json\/wp\/v2\/product\/1552","targetHints":{"allow":["GET"]}}],"collection":[{"href":"https:\/\/www.gdwanjiada.net\/es\/wp-json\/wp\/v2\/product"}],"about":[{"href":"https:\/\/www.gdwanjiada.net\/es\/wp-json\/wp\/v2\/types\/product"}],"replies":[{"embeddable":true,"href":"https:\/\/www.gdwanjiada.net\/es\/wp-json\/wp\/v2\/comments?post=1552"}],"wp:featuredmedia":[{"embeddable":true,"href":"https:\/\/www.gdwanjiada.net\/es\/wp-json\/wp\/v2\/media\/1555"}],"wp:attachment":[{"href":"https:\/\/www.gdwanjiada.net\/es\/wp-json\/wp\/v2\/media?parent=1552"}],"wp:term":[{"taxonomy":"product_brand","embeddable":true,"href":"https:\/\/www.gdwanjiada.net\/es\/wp-json\/wp\/v2\/product_brand?post=1552"},{"taxonomy":"product_cat","embeddable":true,"href":"https:\/\/www.gdwanjiada.net\/es\/wp-json\/wp\/v2\/product_cat?post=1552"},{"taxonomy":"product_tag","embeddable":true,"href":"https:\/\/www.gdwanjiada.net\/es\/wp-json\/wp\/v2\/product_tag?post=1552"}],"curies":[{"name":"wp","href":"https:\/\/api.w.org\/{rel}","templated":true}]}}