{"id":1542,"date":"2025-01-07T02:12:32","date_gmt":"2025-01-07T02:12:32","guid":{"rendered":"https:\/\/www.gdwanjiada.net\/?post_type=product&#038;p=1542"},"modified":"2025-01-07T02:18:44","modified_gmt":"2025-01-07T02:18:44","slug":"desk-fans-wholesale","status":"publish","type":"product","link":"https:\/\/www.gdwanjiada.net\/es\/producto\/desk-fans-wholesale\/","title":{"rendered":"Ventiladores De Escritorio Al Por Mayor Con Luz, Ventilador Port\u00e1til Al Por Mayor"},"content":{"rendered":"<h3 class=\"wp-block-heading has-text-align-center\">Especificaciones de los ventiladores de escritorio al por mayor<\/h3><figure class=\"wp-block-table\"><table class=\"has-fixed-layout\"><tbody><tr><td rowspan=\"2\">Modelo<\/td><td rowspan=\"2\">Potencia\uff08W\uff09<\/td><td rowspan=\"2\">Tensi\u00f3n\uff08V\uff09<\/td><td rowspan=\"2\">Velocidad<\/td><td rowspan=\"2\">G.W.\uff08g\uff09<\/td><td rowspan=\"2\">Tama\u00f1o del producto\uff08mm\uff09<\/td><td rowspan=\"2\">Tama\u00f1o del embalaje\uff08mm\uff09<\/td><td rowspan=\"2\">Tama\u00f1o de la caja\uff08mm\uff09<\/td><td rowspan=\"2\">Embalaje Q'ty\uff08pc\uff09<\/td><td rowspan=\"2\">Cart\u00f3n G.W.\uff08kg\uff09<\/td><td rowspan=\"2\">Alimentaci\u00f3n<\/td><td rowspan=\"2\">Capacidad de la bater\u00eda<\/td><td colspan=\"2\">Tipo de carga<\/td><\/tr><tr><td>20GP<\/td><td>40HQ<\/td><\/tr><tr><td>F03<\/td><td>5<\/td><td>5<\/td><td>5<\/td><td>440<\/td><td>210*220*230<\/td><td>216*58*216<\/td><td>600*447*462<\/td><td>40<\/td><td>19.6<\/td><td>Tipo-C\/Bater\u00eda<\/td><td>1800mh<\/td><td>9040<\/td><td>21960<\/td><\/tr><\/tbody><\/table><\/figure><div class=\"wp-block-columns is-layout-flex wp-container-core-columns-is-layout-9d6595d7 wp-block-columns-is-layout-flex\"><div class=\"wp-block-column is-layout-flow wp-block-column-is-layout-flow\" style=\"flex-basis:50%\"><h3 class=\"wp-block-heading has-text-align-left\">Ventajas de los ventiladores de sobremesa al por mayor<\/h3>\n\n<ul class=\"wp-block-list\"><li><strong>Aplicaci\u00f3n multiescenario: <\/strong>Nuestros ventiladores de escritorio de color rosa al por mayor admiten la colocaci\u00f3n en el escritorio, la suspensi\u00f3n en la pared y el uso en ganchos. Ya sea en casa, oficina o escenas al aire libre, se puede adaptar f\u00e1cilmente para ofrecerle una experiencia fresca en cualquier momento y en cualquier lugar.<\/li>\n\n<li><strong>Velocidad del viento de 5 velocidades y doble ajuste de la luz:<\/strong> Nuestro ventilador port\u00e1til a granel esta equipado con 5 velocidades de ajuste de la velocidad del viento, ofreciendo una variedad de opciones desde viento suave hasta viento fuerte para satisfacer las necesidades de diferentes ambientes. El ventilador esta equipado con doble fuente de luz, la luz blanca frontal se utiliza para la iluminacion diaria, y la luz tibia de la base crea una atmosfera calida. El brillo se puede ajustar de forma continua, lo que resulta m\u00e1s pr\u00e1ctico.<\/li>\n\n<li><strong>Aromaterapia y soporte l\u00edquido multifuncional: <\/strong>El dise\u00f1o especial de estos ventiladores de escritorio al por mayor permite la adici\u00f3n de l\u00edquido de aromaterapia, l\u00edquido repelente de mosquitos o desinfectante, que no s\u00f3lo a\u00f1ade aire fresco, sino que tambi\u00e9n proporciona repelente de mosquitos y los efectos de esterilizaci\u00f3n, a\u00f1adiendo m\u00e1s opciones funcionales para el hogar o el uso de salida.<\/li>\n\n<li><strong>Dise\u00f1o plegable y port\u00e1til, f\u00e1cil de guardar: <\/strong>Este ventilador port\u00e1til a granel adopta un dise\u00f1o compacto, admite almacenamiento plegable, es f\u00e1cil de transportar, ahorra espacio y resulta pr\u00e1ctico para viajes, la oficina y el uso diario en el hogar. Es un mini ventilador que combina funcionalidad y comodidad.<\/li><\/ul><\/div>\n\n<div class=\"wp-block-column is-layout-flow wp-block-column-is-layout-flow\"><figure class=\"wp-block-image size-full\"><img decoding=\"async\" width=\"800\" height=\"800\" src=\"https:\/\/www.gdwanjiada.net\/wp-content\/uploads\/2024\/09\/Bulk-Portable-Fans-Wholesale-Desk-Fans-With-Dual-Light-7.webp\" alt=\"Ventiladores Port\u00e1tiles Al Por Mayor, Ventiladores De Escritorio Con Doble Luz-7\" class=\"wp-image-764\" srcset=\"https:\/\/www.gdwanjiada.net\/wp-content\/uploads\/2024\/09\/Bulk-Portable-Fans-Wholesale-Desk-Fans-With-Dual-Light-7.webp 800w, https:\/\/www.gdwanjiada.net\/wp-content\/uploads\/2024\/09\/Bulk-Portable-Fans-Wholesale-Desk-Fans-With-Dual-Light-7-300x300.webp 300w, https:\/\/www.gdwanjiada.net\/wp-content\/uploads\/2024\/09\/Bulk-Portable-Fans-Wholesale-Desk-Fans-With-Dual-Light-7-150x150.webp 150w, https:\/\/www.gdwanjiada.net\/wp-content\/uploads\/2024\/09\/Bulk-Portable-Fans-Wholesale-Desk-Fans-With-Dual-Light-7-768x768.webp 768w, https:\/\/www.gdwanjiada.net\/wp-content\/uploads\/2024\/09\/Bulk-Portable-Fans-Wholesale-Desk-Fans-With-Dual-Light-7-600x600.webp 600w, https:\/\/www.gdwanjiada.net\/wp-content\/uploads\/2024\/09\/Bulk-Portable-Fans-Wholesale-Desk-Fans-With-Dual-Light-7-100x100.webp 100w\" sizes=\"(max-width: 800px) 100vw, 800px\" \/><\/figure><\/div><\/div>","protected":false},"excerpt":{"rendered":"<p>Bienvenido a comprar ventilador port\u00e1til al por mayor. Este ventilador de escritorio rosa al por mayor soporta m\u00faltiples escenarios, con 5 velocidades de viento, doble ajuste de fuente de luz y funci\u00f3n de aromaterapia, y es ligero y plegable, f\u00e1cil de transportar y almacenar. Ya sea en el hogar diario, en el entorno de oficina o en viajes al aire libre, puede proporcionarle una experiencia multifuncional fresca, c\u00f3moda y pr\u00e1ctica, y es un compa\u00f1ero ideal para la vida moderna.<\/p>\n<h2>Caracter\u00edsticas del producto\uff1a<\/h2>\n<ul>\n<li>M\u00faltiples escenarios, como sobremesa, colgado en la pared, colgado, etc.<\/li>\n<li>5 velocidades de viento ajustable, doble ajuste de la luz, la parte delantera es de luz blanca y la base es de luz c\u00e1lida<\/li>\n<li>El centro puede a\u00f1adir aromaterapia, l\u00edquido repelente y l\u00edquido desinfectante<\/li>\n<li>Dise\u00f1o compacto para transportarlo f\u00e1cilmente y guardarlo plegado sin ocupar espacio<\/li>\n<li>Pantalla de visualizaci\u00f3n= Ajuste de la velocidad del aire + Atenuaci\u00f3n sin escalonamiento + Cantidad el\u00e9ctrica.<\/li>\n<\/ul>","protected":false},"featured_media":759,"comment_status":"closed","ping_status":"closed","template":"","meta":{"_acf_changed":false},"product_brand":[],"product_cat":[23],"product_tag":[],"class_list":{"0":"post-1542","1":"product","2":"type-product","3":"status-publish","4":"has-post-thumbnail","6":"product_cat-wholesale-portable-fans","8":"first","9":"instock","10":"shipping-taxable","11":"product-type-simple"},"acf":[],"_links":{"self":[{"href":"https:\/\/www.gdwanjiada.net\/es\/wp-json\/wp\/v2\/product\/1542","targetHints":{"allow":["GET"]}}],"collection":[{"href":"https:\/\/www.gdwanjiada.net\/es\/wp-json\/wp\/v2\/product"}],"about":[{"href":"https:\/\/www.gdwanjiada.net\/es\/wp-json\/wp\/v2\/types\/product"}],"replies":[{"embeddable":true,"href":"https:\/\/www.gdwanjiada.net\/es\/wp-json\/wp\/v2\/comments?post=1542"}],"wp:featuredmedia":[{"embeddable":true,"href":"https:\/\/www.gdwanjiada.net\/es\/wp-json\/wp\/v2\/media\/759"}],"wp:attachment":[{"href":"https:\/\/www.gdwanjiada.net\/es\/wp-json\/wp\/v2\/media?parent=1542"}],"wp:term":[{"taxonomy":"product_brand","embeddable":true,"href":"https:\/\/www.gdwanjiada.net\/es\/wp-json\/wp\/v2\/product_brand?post=1542"},{"taxonomy":"product_cat","embeddable":true,"href":"https:\/\/www.gdwanjiada.net\/es\/wp-json\/wp\/v2\/product_cat?post=1542"},{"taxonomy":"product_tag","embeddable":true,"href":"https:\/\/www.gdwanjiada.net\/es\/wp-json\/wp\/v2\/product_tag?post=1542"}],"curies":[{"name":"wp","href":"https:\/\/api.w.org\/{rel}","templated":true}]}}