{"id":1493,"date":"2024-12-11T07:38:53","date_gmt":"2024-12-11T07:38:53","guid":{"rendered":"https:\/\/www.gdwanjiada.net\/?post_type=product&#038;p=1493"},"modified":"2024-12-11T07:38:54","modified_gmt":"2024-12-11T07:38:54","slug":"commercial-portable-air-purifier","status":"publish","type":"product","link":"https:\/\/www.gdwanjiada.net\/es\/producto\/commercial-portable-air-purifier\/","title":{"rendered":"Purificador de aire port\u00e1til comercial al por mayor para polvo y humo"},"content":{"rendered":"<h3 class=\"wp-block-heading has-text-align-center\">Especificaciones del purificador de aire port\u00e1til comercial<\/h3><figure class=\"wp-block-table\"><table class=\"has-fixed-layout\"><tbody><tr><td rowspan=\"2\">Modelo<\/td><td rowspan=\"2\">Potencia(w)<\/td><td rowspan=\"2\">Volt\/Freq<\/td><td rowspan=\"2\">Superficie aplicable(\u33a1)<\/td><td rowspan=\"2\">Dep\u00f3sito de agua (L)<\/td><td rowspan=\"2\">Capacidad de evaporaci\u00f3n (ml\/h)<\/td><td rowspan=\"2\">Tama\u00f1o del producto<br>(mm)<\/td><td rowspan=\"2\">Tama\u00f1o del embalaje<br>(mm)<\/td><td rowspan=\"2\">N.W. (kg)<\/td><td rowspan=\"2\">G.W. (kg)<\/td><td colspan=\"2\">Carga Ctd.<\/td><\/tr><tr><td>20'GP<\/td><td>40'HQ<\/td><\/tr><tr><td>WJD8050B<\/td><td>55<\/td><td>220V\/50Hz<\/td><td>30<\/td><td>\/<\/td><td>\/<\/td><td>250*250*460<\/td><td>295*295*520<\/td><td>3.8<\/td><td>4.8<\/td><td>680<\/td><td>1600<\/td><\/tr><\/tbody><\/table><\/figure><div class=\"wp-block-columns is-layout-flex wp-container-core-columns-is-layout-9d6595d7 wp-block-columns-is-layout-flex\"><div class=\"wp-block-column is-layout-flow wp-block-column-is-layout-flow\" style=\"flex-basis:50%\"><h3 class=\"wp-block-heading has-text-align-left\">Ventajas del purificador de aire port\u00e1til comercial<\/h3>\n\n<ul class=\"wp-block-list\"><li><strong>Mando a distancia por infrarrojos y panel t\u00e1ctil: <\/strong>Este purificador de aire port\u00e1til comercial al por mayor no s\u00f3lo tiene un panel t\u00e1ctil intuitivo que resulta c\u00f3modo y r\u00e1pido de manejar, sino que tambi\u00e9n admite mando a distancia por infrarrojos. Los usuarios pueden controlar f\u00e1cilmente el dispositivo desde cualquier posici\u00f3n en la habitaci\u00f3n, mejorando la comodidad operativa.<\/li>\n\n<li><strong>Detecci\u00f3n inteligente de la calidad del aire: <\/strong>Nuestros purificadores de aire al por mayor con control remoto vienen equipados con sensores inteligentes en el interior, que detectan directamente la calidad del aire, mientras que la informaci\u00f3n sobre la temperatura y la humedad se muestra directamente en la pantalla para un reconocimiento intuitivo de la calidad del aire interior, ajustando as\u00ed a tiempo la purificaci\u00f3n para asegurarse de que el aire es fresco y saludable.<\/li>\n\n<li><strong>Funci\u00f3n de purificaci\u00f3n de iones negativos: <\/strong>La funci\u00f3n de iones negativos de nuestro purificador de aire port\u00e1til comercial al por mayor es capaz de capturar sustancias y part\u00edculas nocivas en el aire y purificarlo para eliminar sustancias nocivas como el formaldeh\u00eddo, aumentando as\u00ed la calidad del aire interior y haci\u00e9ndolo saludable para respirar.<\/li>\n\n<li><strong>Dise\u00f1o de asa oculta y panel trasero desmontable:<\/strong> Nuestros purificadores de aire al por mayor vienen con un asa oculta para que los usuarios puedan moverlos c\u00f3modamente en diversos entornos, tanto en casa como en la oficina. El panel trasero desmontable permite al usuario limpiar f\u00e1cilmente el elemento filtrante para mantener una purificaci\u00f3n duradera y el rendimiento del equipo.<\/li><\/ul><\/div>\n\n<div class=\"wp-block-column is-layout-flow wp-block-column-is-layout-flow\"><figure class=\"wp-block-image size-full\"><img decoding=\"async\" width=\"1126\" height=\"1126\" src=\"https:\/\/www.gdwanjiada.net\/wp-content\/uploads\/2024\/12\/best-air-purifier-with-remote-control-7.webp\" alt=\"Purificador De Aire Port\u00e1til Comercial Al Por Mayor Para Polvo Y Humo-1\" class=\"wp-image-1500\" srcset=\"https:\/\/www.gdwanjiada.net\/wp-content\/uploads\/2024\/12\/best-air-purifier-with-remote-control-7.webp 1126w, https:\/\/www.gdwanjiada.net\/wp-content\/uploads\/2024\/12\/best-air-purifier-with-remote-control-7-300x300.webp 300w, https:\/\/www.gdwanjiada.net\/wp-content\/uploads\/2024\/12\/best-air-purifier-with-remote-control-7-150x150.webp 150w, https:\/\/www.gdwanjiada.net\/wp-content\/uploads\/2024\/12\/best-air-purifier-with-remote-control-7-768x768.webp 768w, https:\/\/www.gdwanjiada.net\/wp-content\/uploads\/2024\/12\/best-air-purifier-with-remote-control-7-12x12.webp 12w, https:\/\/www.gdwanjiada.net\/wp-content\/uploads\/2024\/12\/best-air-purifier-with-remote-control-7-600x600.webp 600w, https:\/\/www.gdwanjiada.net\/wp-content\/uploads\/2024\/12\/best-air-purifier-with-remote-control-7-100x100.webp 100w\" sizes=\"(max-width: 1126px) 100vw, 1126px\" \/><\/figure><\/div><\/div>","protected":false},"excerpt":{"rendered":"<p>Bienvenido a comprar purificador de aire port\u00e1til comercial al por mayor de f\u00e1brica. Nuestros purificadores de aire por mayor son detectores inteligentes de calidad del aire, purificadores de iones negativos con pantalla de temperatura y humedad, pueden eliminar eficazmente el formaldeh\u00eddo y otras sustancias nocivas para mejorar la calidad del aire interior.<\/p>\n<h2>Caracter\u00edsticas del producto\uff1a<\/h2>\n<ul>\n<li>Panel de control t\u00e1ctil, mando a distancia por infrarrojos.<\/li>\n<li>Detecci\u00f3n inteligente de la calidad del aire, visualizaci\u00f3n de la temperatura y la humedad.<\/li>\n<li>Funci\u00f3n ani\u00f3nica, purifica el aire.<\/li>\n<li>Asa oculta, f\u00e1cil de transportar.<\/li>\n<li>Panel trasero extra\u00edble, f\u00e1cil limpieza del elemento filtrante.<\/li>\n<li>Purificaci\u00f3n\/Eliminaci\u00f3n del formaldeh\u00eddo.<\/li>\n<\/ul>","protected":false},"featured_media":1494,"comment_status":"closed","ping_status":"closed","template":"","meta":{"_acf_changed":false},"product_brand":[],"product_cat":[25],"product_tag":[],"class_list":{"0":"post-1493","1":"product","2":"type-product","3":"status-publish","4":"has-post-thumbnail","6":"product_cat-wholesale-air-purifiers","8":"first","9":"instock","10":"shipping-taxable","11":"product-type-simple"},"acf":[],"_links":{"self":[{"href":"https:\/\/www.gdwanjiada.net\/es\/wp-json\/wp\/v2\/product\/1493","targetHints":{"allow":["GET"]}}],"collection":[{"href":"https:\/\/www.gdwanjiada.net\/es\/wp-json\/wp\/v2\/product"}],"about":[{"href":"https:\/\/www.gdwanjiada.net\/es\/wp-json\/wp\/v2\/types\/product"}],"replies":[{"embeddable":true,"href":"https:\/\/www.gdwanjiada.net\/es\/wp-json\/wp\/v2\/comments?post=1493"}],"wp:featuredmedia":[{"embeddable":true,"href":"https:\/\/www.gdwanjiada.net\/es\/wp-json\/wp\/v2\/media\/1494"}],"wp:attachment":[{"href":"https:\/\/www.gdwanjiada.net\/es\/wp-json\/wp\/v2\/media?parent=1493"}],"wp:term":[{"taxonomy":"product_brand","embeddable":true,"href":"https:\/\/www.gdwanjiada.net\/es\/wp-json\/wp\/v2\/product_brand?post=1493"},{"taxonomy":"product_cat","embeddable":true,"href":"https:\/\/www.gdwanjiada.net\/es\/wp-json\/wp\/v2\/product_cat?post=1493"},{"taxonomy":"product_tag","embeddable":true,"href":"https:\/\/www.gdwanjiada.net\/es\/wp-json\/wp\/v2\/product_tag?post=1493"}],"curies":[{"name":"wp","href":"https:\/\/api.w.org\/{rel}","templated":true}]}}