{"id":1485,"date":"2024-12-11T07:26:56","date_gmt":"2024-12-11T07:26:56","guid":{"rendered":"https:\/\/www.gdwanjiada.net\/?post_type=product&#038;p=1485"},"modified":"2024-12-11T07:26:57","modified_gmt":"2024-12-11T07:26:57","slug":"commercial-air-purifier","status":"publish","type":"product","link":"https:\/\/www.gdwanjiada.net\/es\/producto\/commercial-air-purifier\/","title":{"rendered":"Inteligente purificador de aire comercial al por mayor con ventilador para habitaci\u00f3n grande"},"content":{"rendered":"<h3 class=\"wp-block-heading has-text-align-center\">Especificaciones del purificador de aire comercial<\/h3><figure class=\"wp-block-table\"><table class=\"has-fixed-layout\"><tbody><tr><td rowspan=\"2\">Modelo<\/td><td rowspan=\"2\">Potencia(w)<\/td><td rowspan=\"2\">Volt\/Freq<\/td><td rowspan=\"2\">Superficie aplicable(\u33a1)<\/td><td rowspan=\"2\">Dep\u00f3sito de agua (L)<\/td><td rowspan=\"2\">Capacidad de evaporaci\u00f3n (ml\/h)<\/td><td rowspan=\"2\">Tama\u00f1o del producto<br>(mm)<\/td><td rowspan=\"2\">Tama\u00f1o del embalaje<br>(mm)<\/td><td rowspan=\"2\">N.W. (kg)<\/td><td rowspan=\"2\">G.W. (kg)<\/td><td colspan=\"2\">Carga Ctd.<\/td><\/tr><tr><td>20'GP<\/td><td>40'HQ<\/td><\/tr><tr><td>WJD8060B<\/td><td>55<\/td><td>220V\/50Hz<\/td><td>60<\/td><td>\/<\/td><td>\/<\/td><td>250*250*610<\/td><td>295*295*660<\/td><td>4.9<\/td><td>5.9<\/td><td>520<\/td><td>1280<\/td><\/tr><\/tbody><\/table><\/figure><div class=\"wp-block-columns is-layout-flex wp-container-core-columns-is-layout-9d6595d7 wp-block-columns-is-layout-flex\"><div class=\"wp-block-column is-layout-flow wp-block-column-is-layout-flow\" style=\"flex-basis:50%\"><h3 class=\"wp-block-heading has-text-align-left\">Ventajas del purificador de aire comercial<\/h3>\n\n<ul class=\"wp-block-list\"><li><strong>Funcionamiento t\u00e1ctil inteligente y con mando a distancia:<\/strong> Nuestro purificador de aire comercial al por mayor est\u00e1 equipado con un panel t\u00e1ctil y un mando a distancia. F\u00e1cil dispositivo de control, ajustar la velocidad del viento o la funci\u00f3n de interruptor a la propia exigencia, y operar con mucha comodidad.<\/li>\n\n<li><strong>Detecci\u00f3n inteligente de la calidad del aire: <\/strong>Disponemos de un sistema inteligente de detecci\u00f3n de la calidad del aire de primera categor\u00eda integrado en nuestros mejores purificadores de aire inteligentes al por mayor que puede proporcionar de forma eficaz un control de la calidad del aire interior en tiempo real y ajustar el modo de funcionamiento autom\u00e1ticamente para obtener aire fresco y limpio en su entorno interior.<\/li>\n\n<li><strong>Ajuste de la velocidad del viento en tres velocidades:<\/strong> Este purificador de aire comercial al por mayor para el dormitorio posee tres velocidades de viento. Diferentes necesidades ambientales pueden ser satisfechas por los usuarios del purificador de aire mientras se ajusta la velocidad del viento para sentirse c\u00f3modo en la circulaci\u00f3n del aire.<\/li>\n\n<li><strong>Purificaci\u00f3n eficaz + eliminaci\u00f3n de formaldeh\u00eddo + funci\u00f3n de ventilador: <\/strong>Nuestro purificador de aire inteligente al por mayor con filtro lavable est\u00e1 equipado con un filtro H11, que es potente en la purificaci\u00f3n del aire para eliminar el formaldeh\u00eddo y sustancias nocivas, y sus funciones de ventilador hacen que el aire sea fresco y natural.<\/li><\/ul><\/div>\n\n<div class=\"wp-block-column is-layout-flow wp-block-column-is-layout-flow\"><figure class=\"wp-block-image size-full\"><img decoding=\"async\" width=\"800\" height=\"800\" src=\"https:\/\/www.gdwanjiada.net\/wp-content\/uploads\/2024\/12\/Best-Air-Purifier-with-washable-H11-Filter-for-Large-Room-7.webp\" alt=\"Inteligente purificador de aire comercial al por mayor con ventilador para habitaci\u00f3n grande-1\" class=\"wp-image-1492\" srcset=\"https:\/\/www.gdwanjiada.net\/wp-content\/uploads\/2024\/12\/Best-Air-Purifier-with-washable-H11-Filter-for-Large-Room-7.webp 800w, https:\/\/www.gdwanjiada.net\/wp-content\/uploads\/2024\/12\/Best-Air-Purifier-with-washable-H11-Filter-for-Large-Room-7-300x300.webp 300w, https:\/\/www.gdwanjiada.net\/wp-content\/uploads\/2024\/12\/Best-Air-Purifier-with-washable-H11-Filter-for-Large-Room-7-150x150.webp 150w, https:\/\/www.gdwanjiada.net\/wp-content\/uploads\/2024\/12\/Best-Air-Purifier-with-washable-H11-Filter-for-Large-Room-7-768x768.webp 768w, https:\/\/www.gdwanjiada.net\/wp-content\/uploads\/2024\/12\/Best-Air-Purifier-with-washable-H11-Filter-for-Large-Room-7-12x12.webp 12w, https:\/\/www.gdwanjiada.net\/wp-content\/uploads\/2024\/12\/Best-Air-Purifier-with-washable-H11-Filter-for-Large-Room-7-600x600.webp 600w, https:\/\/www.gdwanjiada.net\/wp-content\/uploads\/2024\/12\/Best-Air-Purifier-with-washable-H11-Filter-for-Large-Room-7-100x100.webp 100w\" sizes=\"(max-width: 800px) 100vw, 800px\" \/><\/figure><\/div><\/div>","protected":false},"excerpt":{"rendered":"<p>Bienvenido a comprar purificadores de aire comerciales al por mayor del fabricante. Nuestro purificador de aire inteligente al por mayor integra operaciones t\u00e1ctiles y de control remoto, y est\u00e1 equipado con un sistema inteligente de detecci\u00f3n de la calidad del aire para garantizar la monitorizaci\u00f3n en tiempo real y la optimizaci\u00f3n de la calidad del aire. El dise\u00f1o de la cubierta trasera desmontable facilita la limpieza del elemento filtrante y es una soluci\u00f3n ideal para la purificaci\u00f3n del aire interior.<\/p>\n<h2>Caracter\u00edsticas del producto\uff1a<\/h2>\n<ul>\n<li>Panel de control t\u00e1ctil, mando a distancia por infrarrojos.<\/li>\n<li>Detecci\u00f3n inteligente de la calidad del aire, visualizaci\u00f3n de la temperatura y la humedad.<\/li>\n<li>Viento de tres velocidades para elegir.<\/li>\n<li>Izquierda-derecha mediante giro autom\u00e1tico, Arriba-abajo mediante ajuste del \u00e1ngulo direccional (0\u00b0\/30\u00b0\/60\u00b0\/90\u00b0) del ventilador de circulaci\u00f3n de aire.<\/li>\n<li>Viento fuerte para hacer circular el aire, suministro de aire de 8 m, compa\u00f1\u00eda de aire acondicionado.<\/li>\n<li>Funci\u00f3n ani\u00f3nica, purifica el aire.<\/li>\n<li>Asa oculta, f\u00e1cil de transportar.<\/li>\n<li>Panel trasero extra\u00edble, para facilitar la limpieza del elemento filtrante.<\/li>\n<li>Purificaci\u00f3n\/Eliminaci\u00f3n de formaldeh\u00eddo + ventilador<\/li>\n<\/ul>","protected":false},"featured_media":1486,"comment_status":"closed","ping_status":"closed","template":"","meta":{"_acf_changed":false},"product_brand":[],"product_cat":[25],"product_tag":[],"class_list":{"0":"post-1485","1":"product","2":"type-product","3":"status-publish","4":"has-post-thumbnail","6":"product_cat-wholesale-air-purifiers","8":"first","9":"instock","10":"shipping-taxable","11":"product-type-simple"},"acf":[],"_links":{"self":[{"href":"https:\/\/www.gdwanjiada.net\/es\/wp-json\/wp\/v2\/product\/1485","targetHints":{"allow":["GET"]}}],"collection":[{"href":"https:\/\/www.gdwanjiada.net\/es\/wp-json\/wp\/v2\/product"}],"about":[{"href":"https:\/\/www.gdwanjiada.net\/es\/wp-json\/wp\/v2\/types\/product"}],"replies":[{"embeddable":true,"href":"https:\/\/www.gdwanjiada.net\/es\/wp-json\/wp\/v2\/comments?post=1485"}],"wp:featuredmedia":[{"embeddable":true,"href":"https:\/\/www.gdwanjiada.net\/es\/wp-json\/wp\/v2\/media\/1486"}],"wp:attachment":[{"href":"https:\/\/www.gdwanjiada.net\/es\/wp-json\/wp\/v2\/media?parent=1485"}],"wp:term":[{"taxonomy":"product_brand","embeddable":true,"href":"https:\/\/www.gdwanjiada.net\/es\/wp-json\/wp\/v2\/product_brand?post=1485"},{"taxonomy":"product_cat","embeddable":true,"href":"https:\/\/www.gdwanjiada.net\/es\/wp-json\/wp\/v2\/product_cat?post=1485"},{"taxonomy":"product_tag","embeddable":true,"href":"https:\/\/www.gdwanjiada.net\/es\/wp-json\/wp\/v2\/product_tag?post=1485"}],"curies":[{"name":"wp","href":"https:\/\/api.w.org\/{rel}","templated":true}]}}