{"id":1432,"date":"2024-12-07T08:10:21","date_gmt":"2024-12-07T08:10:21","guid":{"rendered":"https:\/\/www.gdwanjiada.net\/?post_type=product&#038;p=1432"},"modified":"2024-12-07T08:10:22","modified_gmt":"2024-12-07T08:10:22","slug":"bulk-air-cooler","status":"publish","type":"product","link":"https:\/\/www.gdwanjiada.net\/es\/producto\/bulk-air-cooler\/","title":{"rendered":"Enfriador de aire a granel port\u00e1til industrial 80L, Enfriador de aire evaporativo al por mayor"},"content":{"rendered":"<h3 class=\"wp-block-heading has-text-align-center\">Especificaciones del refrigerador de aire a granel<\/h3><figure class=\"wp-block-table\"><table class=\"has-fixed-layout\"><tbody><tr><td rowspan=\"2\">Modelo<\/td><td rowspan=\"2\">Potencia (W)&nbsp;<\/td><td colspan=\"3\">Caudal de aire (m\u00b3\/h)<\/td><td rowspan=\"2\">Capacidad del dep\u00f3sito de agua (L)<\/td><td colspan=\"3\">Tama\u00f1o del producto (mm)&nbsp;<\/td><td rowspan=\"2\">Tama\u00f1o del panel de refrigeraci\u00f3n (mm)<\/td><td rowspan=\"2\">Embalaje<\/td><td rowspan=\"2\">N.W.\/ G.W. (kg)&nbsp;&nbsp;<\/td><td rowspan=\"2\">Tama\u00f1o del embalaje (mm)&nbsp;<\/td><td colspan=\"2\">Cantidad de carga<\/td><\/tr><tr><td>H<\/td><td>M<\/td><td>L<\/td><td>L<\/td><td>W<\/td><td>H<\/td><td>20'GP<\/td><td>40'HQ<\/td><\/tr><tr><td>WJD8000F-2Z<\/td><td>200<\/td><td>8000<\/td><td>6000<\/td><td>3500<\/td><td>80.0<\/td><td>680<\/td><td>410<\/td><td>1250<\/td><td>75*520*690<\/td><td>1 unidad<\/td><td>18\/21<\/td><td>695*460*980<\/td><td>98<\/td><td>230<\/td><\/tr><\/tbody><\/table><\/figure><div class=\"wp-block-columns is-layout-flex wp-container-core-columns-is-layout-9d6595d7 wp-block-columns-is-layout-flex\"><div class=\"wp-block-column is-layout-flow wp-block-column-is-layout-flow\" style=\"flex-basis:50%\"><h3 class=\"wp-block-heading has-text-align-left\">Ventajas del enfriador de aire a granel<\/h3>\n\n<ul class=\"wp-block-list\"><li><strong>Gran volumen de aire y bajo nivel de ruido: <\/strong>Con su impulsor de flujo axial de gran di\u00e1metro, este enfriador industrial de aire a granel garantiza un gran volumen de aire y es adecuado para cubrir grandes espacios industriales como almacenes. Adem\u00e1s, esta m\u00e1quina garantiza que los niveles de ruido se mantengan bajos durante las operaciones para garantizar una refrigeraci\u00f3n eficaz a la vez que se asegura la tranquilidad en el entorno de trabajo.<\/li>\n\n<li><strong>Funcionamiento y mantenimiento sin esfuerzo: <\/strong>Nuestro enfriador de aire evaporativo industrial al por mayor est\u00e1 equipado con un tanque de agua de gran capacidad con un dise\u00f1o de embalaje invertido para un transporte rentable y que ahorra espacio. El dise\u00f1o dividido del tanque permite un desmontaje y mantenimiento convenientes, prolonga efectivamente el tiempo de funcionamiento, reduce la molestia de la adici\u00f3n frecuente de agua, y cumple con las demandas de uso en sitios industriales durante mucho tiempo.<\/li>\n\n<li><strong>Dise\u00f1o abatible superior: <\/strong>Los usuarios pueden a\u00f1adir f\u00e1cilmente agua, cubitos de hielo o cristales de hielo para mejorar a\u00fan m\u00e1s el efecto de refrigeraci\u00f3n y mantener fresco el entorno industrial caliente.<\/li>\n\n<li><strong>Pantalla antipolvo extra\u00edble:<\/strong> Nuestro enfriador de aire evaporativo industrial al por mayor de primera categor\u00eda est\u00e1 equipado con una pantalla antipolvo desmontable, que permite a los usuarios limpiarlo f\u00e1cilmente con regularidad para garantizar que el equipo siga siendo eficiente durante mucho tiempo, el aire sea fresco y sea m\u00e1s adecuado para su uso en entornos industriales.<\/li><\/ul><\/div>\n\n<div class=\"wp-block-column is-layout-flow wp-block-column-is-layout-flow\"><figure class=\"wp-block-image size-full\"><img decoding=\"async\" width=\"1126\" height=\"1126\" src=\"https:\/\/www.gdwanjiada.net\/wp-content\/uploads\/2024\/12\/80L-evaporative-outdoor-swamp-coolers-for-patio-wholesale-4.webp\" alt=\"Enfriador de Aire Industrial Port\u00e1til a Granel 80L, Enfriador de Aire Evaporativo al por Mayor-5\" class=\"wp-image-1436\" srcset=\"https:\/\/www.gdwanjiada.net\/wp-content\/uploads\/2024\/12\/80L-evaporative-outdoor-swamp-coolers-for-patio-wholesale-4.webp 1126w, https:\/\/www.gdwanjiada.net\/wp-content\/uploads\/2024\/12\/80L-evaporative-outdoor-swamp-coolers-for-patio-wholesale-4-300x300.webp 300w, https:\/\/www.gdwanjiada.net\/wp-content\/uploads\/2024\/12\/80L-evaporative-outdoor-swamp-coolers-for-patio-wholesale-4-150x150.webp 150w, https:\/\/www.gdwanjiada.net\/wp-content\/uploads\/2024\/12\/80L-evaporative-outdoor-swamp-coolers-for-patio-wholesale-4-768x768.webp 768w, https:\/\/www.gdwanjiada.net\/wp-content\/uploads\/2024\/12\/80L-evaporative-outdoor-swamp-coolers-for-patio-wholesale-4-12x12.webp 12w, https:\/\/www.gdwanjiada.net\/wp-content\/uploads\/2024\/12\/80L-evaporative-outdoor-swamp-coolers-for-patio-wholesale-4-600x600.webp 600w, https:\/\/www.gdwanjiada.net\/wp-content\/uploads\/2024\/12\/80L-evaporative-outdoor-swamp-coolers-for-patio-wholesale-4-100x100.webp 100w\" sizes=\"(max-width: 1126px) 100vw, 1126px\" \/><\/figure><\/div><\/div><p><\/p>","protected":false},"excerpt":{"rendered":"<p>Bienvenido a comprar enfriadores de aire por evaporaci\u00f3n al por mayor. Nuestro enfriador de aire industrial a granel est\u00e1 equipado con un impulsor de flujo axial de gran di\u00e1metro. Equipado con un tanque de agua de 80L, proporcionando un soporte de refrigeraci\u00f3n a largo plazo.<\/p>\n<h2>Caracter\u00edsticas del producto\uff1a<\/h2>\n<ul>\n<li>Integra funciones de refrigeraci\u00f3n, humidificaci\u00f3n y purificaci\u00f3n, y es una m\u00e1quina polivalente.<\/li>\n<li>Utiliza una entrada de aire de tres lados y cortinas h\u00famedas de enfriamiento evaporativo de alta eficiencia, y el efecto de enfriamiento es m\u00e1s obvio.<\/li>\n<li>Funci\u00f3n manual de subida y bajada, funci\u00f3n autom\u00e1tica de balanceo a izquierda y derecha, tres opciones de velocidad de viento.<\/li>\n<li>Impulsor de flujo axial de gran di\u00e1metro, gran volumen de aire, bajo nivel de ruido.<\/li>\n<li>Dep\u00f3sito de agua dividido de gran capacidad, f\u00e1cil de limpiar.<\/li>\n<li>La parte superior del fuselaje se puede voltear para a\u00f1adir agua, hielo y cristales de hielo para enfriarlo.<\/li>\n<li>Red antipolvo extra\u00edble para facilitar la limpieza.<\/li>\n<li>La rueda delantera tiene una funci\u00f3n de bloqueo de freno, que es conveniente para mover y colocar.<\/li>\n<li>La bomba sumergible dispone de m\u00faltiples funciones de protecci\u00f3n, agua suficiente y seguridad garantizada.<\/li>\n<li>Motor de cobre puro.<\/li>\n<li>El embalaje invertido del dep\u00f3sito de agua ahorra espacio y costes durante el transporte.<\/li>\n<li>Funci\u00f3n de barra de ox\u00edgeno de iones negativos, aumenta el ox\u00edgeno activo y purifica el aire.<\/li>\n<li>Funci\u00f3n de apagado autom\u00e1tico temporizado de 1 a 12 horas.<\/li>\n<li>Tres tipos de viento para elegir: imitaci\u00f3n de viento natural, viento del sue\u00f1o y viento est\u00e1ndar.<\/li>\n<\/ul>","protected":false},"featured_media":1433,"comment_status":"closed","ping_status":"closed","template":"","meta":{"_acf_changed":false},"product_brand":[],"product_cat":[26],"product_tag":[29],"class_list":{"0":"post-1432","1":"product","2":"type-product","3":"status-publish","4":"has-post-thumbnail","6":"product_cat-wholesale-air-coolers","7":"product_tag-wholesale-industrial-evaporative-air-coolers","9":"first","10":"instock","11":"shipping-taxable","12":"product-type-simple"},"acf":[],"_links":{"self":[{"href":"https:\/\/www.gdwanjiada.net\/es\/wp-json\/wp\/v2\/product\/1432","targetHints":{"allow":["GET"]}}],"collection":[{"href":"https:\/\/www.gdwanjiada.net\/es\/wp-json\/wp\/v2\/product"}],"about":[{"href":"https:\/\/www.gdwanjiada.net\/es\/wp-json\/wp\/v2\/types\/product"}],"replies":[{"embeddable":true,"href":"https:\/\/www.gdwanjiada.net\/es\/wp-json\/wp\/v2\/comments?post=1432"}],"wp:featuredmedia":[{"embeddable":true,"href":"https:\/\/www.gdwanjiada.net\/es\/wp-json\/wp\/v2\/media\/1433"}],"wp:attachment":[{"href":"https:\/\/www.gdwanjiada.net\/es\/wp-json\/wp\/v2\/media?parent=1432"}],"wp:term":[{"taxonomy":"product_brand","embeddable":true,"href":"https:\/\/www.gdwanjiada.net\/es\/wp-json\/wp\/v2\/product_brand?post=1432"},{"taxonomy":"product_cat","embeddable":true,"href":"https:\/\/www.gdwanjiada.net\/es\/wp-json\/wp\/v2\/product_cat?post=1432"},{"taxonomy":"product_tag","embeddable":true,"href":"https:\/\/www.gdwanjiada.net\/es\/wp-json\/wp\/v2\/product_tag?post=1432"}],"curies":[{"name":"wp","href":"https:\/\/api.w.org\/{rel}","templated":true}]}}