{"id":1391,"date":"2024-12-03T06:56:05","date_gmt":"2024-12-03T06:56:05","guid":{"rendered":"https:\/\/www.gdwanjiada.net\/?post_type=product&#038;p=1391"},"modified":"2025-01-16T02:25:43","modified_gmt":"2025-01-16T02:25:43","slug":"wholesale-tower-fans","status":"publish","type":"product","link":"https:\/\/www.gdwanjiada.net\/es\/producto\/wholesale-tower-fans\/","title":{"rendered":"Ventiladores de torre de calidad al por mayor, ventiladores sin aspas suministrados de f\u00e1brica"},"content":{"rendered":"<h3 class=\"wp-block-heading has-text-align-center\">Especificaciones de los ventiladores de torre al por mayor<\/h3><figure class=\"wp-block-table\"><table class=\"has-fixed-layout\"><tbody><tr><td rowspan=\"2\">Modelo<\/td><td rowspan=\"2\">Potencia\uff08W\uff09<\/td><td rowspan=\"2\">Tensi\u00f3n\uff08V\uff09<\/td><td rowspan=\"2\">Modo de velocidad<\/td><td rowspan=\"2\">G.W.\uff08g\uff09<\/td><td rowspan=\"2\">Tama\u00f1o del producto\uff08mm\uff09<\/td><td rowspan=\"2\">Tama\u00f1o del embalaje\uff08mm\uff09<\/td><td rowspan=\"2\">Tama\u00f1o de la caja\uff08mm\uff09<\/td><td rowspan=\"2\">Embalaje Q'ty\uff08pc\uff09<\/td><td rowspan=\"2\">Cart\u00f3n G.W.\uff08kg\uff09<\/td><td rowspan=\"2\">Alimentaci\u00f3n<\/td><td rowspan=\"2\">Capacidad de la bater\u00eda<\/td><td colspan=\"2\">Tipo de carga<\/td><\/tr><tr><td>20GP<\/td><td>40HQ<\/td><\/tr><tr><td>X28<\/td><td>5<\/td><td>5<\/td><td>6<\/td><td>882<\/td><td>138*138*370<\/td><td>168*168*363<\/td><td>530*530*745<\/td><td>18<\/td><td>18<\/td><td>Tipo-C\/Bater\u00eda<\/td><td>1800mh<\/td><td>2960<\/td><td>6860<\/td><\/tr><\/tbody><\/table><\/figure><div class=\"wp-block-columns is-layout-flex wp-container-core-columns-is-layout-9d6595d7 wp-block-columns-is-layout-flex\"><div class=\"wp-block-column is-layout-flow wp-block-column-is-layout-flow\" style=\"flex-basis:50%\"><h3 class=\"wp-block-heading has-text-align-left\">Ventajas de los ventiladores de torre al por mayor<\/h3>\n\n<ul class=\"wp-block-list\"><li><strong>Dise\u00f1o sin cuchillas: <\/strong>Nuestros ventiladores de torre al por mayor adoptan el avanzado dise\u00f1o sin aspas que elimina las aspas giratorias de los ventiladores tradicionales, lo que hace que el ventilador sea mucho m\u00e1s seguro, especialmente para hogares con ni\u00f1os y mascotas. Adem\u00e1s, la ausencia de aspas tambi\u00e9n facilita la limpieza, ya que no se acumula polvo en las aspas, como en los ventiladores el\u00e9ctricos antiguos, lo que mantiene la circulaci\u00f3n del aire fresca y saludable.<\/li>\n\n<li><strong>Enfriamiento r\u00e1pido: <\/strong>Aunque no tienen aspas, nuestros ventiladores sin aspas al por mayor pueden proporcionar una fuerza de viento potente y constante para enfriar el ambiente r\u00e1pidamente. Es aplicable para oficinas, salas de estar, dormitorios, etc., y puede traer frescura r\u00e1pida, especialmente en verano caliente o espacio cerrado, para crear una experiencia c\u00f3moda circulaci\u00f3n de aire.<\/li>\n\n<li><strong>Ahorro de espacio: <\/strong>Estos ventiladores de torre al por mayor adoptan el dise\u00f1o de aspecto moderno y sencillo. La forma de torre delgada es para una f\u00e1cil integraci\u00f3n en cualquier hogar, oficina o espacio comercial. No s\u00f3lo tiene un aspecto elegante, pero efectivamente ahorra espacio, lo que es ideal para espacios peque\u00f1os y ayuda a mantener el medio ambiente ordenado.<\/li>\n\n<li><strong>Reducir el consumo de energ\u00eda: <\/strong>Estos ventiladores sin aspas al por mayor tienen motores de alta eficiencia y sistemas de control inteligente para minimizar el consumo de energ\u00eda al tiempo que proporcionan fuertes vientos para ayudarle a ahorrar en las facturas de electricidad. Tiene un modo de ahorro de energ\u00eda que puede optimizar el funcionamiento del ventilador y minimizar el desperdicio in\u00fatil de energ\u00eda, que encaja exactamente con la tendencia moderna de protecci\u00f3n del medio ambiente y se convierte en la primera opci\u00f3n para los consumidores de ahorro de energ\u00eda.<\/li><\/ul><\/div>\n\n<div class=\"wp-block-column is-layout-flow wp-block-column-is-layout-flow\"><figure class=\"wp-block-image size-full\"><img decoding=\"async\" width=\"800\" height=\"800\" src=\"https:\/\/www.gdwanjiada.net\/wp-content\/uploads\/2024\/12\/Quality-Wholesale-Tower-Fans-Factory-Supply-Bladeless-Fans-2.webp\" alt=\"Ventiladores de torre de calidad al por mayor, ventiladores sin aspas suministrados de f\u00e1brica-2\" class=\"wp-image-1393\" srcset=\"https:\/\/www.gdwanjiada.net\/wp-content\/uploads\/2024\/12\/Quality-Wholesale-Tower-Fans-Factory-Supply-Bladeless-Fans-2.webp 800w, https:\/\/www.gdwanjiada.net\/wp-content\/uploads\/2024\/12\/Quality-Wholesale-Tower-Fans-Factory-Supply-Bladeless-Fans-2-300x300.webp 300w, https:\/\/www.gdwanjiada.net\/wp-content\/uploads\/2024\/12\/Quality-Wholesale-Tower-Fans-Factory-Supply-Bladeless-Fans-2-150x150.webp 150w, https:\/\/www.gdwanjiada.net\/wp-content\/uploads\/2024\/12\/Quality-Wholesale-Tower-Fans-Factory-Supply-Bladeless-Fans-2-768x768.webp 768w, https:\/\/www.gdwanjiada.net\/wp-content\/uploads\/2024\/12\/Quality-Wholesale-Tower-Fans-Factory-Supply-Bladeless-Fans-2-12x12.webp 12w, https:\/\/www.gdwanjiada.net\/wp-content\/uploads\/2024\/12\/Quality-Wholesale-Tower-Fans-Factory-Supply-Bladeless-Fans-2-600x600.webp 600w, https:\/\/www.gdwanjiada.net\/wp-content\/uploads\/2024\/12\/Quality-Wholesale-Tower-Fans-Factory-Supply-Bladeless-Fans-2-100x100.webp 100w\" sizes=\"(max-width: 800px) 100vw, 800px\" \/><\/figure><\/div><\/div>","protected":false},"excerpt":{"rendered":"<p>Bienvenido a comprar ventiladores sin aspas al por mayor. Nuestros ventiladores de torre sin aspas al por mayor combinan la eficaz energ\u00eda e\u00f3lica con un dise\u00f1o moderno y sencillo para proporcionar una refrigeraci\u00f3n potente en hogares, oficinas y entornos comerciales. El dise\u00f1o sin aspas garantiza la seguridad y la facilidad de limpieza, y el modo de ahorro de energ\u00eda ayuda a reducir el consumo de energ\u00eda. Es adecuado para compras al por mayor y tiene una gran rentabilidad. Es una opci\u00f3n de ventilador ideal.<\/p>\n<h2>Caracter\u00edsticas del producto\uff1a<\/h2>\n<ul>\n<li>Encendido y apagado con una sola pulsaci\u00f3n.<\/li>\n<li>Sin hojas para suministrar viento.<\/li>\n<li>Velocidad del viento ajustable 5+1.<\/li>\n<li>Pantalla LED de visualizaci\u00f3n de la potencia.<\/li>\n<li>Suministro de aire de 2,5 m, aire circulante.<\/li>\n<li>Material ABS.<\/li>\n<li>Gran capacidad de la bater\u00eda de litio.<\/li>\n<\/ul>","protected":false},"featured_media":1392,"comment_status":"closed","ping_status":"closed","template":"","meta":{"_acf_changed":false},"product_brand":[],"product_cat":[23,24],"product_tag":[38],"class_list":{"0":"post-1391","1":"product","2":"type-product","3":"status-publish","4":"has-post-thumbnail","6":"product_cat-wholesale-portable-fans","7":"product_cat-air-circulation-fan-wholesale","8":"product_tag-wholesale-bladeless-fans","10":"first","11":"instock","12":"shipping-taxable","13":"product-type-simple"},"acf":[],"_links":{"self":[{"href":"https:\/\/www.gdwanjiada.net\/es\/wp-json\/wp\/v2\/product\/1391","targetHints":{"allow":["GET"]}}],"collection":[{"href":"https:\/\/www.gdwanjiada.net\/es\/wp-json\/wp\/v2\/product"}],"about":[{"href":"https:\/\/www.gdwanjiada.net\/es\/wp-json\/wp\/v2\/types\/product"}],"replies":[{"embeddable":true,"href":"https:\/\/www.gdwanjiada.net\/es\/wp-json\/wp\/v2\/comments?post=1391"}],"wp:featuredmedia":[{"embeddable":true,"href":"https:\/\/www.gdwanjiada.net\/es\/wp-json\/wp\/v2\/media\/1392"}],"wp:attachment":[{"href":"https:\/\/www.gdwanjiada.net\/es\/wp-json\/wp\/v2\/media?parent=1391"}],"wp:term":[{"taxonomy":"product_brand","embeddable":true,"href":"https:\/\/www.gdwanjiada.net\/es\/wp-json\/wp\/v2\/product_brand?post=1391"},{"taxonomy":"product_cat","embeddable":true,"href":"https:\/\/www.gdwanjiada.net\/es\/wp-json\/wp\/v2\/product_cat?post=1391"},{"taxonomy":"product_tag","embeddable":true,"href":"https:\/\/www.gdwanjiada.net\/es\/wp-json\/wp\/v2\/product_tag?post=1391"}],"curies":[{"name":"wp","href":"https:\/\/api.w.org\/{rel}","templated":true}]}}