{"id":1388,"date":"2024-12-03T06:41:36","date_gmt":"2024-12-03T06:41:36","guid":{"rendered":"https:\/\/www.gdwanjiada.net\/?post_type=product&#038;p=1388"},"modified":"2025-01-16T02:25:50","modified_gmt":"2025-01-16T02:25:50","slug":"tower-fan-wholesale","status":"publish","type":"product","link":"https:\/\/www.gdwanjiada.net\/es\/producto\/tower-fan-wholesale\/","title":{"rendered":"Ventilador de torre sin aspas al por mayor, ventiladores port\u00e1tiles comerciales a granel"},"content":{"rendered":"<h3 class=\"wp-block-heading has-text-align-center\">Especificaciones del ventilador de torre al por mayor<\/h3><figure class=\"wp-block-table\"><table class=\"has-fixed-layout\"><tbody><tr><td rowspan=\"2\">Modelo<\/td><td rowspan=\"2\">Potencia\uff08W\uff09<\/td><td rowspan=\"2\">Tensi\u00f3n\uff08V\uff09<\/td><td rowspan=\"2\">Modo de velocidad<\/td><td rowspan=\"2\">G.W.\uff08g\uff09<\/td><td rowspan=\"2\">Tama\u00f1o del producto\uff08mm\uff09<\/td><td rowspan=\"2\">Tama\u00f1o del embalaje\uff08mm\uff09<\/td><td rowspan=\"2\">Tama\u00f1o de la caja\uff08mm\uff09<\/td><td rowspan=\"2\">Embalaje Q'ty\uff08pc\uff09<\/td><td rowspan=\"2\">Cart\u00f3n G.W.\uff08kg\uff09<\/td><td rowspan=\"2\">Alimentaci\u00f3n<\/td><td rowspan=\"2\">Capacidad de la bater\u00eda<\/td><td colspan=\"2\">Tipo de carga<\/td><\/tr><tr><td>20GP<\/td><td>40HQ<\/td><\/tr><tr><td>X28<\/td><td>5<\/td><td>5<\/td><td>6<\/td><td>882<\/td><td>138*138*370<\/td><td>168*168*363<\/td><td>530*530*745<\/td><td>18<\/td><td>18<\/td><td>Tipo-C\/Bater\u00eda<\/td><td>1800mh<\/td><td>2960<\/td><td>6860<\/td><\/tr><\/tbody><\/table><\/figure><div class=\"wp-block-columns is-layout-flex wp-container-core-columns-is-layout-9d6595d7 wp-block-columns-is-layout-flex\"><div class=\"wp-block-column is-layout-flow wp-block-column-is-layout-flow\" style=\"flex-basis:50%\"><h3 class=\"wp-block-heading has-text-align-left\">Ventajas de la venta al por mayor de ventiladores de torre<\/h3>\n\n<ul class=\"wp-block-list\"><li><strong>Dise\u00f1o sin cuchillas, seguro y eficaz:<\/strong> Nuestro ventilador de torre sin aspas al por mayor utiliza un dise\u00f1o sin aspas muy avanzado que elimina las aspas giratorias de los ventiladores tradicionales por motivos de seguridad. Tambi\u00e9n es especialmente adecuado en un entorno en el que haya ni\u00f1os o mascotas en casa. Tambi\u00e9n disminuye la acumulaci\u00f3n de polvo y el ruido, proporcionando una experiencia de circulaci\u00f3n de aire m\u00e1s fresca y c\u00f3moda.<\/li>\n\n<li><strong>Viento fuerte, enfriamiento r\u00e1pido:<\/strong> Aunque el ventilador no tiene aspas, estos ventiladores port\u00e1tiles comerciales al por mayor pueden proporcionar un fuerte viento para reducir r\u00e1pida y eficazmente la temperatura del ambiente circundante. Ya sea en el caluroso verano o en un espacio de trabajo que necesita que fluya el aire, puede aportarle frescor y comodidad, haciendo que su entorno de trabajo y ocio sea m\u00e1s agradable.<\/li>\n\n<li><strong>Dise\u00f1o est\u00e9tico moderno, ahorro de espacio: <\/strong>Este ventilador de torre sin aspas al por mayor tiene un aspecto sencillo y moderno, con un dise\u00f1o elegante sin ocupar espacio, adecuado para una gran variedad de entornos dom\u00e9sticos y de oficina. Su dise\u00f1o de torre delgada se puede integrar f\u00e1cilmente en diferentes estilos de decoraci\u00f3n de interiores, mientras que tambi\u00e9n ahorra espacio de manera efectiva, por lo que es una opci\u00f3n ideal para peque\u00f1as oficinas y uso dom\u00e9stico.<\/li>\n\n<li><strong>Alta eficiencia y modo de ahorro de energ\u00eda, reduciendo el consumo de energ\u00eda: <\/strong>Nuestros ventiladores port\u00e1tiles comerciales al por mayor cuentan con un modo de ahorro de energ\u00eda, que minimiza el consumo de energ\u00eda mientras proporciona un fuerte viento, ahorr\u00e1ndole facturas de electricidad. La combinaci\u00f3n de un motor eficiente y un sistema de control inteligente, hace que este ventilador de torre no solo destaque por su rendimiento, sino que tambi\u00e9n presta atenci\u00f3n al uso racional de la energ\u00eda, en l\u00ednea con los conceptos modernos de protecci\u00f3n del medio ambiente.<\/li><\/ul><\/div>\n\n<div class=\"wp-block-column is-layout-flow wp-block-column-is-layout-flow\"><figure class=\"wp-block-image size-full\"><img decoding=\"async\" width=\"800\" height=\"800\" src=\"https:\/\/www.gdwanjiada.net\/wp-content\/uploads\/2024\/12\/Bladeless-Tower-Fan-Wholesale-Commercial-Portable-Fans-Bulk-1.webp\" alt=\"Ventilador De Torre Sin Pala Al Por Mayor, Ventiladores Port\u00e1tiles Comerciales Bulk-1\" class=\"wp-image-1389\" srcset=\"https:\/\/www.gdwanjiada.net\/wp-content\/uploads\/2024\/12\/Bladeless-Tower-Fan-Wholesale-Commercial-Portable-Fans-Bulk-1.webp 800w, https:\/\/www.gdwanjiada.net\/wp-content\/uploads\/2024\/12\/Bladeless-Tower-Fan-Wholesale-Commercial-Portable-Fans-Bulk-1-300x300.webp 300w, https:\/\/www.gdwanjiada.net\/wp-content\/uploads\/2024\/12\/Bladeless-Tower-Fan-Wholesale-Commercial-Portable-Fans-Bulk-1-150x150.webp 150w, https:\/\/www.gdwanjiada.net\/wp-content\/uploads\/2024\/12\/Bladeless-Tower-Fan-Wholesale-Commercial-Portable-Fans-Bulk-1-768x768.webp 768w, https:\/\/www.gdwanjiada.net\/wp-content\/uploads\/2024\/12\/Bladeless-Tower-Fan-Wholesale-Commercial-Portable-Fans-Bulk-1-12x12.webp 12w, https:\/\/www.gdwanjiada.net\/wp-content\/uploads\/2024\/12\/Bladeless-Tower-Fan-Wholesale-Commercial-Portable-Fans-Bulk-1-600x600.webp 600w, https:\/\/www.gdwanjiada.net\/wp-content\/uploads\/2024\/12\/Bladeless-Tower-Fan-Wholesale-Commercial-Portable-Fans-Bulk-1-100x100.webp 100w\" sizes=\"(max-width: 800px) 100vw, 800px\" \/><\/figure><\/div><\/div>","protected":false},"excerpt":{"rendered":"<p>Bienvenido a comprar ventiladores port\u00e1tiles comerciales al por mayor. Nuestro ventilador de torre sin aspas al por mayor tiene una gran potencia de viento, proporciona una eficiente refrigeraci\u00f3n y circulaci\u00f3n de aire fresco, adecuado para uso dom\u00e9stico y de oficina. Su moderno dise\u00f1o est\u00e9tico ahorra espacio, y el modo de ahorro de energ\u00eda puede reducir efectivamente el consumo de energ\u00eda. Los ventiladores de torre sin aspas no s\u00f3lo son seguros, sino que tambi\u00e9n tienen una alta rentabilidad en las compras comerciales al por mayor, adecuados para compras al por mayor.<\/p>\n<h2>Caracter\u00edsticas del producto\uff1a<\/h2>\n<ul>\n<li>Encendido y apagado con una sola pulsaci\u00f3n.<\/li>\n<li>Sin hojas para suministrar viento.<\/li>\n<li>Velocidad del viento ajustable 5+1.<\/li>\n<li>Pantalla LED de visualizaci\u00f3n de la potencia.<\/li>\n<li>Suministro de aire de 2,5 m, aire circulante.<\/li>\n<li>Material ABS.<\/li>\n<li>Gran capacidad de la bater\u00eda de litio.<\/li>\n<\/ul>","protected":false},"featured_media":1390,"comment_status":"closed","ping_status":"closed","template":"","meta":{"_acf_changed":false},"product_brand":[],"product_cat":[23,24],"product_tag":[38],"class_list":{"0":"post-1388","1":"product","2":"type-product","3":"status-publish","4":"has-post-thumbnail","6":"product_cat-wholesale-portable-fans","7":"product_cat-air-circulation-fan-wholesale","8":"product_tag-wholesale-bladeless-fans","10":"first","11":"instock","12":"shipping-taxable","13":"product-type-simple"},"acf":[],"_links":{"self":[{"href":"https:\/\/www.gdwanjiada.net\/es\/wp-json\/wp\/v2\/product\/1388","targetHints":{"allow":["GET"]}}],"collection":[{"href":"https:\/\/www.gdwanjiada.net\/es\/wp-json\/wp\/v2\/product"}],"about":[{"href":"https:\/\/www.gdwanjiada.net\/es\/wp-json\/wp\/v2\/types\/product"}],"replies":[{"embeddable":true,"href":"https:\/\/www.gdwanjiada.net\/es\/wp-json\/wp\/v2\/comments?post=1388"}],"wp:featuredmedia":[{"embeddable":true,"href":"https:\/\/www.gdwanjiada.net\/es\/wp-json\/wp\/v2\/media\/1390"}],"wp:attachment":[{"href":"https:\/\/www.gdwanjiada.net\/es\/wp-json\/wp\/v2\/media?parent=1388"}],"wp:term":[{"taxonomy":"product_brand","embeddable":true,"href":"https:\/\/www.gdwanjiada.net\/es\/wp-json\/wp\/v2\/product_brand?post=1388"},{"taxonomy":"product_cat","embeddable":true,"href":"https:\/\/www.gdwanjiada.net\/es\/wp-json\/wp\/v2\/product_cat?post=1388"},{"taxonomy":"product_tag","embeddable":true,"href":"https:\/\/www.gdwanjiada.net\/es\/wp-json\/wp\/v2\/product_tag?post=1388"}],"curies":[{"name":"wp","href":"https:\/\/api.w.org\/{rel}","templated":true}]}}