{"id":1367,"date":"2024-12-03T06:02:34","date_gmt":"2024-12-03T06:02:34","guid":{"rendered":"https:\/\/www.gdwanjiada.net\/?post_type=product&#038;p=1367"},"modified":"2024-12-03T06:17:19","modified_gmt":"2024-12-03T06:17:19","slug":"bulk-mini-fans","status":"publish","type":"product","link":"https:\/\/www.gdwanjiada.net\/es\/producto\/bulk-mini-fans\/","title":{"rendered":"Mini ventiladores blancos a granel, Mini ventiladores port\u00e1tiles al por mayor para exteriores"},"content":{"rendered":"<h3 class=\"wp-block-heading has-text-align-center\">Especificaciones de los miniventiladores a granel<\/h3><figure class=\"wp-block-table\"><table class=\"has-fixed-layout\"><tbody><tr><td rowspan=\"2\">Modelo<\/td><td rowspan=\"2\">Potencia\uff08W\uff09<\/td><td rowspan=\"2\">Tensi\u00f3n\uff08V\uff09<\/td><td rowspan=\"2\">Modo de velocidad<\/td><td rowspan=\"2\">G.W.\uff08g\uff09<\/td><td rowspan=\"2\">Tama\u00f1o del producto\uff08mm\uff09<\/td><td rowspan=\"2\">Tama\u00f1o del embalaje\uff08mm\uff09<\/td><td rowspan=\"2\">Tama\u00f1o de la caja\uff08mm\uff09<\/td><td rowspan=\"2\">Embalaje Q'ty\uff08pc\uff09<\/td><td rowspan=\"2\">Cart\u00f3n G.W.\uff08kg\uff09<\/td><td rowspan=\"2\">Alimentaci\u00f3n<\/td><td rowspan=\"2\">Capacidad de la bater\u00eda<\/td><td colspan=\"2\">Tipo de carga<\/td><\/tr><tr><td>20GP<\/td><td>40HQ<\/td><\/tr><tr><td>F02<\/td><td>9<\/td><td>5<\/td><td>5<\/td><td>268<\/td><td>114*56*45<\/td><td>107*52*152<\/td><td>445*340*335<\/td><td>45<\/td><td>14.4<\/td><td>Tipo-C\/Bater\u00eda<\/td><td>2400mh<\/td><td>26880<\/td><td>65280<\/td><\/tr><\/tbody><\/table><\/figure><div class=\"wp-block-columns is-layout-flex wp-container-core-columns-is-layout-9d6595d7 wp-block-columns-is-layout-flex\"><div class=\"wp-block-column is-layout-flow wp-block-column-is-layout-flow\" style=\"flex-basis:50%\"><h3 class=\"wp-block-heading has-text-align-left\">Ventajas de los miniventiladores a granel<\/h3>\n\n<ul class=\"wp-block-list\"><li><strong>Disfruta del frescor en cualquier momento: <\/strong>Estos mini ventiladores blancos a granel son muy flexibles y adecuados para su uso en m\u00faltiples escenarios. Ya se trate de deportes al aire libre, viajes, camping o fiestas al aire libre y actividades al aire libre, puede proporcionar una fuerte fuerza del viento, lo que le permite disfrutar de aire fresco en cualquier momento. Su pr\u00e1ctico dise\u00f1o lo convierte en un compa\u00f1ero fresco imprescindible para las salidas veraniegas.<\/li>\n\n<li><strong>Ajuste de la velocidad del viento con cinco velocidades: <\/strong>Nuestro mini ventilador port\u00e1til al por mayor tiene cinco velocidades de viento ajustables, y los usuarios pueden ajustarse f\u00e1cilmente al nivel de viento m\u00e1s c\u00f3modo seg\u00fan las diferentes necesidades del entorno. Ya sea en el caluroso verano o si necesita la suave sensaci\u00f3n de una brisa, puede encontrar el equipo de velocidad de viento m\u00e1s adecuado para asegurarse de que puede disfrutar de la sensaci\u00f3n de viento ideal en cualquier momento.<\/li>\n\n<li><strong>Ligero y port\u00e1til: <\/strong>Nuestros miniventiladores a granel son compactos y ligeros, por lo que resultan muy f\u00e1ciles de transportar. Si se pone en una mochila, bolso o bolsillo, no ocupar\u00e1 demasiado espacio. De esta manera, es f\u00e1cil de usar en cualquier momento en diferentes ocasiones, especialmente para los viajeros, amantes de los deportes al aire libre, y otros usuarios que necesitan ir al aire libre durante mucho tiempo.<\/li>\n\n<li><strong>Rentable: <\/strong>Suministramos a los clientes con mini ventiladores port\u00e1tiles al por mayor a granel, especialmente los minoristas, empresas de planificaci\u00f3n de eventos, y los clientes con compras al por mayor.. A trav\u00e9s de la venta directa de f\u00e1brica, podemos ofrecer precios al por mayor m\u00e1s competitivos, ayudar a las empresas a reducir los costes de adquisici\u00f3n, y son una opci\u00f3n ideal para los comerciantes y los clientes del grupo.<\/li><\/ul><\/div>\n\n<div class=\"wp-block-column is-layout-flow wp-block-column-is-layout-flow\"><figure class=\"wp-block-image size-full\"><img decoding=\"async\" width=\"800\" height=\"800\" src=\"https:\/\/www.gdwanjiada.net\/wp-content\/uploads\/2024\/12\/Bulk-Mini-Fans-Wholesale-Mini-Portable-Fans-For-Outdoor-2.webp\" alt=\"Mini Ventiladores A Granel, Mini Ventiladores Port\u00e1tiles Al Por Mayor Para Exteriores-2\" class=\"wp-image-1369\" srcset=\"https:\/\/www.gdwanjiada.net\/wp-content\/uploads\/2024\/12\/Bulk-Mini-Fans-Wholesale-Mini-Portable-Fans-For-Outdoor-2.webp 800w, https:\/\/www.gdwanjiada.net\/wp-content\/uploads\/2024\/12\/Bulk-Mini-Fans-Wholesale-Mini-Portable-Fans-For-Outdoor-2-300x300.webp 300w, https:\/\/www.gdwanjiada.net\/wp-content\/uploads\/2024\/12\/Bulk-Mini-Fans-Wholesale-Mini-Portable-Fans-For-Outdoor-2-150x150.webp 150w, https:\/\/www.gdwanjiada.net\/wp-content\/uploads\/2024\/12\/Bulk-Mini-Fans-Wholesale-Mini-Portable-Fans-For-Outdoor-2-768x768.webp 768w, https:\/\/www.gdwanjiada.net\/wp-content\/uploads\/2024\/12\/Bulk-Mini-Fans-Wholesale-Mini-Portable-Fans-For-Outdoor-2-12x12.webp 12w, https:\/\/www.gdwanjiada.net\/wp-content\/uploads\/2024\/12\/Bulk-Mini-Fans-Wholesale-Mini-Portable-Fans-For-Outdoor-2-600x600.webp 600w, https:\/\/www.gdwanjiada.net\/wp-content\/uploads\/2024\/12\/Bulk-Mini-Fans-Wholesale-Mini-Portable-Fans-For-Outdoor-2-100x100.webp 100w\" sizes=\"(max-width: 800px) 100vw, 800px\" \/><\/figure><\/div><\/div>","protected":false},"excerpt":{"rendered":"<p>Bienvenido a comprar al por mayor mini ventiladores port\u00e1tiles. Nuestros mini ventiladores blancos al por mayor son compactos en dise\u00f1o, fuertes en viento, con cinco ajustes de velocidad de viento y funci\u00f3n de refrigeraci\u00f3n eficiente, por lo que es un compa\u00f1ero perfecto para actividades al aire libre y viajes. Su facilidad de transporte le permite disfrutar del frescor en cualquier momento y lugar, y el precio al por mayor de f\u00e1brica es favorable y rentable, por lo que es una opci\u00f3n ideal para compras al por mayor.<\/p>\n<h2>Caracter\u00edsticas del producto\uff1a<\/h2>\n<ul>\n<li>Adecuado para colgar del cuello o la cintura, y colocar sobre el escritorio o junto al ordenador.<\/li>\n<li>Se puede utilizar para soplar aceite de pesta\u00f1as, pinturas, o disfrutar de la frescura mientras acampa.<\/li>\n<li>Se proporcionan 5 moldes de velocidad ajustable y 2 marchas de ajuste de la luz para responder con flexibilidad a las distintas necesidades del entorno.<\/li>\n<li>Dise\u00f1o compacto y peque\u00f1o tama\u00f1o, f\u00e1cil de llevar, y puede disfrutar de la frescura en cualquier momento y en cualquier lugar.<\/li>\n<li>La pantalla inteligente puede mostrar la velocidad actual del viento, la configuraci\u00f3n de las luces y la carga de la bater\u00eda.<\/li>\n<\/ul>","protected":false},"featured_media":1368,"comment_status":"closed","ping_status":"closed","template":"","meta":{"_acf_changed":false},"product_brand":[],"product_cat":[23],"product_tag":[],"class_list":{"0":"post-1367","1":"product","2":"type-product","3":"status-publish","4":"has-post-thumbnail","6":"product_cat-wholesale-portable-fans","8":"first","9":"instock","10":"shipping-taxable","11":"product-type-simple"},"acf":[],"_links":{"self":[{"href":"https:\/\/www.gdwanjiada.net\/es\/wp-json\/wp\/v2\/product\/1367","targetHints":{"allow":["GET"]}}],"collection":[{"href":"https:\/\/www.gdwanjiada.net\/es\/wp-json\/wp\/v2\/product"}],"about":[{"href":"https:\/\/www.gdwanjiada.net\/es\/wp-json\/wp\/v2\/types\/product"}],"replies":[{"embeddable":true,"href":"https:\/\/www.gdwanjiada.net\/es\/wp-json\/wp\/v2\/comments?post=1367"}],"wp:featuredmedia":[{"embeddable":true,"href":"https:\/\/www.gdwanjiada.net\/es\/wp-json\/wp\/v2\/media\/1368"}],"wp:attachment":[{"href":"https:\/\/www.gdwanjiada.net\/es\/wp-json\/wp\/v2\/media?parent=1367"}],"wp:term":[{"taxonomy":"product_brand","embeddable":true,"href":"https:\/\/www.gdwanjiada.net\/es\/wp-json\/wp\/v2\/product_brand?post=1367"},{"taxonomy":"product_cat","embeddable":true,"href":"https:\/\/www.gdwanjiada.net\/es\/wp-json\/wp\/v2\/product_cat?post=1367"},{"taxonomy":"product_tag","embeddable":true,"href":"https:\/\/www.gdwanjiada.net\/es\/wp-json\/wp\/v2\/product_tag?post=1367"}],"curies":[{"name":"wp","href":"https:\/\/api.w.org\/{rel}","templated":true}]}}