{"id":1317,"date":"2024-11-27T04:10:07","date_gmt":"2024-11-27T04:10:07","guid":{"rendered":"https:\/\/www.gdwanjiada.net\/?post_type=product&#038;p=1317"},"modified":"2024-11-27T04:10:08","modified_gmt":"2024-11-27T04:10:08","slug":"bulk-air-coolers","status":"publish","type":"product","link":"https:\/\/www.gdwanjiada.net\/es\/producto\/bulk-air-coolers\/","title":{"rendered":"Enfriadores de aire a granel de f\u00e1brica, Enfriadores de aire port\u00e1tiles industriales al por mayor"},"content":{"rendered":"<h3 class=\"wp-block-heading has-text-align-center\">Especificaciones de los enfriadores de aire a granel<\/h3><figure class=\"wp-block-table\"><table class=\"has-fixed-layout\"><tbody><tr><td rowspan=\"2\">Modelo<\/td><td rowspan=\"2\">Potencia (W)&nbsp;<\/td><td colspan=\"3\">Caudal de aire (m\u00b3\/h)<\/td><td rowspan=\"2\">Capacidad del dep\u00f3sito de agua (L)<\/td><td colspan=\"3\">Tama\u00f1o del producto (mm)&nbsp;<\/td><td rowspan=\"2\">Tama\u00f1o del panel de refrigeraci\u00f3n (mm)<\/td><td rowspan=\"2\">Embalaje<\/td><td rowspan=\"2\">N.W.\/ G.W. (kg)&nbsp;&nbsp;<\/td><td rowspan=\"2\">Tama\u00f1o del embalaje (mm)&nbsp;<\/td><td colspan=\"2\">Cantidad de carga<\/td><\/tr><tr><td>H<\/td><td>M<\/td><td>L<\/td><td>L<\/td><td>W<\/td><td>H<\/td><td>20'GP<\/td><td>40'HQ<\/td><\/tr><tr><td>WJD8000F-1Z<\/td><td>200<\/td><td>8000<\/td><td>6000<\/td><td>3500<\/td><td>80.0<\/td><td>680<\/td><td>410<\/td><td>1250<\/td><td>75*520*690<\/td><td>1 unidad<\/td><td>18\/21<\/td><td>695*460*980<\/td><td>98<\/td><td>230<\/td><\/tr><\/tbody><\/table><\/figure><div class=\"wp-block-columns is-layout-flex wp-container-core-columns-is-layout-9d6595d7 wp-block-columns-is-layout-flex\"><div class=\"wp-block-column is-layout-flow wp-block-column-is-layout-flow\" style=\"flex-basis:50%\"><h3 class=\"wp-block-heading has-text-align-left\">Ventajas de los enfriadores de aire a granel<\/h3>\n\n<ul class=\"wp-block-list\"><li><strong>Funciones de refrigeraci\u00f3n, humidificaci\u00f3n y purificaci\u00f3n:<\/strong> Nuestros enfriadores de aire a granel de f\u00e1brica integran m\u00faltiples funciones, no s\u00f3lo pueden enfriar r\u00e1pidamente, sino tambi\u00e9n humidificar el aire y purificar el ambiente, satisfacer las diversas necesidades de los sitios industriales, y proporcionar una gama completa de experiencia confortable.<\/li>\n\n<li><strong>Dise\u00f1o de entrada de aire por tres lados:<\/strong> Este enfriador de aire evaporativo de gran capacidad al por mayor adopta un dise\u00f1o de entrada de aire de tres lados, con cortinas h\u00famedas de enfriamiento evaporativo de alta eficiencia, que mejora enormemente la circulaci\u00f3n del aire y los efectos de enfriamiento, garantizando servicios de enfriamiento r\u00e1pidos y eficaces en grandes entornos industriales.<\/li>\n\n<li><strong>Efecto refrigerante mejorado: <\/strong>La parte superior de nuestros enfriadores de aire a granel de f\u00e1brica se puede voltear, y los usuarios pueden a\u00f1adir f\u00e1cilmente agua, cubitos de hielo o cristales de hielo para mejorar a\u00fan m\u00e1s el efecto de enfriamiento. Es especialmente adecuado para su uso en instalaciones industriales con altas temperaturas, ya que proporciona una sensaci\u00f3n de frescor duradera.<\/li>\n\n<li><strong>Refrigeraci\u00f3n continua y eficaz: <\/strong>Este enfriador de aire evaporativo de gran capacidad cuenta con un dep\u00f3sito de agua de 80 litros, que puede seguir funcionando durante bastante tiempo, reduciendo la molestia de tener que a\u00f1adir agua con frecuencia. Garantiza una refrigeraci\u00f3n continua en las instalaciones industriales y mejora la eficiencia del funcionamiento de los equipos.<\/li><\/ul><\/div>\n\n<div class=\"wp-block-column is-layout-flow wp-block-column-is-layout-flow\"><figure class=\"wp-block-image size-full\"><img decoding=\"async\" width=\"1128\" height=\"1128\" src=\"https:\/\/www.gdwanjiada.net\/wp-content\/uploads\/2024\/11\/80L-quiet-portable-evaporative-air-cooler-industrial-10.webp\" alt=\"Enfriadores de aire a granel de f\u00e1brica, Enfriadores de aire port\u00e1tiles industriales al por mayor-1\" class=\"wp-image-1327\" srcset=\"https:\/\/www.gdwanjiada.net\/wp-content\/uploads\/2024\/11\/80L-quiet-portable-evaporative-air-cooler-industrial-10.webp 1128w, https:\/\/www.gdwanjiada.net\/wp-content\/uploads\/2024\/11\/80L-quiet-portable-evaporative-air-cooler-industrial-10-300x300.webp 300w, https:\/\/www.gdwanjiada.net\/wp-content\/uploads\/2024\/11\/80L-quiet-portable-evaporative-air-cooler-industrial-10-150x150.webp 150w, https:\/\/www.gdwanjiada.net\/wp-content\/uploads\/2024\/11\/80L-quiet-portable-evaporative-air-cooler-industrial-10-768x768.webp 768w, https:\/\/www.gdwanjiada.net\/wp-content\/uploads\/2024\/11\/80L-quiet-portable-evaporative-air-cooler-industrial-10-12x12.webp 12w, https:\/\/www.gdwanjiada.net\/wp-content\/uploads\/2024\/11\/80L-quiet-portable-evaporative-air-cooler-industrial-10-600x600.webp 600w, https:\/\/www.gdwanjiada.net\/wp-content\/uploads\/2024\/11\/80L-quiet-portable-evaporative-air-cooler-industrial-10-100x100.webp 100w\" sizes=\"(max-width: 1128px) 100vw, 1128px\" \/><\/figure><\/div><\/div><p><\/p>","protected":false},"excerpt":{"rendered":"<p>Bienvenido a comprar enfriadores de aire evaporativos al por mayor. Nuestros enfriadores de aire a granel de f\u00e1brica est\u00e1n equipados con cortinas h\u00famedas de enfriamiento evaporativo de alta eficiencia, que mejoran significativamente el efecto de enfriamiento. El dise\u00f1o abatible del cuerpo facilita la adici\u00f3n de agua y hielo, y el dep\u00f3sito de agua de gran capacidad de 80L es adecuado para todo tipo de emplazamientos industriales.<\/p>\n<h2>Caracter\u00edsticas del producto\uff1a<\/h2>\n<ul>\n<li>Integra funciones de refrigeraci\u00f3n, humidificaci\u00f3n y purificaci\u00f3n, y es una m\u00e1quina polivalente.<\/li>\n<li>Utiliza una entrada de aire de tres lados y cortinas h\u00famedas de enfriamiento evaporativo de alta eficiencia, y el efecto de enfriamiento es m\u00e1s obvio.<\/li>\n<li>Funci\u00f3n manual de subida y bajada, funci\u00f3n autom\u00e1tica de balanceo a izquierda y derecha, selecci\u00f3n de tres velocidades de viento.<\/li>\n<li>Impulsor de flujo axial de gran di\u00e1metro, gran volumen de aire, bajo nivel de ruido.<\/li>\n<li>Dep\u00f3sito de agua dividido de gran capacidad, f\u00e1cil de limpiar.<\/li>\n<li>La parte superior del cuerpo de la m\u00e1quina puede voltearse para a\u00f1adir agua, hielo y cristales de hielo para enfriarla.<\/li>\n<li>Red antipolvo extra\u00edble para facilitar la limpieza.<\/li>\n<li>La rueda delantera tiene una funci\u00f3n de bloqueo de freno, que es conveniente para mover y colocar.<\/li>\n<li>La bomba sumergible tiene m\u00faltiples funciones de protecci\u00f3n, agua suficiente, y es segura y garantizada.<\/li>\n<li>Motor de cobre puro.<\/li>\n<li>El dep\u00f3sito de agua se apila en un embalaje invertido para ahorrar espacio y costes durante el transporte.<\/li>\n<\/ul>","protected":false},"featured_media":1318,"comment_status":"closed","ping_status":"closed","template":"","meta":{"_acf_changed":false},"product_brand":[],"product_cat":[26],"product_tag":[29],"class_list":{"0":"post-1317","1":"product","2":"type-product","3":"status-publish","4":"has-post-thumbnail","6":"product_cat-wholesale-air-coolers","7":"product_tag-wholesale-industrial-evaporative-air-coolers","9":"first","10":"instock","11":"shipping-taxable","12":"product-type-simple"},"acf":[],"_links":{"self":[{"href":"https:\/\/www.gdwanjiada.net\/es\/wp-json\/wp\/v2\/product\/1317","targetHints":{"allow":["GET"]}}],"collection":[{"href":"https:\/\/www.gdwanjiada.net\/es\/wp-json\/wp\/v2\/product"}],"about":[{"href":"https:\/\/www.gdwanjiada.net\/es\/wp-json\/wp\/v2\/types\/product"}],"replies":[{"embeddable":true,"href":"https:\/\/www.gdwanjiada.net\/es\/wp-json\/wp\/v2\/comments?post=1317"}],"wp:featuredmedia":[{"embeddable":true,"href":"https:\/\/www.gdwanjiada.net\/es\/wp-json\/wp\/v2\/media\/1318"}],"wp:attachment":[{"href":"https:\/\/www.gdwanjiada.net\/es\/wp-json\/wp\/v2\/media?parent=1317"}],"wp:term":[{"taxonomy":"product_brand","embeddable":true,"href":"https:\/\/www.gdwanjiada.net\/es\/wp-json\/wp\/v2\/product_brand?post=1317"},{"taxonomy":"product_cat","embeddable":true,"href":"https:\/\/www.gdwanjiada.net\/es\/wp-json\/wp\/v2\/product_cat?post=1317"},{"taxonomy":"product_tag","embeddable":true,"href":"https:\/\/www.gdwanjiada.net\/es\/wp-json\/wp\/v2\/product_tag?post=1317"}],"curies":[{"name":"wp","href":"https:\/\/api.w.org\/{rel}","templated":true}]}}