{"id":1264,"date":"2024-11-27T03:52:47","date_gmt":"2024-11-27T03:52:47","guid":{"rendered":"https:\/\/www.gdwanjiada.net\/?post_type=product&#038;p=1264"},"modified":"2024-11-27T03:52:48","modified_gmt":"2024-11-27T03:52:48","slug":"evaporative-cooler-wholesale","status":"publish","type":"product","link":"https:\/\/www.gdwanjiada.net\/es\/producto\/evaporative-cooler-wholesale\/","title":{"rendered":"Enfriador Evaporativo Comercial Al Por Mayor Con 3 Lados Almohadillas De Enfriamiento"},"content":{"rendered":"<h3 class=\"wp-block-heading has-text-align-center\">Especificaciones del enfriador evaporativo al por mayor<\/h3><figure class=\"wp-block-table\"><table class=\"has-fixed-layout\"><tbody><tr><td rowspan=\"2\">Modelo<\/td><td rowspan=\"2\">Potencia (W)&nbsp;<\/td><td colspan=\"3\">Caudal de aire (m\u00b3\/h)<\/td><td rowspan=\"2\">Capacidad del dep\u00f3sito de agua (L)<\/td><td colspan=\"3\">Tama\u00f1o del producto (mm)&nbsp;<\/td><td rowspan=\"2\">Consumo de agua (L\/H)<\/td><td rowspan=\"2\">Tama\u00f1o del panel de refrigeraci\u00f3n (mm)<\/td><td rowspan=\"2\">Embalaje<\/td><td rowspan=\"2\">N.W.\/ G.W. (kg)&nbsp;&nbsp;<\/td><td rowspan=\"2\">Tama\u00f1o del embalaje (mm)&nbsp;<\/td><td colspan=\"2\">Cantidad de carga<\/td><\/tr><tr><td>H<\/td><td>M<\/td><td>L<\/td><td>L<\/td><td>W<\/td><td>H<\/td><td>20'GP<\/td><td>40'HQ<\/td><\/tr><tr><td>WJD2800F-2Z<\/td><td>125<\/td><td>2500<\/td><td>1800<\/td><td>1300<\/td><td>28.0<\/td><td>470<\/td><td>345<\/td><td>950<\/td><td>4.0<\/td><td>360*65*495<\/td><td>1 unidad<\/td><td>12\/14.1<\/td><td>520*390*930<\/td><td>155<\/td><td>368<\/td><\/tr><\/tbody><\/table><\/figure><div class=\"wp-block-columns is-layout-flex wp-container-core-columns-is-layout-9d6595d7 wp-block-columns-is-layout-flex\"><div class=\"wp-block-column is-layout-flow wp-block-column-is-layout-flow\" style=\"flex-basis:50%\"><h3 class=\"wp-block-heading has-text-align-left\">Ventajas del enfriador evaporativo al por mayor<\/h3>\n\n<ul class=\"wp-block-list\"><li><strong>Multifuncional: <\/strong>Este climatizador evaporativo al por mayor integra refrigeraci\u00f3n, humidificaci\u00f3n y purificaci\u00f3n del aire. A trav\u00e9s de su funcionamiento, puede mejorar efectivamente la calidad del aire y tambi\u00e9n proporcionar un ambiente fresco y h\u00famedo, que puede satisfacer a los usuarios en lugares al aire libre y comerciales para una gama completa de experiencias confortables.<\/li>\n\n<li><strong>Control inteligente: <\/strong>Nuestro enfriador de aire al por mayor est\u00e1 equipado con control inteligente, y el usuario puede controlar convenientemente todas las funciones del aire acondicionado a trav\u00e9s de un panel de control multifunci\u00f3n y una pantalla LED. Adem\u00e1s, permite una mayor comodidad e idoneidad con operaciones de control remoto en grandes \u00e1reas.<\/li>\n\n<li><strong>Uso duradero: <\/strong>El dep\u00f3sito de agua ultra grande de 28L hace que este enfriador evaporativo al por mayor para dormitorio garantice un funcionamiento continuo de larga duraci\u00f3n sin necesidad de a\u00f1adir agua con frecuencia. En particular, es muy adecuado para su uso durante un largo per\u00edodo al aire libre o comercialmente y puede seguir proporcionando un efecto de enfriamiento continuo.<\/li>\n\n<li><strong>Resistente y duradero: <\/strong>Nuestro enfriador de aire al por mayor adopta un dise\u00f1o de cuerpo de cobre puro que tiene un buen rendimiento en t\u00e9rminos de durabilidad y resistencia a la corrosi\u00f3n, con el fin de mantener el producto funcionando bien incluso en condiciones extremas al aire libre y comerciales, garantizando una larga vida \u00fatil.<\/li><\/ul><\/div>\n\n<div class=\"wp-block-column is-layout-flow wp-block-column-is-layout-flow\"><figure class=\"wp-block-image size-full\"><img decoding=\"async\" width=\"800\" height=\"800\" src=\"https:\/\/www.gdwanjiada.net\/wp-content\/uploads\/2024\/11\/Best-28L-Indoor-Evaporative-Swamp-Cooler-With-3-sides-Cooling-Pads-10.webp\" alt=\"Enfriador Evaporativo Comercial Al Por Mayor Con 3 Lados Almohadillas Enfriadoras-1\" class=\"wp-image-1274\" srcset=\"https:\/\/www.gdwanjiada.net\/wp-content\/uploads\/2024\/11\/Best-28L-Indoor-Evaporative-Swamp-Cooler-With-3-sides-Cooling-Pads-10.webp 800w, https:\/\/www.gdwanjiada.net\/wp-content\/uploads\/2024\/11\/Best-28L-Indoor-Evaporative-Swamp-Cooler-With-3-sides-Cooling-Pads-10-300x300.webp 300w, https:\/\/www.gdwanjiada.net\/wp-content\/uploads\/2024\/11\/Best-28L-Indoor-Evaporative-Swamp-Cooler-With-3-sides-Cooling-Pads-10-150x150.webp 150w, https:\/\/www.gdwanjiada.net\/wp-content\/uploads\/2024\/11\/Best-28L-Indoor-Evaporative-Swamp-Cooler-With-3-sides-Cooling-Pads-10-768x768.webp 768w, https:\/\/www.gdwanjiada.net\/wp-content\/uploads\/2024\/11\/Best-28L-Indoor-Evaporative-Swamp-Cooler-With-3-sides-Cooling-Pads-10-12x12.webp 12w, https:\/\/www.gdwanjiada.net\/wp-content\/uploads\/2024\/11\/Best-28L-Indoor-Evaporative-Swamp-Cooler-With-3-sides-Cooling-Pads-10-600x600.webp 600w, https:\/\/www.gdwanjiada.net\/wp-content\/uploads\/2024\/11\/Best-28L-Indoor-Evaporative-Swamp-Cooler-With-3-sides-Cooling-Pads-10-100x100.webp 100w\" sizes=\"(max-width: 800px) 100vw, 800px\" \/><\/figure><\/div><\/div>","protected":false},"excerpt":{"rendered":"<p>Bienvenido a comprar enfriadores de aire al por mayor. Este climatizador evaporativo comercial al por mayor integra tres funciones: refrigeraci\u00f3n, humidificaci\u00f3n y purificaci\u00f3n. Viene con un tanque de agua de gran capacidad de 28L, panel de control inteligente, y pantalla LED, soportando operaci\u00f3n por control remoto. Se aplica a usos comerciales y al aire libre.<\/p>\n<h2>Caracter\u00edsticas del producto\uff1a<\/h2>\n<ul>\n<li>Refrigeraci\u00f3n, humidificaci\u00f3n y purificaci\u00f3n, una m\u00e1quina polivalente.<\/li>\n<li>Toma de aire de 3 lados y hace que el efecto de refrigeraci\u00f3n sea m\u00e1s evidente.<\/li>\n<li>Panel de control multifunci\u00f3n, pantalla LED, funci\u00f3n de control remoto inteligente.<\/li>\n<li>Funci\u00f3n de barra de ox\u00edgeno de iones negativos, aumenta el ox\u00edgeno activo, purifica el aire.<\/li>\n<li>Impulsor de flujo axial de gran di\u00e1metro, gran volumen de aire, bajo nivel de ruido.<\/li>\n<li>Tres tipos de opciones de viento: imitaci\u00f3n de viento natural, viento dormido y viento est\u00e1ndar.<\/li>\n<li>Funci\u00f3n de apagado autom\u00e1tico temporizado de 0,5-7,5 horas.<\/li>\n<li>Subida y bajada manual, giro autom\u00e1tico a izquierda y derecha, 3 opciones de velocidad del viento.<\/li>\n<li>Bomba de agua de protecci\u00f3n m\u00faltiple, volumen de agua suficiente y seguridad garantizada.<\/li>\n<li>Funci\u00f3n de bloqueo en las ruedas delanteras, conveniente para mover y colocar.<\/li>\n<li>Motor de cobre puro.<\/li>\n<\/ul>","protected":false},"featured_media":1265,"comment_status":"closed","ping_status":"closed","template":"","meta":{"_acf_changed":false},"product_brand":[],"product_cat":[26],"product_tag":[28],"class_list":{"0":"post-1264","1":"product","2":"type-product","3":"status-publish","4":"has-post-thumbnail","6":"product_cat-wholesale-air-coolers","7":"product_tag-commercial-air-coolers-wholesale","9":"first","10":"instock","11":"shipping-taxable","12":"product-type-simple"},"acf":[],"_links":{"self":[{"href":"https:\/\/www.gdwanjiada.net\/es\/wp-json\/wp\/v2\/product\/1264","targetHints":{"allow":["GET"]}}],"collection":[{"href":"https:\/\/www.gdwanjiada.net\/es\/wp-json\/wp\/v2\/product"}],"about":[{"href":"https:\/\/www.gdwanjiada.net\/es\/wp-json\/wp\/v2\/types\/product"}],"replies":[{"embeddable":true,"href":"https:\/\/www.gdwanjiada.net\/es\/wp-json\/wp\/v2\/comments?post=1264"}],"wp:featuredmedia":[{"embeddable":true,"href":"https:\/\/www.gdwanjiada.net\/es\/wp-json\/wp\/v2\/media\/1265"}],"wp:attachment":[{"href":"https:\/\/www.gdwanjiada.net\/es\/wp-json\/wp\/v2\/media?parent=1264"}],"wp:term":[{"taxonomy":"product_brand","embeddable":true,"href":"https:\/\/www.gdwanjiada.net\/es\/wp-json\/wp\/v2\/product_brand?post=1264"},{"taxonomy":"product_cat","embeddable":true,"href":"https:\/\/www.gdwanjiada.net\/es\/wp-json\/wp\/v2\/product_cat?post=1264"},{"taxonomy":"product_tag","embeddable":true,"href":"https:\/\/www.gdwanjiada.net\/es\/wp-json\/wp\/v2\/product_tag?post=1264"}],"curies":[{"name":"wp","href":"https:\/\/api.w.org\/{rel}","templated":true}]}}