{"id":1218,"date":"2024-11-15T03:40:32","date_gmt":"2024-11-15T03:40:32","guid":{"rendered":"https:\/\/www.gdwanjiada.net\/?post_type=product&#038;p=1218"},"modified":"2024-11-18T09:48:02","modified_gmt":"2024-11-18T09:48:02","slug":"evaporative-air-cooler-wholesale","status":"publish","type":"product","link":"https:\/\/www.gdwanjiada.net\/es\/producto\/evaporative-air-cooler-wholesale\/","title":{"rendered":"Enfriador de aire evaporativo al por mayor silencioso de 42L para interior y exterior"},"content":{"rendered":"<h3 class=\"wp-block-heading has-text-align-center\">Especificaciones del enfriador de aire por evaporaci\u00f3n al por mayor<\/h3><figure class=\"wp-block-table\"><table class=\"has-fixed-layout\"><tbody><tr><td rowspan=\"2\">Modelo<\/td><td rowspan=\"2\">Potencia (W)&nbsp;<\/td><td colspan=\"3\">Caudal de aire (m\u00b3\/h)<\/td><td rowspan=\"2\">Capacidad del dep\u00f3sito de agua (L)<\/td><td colspan=\"3\">Tama\u00f1o del producto (mm)&nbsp;<\/td><td rowspan=\"2\">Consumo de agua (L\/H)<\/td><td rowspan=\"2\">Tama\u00f1o del panel de refrigeraci\u00f3n (mm)<\/td><td rowspan=\"2\">Embalaje<\/td><td rowspan=\"2\">N.W.\/ G.W. (kg)&nbsp;&nbsp;<\/td><td rowspan=\"2\">Tama\u00f1o del embalaje (mm)&nbsp;<\/td><td colspan=\"2\">Cantidad de carga<\/td><\/tr><tr><td>H<\/td><td>M<\/td><td>L<\/td><td>L<\/td><td>W<\/td><td>H<\/td><td>20'GP<\/td><td>40'HQ<\/td><\/tr><tr><td>WJD4500F-1Z<\/td><td>125<\/td><td>4500<\/td><td>3200<\/td><td>1800<\/td><td>42.0<\/td><td>500<\/td><td>410<\/td><td>960<\/td><td>5.0<\/td><td>385*90*530<\/td><td>1 unidad<\/td><td>12.6\/14.6<\/td><td>550*460*1020<\/td><td>122<\/td><td>278<\/td><\/tr><\/tbody><\/table><\/figure><div class=\"wp-block-columns is-layout-flex wp-container-core-columns-is-layout-9d6595d7 wp-block-columns-is-layout-flex\"><div class=\"wp-block-column is-layout-flow wp-block-column-is-layout-flow\" style=\"flex-basis:50%\"><h3 class=\"wp-block-heading has-text-align-left\">Ventajas del climatizador evaporativo al por mayor<\/h3>\n\n<ul class=\"wp-block-list\"><li><strong>Rodete de flujo axial de gran di\u00e1metro: <\/strong>Este enfriador de aire evaporativo al por mayor de la m\u00e1s alta calidad est\u00e1 equipado con un impulsor de flujo axial de gran di\u00e1metro, que puede proporcionar un gran volumen de aire para mantener su casa fresca, cubrir r\u00e1pidamente una gran superficie y mantener un funcionamiento silencioso, garantizando el confort y la tranquilidad en ambientes interiores y exteriores.<\/li>\n\n<li><strong>Tres tipos de viento para elegir: <\/strong>Nuestros ventiladores enfriadores de aire al por mayor pueden elegir imitaci\u00f3n de viento natural, viento de sue\u00f1o y viento est\u00e1ndar seg\u00fan diferentes escenas, y disfrutar de una experiencia de confort m\u00e1s personalizada, adecuada para el uso diario y el cambio de m\u00faltiples escenas.<\/li>\n\n<li><strong>Ahorro de energ\u00eda y sin preocupaciones: <\/strong>Este climatizador evaporativo de bajo consumo dispone de una funci\u00f3n de apagado autom\u00e1tico temporizado de 1 a 12 horas. Los usuarios pueden ajustar f\u00e1cilmente el tiempo de funcionamiento para evitar el consumo excesivo de energ\u00eda causado por el uso prolongado. Ahorra energ\u00eda y es respetuoso con el medio ambiente, adem\u00e1s de ser f\u00e1cil de manejar.<\/li>\n\n<li><strong>Ajuste de la velocidad del viento en tres velocidades: <\/strong>Nuestros ventiladores para enfriadores de aire al por mayor admiten la subida y bajada manual, el giro autom\u00e1tico a izquierda y derecha, pueden ajustar de forma flexible el \u00e1rea de cobertura de la direcci\u00f3n del viento y est\u00e1n equipados con ajuste de velocidad del viento de tres velocidades para satisfacer diferentes temperaturas y requisitos de uso.<\/li><\/ul><\/div>\n\n<div class=\"wp-block-column is-layout-flow wp-block-column-is-layout-flow\"><figure class=\"wp-block-image size-full\"><img decoding=\"async\" width=\"1126\" height=\"1126\" src=\"https:\/\/www.gdwanjiada.net\/wp-content\/uploads\/2024\/11\/42L-Commercial-Evaporative-Air-Cooler-With-Timer-8.webp\" alt=\"Enfriador evaporativo comercial 42L con temporizador 8\" class=\"wp-image-1255\" srcset=\"https:\/\/www.gdwanjiada.net\/wp-content\/uploads\/2024\/11\/42L-Commercial-Evaporative-Air-Cooler-With-Timer-8.webp 1126w, https:\/\/www.gdwanjiada.net\/wp-content\/uploads\/2024\/11\/42L-Commercial-Evaporative-Air-Cooler-With-Timer-8-300x300.webp 300w, https:\/\/www.gdwanjiada.net\/wp-content\/uploads\/2024\/11\/42L-Commercial-Evaporative-Air-Cooler-With-Timer-8-150x150.webp 150w, https:\/\/www.gdwanjiada.net\/wp-content\/uploads\/2024\/11\/42L-Commercial-Evaporative-Air-Cooler-With-Timer-8-768x768.webp 768w, https:\/\/www.gdwanjiada.net\/wp-content\/uploads\/2024\/11\/42L-Commercial-Evaporative-Air-Cooler-With-Timer-8-12x12.webp 12w, https:\/\/www.gdwanjiada.net\/wp-content\/uploads\/2024\/11\/42L-Commercial-Evaporative-Air-Cooler-With-Timer-8-600x600.webp 600w, https:\/\/www.gdwanjiada.net\/wp-content\/uploads\/2024\/11\/42L-Commercial-Evaporative-Air-Cooler-With-Timer-8-100x100.webp 100w\" sizes=\"(max-width: 1126px) 100vw, 1126px\" \/><\/figure><\/div><\/div><p><\/p>","protected":false},"excerpt":{"rendered":"<p>Bienvenido a la compra al por mayor de ventiladores enfriadores de aire. Este eficaz enfriador de aire evaporativo al por mayor est\u00e1 equipado con un impulsor de flujo axial de gran di\u00e1metro y una funci\u00f3n de apagado temporizado. Proporciona un fuerte volumen de aire y bajo nivel de ruido, y el material de su cuerpo es duradero, y adecuado para uso en interiores y exteriores.<\/p>\n<h2>Caracter\u00edsticas del producto\uff1a<\/h2>\n<ul>\n<li>Integra funciones de refrigeraci\u00f3n, humidificaci\u00f3n y purificaci\u00f3n, y es una m\u00e1quina polivalente.<\/li>\n<li>Utiliza una entrada de aire de tres lados y cortinas h\u00famedas de enfriamiento evaporativo de alta eficiencia, y el efecto de enfriamiento es m\u00e1s obvio.<\/li>\n<li>Panel de control multifunci\u00f3n, LED din\u00e1mico y pantalla de temperatura, funci\u00f3n de control remoto inteligente.<\/li>\n<li>Funci\u00f3n de purificaci\u00f3n de aire de iones negativos, aumenta el ox\u00edgeno activo, purifica el aire.<\/li>\n<li>Rodete de flujo axial de gran di\u00e1metro, gran volumen de aire y bajo nivel de ruido.<\/li>\n<li>Tres tipos de opciones de viento: imitaci\u00f3n de viento natural, viento dormido y viento est\u00e1ndar.<\/li>\n<li>Funci\u00f3n de apagado autom\u00e1tico temporizado de 1 a 12 horas.<\/li>\n<li>Funci\u00f3n manual de subida y bajada, funci\u00f3n autom\u00e1tica de balanceo a izquierda y derecha, tres opciones de velocidad de viento.<\/li>\n<li>Bomba sumergible con m\u00faltiples funciones de protecci\u00f3n, agua suficiente, segura y garantizada.<\/li>\n<li>La rueda delantera tiene una funci\u00f3n de bloqueo de freno, que es conveniente para mover y colocar.<\/li>\n<li>Con funci\u00f3n de bloqueo infantil para evitar que los ni\u00f1os lo manejen de forma incorrecta.<\/li>\n<li>La parte superior del fuselaje se puede voltear para a\u00f1adir agua, hielo y cristales de hielo para enfriarlo.<\/li>\n<li>Motor de cobre puro.<\/li>\n<\/ul>","protected":false},"featured_media":1248,"comment_status":"closed","ping_status":"closed","template":"","meta":{"_acf_changed":false},"product_brand":[],"product_cat":[26],"product_tag":[28],"class_list":{"0":"post-1218","1":"product","2":"type-product","3":"status-publish","4":"has-post-thumbnail","6":"product_cat-wholesale-air-coolers","7":"product_tag-commercial-air-coolers-wholesale","9":"first","10":"instock","11":"shipping-taxable","12":"product-type-simple"},"acf":[],"_links":{"self":[{"href":"https:\/\/www.gdwanjiada.net\/es\/wp-json\/wp\/v2\/product\/1218","targetHints":{"allow":["GET"]}}],"collection":[{"href":"https:\/\/www.gdwanjiada.net\/es\/wp-json\/wp\/v2\/product"}],"about":[{"href":"https:\/\/www.gdwanjiada.net\/es\/wp-json\/wp\/v2\/types\/product"}],"replies":[{"embeddable":true,"href":"https:\/\/www.gdwanjiada.net\/es\/wp-json\/wp\/v2\/comments?post=1218"}],"wp:featuredmedia":[{"embeddable":true,"href":"https:\/\/www.gdwanjiada.net\/es\/wp-json\/wp\/v2\/media\/1248"}],"wp:attachment":[{"href":"https:\/\/www.gdwanjiada.net\/es\/wp-json\/wp\/v2\/media?parent=1218"}],"wp:term":[{"taxonomy":"product_brand","embeddable":true,"href":"https:\/\/www.gdwanjiada.net\/es\/wp-json\/wp\/v2\/product_brand?post=1218"},{"taxonomy":"product_cat","embeddable":true,"href":"https:\/\/www.gdwanjiada.net\/es\/wp-json\/wp\/v2\/product_cat?post=1218"},{"taxonomy":"product_tag","embeddable":true,"href":"https:\/\/www.gdwanjiada.net\/es\/wp-json\/wp\/v2\/product_tag?post=1218"}],"curies":[{"name":"wp","href":"https:\/\/api.w.org\/{rel}","templated":true}]}}