{"id":1202,"date":"2024-11-15T03:48:53","date_gmt":"2024-11-15T03:48:53","guid":{"rendered":"https:\/\/www.gdwanjiada.net\/?post_type=product&#038;p=1202"},"modified":"2024-11-15T03:48:54","modified_gmt":"2024-11-15T03:48:54","slug":"wholesale-evaporative-coolers","status":"publish","type":"product","link":"https:\/\/www.gdwanjiada.net\/es\/producto\/wholesale-evaporative-coolers\/","title":{"rendered":"Enfriadores evaporativos port\u00e1tiles al por mayor con dep\u00f3sito de agua de 42L"},"content":{"rendered":"<h3 class=\"wp-block-heading has-text-align-center\">Especificaciones de los climatizadores evaporativos al por mayor<\/h3><figure class=\"wp-block-table\"><table class=\"has-fixed-layout\"><tbody><tr><td rowspan=\"2\">Modelo<\/td><td rowspan=\"2\">Potencia (W)&nbsp;<\/td><td colspan=\"3\">Caudal de aire (m\u00b3\/h)<\/td><td rowspan=\"2\">Capacidad del dep\u00f3sito de agua (L)<\/td><td colspan=\"3\">Tama\u00f1o del producto (mm)&nbsp;<\/td><td rowspan=\"2\">Consumo de agua (L\/H)<\/td><td rowspan=\"2\">Tama\u00f1o del panel de refrigeraci\u00f3n (mm)<\/td><td rowspan=\"2\">Embalaje<\/td><td rowspan=\"2\">N.W.\/ G.W. (kg)&nbsp;&nbsp;<\/td><td rowspan=\"2\">Tama\u00f1o del embalaje (mm)&nbsp;<\/td><td colspan=\"2\">Cantidad de carga<\/td><\/tr><tr><td>H<\/td><td>M<\/td><td>L<\/td><td>L<\/td><td>W<\/td><td>H<\/td><td>20'GP<\/td><td>40'HQ<\/td><\/tr><tr><td>WJD4500F-2Z<\/td><td>125<\/td><td>4500<\/td><td>3200<\/td><td>1800<\/td><td>42.0<\/td><td>500<\/td><td>410<\/td><td>960<\/td><td>5.0<\/td><td>385*90*530<\/td><td>1 unidad<\/td><td>12.6\/14.6<\/td><td>550*460*1020<\/td><td>122<\/td><td>278<\/td><\/tr><\/tbody><\/table><\/figure><div class=\"wp-block-columns is-layout-flex wp-container-core-columns-is-layout-9d6595d7 wp-block-columns-is-layout-flex\"><div class=\"wp-block-column is-layout-flow wp-block-column-is-layout-flow\" style=\"flex-basis:50%\"><h3 class=\"wp-block-heading has-text-align-left\">Ventajas de los climatizadores evaporativos al por mayor<\/h3>\n\n<ul class=\"wp-block-list\"><li><strong>Flexible y estable: <\/strong>Nuestros enfriadores evaporativos al por mayor est\u00e1n equipados con una funci\u00f3n de bloqueo del freno de las ruedas delanteras, el aire acondicionado se puede mover f\u00e1cilmente a la posici\u00f3n requerida y se puede fijar firmemente para garantizar la seguridad y la comodidad durante el uso, especialmente adecuado para su uso en m\u00faltiples escenarios.<\/li>\n\n<li><strong>Protecci\u00f3n de seguridad: <\/strong>Este enfriador de aire al por mayor tiene una funci\u00f3n de bloqueo para ni\u00f1os, que puede evitar que los ni\u00f1os lo toquen accidentalmente o lo manejen mal, mejorar la seguridad, y es especialmente adecuado para el hogar o lugares p\u00fablicos, asegurando que el dispositivo puede funcionar con seguridad en un entorno donde los ni\u00f1os est\u00e1n expuestos.<\/li>\n\n<li><strong>Dise\u00f1o abatible superior: <\/strong>Nuestros enfriadores evaporativos al por mayor est\u00e1n dise\u00f1ados con una zona abatible en la parte superior del fuselaje, los usuarios pueden a\u00f1adir f\u00e1cilmente agua, hielo o colocar cristales de hielo para mejorar el efecto de enfriamiento y proporcionar una experiencia m\u00e1s fresca, especialmente adecuado para su uso en altas temperaturas en verano.<\/li>\n\n<li><strong>Funcionamiento por control remoto, inteligente y c\u00f3modo: <\/strong>Soporta la operaci\u00f3n de control remoto, los usuarios pueden controlar las diversas funciones del enfriador de aire al por mayor a distancia, trayendo una experiencia de uso m\u00e1s conveniente, sin ajuste manual frecuente del equipo.<\/li><\/ul><\/div>\n\n<div class=\"wp-block-column is-layout-flow wp-block-column-is-layout-flow\"><figure class=\"wp-block-image size-full\"><img decoding=\"async\" width=\"1126\" height=\"1126\" src=\"https:\/\/www.gdwanjiada.net\/wp-content\/uploads\/2024\/11\/42L-Tank-3-in-1-Commercial-Portable-Evaporative-Air-Cooler-5.webp\" alt=\"Enfriadores evaporativos port\u00e1tiles al por mayor con dep\u00f3sito de agua de 42L-1\" class=\"wp-image-1208\" srcset=\"https:\/\/www.gdwanjiada.net\/wp-content\/uploads\/2024\/11\/42L-Tank-3-in-1-Commercial-Portable-Evaporative-Air-Cooler-5.webp 1126w, https:\/\/www.gdwanjiada.net\/wp-content\/uploads\/2024\/11\/42L-Tank-3-in-1-Commercial-Portable-Evaporative-Air-Cooler-5-300x300.webp 300w, https:\/\/www.gdwanjiada.net\/wp-content\/uploads\/2024\/11\/42L-Tank-3-in-1-Commercial-Portable-Evaporative-Air-Cooler-5-150x150.webp 150w, https:\/\/www.gdwanjiada.net\/wp-content\/uploads\/2024\/11\/42L-Tank-3-in-1-Commercial-Portable-Evaporative-Air-Cooler-5-768x768.webp 768w, https:\/\/www.gdwanjiada.net\/wp-content\/uploads\/2024\/11\/42L-Tank-3-in-1-Commercial-Portable-Evaporative-Air-Cooler-5-12x12.webp 12w, https:\/\/www.gdwanjiada.net\/wp-content\/uploads\/2024\/11\/42L-Tank-3-in-1-Commercial-Portable-Evaporative-Air-Cooler-5-600x600.webp 600w, https:\/\/www.gdwanjiada.net\/wp-content\/uploads\/2024\/11\/42L-Tank-3-in-1-Commercial-Portable-Evaporative-Air-Cooler-5-100x100.webp 100w\" sizes=\"(max-width: 1126px) 100vw, 1126px\" \/><\/figure><\/div><\/div><p><\/p>","protected":false},"excerpt":{"rendered":"<p>Bienvenido a comprar a los fabricantes de enfriadores de aire. Nuestros enfriadores evaporativos al por mayor est\u00e1n equipados con una funci\u00f3n de bloqueo del freno de la rueda delantera, que es flexible y estable, y tiene una funci\u00f3n de bloqueo para ni\u00f1os para garantizar la seguridad de los ni\u00f1os. El dise\u00f1o de la cubierta superior abatible facilita la adici\u00f3n de agua y hielo, mejorando a\u00fan m\u00e1s el efecto de enfriamiento.<\/p>\n<h2>Caracter\u00edsticas del producto\uff1a<\/h2>\n<ul>\n<li>Refrigeraci\u00f3n, humidificaci\u00f3n y purificaci\u00f3n, una m\u00e1quina polivalente.<\/li>\n<li>Utiliza una entrada de aire de 3 lados y cortinas h\u00famedas de enfriamiento evaporativo de alta eficiencia, y el efecto de enfriamiento es m\u00e1s obvio.<\/li>\n<li>Panel de control multifunci\u00f3n, LED din\u00e1mico y pantalla de temperatura, funci\u00f3n de control remoto inteligente.<\/li>\n<li>Funci\u00f3n de barra de ox\u00edgeno de iones negativos, aumenta el ox\u00edgeno activo, purifica el aire.<\/li>\n<li>Rodete de flujo axial de gran di\u00e1metro, gran volumen de aire y bajo nivel de ruido.<\/li>\n<li>Tres tipos de opciones de viento: imitaci\u00f3n de viento natural, viento dormido y viento est\u00e1ndar.<\/li>\n<li>Funci\u00f3n de apagado autom\u00e1tico temporizado de 1 a 12 horas.<\/li>\n<li>Funci\u00f3n manual de subida y bajada, funci\u00f3n autom\u00e1tica de balanceo a izquierda y derecha, tres opciones de velocidad de viento.<\/li>\n<li>Bomba sumergible con m\u00faltiples funciones de protecci\u00f3n, agua suficiente, segura y garantizada.<\/li>\n<li>La rueda delantera tiene una funci\u00f3n de bloqueo de freno, que es conveniente para mover y colocar.<\/li>\n<li>Con funci\u00f3n de bloqueo infantil para evitar que los ni\u00f1os lo manejen de forma incorrecta.<\/li>\n<li>La parte superior del fuselaje se puede voltear para a\u00f1adir agua, hielo y cristales de hielo para enfriarlo.<\/li>\n<li>Motor de cobre puro.<\/li>\n<\/ul>","protected":false},"featured_media":1204,"comment_status":"closed","ping_status":"closed","template":"","meta":{"_acf_changed":false},"product_brand":[],"product_cat":[26],"product_tag":[28],"class_list":{"0":"post-1202","1":"product","2":"type-product","3":"status-publish","4":"has-post-thumbnail","6":"product_cat-wholesale-air-coolers","7":"product_tag-commercial-air-coolers-wholesale","9":"first","10":"instock","11":"shipping-taxable","12":"product-type-simple"},"acf":[],"_links":{"self":[{"href":"https:\/\/www.gdwanjiada.net\/es\/wp-json\/wp\/v2\/product\/1202","targetHints":{"allow":["GET"]}}],"collection":[{"href":"https:\/\/www.gdwanjiada.net\/es\/wp-json\/wp\/v2\/product"}],"about":[{"href":"https:\/\/www.gdwanjiada.net\/es\/wp-json\/wp\/v2\/types\/product"}],"replies":[{"embeddable":true,"href":"https:\/\/www.gdwanjiada.net\/es\/wp-json\/wp\/v2\/comments?post=1202"}],"wp:featuredmedia":[{"embeddable":true,"href":"https:\/\/www.gdwanjiada.net\/es\/wp-json\/wp\/v2\/media\/1204"}],"wp:attachment":[{"href":"https:\/\/www.gdwanjiada.net\/es\/wp-json\/wp\/v2\/media?parent=1202"}],"wp:term":[{"taxonomy":"product_brand","embeddable":true,"href":"https:\/\/www.gdwanjiada.net\/es\/wp-json\/wp\/v2\/product_brand?post=1202"},{"taxonomy":"product_cat","embeddable":true,"href":"https:\/\/www.gdwanjiada.net\/es\/wp-json\/wp\/v2\/product_cat?post=1202"},{"taxonomy":"product_tag","embeddable":true,"href":"https:\/\/www.gdwanjiada.net\/es\/wp-json\/wp\/v2\/product_tag?post=1202"}],"curies":[{"name":"wp","href":"https:\/\/api.w.org\/{rel}","templated":true}]}}