{"id":1192,"date":"2024-11-15T06:11:12","date_gmt":"2024-11-15T06:11:12","guid":{"rendered":"https:\/\/www.gdwanjiada.net\/?post_type=product&#038;p=1192"},"modified":"2024-11-15T06:11:13","modified_gmt":"2024-11-15T06:11:13","slug":"air-coolers-wholesale","status":"publish","type":"product","link":"https:\/\/www.gdwanjiada.net\/es\/producto\/air-coolers-wholesale\/","title":{"rendered":"Los mejores enfriadores de aire evaporativos al por mayor con 4 lados almohadillas de refrigeraci\u00f3n"},"content":{"rendered":"<h3 class=\"wp-block-heading has-text-align-center\">Especificaciones de Refrigeradores de aire al por mayor<\/h3><figure class=\"wp-block-table\"><table class=\"has-fixed-layout\"><tbody><tr><td rowspan=\"2\">Modelo<\/td><td rowspan=\"2\">Potencia (W)&nbsp;<\/td><td colspan=\"3\">Caudal de aire (m\u00b3\/h)<\/td><td rowspan=\"2\">Capacidad del dep\u00f3sito de agua (L)<\/td><td colspan=\"3\">Tama\u00f1o del producto (mm)&nbsp;<\/td><td rowspan=\"2\">Consumo de agua (L\/H)<\/td><td rowspan=\"2\">Tama\u00f1o del panel de refrigeraci\u00f3n (mm)<\/td><td rowspan=\"2\">Embalaje<\/td><td rowspan=\"2\">N.W.\/ G.W. (kg)&nbsp;&nbsp;<\/td><td rowspan=\"2\">Tama\u00f1o del embalaje (mm)&nbsp;<\/td><td colspan=\"2\">Cantidad de carga<\/td><\/tr><tr><td>H<\/td><td>M<\/td><td>L<\/td><td>L<\/td><td>W<\/td><td>H<\/td><td>20'GP<\/td><td>40'HQ<\/td><\/tr><tr><td>WJD980F-1L<\/td><td>90<\/td><td>980<\/td><td>750<\/td><td>550<\/td><td>18.0<\/td><td>335<\/td><td>340<\/td><td>840<\/td><td>1.5<\/td><td>215*40*270<\/td><td>1 unidad<\/td><td>7.5\/9.5<\/td><td>392*385*870<\/td><td>240<\/td><td>536<\/td><\/tr><\/tbody><\/table><\/figure><div class=\"wp-block-columns is-layout-flex wp-container-core-columns-is-layout-9d6595d7 wp-block-columns-is-layout-flex\"><div class=\"wp-block-column is-layout-flow wp-block-column-is-layout-flow\" style=\"flex-basis:50%\"><h3 class=\"wp-block-heading has-text-align-left\">Ventajas de los enfriadores de aire al por mayor<\/h3>\n\n<ul class=\"wp-block-list\"><li><strong>Toma de aire de cuatro lados:<\/strong> Estos enfriadores de aire comerciales al por mayor adoptan un dise\u00f1o de entrada de aire de cuatro lados. Al enfriar la cortina h\u00fameda, mejora eficazmente la eficiencia de enfriamiento al aumentar la humedad del aire y enfr\u00eda r\u00e1pidamente el aire interior. Puede utilizarse en grandes locales comerciales.<\/li>\n\n<li><strong>Bajo nivel de ruido y gran volumen de aire de salida:<\/strong> Este enfriador de aire evaporativo al por mayor adopta un dise\u00f1o de rueda de viento centr\u00edfuga con un gran volumen de aire, que puede hacer circular r\u00e1pidamente el aire interior y cubrir una gran superficie. Mientras tanto, puede funcionar con poco ruido para no molestar el trabajo diario del personal y la experiencia del cliente. Es ideal para locales comerciales.<\/li>\n\n<li><strong>Purificaci\u00f3n de aire por iones negativos: <\/strong>Estos enfriadores de aire al por mayor est\u00e1n equipados con una funci\u00f3n de purificaci\u00f3n de aire de iones negativos para garantizar que puedan crear ox\u00edgeno activo y purificar eficazmente el aire. Esto permite a sus clientes y empleados disfrutar de frescor, a la vez que respiran un aire m\u00e1s fresco.\u00a0<\/li>\n\n<li><strong>Mayor efecto refrigerante: <\/strong>El dise\u00f1o superior de este enfriador de aire evaporativo al por mayor es pr\u00e1ctico, y se puede a\u00f1adir f\u00e1cilmente agua, hielo o cristales de hielo, lo que mejora enormemente el efecto de enfriamiento. Los usuarios pueden ajustarlo de acuerdo con las necesidades ambientales para llevar una experiencia m\u00e1s fresca a la habitaci\u00f3n.<\/li><\/ul><\/div>\n\n<div class=\"wp-block-column is-layout-flow wp-block-column-is-layout-flow\"><figure class=\"wp-block-image size-full\"><img decoding=\"async\" width=\"1127\" height=\"1127\" src=\"https:\/\/www.gdwanjiada.net\/wp-content\/uploads\/2024\/11\/18L-evaporative-air-cooler-commercial-6.webp\" alt=\"Los mejores enfriadores de aire evaporativos al por mayor con 4 lados de refrigeraci\u00f3n Pads-1\" class=\"wp-image-1198\" srcset=\"https:\/\/www.gdwanjiada.net\/wp-content\/uploads\/2024\/11\/18L-evaporative-air-cooler-commercial-6.webp 1127w, https:\/\/www.gdwanjiada.net\/wp-content\/uploads\/2024\/11\/18L-evaporative-air-cooler-commercial-6-300x300.webp 300w, https:\/\/www.gdwanjiada.net\/wp-content\/uploads\/2024\/11\/18L-evaporative-air-cooler-commercial-6-150x150.webp 150w, https:\/\/www.gdwanjiada.net\/wp-content\/uploads\/2024\/11\/18L-evaporative-air-cooler-commercial-6-768x768.webp 768w, https:\/\/www.gdwanjiada.net\/wp-content\/uploads\/2024\/11\/18L-evaporative-air-cooler-commercial-6-12x12.webp 12w, https:\/\/www.gdwanjiada.net\/wp-content\/uploads\/2024\/11\/18L-evaporative-air-cooler-commercial-6-600x600.webp 600w, https:\/\/www.gdwanjiada.net\/wp-content\/uploads\/2024\/11\/18L-evaporative-air-cooler-commercial-6-100x100.webp 100w\" sizes=\"(max-width: 1127px) 100vw, 1127px\" \/><\/figure><\/div><\/div>","protected":false},"excerpt":{"rendered":"<p>Bienvenido a comprar enfriadores de aire evaporativos al por mayor. Estos enfriadores de aire de exterior al por mayor tienen una entrada de aire de cuatro lados y un dise\u00f1o de cortina h\u00fameda de enfriamiento, que mejora significativamente el efecto de enfriamiento. La rueda del ventilador centr\u00edfugo garantiza un gran volumen de salida de aire y un bajo nivel de ruido. El cuerpo de cobre puro de alta calidad es duradero y adecuado para grandes locales comerciales.<\/p>\n<h2>Caracter\u00edsticas del producto\uff1a<\/h2>\n<ul>\n<li>Refrigeraci\u00f3n, humidificaci\u00f3n y purificaci\u00f3n, una m\u00e1quina polivalente.<\/li>\n<li>El viento entra por los 4 lados, hace que el efecto de enfriamiento sea m\u00e1s evidente.<\/li>\n<li>Un panel de control con m\u00faltiples funciones, pantalla LED y mando a distancia inteligente.<\/li>\n<li>Funci\u00f3n de iones negativos para purificar el aire.<\/li>\n<li>Rueda de viento centr\u00edfuga para un potente flujo de aire y un ruido m\u00ednimo.<\/li>\n<li>Opciones de brisa natural, modo de reposo y ajustes de viento est\u00e1ndar.<\/li>\n<li>Funci\u00f3n de temporizador ajustable de 1 a 7 horas.<\/li>\n<li>Dep\u00f3sito de agua desmontable de la unidad para una limpieza c\u00f3moda.<\/li>\n<li>Subida y bajada manual, izquierda y derecha autom\u00e1tica por aspas. 3 velocidades de viento a elegir.<\/li>\n<li>Puede a\u00f1adir agua o hielo en la parte superior, para una mayor refrigeraci\u00f3n.<\/li>\n<li>Equipado con un motor de cobre de alta calidad.<\/li>\n<\/ul>","protected":false},"featured_media":1194,"comment_status":"closed","ping_status":"closed","template":"","meta":{"_acf_changed":false},"product_brand":[],"product_cat":[26],"product_tag":[27],"class_list":{"0":"post-1192","1":"product","2":"type-product","3":"status-publish","4":"has-post-thumbnail","6":"product_cat-wholesale-air-coolers","7":"product_tag-wholesale-home-air-coolers","9":"first","10":"instock","11":"shipping-taxable","12":"product-type-simple"},"acf":[],"_links":{"self":[{"href":"https:\/\/www.gdwanjiada.net\/es\/wp-json\/wp\/v2\/product\/1192","targetHints":{"allow":["GET"]}}],"collection":[{"href":"https:\/\/www.gdwanjiada.net\/es\/wp-json\/wp\/v2\/product"}],"about":[{"href":"https:\/\/www.gdwanjiada.net\/es\/wp-json\/wp\/v2\/types\/product"}],"replies":[{"embeddable":true,"href":"https:\/\/www.gdwanjiada.net\/es\/wp-json\/wp\/v2\/comments?post=1192"}],"wp:featuredmedia":[{"embeddable":true,"href":"https:\/\/www.gdwanjiada.net\/es\/wp-json\/wp\/v2\/media\/1194"}],"wp:attachment":[{"href":"https:\/\/www.gdwanjiada.net\/es\/wp-json\/wp\/v2\/media?parent=1192"}],"wp:term":[{"taxonomy":"product_brand","embeddable":true,"href":"https:\/\/www.gdwanjiada.net\/es\/wp-json\/wp\/v2\/product_brand?post=1192"},{"taxonomy":"product_cat","embeddable":true,"href":"https:\/\/www.gdwanjiada.net\/es\/wp-json\/wp\/v2\/product_cat?post=1192"},{"taxonomy":"product_tag","embeddable":true,"href":"https:\/\/www.gdwanjiada.net\/es\/wp-json\/wp\/v2\/product_tag?post=1192"}],"curies":[{"name":"wp","href":"https:\/\/api.w.org\/{rel}","templated":true}]}}