{"id":1154,"date":"2024-10-30T01:54:51","date_gmt":"2024-10-30T01:54:51","guid":{"rendered":"https:\/\/www.gdwanjiada.net\/?post_type=product&#038;p=1154"},"modified":"2024-10-30T02:05:58","modified_gmt":"2024-10-30T02:05:58","slug":"storage-cabinet-wholesale","status":"publish","type":"product","link":"https:\/\/www.gdwanjiada.net\/es\/producto\/storage-cabinet-wholesale\/","title":{"rendered":"Armario de Almacenaje Plegable Extra Grande de 6 Capas al por Mayor, Contenedores de Pl\u00e1stico a Granel"},"content":{"rendered":"<h3 class=\"wp-block-heading has-text-align-center\">Especificaciones del armario de almacenamiento al por mayor<\/h3><figure class=\"wp-block-table\"><table class=\"has-fixed-layout\"><tbody><tr><td>Modelo<\/td><td>Material<\/td><td>Tama\u00f1o del producto\uff08cm\uff09<\/td><td>Tama\u00f1o de la caja\uff08cm\uff09<\/td><td>Cantidad por embalaje\uff08pcs\uff09<\/td><td>G.W.\uff08kg\uff09<\/td><td>N.W.\uff08kg\uff09<\/td><\/tr><tr><td>316\uff086 capas\uff09<\/td><td>PP<\/td><td>30*38*95<\/td><td>51.5*36.5*31.5<\/td><td>1<\/td><td>5.322<\/td><td>4.522<\/td><\/tr><\/tbody><\/table><\/figure><div class=\"wp-block-columns is-layout-flex wp-container-core-columns-is-layout-9d6595d7 wp-block-columns-is-layout-flex\"><div class=\"wp-block-column is-layout-flow wp-block-column-is-layout-flow\" style=\"flex-basis:50%\"><h3 class=\"wp-block-heading has-text-align-left\">Ventajas de la venta al por mayor de armarios de almacenamiento<\/h3>\n\n<ul class=\"wp-block-list\"><li><strong>Dise\u00f1o extragrande de seis capas, que proporciona un amplio espacio: <\/strong>Este armario de almacenamiento de seis capas al por mayor est\u00e1 dise\u00f1ado con una capacidad extragrande, que puede satisfacer las necesidades de los usuarios para almacenar un gran n\u00famero de art\u00edculos y es adecuado para su uso en hogares, oficinas y lugares de almacenamiento.<\/li>\n\n<li><strong>Estructura plegable para facilitar su transporte y almacenamiento: <\/strong>El innovador dise\u00f1o plegable permite plegar f\u00e1cilmente estos contenedores de pl\u00e1stico a granel cuando no se utilizan, lo que reduce el espacio ocupado, facilita el transporte y el almacenamiento y ahorra en gran medida costes log\u00edsticos.<\/li>\n\n<li><strong>Material pl\u00e1stico de alta calidad, resistente y duradero: <\/strong>Nuestro armario de almacenamiento al por mayor est\u00e1 hecho de pl\u00e1stico de alta calidad, que es fuerte y estable, a prueba de humedad y resistente al agua, lo que garantiza el uso a largo plazo en diversos entornos.<\/li>\n\n<li><strong>Montaje flexible y f\u00e1cil manejo: <\/strong>El dise\u00f1o modular de estos contenedores de pl\u00e1stico a granel permite a los usuarios montarlos o desmontarlos f\u00e1cilmente, y cada capa puede utilizarse de forma independiente o combinarse seg\u00fan las necesidades, lo que resulta c\u00f3modo y flexible.<\/li><\/ul><\/div>\n\n<div class=\"wp-block-column is-layout-flow wp-block-column-is-layout-flow\"><figure class=\"wp-block-image size-full\"><img decoding=\"async\" width=\"800\" height=\"800\" src=\"https:\/\/www.gdwanjiada.net\/wp-content\/uploads\/2024\/10\/Extra-Large-6-layer-Foldable-Storage-Cabinet-Wholesale-Bulk-Plastic-Containers.webp\" alt=\"Armario de Almacenaje Plegable Extra Grande de 6 Capas al por Mayor, Contenedores de Pl\u00e1stico a Granel\" class=\"wp-image-1155\" srcset=\"https:\/\/www.gdwanjiada.net\/wp-content\/uploads\/2024\/10\/Extra-Large-6-layer-Foldable-Storage-Cabinet-Wholesale-Bulk-Plastic-Containers.webp 800w, https:\/\/www.gdwanjiada.net\/wp-content\/uploads\/2024\/10\/Extra-Large-6-layer-Foldable-Storage-Cabinet-Wholesale-Bulk-Plastic-Containers-300x300.webp 300w, https:\/\/www.gdwanjiada.net\/wp-content\/uploads\/2024\/10\/Extra-Large-6-layer-Foldable-Storage-Cabinet-Wholesale-Bulk-Plastic-Containers-150x150.webp 150w, https:\/\/www.gdwanjiada.net\/wp-content\/uploads\/2024\/10\/Extra-Large-6-layer-Foldable-Storage-Cabinet-Wholesale-Bulk-Plastic-Containers-768x768.webp 768w, https:\/\/www.gdwanjiada.net\/wp-content\/uploads\/2024\/10\/Extra-Large-6-layer-Foldable-Storage-Cabinet-Wholesale-Bulk-Plastic-Containers-12x12.webp 12w, https:\/\/www.gdwanjiada.net\/wp-content\/uploads\/2024\/10\/Extra-Large-6-layer-Foldable-Storage-Cabinet-Wholesale-Bulk-Plastic-Containers-600x600.webp 600w, https:\/\/www.gdwanjiada.net\/wp-content\/uploads\/2024\/10\/Extra-Large-6-layer-Foldable-Storage-Cabinet-Wholesale-Bulk-Plastic-Containers-100x100.webp 100w\" sizes=\"(max-width: 800px) 100vw, 800px\" \/><\/figure><\/div><\/div>","protected":false},"excerpt":{"rendered":"<p>Bienvenido a comprar contenedores de pl\u00e1stico al por mayor. Este armario de almacenamiento extragrande de seis capas al por mayor est\u00e1 fabricado con material pl\u00e1stico resistente y ofrece un amplio espacio y una c\u00f3moda funci\u00f3n de plegado. Es una opci\u00f3n ideal para compras al por mayor y es adecuado para el almacenamiento eficiente en diversos escenarios.<\/p>\n<h2>Caracter\u00edsticas del producto\uff1a<\/h2>\n<ul>\n<li>Capacidad extra grande de seis capas, que proporciona un amplio espacio de almacenamiento para guardar un gran n\u00famero de objetos.<\/li>\n<li>Dise\u00f1o plegable, f\u00e1cil de transportar y guardar, ahorra espacio.<\/li>\n<li>Material pl\u00e1stico de alta calidad, a prueba de humedad e impermeable, duradero y resistente.<\/li>\n<li>Montaje modular, cada capa puede utilizarse de forma independiente o combinarse con flexibilidad, f\u00e1cil de instalar.<\/li>\n<li>Aplicaci\u00f3n polivalente, adecuada para las necesidades de almacenamiento en diversos lugares como el hogar, la oficina, el almac\u00e9n, etc.<\/li>\n<\/ul>","protected":false},"featured_media":1155,"comment_status":"closed","ping_status":"closed","template":"","meta":{"_acf_changed":false},"product_brand":[],"product_cat":[20],"product_tag":[],"class_list":{"0":"post-1154","1":"product","2":"type-product","3":"status-publish","4":"has-post-thumbnail","6":"product_cat-plastic-cabinets-wholesale","8":"first","9":"instock","10":"shipping-taxable","11":"product-type-simple"},"acf":[],"_links":{"self":[{"href":"https:\/\/www.gdwanjiada.net\/es\/wp-json\/wp\/v2\/product\/1154","targetHints":{"allow":["GET"]}}],"collection":[{"href":"https:\/\/www.gdwanjiada.net\/es\/wp-json\/wp\/v2\/product"}],"about":[{"href":"https:\/\/www.gdwanjiada.net\/es\/wp-json\/wp\/v2\/types\/product"}],"replies":[{"embeddable":true,"href":"https:\/\/www.gdwanjiada.net\/es\/wp-json\/wp\/v2\/comments?post=1154"}],"wp:featuredmedia":[{"embeddable":true,"href":"https:\/\/www.gdwanjiada.net\/es\/wp-json\/wp\/v2\/media\/1155"}],"wp:attachment":[{"href":"https:\/\/www.gdwanjiada.net\/es\/wp-json\/wp\/v2\/media?parent=1154"}],"wp:term":[{"taxonomy":"product_brand","embeddable":true,"href":"https:\/\/www.gdwanjiada.net\/es\/wp-json\/wp\/v2\/product_brand?post=1154"},{"taxonomy":"product_cat","embeddable":true,"href":"https:\/\/www.gdwanjiada.net\/es\/wp-json\/wp\/v2\/product_cat?post=1154"},{"taxonomy":"product_tag","embeddable":true,"href":"https:\/\/www.gdwanjiada.net\/es\/wp-json\/wp\/v2\/product_tag?post=1154"}],"curies":[{"name":"wp","href":"https:\/\/api.w.org\/{rel}","templated":true}]}}