{"id":1148,"date":"2024-10-30T01:09:15","date_gmt":"2024-10-30T01:09:15","guid":{"rendered":"https:\/\/www.gdwanjiada.net\/?post_type=product&#038;p=1148"},"modified":"2024-10-30T01:37:57","modified_gmt":"2024-10-30T01:37:57","slug":"cabinet-wholesale","status":"publish","type":"product","link":"https:\/\/www.gdwanjiada.net\/es\/producto\/cabinet-wholesale\/","title":{"rendered":"Armario De Pl\u00e1stico De 3 Capas Al Por Mayor, Armario De Cajones Apilables Al Por Mayor"},"content":{"rendered":"<h3 class=\"wp-block-heading has-text-align-center\">Especificaciones del mayorista de armarios<\/h3><figure class=\"wp-block-table\"><table class=\"has-fixed-layout\"><tbody><tr><td>Modelo<\/td><td>Material<\/td><td>Tama\u00f1o del producto\uff08cm\uff09<\/td><td>Tama\u00f1o de la caja\uff08cm\uff09<\/td><td>Cantidad por embalaje\uff08pcs\uff09<\/td><td>G.W.\uff08kg\uff09<\/td><td>N.W.\uff08kg\uff09<\/td><\/tr><tr><td>313\uff083 capas\uff09<\/td><td>PP<\/td><td>30*38*49.4<\/td><td>42*31*29.5<\/td><td>1<\/td><td>3.043<\/td><td>2.413<\/td><\/tr><\/tbody><\/table><\/figure><div class=\"wp-block-columns is-layout-flex wp-container-core-columns-is-layout-9d6595d7 wp-block-columns-is-layout-flex\"><div class=\"wp-block-column is-layout-flow wp-block-column-is-layout-flow\" style=\"flex-basis:50%\"><h3 class=\"wp-block-heading has-text-align-left\">Ventajas de los armarios al por mayor<\/h3>\n\n<ul class=\"wp-block-list\"><li><strong>Dise\u00f1o espacial multicapa: <\/strong>Este armario de pl\u00e1stico al por mayor adopta un dise\u00f1o de caj\u00f3n de tres capas, proporcionando un amplio espacio de almacenamiento vertical, permitiendo a los usuarios clasificar y almacenar f\u00e1cilmente diferentes art\u00edculos, lo que es muy adecuado para el hogar, la oficina o el dormitorio.<\/li>\n\n<li><strong>Estructura apilable: <\/strong>Esta cajonera a granel admite la funci\u00f3n de apilamiento, y cada capa puede ajustar flexiblemente la altura para adaptarse a diferentes necesidades de espacio, lo que no s\u00f3lo ahorra espacio en el suelo, sino que tambi\u00e9n facilita la gesti\u00f3n y el uso.<\/li>\n\n<li><strong>Material pl\u00e1stico de alta calidad: <\/strong>Nuestro armario de pl\u00e1stico al por mayor est\u00e1 hecho de pl\u00e1stico de alta calidad, que es robusto y duradero, con buena resistencia a la presi\u00f3n y resistencia a la humedad, lo que puede garantizar el almacenamiento seguro de los art\u00edculos y una vida \u00fatil m\u00e1s larga.<\/li>\n\n<li><strong>Dise\u00f1o colorido de los cajones: <\/strong>Los cajones de esta cajonera de pl\u00e1stico a granel son de varios colores y de dise\u00f1o elegante y bonito. Puede integrarse f\u00e1cilmente en diversos ambientes del hogar o la oficina, a\u00f1adiendo color y vitalidad al espacio.<\/li><\/ul><\/div>\n\n<div class=\"wp-block-column is-layout-flow wp-block-column-is-layout-flow\"><figure class=\"wp-block-image size-full\"><img decoding=\"async\" width=\"800\" height=\"800\" src=\"https:\/\/www.gdwanjiada.net\/wp-content\/uploads\/2024\/10\/3-Layers-Plastic-Cabinet-Wholesale-Stackable-Drawer-Cabinet-In-Bulk.webp\" alt=\"Armario De Pl\u00e1stico De 3 Capas Al Por Mayor, Armario De Cajones Apilables Al Por Mayor\" class=\"wp-image-1149\" srcset=\"https:\/\/www.gdwanjiada.net\/wp-content\/uploads\/2024\/10\/3-Layers-Plastic-Cabinet-Wholesale-Stackable-Drawer-Cabinet-In-Bulk.webp 800w, https:\/\/www.gdwanjiada.net\/wp-content\/uploads\/2024\/10\/3-Layers-Plastic-Cabinet-Wholesale-Stackable-Drawer-Cabinet-In-Bulk-300x300.webp 300w, https:\/\/www.gdwanjiada.net\/wp-content\/uploads\/2024\/10\/3-Layers-Plastic-Cabinet-Wholesale-Stackable-Drawer-Cabinet-In-Bulk-150x150.webp 150w, https:\/\/www.gdwanjiada.net\/wp-content\/uploads\/2024\/10\/3-Layers-Plastic-Cabinet-Wholesale-Stackable-Drawer-Cabinet-In-Bulk-768x768.webp 768w, https:\/\/www.gdwanjiada.net\/wp-content\/uploads\/2024\/10\/3-Layers-Plastic-Cabinet-Wholesale-Stackable-Drawer-Cabinet-In-Bulk-12x12.webp 12w, https:\/\/www.gdwanjiada.net\/wp-content\/uploads\/2024\/10\/3-Layers-Plastic-Cabinet-Wholesale-Stackable-Drawer-Cabinet-In-Bulk-600x600.webp 600w, https:\/\/www.gdwanjiada.net\/wp-content\/uploads\/2024\/10\/3-Layers-Plastic-Cabinet-Wholesale-Stackable-Drawer-Cabinet-In-Bulk-100x100.webp 100w\" sizes=\"(max-width: 800px) 100vw, 800px\" \/><\/figure><\/div><\/div>","protected":false},"excerpt":{"rendered":"<p>Bienvenido a la compra de armario con cajones al por mayor. Este armario de pl\u00e1stico de tres capas al por mayor no s\u00f3lo es estable y apilable, sino que tambi\u00e9n est\u00e1 hecho de material pl\u00e1stico de alta calidad con buena resistencia a la presi\u00f3n y a la humedad. Su colorido aspecto le permite satisfacer una gran variedad de necesidades de almacenamiento, a la vez que a\u00f1ade un ambiente de moda a hogares y oficinas. Es una opci\u00f3n de compra al por mayor ideal.<\/p>\n<h2>Caracter\u00edsticas del producto\uff1a<\/h2>\n<ul>\n<li>Amplio espacio para guardar ropa, juguetes y otros objetos.<\/li>\n<li>Los cajones est\u00e1n disponibles en varios colores.<\/li>\n<li>Duradera y ligera, resiste el desgaste del uso diario.<\/li>\n<li>Montaje r\u00e1pido sin herramientas ni pasos complicados.<\/li>\n<li>Muy utilizado en el hogar, la escuela y la oficina.<\/li>\n<\/ul>","protected":false},"featured_media":1149,"comment_status":"closed","ping_status":"closed","template":"","meta":{"_acf_changed":false},"product_brand":[],"product_cat":[20],"product_tag":[],"class_list":{"0":"post-1148","1":"product","2":"type-product","3":"status-publish","4":"has-post-thumbnail","6":"product_cat-plastic-cabinets-wholesale","8":"first","9":"instock","10":"shipping-taxable","11":"product-type-simple"},"acf":[],"_links":{"self":[{"href":"https:\/\/www.gdwanjiada.net\/es\/wp-json\/wp\/v2\/product\/1148","targetHints":{"allow":["GET"]}}],"collection":[{"href":"https:\/\/www.gdwanjiada.net\/es\/wp-json\/wp\/v2\/product"}],"about":[{"href":"https:\/\/www.gdwanjiada.net\/es\/wp-json\/wp\/v2\/types\/product"}],"replies":[{"embeddable":true,"href":"https:\/\/www.gdwanjiada.net\/es\/wp-json\/wp\/v2\/comments?post=1148"}],"wp:featuredmedia":[{"embeddable":true,"href":"https:\/\/www.gdwanjiada.net\/es\/wp-json\/wp\/v2\/media\/1149"}],"wp:attachment":[{"href":"https:\/\/www.gdwanjiada.net\/es\/wp-json\/wp\/v2\/media?parent=1148"}],"wp:term":[{"taxonomy":"product_brand","embeddable":true,"href":"https:\/\/www.gdwanjiada.net\/es\/wp-json\/wp\/v2\/product_brand?post=1148"},{"taxonomy":"product_cat","embeddable":true,"href":"https:\/\/www.gdwanjiada.net\/es\/wp-json\/wp\/v2\/product_cat?post=1148"},{"taxonomy":"product_tag","embeddable":true,"href":"https:\/\/www.gdwanjiada.net\/es\/wp-json\/wp\/v2\/product_tag?post=1148"}],"curies":[{"name":"wp","href":"https:\/\/api.w.org\/{rel}","templated":true}]}}