{"id":1120,"date":"2024-10-19T10:08:42","date_gmt":"2024-10-19T10:08:42","guid":{"rendered":"https:\/\/www.gdwanjiada.net\/?post_type=product&#038;p=1120"},"modified":"2024-10-19T10:16:12","modified_gmt":"2024-10-19T10:16:12","slug":"cabinets-wholesale","status":"publish","type":"product","link":"https:\/\/www.gdwanjiada.net\/es\/producto\/cabinets-wholesale\/","title":{"rendered":"Gabinetes de 5 capas de f\u00e1cil instalaci\u00f3n al por mayor, gabinetes de almacenamiento de oficina personalizados"},"content":{"rendered":"<h3 class=\"wp-block-heading has-text-align-center\">Especificaciones de los armarios al por mayor<\/h3><figure class=\"wp-block-table\"><table class=\"has-fixed-layout\"><tbody><tr><td>Modelo<\/td><td>Material<\/td><td>Tama\u00f1o del producto\uff08cm\uff09<\/td><td>Tama\u00f1o de la caja\uff08cm\uff09<\/td><td>Cantidad por embalaje\uff08pcs\uff09<\/td><td>G.W.\uff08kg\uff09<\/td><td>N.W.\uff08kg\uff09<\/td><\/tr><tr><td>215\uff085layers\uff09<\/td><td>PP<\/td><td>20*38*79.8<\/td><td>41*36.5*28<\/td><td>1<\/td><td>3.422<\/td><td>2.802<\/td><\/tr><\/tbody><\/table><\/figure><div class=\"wp-block-columns is-layout-flex wp-container-core-columns-is-layout-9d6595d7 wp-block-columns-is-layout-flex\"><div class=\"wp-block-column is-layout-flow wp-block-column-is-layout-flow\" style=\"flex-basis:50%\"><h3 class=\"wp-block-heading has-text-align-left\">Ventajas de los armarios al por mayor<\/h3>\n\n<ul class=\"wp-block-list\"><li><strong>Materiales ligeros y duraderos: <\/strong>Nuestros armarios al por mayor utilizan materiales pl\u00e1sticos de alta calidad para garantizar que los armarios sean a la vez ligeros y resistentes, no se da\u00f1en f\u00e1cilmente y sean muy adecuados para hogares y oficinas de uso frecuente.<\/li>\n\n<li><strong>F\u00e1cil instalaci\u00f3n, sin necesidad de herramientas: <\/strong>El dise\u00f1o de nuestros armarios de oficina a medida tiene plenamente en cuenta la comodidad de los usuarios, y el proceso de montaje es sencillo y claro. Los usuarios no necesitan herramientas ni pasos complicados para completar f\u00e1cilmente la instalaci\u00f3n y disfrutar r\u00e1pidamente de soluciones de almacenamiento eficientes.<\/li>\n\n<li><strong>Dise\u00f1o de almacenamiento eficiente:<\/strong> Estos armarios de pl\u00e1stico de cinco capas al por mayor proporcionan abundante espacio de almacenamiento, lo que puede ayudar eficazmente a los usuarios a organizar y clasificar diversos art\u00edculos, mejorar la pulcritud y la eficiencia del entorno del hogar y la oficina, y satisfacer las diversas necesidades de almacenamiento de los usuarios.<\/li>\n\n<li><strong>Selecci\u00f3n de color personalizada: <\/strong>Nuestros armarios de oficina a medida ofrecen diversas opciones de color, que pueden combinarse f\u00e1cilmente con diferentes estilos de decoraci\u00f3n interior, a\u00f1aden vitalidad y belleza al entorno y hacen que cada espacio est\u00e9 lleno de personalidad y diversi\u00f3n.<\/li><\/ul><\/div>\n\n<div class=\"wp-block-column is-layout-flow wp-block-column-is-layout-flow\"><figure class=\"wp-block-image size-full\"><img decoding=\"async\" width=\"800\" height=\"800\" src=\"https:\/\/www.gdwanjiada.net\/wp-content\/uploads\/2024\/10\/5-Layers-Easy-to-install-Cabinets-Wholesale-Custom-Office-Storage-Cabinets.webp\" alt=\"Gabinetes de 5 capas de f\u00e1cil instalaci\u00f3n al por mayor, gabinetes de almacenamiento de oficina personalizados\" class=\"wp-image-1121\" srcset=\"https:\/\/www.gdwanjiada.net\/wp-content\/uploads\/2024\/10\/5-Layers-Easy-to-install-Cabinets-Wholesale-Custom-Office-Storage-Cabinets.webp 800w, https:\/\/www.gdwanjiada.net\/wp-content\/uploads\/2024\/10\/5-Layers-Easy-to-install-Cabinets-Wholesale-Custom-Office-Storage-Cabinets-300x300.webp 300w, https:\/\/www.gdwanjiada.net\/wp-content\/uploads\/2024\/10\/5-Layers-Easy-to-install-Cabinets-Wholesale-Custom-Office-Storage-Cabinets-150x150.webp 150w, https:\/\/www.gdwanjiada.net\/wp-content\/uploads\/2024\/10\/5-Layers-Easy-to-install-Cabinets-Wholesale-Custom-Office-Storage-Cabinets-768x768.webp 768w, https:\/\/www.gdwanjiada.net\/wp-content\/uploads\/2024\/10\/5-Layers-Easy-to-install-Cabinets-Wholesale-Custom-Office-Storage-Cabinets-12x12.webp 12w, https:\/\/www.gdwanjiada.net\/wp-content\/uploads\/2024\/10\/5-Layers-Easy-to-install-Cabinets-Wholesale-Custom-Office-Storage-Cabinets-600x600.webp 600w, https:\/\/www.gdwanjiada.net\/wp-content\/uploads\/2024\/10\/5-Layers-Easy-to-install-Cabinets-Wholesale-Custom-Office-Storage-Cabinets-100x100.webp 100w\" sizes=\"(max-width: 800px) 100vw, 800px\" \/><\/figure><\/div><\/div>","protected":false},"excerpt":{"rendered":"<p>Bienvenido a los armarios de oficina personalizados. Nuestro 5-capa f\u00e1cil de instalar armarios de pl\u00e1stico al por mayor es una soluci\u00f3n de almacenamiento ideal, proporcionando un amplio espacio de almacenamiento y una variedad de opciones de color. Es ligero y duradero, adecuado para m\u00faltiples lugares como el hogar y la oficina. Su c\u00f3modo dise\u00f1o de instalaci\u00f3n permite a los usuarios un f\u00e1cil montaje, y es ampliamente utilizado para el almacenamiento de papeler\u00eda, documentos y ropa.<\/p>\n<h2>Caracter\u00edsticas del producto\uff1a<\/h2>\n<ul>\n<li>Ofrece un dise\u00f1o de cinco capas con amplio espacio de almacenamiento, adecuado para guardar diversos art\u00edculos como papeler\u00eda, documentos, ropa, etc.<\/li>\n<li>Los cajones est\u00e1n disponibles en varios colores, y los usuarios pueden combinarlos seg\u00fan sus preferencias personales y el entorno de la oficina para a\u00f1adir belleza y vitalidad al espacio.<\/li>\n<li>El material pl\u00e1stico, ligero y duradero, puede soportar el desgaste del uso diario, lo que garantiza que no se da\u00f1e f\u00e1cilmente durante un uso prolongado.<\/li>\n<li>El proceso de instalaci\u00f3n es sencillo y no requiere herramientas profesionales. Los usuarios pueden montarlo r\u00e1pidamente, ahorrando tiempo y energ\u00eda, y ponerlo r\u00e1pidamente en uso.<\/li>\n<li>Adecuado para una variedad de ocasiones, incluyendo el hogar, la oficina, la escuela, etc., proporcionando a los usuarios soluciones de almacenamiento flexibles.<\/li>\n<\/ul>","protected":false},"featured_media":1121,"comment_status":"closed","ping_status":"closed","template":"","meta":{"_acf_changed":false},"product_brand":[],"product_cat":[20],"product_tag":[],"class_list":{"0":"post-1120","1":"product","2":"type-product","3":"status-publish","4":"has-post-thumbnail","6":"product_cat-plastic-cabinets-wholesale","8":"first","9":"instock","10":"shipping-taxable","11":"product-type-simple"},"acf":[],"_links":{"self":[{"href":"https:\/\/www.gdwanjiada.net\/es\/wp-json\/wp\/v2\/product\/1120","targetHints":{"allow":["GET"]}}],"collection":[{"href":"https:\/\/www.gdwanjiada.net\/es\/wp-json\/wp\/v2\/product"}],"about":[{"href":"https:\/\/www.gdwanjiada.net\/es\/wp-json\/wp\/v2\/types\/product"}],"replies":[{"embeddable":true,"href":"https:\/\/www.gdwanjiada.net\/es\/wp-json\/wp\/v2\/comments?post=1120"}],"wp:featuredmedia":[{"embeddable":true,"href":"https:\/\/www.gdwanjiada.net\/es\/wp-json\/wp\/v2\/media\/1121"}],"wp:attachment":[{"href":"https:\/\/www.gdwanjiada.net\/es\/wp-json\/wp\/v2\/media?parent=1120"}],"wp:term":[{"taxonomy":"product_brand","embeddable":true,"href":"https:\/\/www.gdwanjiada.net\/es\/wp-json\/wp\/v2\/product_brand?post=1120"},{"taxonomy":"product_cat","embeddable":true,"href":"https:\/\/www.gdwanjiada.net\/es\/wp-json\/wp\/v2\/product_cat?post=1120"},{"taxonomy":"product_tag","embeddable":true,"href":"https:\/\/www.gdwanjiada.net\/es\/wp-json\/wp\/v2\/product_tag?post=1120"}],"curies":[{"name":"wp","href":"https:\/\/api.w.org\/{rel}","templated":true}]}}