{"id":1081,"date":"2024-10-07T08:20:46","date_gmt":"2024-10-07T08:20:46","guid":{"rendered":"https:\/\/www.gdwanjiada.net\/?post_type=product&#038;p=1081"},"modified":"2024-10-07T08:32:59","modified_gmt":"2024-10-07T08:32:59","slug":"plastic-cabinets-wholesale","status":"publish","type":"product","link":"https:\/\/www.gdwanjiada.net\/es\/producto\/plastic-cabinets-wholesale\/","title":{"rendered":"Armarios De Pl\u00e1stico De 5 Capas Al Por Mayor Para Almacenaje En Casa Y Oficina"},"content":{"rendered":"<h3 class=\"wp-block-heading has-text-align-center\">Especificaciones de los armarios de pl\u00e1stico al por mayor<\/h3><figure class=\"wp-block-table\"><table class=\"has-fixed-layout\"><tbody><tr><td>Modelo<\/td><td>Material<\/td><td>Tama\u00f1o del producto\uff08cm\uff09<\/td><td>Tama\u00f1o de la caja\uff08cm\uff09<\/td><td>Cantidad por embalaje\uff08pcs\uff09<\/td><td>G.W.\uff08kg\uff09<\/td><td>N.W.\uff08kg\uff09<\/td><\/tr><tr><td>705\uff085 capas\uff09<\/td><td>ABS+PP<\/td><td>69*38*179.5<\/td><td>72*42.5*42.5<\/td><td>1<\/td><td>14.5<\/td><td>13.03<\/td><\/tr><\/tbody><\/table><\/figure><div class=\"wp-block-columns is-layout-flex wp-container-core-columns-is-layout-9d6595d7 wp-block-columns-is-layout-flex\"><div class=\"wp-block-column is-layout-flow wp-block-column-is-layout-flow\" style=\"flex-basis:50%\"><h3 class=\"wp-block-heading has-text-align-left\">Ventajas de los armarios de pl\u00e1stico al por mayor<\/h3>\n\n<ul class=\"wp-block-list\"><li><strong>Satisface diversas necesidades de almacenamiento: <\/strong>El dise\u00f1o de cinco capas de nuestros armarios de pl\u00e1stico al por mayor proporciona un amplio espacio de almacenamiento para hogares y oficinas, y puede organizar y clasificar eficazmente diversos art\u00edculos para mejorar la pulcritud del espacio.<\/li>\n\n<li><strong>Material pl\u00e1stico de alta calidad: <\/strong>Estos armarios de almacenamiento al por mayor est\u00e1n hechos de pl\u00e1stico de alta calidad, que es a prueba de humedad, a prueba de \u00f3xido y resistente a los ara\u00f1azos, lo que garantiza un uso a largo plazo en diversos entornos y no es f\u00e1cil de da\u00f1ar.<\/li>\n\n<li><strong>Ligero y f\u00e1cil de mover, ajuste y colocaci\u00f3n flexibles: <\/strong>Nuestros armarios de pl\u00e1stico al por mayor son ligeros, por lo que los usuarios pueden moverlos o reubicarlos f\u00e1cilmente, lo que resulta especialmente adecuado para hogares u oficinas que necesitan ajustar la distribuci\u00f3n con frecuencia.<\/li>\n\n<li><strong>Servicio a medida para satisfacer necesidades personalizadas: <\/strong>Estos armarios de almacenamiento al por mayor permiten a los clientes personalizar los colores, tama\u00f1os y capas seg\u00fan las distintas necesidades, garantizando que cada producto pueda ajustarse perfectamente a las necesidades decorativas y funcionales de los distintos escenarios.<\/li><\/ul><\/div>\n\n<div class=\"wp-block-column is-layout-flow wp-block-column-is-layout-flow\"><figure class=\"wp-block-image size-full\"><img decoding=\"async\" width=\"800\" height=\"800\" src=\"https:\/\/www.gdwanjiada.net\/wp-content\/uploads\/2024\/10\/5-Layers-Plastic-Cabinets-Wholesale-For-Home-and-Office-Storage-4.webp\" alt=\"Gabinetes de pl\u00e1stico de 5 capas al por mayor para el hogar y la oficina de almacenamiento-4\" class=\"wp-image-1085\" srcset=\"https:\/\/www.gdwanjiada.net\/wp-content\/uploads\/2024\/10\/5-Layers-Plastic-Cabinets-Wholesale-For-Home-and-Office-Storage-4.webp 800w, https:\/\/www.gdwanjiada.net\/wp-content\/uploads\/2024\/10\/5-Layers-Plastic-Cabinets-Wholesale-For-Home-and-Office-Storage-4-300x300.webp 300w, https:\/\/www.gdwanjiada.net\/wp-content\/uploads\/2024\/10\/5-Layers-Plastic-Cabinets-Wholesale-For-Home-and-Office-Storage-4-150x150.webp 150w, https:\/\/www.gdwanjiada.net\/wp-content\/uploads\/2024\/10\/5-Layers-Plastic-Cabinets-Wholesale-For-Home-and-Office-Storage-4-768x768.webp 768w, https:\/\/www.gdwanjiada.net\/wp-content\/uploads\/2024\/10\/5-Layers-Plastic-Cabinets-Wholesale-For-Home-and-Office-Storage-4-12x12.webp 12w, https:\/\/www.gdwanjiada.net\/wp-content\/uploads\/2024\/10\/5-Layers-Plastic-Cabinets-Wholesale-For-Home-and-Office-Storage-4-600x600.webp 600w, https:\/\/www.gdwanjiada.net\/wp-content\/uploads\/2024\/10\/5-Layers-Plastic-Cabinets-Wholesale-For-Home-and-Office-Storage-4-100x100.webp 100w\" sizes=\"(max-width: 800px) 100vw, 800px\" \/><\/figure><\/div><\/div>","protected":false},"excerpt":{"rendered":"<p>Bienvenido a comprar estos armarios de almacenamiento al por mayor. Nuestros armarios de pl\u00e1stico de cinco capas al por mayor tienen un dise\u00f1o de gran capacidad y son adecuados para una variedad de necesidades de almacenamiento en hogares y oficinas. Est\u00e1 hecho de pl\u00e1stico resistente y duradero, que es a prueba de humedad, a prueba de \u00f3xido, y resistente a los ara\u00f1azos para garantizar el uso a largo plazo.<\/p>\n<h2>Caracter\u00edsticas del producto\uff1a<\/h2>\n<ul>\n<li>El dise\u00f1o de cinco capas proporciona m\u00e1s espacio de almacenamiento y es adecuado para las necesidades de almacenamiento de diversos art\u00edculos en casa y en la oficina.<\/li>\n<li>Fabricado con material pl\u00e1stico resistente y duradero, es a prueba de humedad, \u00f3xido y ara\u00f1azos, y tiene una larga vida \u00fatil.<\/li>\n<li>El armario es ligero y f\u00e1cil de mover y ajustar la colocaci\u00f3n para adaptarse a los escenarios de uso de los distintos espacios.<\/li>\n<li>Cada capa de cajones est\u00e1 equipada con un dise\u00f1o de gu\u00edas de deslizamiento suave para garantizar una apertura y cierre suaves, lo que resulta c\u00f3modo para el acceso diario a los objetos.<\/li>\n<li>Admite colores, tama\u00f1os y capas a medida para satisfacer las necesidades personalizadas de los distintos clientes.<\/li>\n<\/ul>","protected":false},"featured_media":1083,"comment_status":"closed","ping_status":"closed","template":"","meta":{"_acf_changed":false},"product_brand":[],"product_cat":[20],"product_tag":[],"class_list":{"0":"post-1081","1":"product","2":"type-product","3":"status-publish","4":"has-post-thumbnail","6":"product_cat-plastic-cabinets-wholesale","8":"first","9":"instock","10":"shipping-taxable","11":"product-type-simple"},"acf":[],"_links":{"self":[{"href":"https:\/\/www.gdwanjiada.net\/es\/wp-json\/wp\/v2\/product\/1081","targetHints":{"allow":["GET"]}}],"collection":[{"href":"https:\/\/www.gdwanjiada.net\/es\/wp-json\/wp\/v2\/product"}],"about":[{"href":"https:\/\/www.gdwanjiada.net\/es\/wp-json\/wp\/v2\/types\/product"}],"replies":[{"embeddable":true,"href":"https:\/\/www.gdwanjiada.net\/es\/wp-json\/wp\/v2\/comments?post=1081"}],"wp:featuredmedia":[{"embeddable":true,"href":"https:\/\/www.gdwanjiada.net\/es\/wp-json\/wp\/v2\/media\/1083"}],"wp:attachment":[{"href":"https:\/\/www.gdwanjiada.net\/es\/wp-json\/wp\/v2\/media?parent=1081"}],"wp:term":[{"taxonomy":"product_brand","embeddable":true,"href":"https:\/\/www.gdwanjiada.net\/es\/wp-json\/wp\/v2\/product_brand?post=1081"},{"taxonomy":"product_cat","embeddable":true,"href":"https:\/\/www.gdwanjiada.net\/es\/wp-json\/wp\/v2\/product_cat?post=1081"},{"taxonomy":"product_tag","embeddable":true,"href":"https:\/\/www.gdwanjiada.net\/es\/wp-json\/wp\/v2\/product_tag?post=1081"}],"curies":[{"name":"wp","href":"https:\/\/api.w.org\/{rel}","templated":true}]}}