{"id":1064,"date":"2024-10-07T07:36:38","date_gmt":"2024-10-07T07:36:38","guid":{"rendered":"https:\/\/www.gdwanjiada.net\/?post_type=product&#038;p=1064"},"modified":"2025-01-16T02:25:59","modified_gmt":"2025-01-16T02:25:59","slug":"portable-fans-wholesale","status":"publish","type":"product","link":"https:\/\/www.gdwanjiada.net\/es\/producto\/portable-fans-wholesale\/","title":{"rendered":"Ventiladores port\u00e1tiles sin aspas al por mayor, ventiladores a pilas a granel"},"content":{"rendered":"<h3 class=\"wp-block-heading has-text-align-center\">Especificaciones de los ventiladores port\u00e1tiles al por mayor<\/h3><figure class=\"wp-block-table\"><table class=\"has-fixed-layout\"><tbody><tr><td rowspan=\"2\">Modelo<\/td><td rowspan=\"2\">Potencia\uff08W\uff09<\/td><td rowspan=\"2\">Tensi\u00f3n\uff08V\uff09<\/td><td rowspan=\"2\">Velocidad<\/td><td rowspan=\"2\">G.W.\uff08g\uff09<\/td><td rowspan=\"2\">Tama\u00f1o del producto\uff08mm\uff09<\/td><td rowspan=\"2\">Tama\u00f1o del embalaje\uff08mm\uff09<\/td><td rowspan=\"2\">Tama\u00f1o de la caja\uff08mm\uff09<\/td><td rowspan=\"2\">Embalaje Q'ty\uff08pc\uff09<\/td><td rowspan=\"2\">Cart\u00f3n G.W.\uff08kg\uff09<\/td><td rowspan=\"2\">Alimentaci\u00f3n<\/td><td rowspan=\"2\">Capacidad de la bater\u00eda<\/td><td colspan=\"2\">Tipo de carga<\/td><\/tr><tr><td>20GP<\/td><td>40HQ<\/td><\/tr><tr><td>F05<\/td><td>9<\/td><td>5<\/td><td>5<\/td><td>600<\/td><td>160*95*215<\/td><td>165*100*220<\/td><td>620*350*440<\/td><td>18<\/td><td>16.5<\/td><td>Tipo-C\/Bater\u00eda<\/td><td>1800mh<\/td><td>6720<\/td><td>16320<\/td><\/tr><\/tbody><\/table><\/figure><div class=\"wp-block-columns is-layout-flex wp-container-core-columns-is-layout-9d6595d7 wp-block-columns-is-layout-flex\"><div class=\"wp-block-column is-layout-flow wp-block-column-is-layout-flow\" style=\"flex-basis:50%\"><h3 class=\"wp-block-heading has-text-align-left\">Ventajas de los ventiladores port\u00e1tiles al por mayor<\/h3>\n\n<ul class=\"wp-block-list\"><li><strong>Ajuste de la velocidad del viento de 6 velocidades: <\/strong>Nuestros ventiladores port\u00e1tiles sin aspas al por mayor proporcionan 6 velocidades de ajuste de la velocidad del viento para satisfacer las diversas necesidades de brisa a fuerte flujo de aire, entre las cuales la 6\u00aa velocidad es variable, simulando el cambio del viento natural, brindando una experiencia de sensaci\u00f3n de viento m\u00e1s confortable.<\/li>\n\n<li><strong>M\u00faltiples modos de iluminaci\u00f3n: <\/strong>Nuestros ventiladores a bater\u00eda a granel est\u00e1n equipados con funci\u00f3n de regulaci\u00f3n continua de los faros, los usuarios pueden ajustar el brillo de la luz de acuerdo a las necesidades ambientales, con m\u00faltiples modos de iluminaci\u00f3n, adecuados para diferentes escenas.<\/li>\n\n<li><strong>Ajuste de la direcci\u00f3n del viento en todas las direcciones: <\/strong>Estos ventiladores port\u00e1tiles sin aspas admiten al por mayor el giro autom\u00e1tico a izquierda y derecha y el ajuste direccional arriba y abajo del \u00e1ngulo del ventilador para garantizar que el aire pueda fluir uniformemente a todos los rincones de la habitaci\u00f3n.<\/li>\n\n<li><strong>Gancho y mando inal\u00e1mbrico: <\/strong>Estos ventiladores a pilas a granel tienen un dise\u00f1o de gancho en la base, que permite colgarlos y ahorrar espacio. Al mismo tiempo, est\u00e1 equipado con un mando a distancia inal\u00e1mbrico, los usuarios pueden controlar f\u00e1cilmente a distancia el ventilador y la luz, y comprobar la velocidad del viento, el brillo de la luz y el estado de la energ\u00eda con la pantalla de visualizaci\u00f3n.<\/li><\/ul><\/div>\n\n<div class=\"wp-block-column is-layout-flow wp-block-column-is-layout-flow\"><figure class=\"wp-block-image size-full\"><img decoding=\"async\" width=\"800\" height=\"800\" src=\"https:\/\/www.gdwanjiada.net\/wp-content\/uploads\/2024\/10\/Bladeless-Portable-Fans-Wholesale-Bulk-Battery-Operated-Fans-6.webp\" alt=\"Ventiladores port\u00e1tiles sin aspas al por mayor, ventiladores a pilas a granel-6\" class=\"wp-image-1070\" srcset=\"https:\/\/www.gdwanjiada.net\/wp-content\/uploads\/2024\/10\/Bladeless-Portable-Fans-Wholesale-Bulk-Battery-Operated-Fans-6.webp 800w, https:\/\/www.gdwanjiada.net\/wp-content\/uploads\/2024\/10\/Bladeless-Portable-Fans-Wholesale-Bulk-Battery-Operated-Fans-6-300x300.webp 300w, https:\/\/www.gdwanjiada.net\/wp-content\/uploads\/2024\/10\/Bladeless-Portable-Fans-Wholesale-Bulk-Battery-Operated-Fans-6-150x150.webp 150w, https:\/\/www.gdwanjiada.net\/wp-content\/uploads\/2024\/10\/Bladeless-Portable-Fans-Wholesale-Bulk-Battery-Operated-Fans-6-768x768.webp 768w, https:\/\/www.gdwanjiada.net\/wp-content\/uploads\/2024\/10\/Bladeless-Portable-Fans-Wholesale-Bulk-Battery-Operated-Fans-6-12x12.webp 12w, https:\/\/www.gdwanjiada.net\/wp-content\/uploads\/2024\/10\/Bladeless-Portable-Fans-Wholesale-Bulk-Battery-Operated-Fans-6-600x600.webp 600w, https:\/\/www.gdwanjiada.net\/wp-content\/uploads\/2024\/10\/Bladeless-Portable-Fans-Wholesale-Bulk-Battery-Operated-Fans-6-100x100.webp 100w\" sizes=\"(max-width: 800px) 100vw, 800px\" \/><\/figure><\/div><\/div>","protected":false},"excerpt":{"rendered":"<p>Bienvenido a comprar ventiladores a pilas al por mayor. Este ventilador port\u00e1til sin aspas al por mayor ofrece 6 velocidades de ajuste de la velocidad del viento y m\u00faltiples modos de iluminaci\u00f3n, que pueden adaptarse con flexibilidad a las diferentes necesidades ambientales. El ventilador admite el giro autom\u00e1tico a izquierda y derecha y el ajuste direccional hacia arriba y hacia abajo, con un dise\u00f1o de gancho de base y un mando a distancia inal\u00e1mbrico.<\/p>\n<h2>Caracter\u00edsticas del producto\uff1a<\/h2>\n<ul>\n<li>M\u00faltiples escenarios de uso, como el escritorio, colgado, al aire libre, etc.<\/li>\n<li>6 velocidad del viento ajustable y el No.seis es la velocidad del viento variable.<\/li>\n<li>La iluminaci\u00f3n frontal es regulable sin escalonamientos con m\u00faltiples modos de luz.<\/li>\n<li>Izquierda-derecha por oscilaci\u00f3n autom\u00e1tica, Arriba-abajo por ajuste del \u00e1ngulo direccional del ventilador.<\/li>\n<li>Base con gancho para colgar.<\/li>\n<li>Mando a distancia inal\u00e1mbrico disponible (opcional).<\/li>\n<li>Pantalla de visualizaci\u00f3n = Ajuste de la velocidad del aire + Atenuaci\u00f3n sin escalonamiento + Cantidad el\u00e9ctrica.<\/li>\n<li>Se puede a\u00f1adir l\u00edquido de aromaterapia, l\u00edquido repelente de mosquitos y l\u00edquido desinfectante.<\/li>\n<\/ul>","protected":false},"featured_media":1071,"comment_status":"closed","ping_status":"closed","template":"","meta":{"_acf_changed":false},"product_brand":[],"product_cat":[23,24],"product_tag":[38],"class_list":{"0":"post-1064","1":"product","2":"type-product","3":"status-publish","4":"has-post-thumbnail","6":"product_cat-wholesale-portable-fans","7":"product_cat-air-circulation-fan-wholesale","8":"product_tag-wholesale-bladeless-fans","10":"first","11":"instock","12":"shipping-taxable","13":"product-type-simple"},"acf":[],"_links":{"self":[{"href":"https:\/\/www.gdwanjiada.net\/es\/wp-json\/wp\/v2\/product\/1064","targetHints":{"allow":["GET"]}}],"collection":[{"href":"https:\/\/www.gdwanjiada.net\/es\/wp-json\/wp\/v2\/product"}],"about":[{"href":"https:\/\/www.gdwanjiada.net\/es\/wp-json\/wp\/v2\/types\/product"}],"replies":[{"embeddable":true,"href":"https:\/\/www.gdwanjiada.net\/es\/wp-json\/wp\/v2\/comments?post=1064"}],"wp:featuredmedia":[{"embeddable":true,"href":"https:\/\/www.gdwanjiada.net\/es\/wp-json\/wp\/v2\/media\/1071"}],"wp:attachment":[{"href":"https:\/\/www.gdwanjiada.net\/es\/wp-json\/wp\/v2\/media?parent=1064"}],"wp:term":[{"taxonomy":"product_brand","embeddable":true,"href":"https:\/\/www.gdwanjiada.net\/es\/wp-json\/wp\/v2\/product_brand?post=1064"},{"taxonomy":"product_cat","embeddable":true,"href":"https:\/\/www.gdwanjiada.net\/es\/wp-json\/wp\/v2\/product_cat?post=1064"},{"taxonomy":"product_tag","embeddable":true,"href":"https:\/\/www.gdwanjiada.net\/es\/wp-json\/wp\/v2\/product_tag?post=1064"}],"curies":[{"name":"wp","href":"https:\/\/api.w.org\/{rel}","templated":true}]}}