{"id":1053,"date":"2024-10-07T06:26:06","date_gmt":"2024-10-07T06:26:06","guid":{"rendered":"https:\/\/www.gdwanjiada.net\/?post_type=product&#038;p=1053"},"modified":"2025-01-16T02:26:22","modified_gmt":"2025-01-16T02:26:22","slug":"wholesale-bladeless-fans","status":"publish","type":"product","link":"https:\/\/www.gdwanjiada.net\/es\/producto\/wholesale-bladeless-fans\/","title":{"rendered":"Venta al Mayor de Ventiladores sin aspas, Ventiladores a pilas a granel con funci\u00f3n de circulaci\u00f3n de aire"},"content":{"rendered":"<h3 class=\"wp-block-heading has-text-align-center\">Especificaciones de los ventiladores sin aspas al por mayor<\/h3><figure class=\"wp-block-table\"><table class=\"has-fixed-layout\"><tbody><tr><td rowspan=\"2\">Modelo<\/td><td rowspan=\"2\">Potencia\uff08W\uff09<\/td><td rowspan=\"2\">Tensi\u00f3n\uff08V\uff09<\/td><td rowspan=\"2\">Velocidad<\/td><td rowspan=\"2\">G.W.\uff08g\uff09<\/td><td rowspan=\"2\">Tama\u00f1o del producto\uff08mm\uff09<\/td><td rowspan=\"2\">Tama\u00f1o del embalaje\uff08mm\uff09<\/td><td rowspan=\"2\">Tama\u00f1o de la caja\uff08mm\uff09<\/td><td rowspan=\"2\">Embalaje Q'ty\uff08pc\uff09<\/td><td rowspan=\"2\">Cart\u00f3n G.W.\uff08kg\uff09<\/td><td rowspan=\"2\">Alimentaci\u00f3n<\/td><td rowspan=\"2\">Capacidad de la bater\u00eda<\/td><td colspan=\"2\">Tipo de carga<\/td><\/tr><tr><td>20GP<\/td><td>40HQ<\/td><\/tr><tr><td>Y-3<\/td><td>9<\/td><td>5<\/td><td>3<\/td><td>800<\/td><td>205*185*290<\/td><td>205*185*290<\/td><td>790*450*630<\/td><td>16<\/td><td>14<\/td><td>Tipo-C\/Bater\u00eda<\/td><td>2400mh<\/td><td>2000<\/td><td>4864<\/td><\/tr><\/tbody><\/table><\/figure><div class=\"wp-block-columns is-layout-flex wp-container-core-columns-is-layout-9d6595d7 wp-block-columns-is-layout-flex\"><div class=\"wp-block-column is-layout-flow wp-block-column-is-layout-flow\" style=\"flex-basis:50%\"><h3 class=\"wp-block-heading has-text-align-left\">Ventajas de los ventiladores sin aspas al por mayor<\/h3>\n\n<ul class=\"wp-block-list\"><li><strong>F\u00e1cil de manejar y c\u00f3modo de usar: <\/strong>Nuestros ventiladores sin aspas al por mayor est\u00e1n equipados con una funci\u00f3n de encendido\/apagado de un solo toque, que permite a los usuarios encender o apagar r\u00e1pidamente el dispositivo con s\u00f3lo un toque, lo que resulta f\u00e1cil de manejar.<\/li>\n\n<li><strong>Dise\u00f1o sin cuchillas, seguro y fiable: <\/strong>Estos ventiladores a granel que funcionan con pilas utilizan una innovadora tecnolog\u00eda de suministro de aire sin aspas para evitar los riesgos de seguridad causados por la rotaci\u00f3n de las aspas en los ventiladores tradicionales. Son especialmente adecuados para familias con ni\u00f1os o mascotas, ya que proporcionan un fuerte flujo de aire al tiempo que garantizan la seguridad.<\/li>\n\n<li><strong>M\u00faltiples velocidades del viento para satisfacer necesidades personalizadas: <\/strong>Nuestros ventiladores sin aspas al por mayor tienen 3 funciones de ajuste de la velocidad del viento, lo que permite a los usuarios elegir la velocidad del viento adecuada seg\u00fan los diferentes entornos y necesidades personales, desde un suave viento natural hasta una fuerte circulaci\u00f3n de aire, y responder con flexibilidad a diversos escenarios de uso.<\/li>\n\n<li><strong>Dise\u00f1o de salida de aire flexible para mejorar la circulaci\u00f3n del aire: <\/strong>El dise\u00f1o de salida de aire manual hacia arriba y hacia abajo de estos ventiladores a bater\u00eda a granel permite a los usuarios ajustar libremente el \u00e1ngulo de salida de aire, lograr un rango m\u00e1s amplio de circulaci\u00f3n de aire, optimizar el efecto de circulaci\u00f3n de aire interior y brindar una experiencia de uso m\u00e1s c\u00f3moda.<\/li><\/ul><\/div>\n\n<div class=\"wp-block-column is-layout-flow wp-block-column-is-layout-flow\"><figure class=\"wp-block-image size-full\"><img decoding=\"async\" width=\"800\" height=\"800\" src=\"https:\/\/www.gdwanjiada.net\/wp-content\/uploads\/2024\/10\/Wholesale-Bladeless-Fans-Bulk-Battery-Operated-Fans-With-Air-Circulation-Function-6.webp\" alt=\"Venta al por mayor ventiladores sin aspas, ventiladores a pilas a granel con funci\u00f3n de circulaci\u00f3n de aire-6\" class=\"wp-image-1059\" srcset=\"https:\/\/www.gdwanjiada.net\/wp-content\/uploads\/2024\/10\/Wholesale-Bladeless-Fans-Bulk-Battery-Operated-Fans-With-Air-Circulation-Function-6.webp 800w, https:\/\/www.gdwanjiada.net\/wp-content\/uploads\/2024\/10\/Wholesale-Bladeless-Fans-Bulk-Battery-Operated-Fans-With-Air-Circulation-Function-6-300x300.webp 300w, https:\/\/www.gdwanjiada.net\/wp-content\/uploads\/2024\/10\/Wholesale-Bladeless-Fans-Bulk-Battery-Operated-Fans-With-Air-Circulation-Function-6-150x150.webp 150w, https:\/\/www.gdwanjiada.net\/wp-content\/uploads\/2024\/10\/Wholesale-Bladeless-Fans-Bulk-Battery-Operated-Fans-With-Air-Circulation-Function-6-768x768.webp 768w, https:\/\/www.gdwanjiada.net\/wp-content\/uploads\/2024\/10\/Wholesale-Bladeless-Fans-Bulk-Battery-Operated-Fans-With-Air-Circulation-Function-6-12x12.webp 12w, https:\/\/www.gdwanjiada.net\/wp-content\/uploads\/2024\/10\/Wholesale-Bladeless-Fans-Bulk-Battery-Operated-Fans-With-Air-Circulation-Function-6-600x600.webp 600w, https:\/\/www.gdwanjiada.net\/wp-content\/uploads\/2024\/10\/Wholesale-Bladeless-Fans-Bulk-Battery-Operated-Fans-With-Air-Circulation-Function-6-100x100.webp 100w\" sizes=\"(max-width: 800px) 100vw, 800px\" \/><\/figure><\/div><\/div>","protected":false},"excerpt":{"rendered":"<p>Bienvenido a comprar ventiladores a pilas al por mayor. Nuestros ventiladores sin aspas al por mayor proporcionan una c\u00f3moda experiencia de uso, al tiempo que utilizan un dise\u00f1o sin aspas para garantizar la seguridad. El ventilador tiene una funci\u00f3n de ajuste de la velocidad del viento de 3 velocidades para adaptarse a una variedad de necesidades de uso. La bater\u00eda de litio de gran capacidad proporciona una larga duraci\u00f3n, por lo que es una opci\u00f3n ideal para el hogar y la oficina.<\/p>\n<h2>Caracter\u00edsticas del producto\uff1a<\/h2>\n<ul>\n<li>Encendido y apagado con una sola pulsaci\u00f3n.<\/li>\n<li>Sin hojas para suministrar viento.<\/li>\n<li>3 velocidades de viento ajustables.<\/li>\n<li>Tipo mesa o tipo vertical para su elecci\u00f3n preferida.<\/li>\n<li>Gire manualmente la salida de aire hacia arriba y hacia abajo.<\/li>\n<li>Gran capacidad de la bater\u00eda de litio.<\/li>\n<\/ul>","protected":false},"featured_media":1056,"comment_status":"closed","ping_status":"closed","template":"","meta":{"_acf_changed":false},"product_brand":[],"product_cat":[23,24],"product_tag":[38],"class_list":{"0":"post-1053","1":"product","2":"type-product","3":"status-publish","4":"has-post-thumbnail","6":"product_cat-wholesale-portable-fans","7":"product_cat-air-circulation-fan-wholesale","8":"product_tag-wholesale-bladeless-fans","10":"first","11":"instock","12":"shipping-taxable","13":"product-type-simple"},"acf":[],"_links":{"self":[{"href":"https:\/\/www.gdwanjiada.net\/es\/wp-json\/wp\/v2\/product\/1053","targetHints":{"allow":["GET"]}}],"collection":[{"href":"https:\/\/www.gdwanjiada.net\/es\/wp-json\/wp\/v2\/product"}],"about":[{"href":"https:\/\/www.gdwanjiada.net\/es\/wp-json\/wp\/v2\/types\/product"}],"replies":[{"embeddable":true,"href":"https:\/\/www.gdwanjiada.net\/es\/wp-json\/wp\/v2\/comments?post=1053"}],"wp:featuredmedia":[{"embeddable":true,"href":"https:\/\/www.gdwanjiada.net\/es\/wp-json\/wp\/v2\/media\/1056"}],"wp:attachment":[{"href":"https:\/\/www.gdwanjiada.net\/es\/wp-json\/wp\/v2\/media?parent=1053"}],"wp:term":[{"taxonomy":"product_brand","embeddable":true,"href":"https:\/\/www.gdwanjiada.net\/es\/wp-json\/wp\/v2\/product_brand?post=1053"},{"taxonomy":"product_cat","embeddable":true,"href":"https:\/\/www.gdwanjiada.net\/es\/wp-json\/wp\/v2\/product_cat?post=1053"},{"taxonomy":"product_tag","embeddable":true,"href":"https:\/\/www.gdwanjiada.net\/es\/wp-json\/wp\/v2\/product_tag?post=1053"}],"curies":[{"name":"wp","href":"https:\/\/api.w.org\/{rel}","templated":true}]}}