{"id":1044,"date":"2024-10-06T09:47:42","date_gmt":"2024-10-06T09:47:42","guid":{"rendered":"https:\/\/www.gdwanjiada.net\/?post_type=product&#038;p=1044"},"modified":"2024-10-06T10:00:29","modified_gmt":"2024-10-06T10:00:29","slug":"wholesale-clothes-dryer","status":"publish","type":"product","link":"https:\/\/www.gdwanjiada.net\/es\/producto\/wholesale-clothes-dryer\/","title":{"rendered":"Secadora de ropa al por mayor de 750L, 1300W con dise\u00f1o plegable"},"content":{"rendered":"<h3 class=\"wp-block-heading has-text-align-center\">Especificaciones de la secadora de ropa al por mayor<\/h3><figure class=\"wp-block-table\"><table class=\"has-fixed-layout\"><tbody><tr><td rowspan=\"2\">Modelo<\/td><td rowspan=\"2\">Volt\/Freq<\/td><td rowspan=\"2\">Potencia (W)&nbsp;<\/td><td rowspan=\"2\">Tiempo de secado<\/td><td rowspan=\"2\">Volumen<\/td><td rowspan=\"2\">Capacidad<\/td><td rowspan=\"2\">Tama\u00f1o del producto<\/td><td rowspan=\"2\">N.O.<\/td><td rowspan=\"2\">G.W.<\/td><td>Cantidad de carga<\/td><td>Cantidad de carga<\/td><\/tr><tr><td>20'GP<\/td><td>40'HQ<\/td><\/tr><tr><td>WJD12G-2R<\/td><td>220V\uff5e50Hz<\/td><td>1300W<\/td><td>20-240MIN<\/td><td>750L<\/td><td>13-20KG<\/td><td>95*48*185cm<\/td><td>5 kg<\/td><td>5,5 kg<\/td><td>645 piezas<\/td><td>1430 piezas<\/td><\/tr><\/tbody><\/table><\/figure><div class=\"wp-block-columns is-layout-flex wp-container-core-columns-is-layout-9d6595d7 wp-block-columns-is-layout-flex\"><div class=\"wp-block-column is-layout-flow wp-block-column-is-layout-flow\" style=\"flex-basis:50%\"><h3 class=\"wp-block-heading has-text-align-left\">Ventajas de la secadora al por mayor<\/h3>\n\n<ul class=\"wp-block-list\"><li><strong>Mando a distancia inteligente, manejo c\u00f3modo: <\/strong>Esta secadora de ropa plegable al por mayor est\u00e1 equipada con una funci\u00f3n de control remoto inteligente. Los usuarios pueden manejar f\u00e1cilmente la secadora a distancia sin necesidad de ajustes manuales. El modo de secado se puede ajustar en cualquier momento, proporcionando una gran comodidad.<\/li>\n\n<li><strong>Dise\u00f1o antigoteo, uso seguro: <\/strong>Nuestra secadora de ropa al por mayor host adopta un dise\u00f1o a prueba de goteo para garantizar que las gotas de agua no entren en el cuerpo durante el uso, prolongar la vida \u00fatil del equipo y proporcionar una mayor seguridad.<\/li>\n\n<li><strong>Dise\u00f1o plegable, ahorra espacio: <\/strong>El exclusivo dise\u00f1o plegable de nuestra secadora de ropa al por mayor permite plegarla y guardarla f\u00e1cilmente cuando no se utiliza, ocupando muy poco espacio, por lo que resulta adecuada para todo tipo de hogares, especialmente para familias de tama\u00f1o reducido.<\/li>\n\n<li><strong>Gran capacidad, secado r\u00e1pido: <\/strong>Esta secadora de ropa al por mayor puede soportar hasta 20 kg de ropa. Combinado con un sistema de calefacci\u00f3n de alta potencia de 1300W, puede secar r\u00e1pida y eficientemente una gran cantidad de ropa para satisfacer las necesidades diarias de secado de la familia.<\/li><\/ul><\/div>\n\n<div class=\"wp-block-column is-layout-flow wp-block-column-is-layout-flow\"><figure class=\"wp-block-image size-full\"><img decoding=\"async\" width=\"800\" height=\"800\" src=\"https:\/\/www.gdwanjiada.net\/wp-content\/uploads\/2024\/10\/750L-1300W-Wholesale-Clothes-Dryer-With-Foldable-Design-8.webp\" alt=\"Secadora De Ropa Al Por Mayor De 750L, 1300W Con Dise\u00f1o Plegable-8\" class=\"wp-image-1052\" srcset=\"https:\/\/www.gdwanjiada.net\/wp-content\/uploads\/2024\/10\/750L-1300W-Wholesale-Clothes-Dryer-With-Foldable-Design-8.webp 800w, https:\/\/www.gdwanjiada.net\/wp-content\/uploads\/2024\/10\/750L-1300W-Wholesale-Clothes-Dryer-With-Foldable-Design-8-300x300.webp 300w, https:\/\/www.gdwanjiada.net\/wp-content\/uploads\/2024\/10\/750L-1300W-Wholesale-Clothes-Dryer-With-Foldable-Design-8-150x150.webp 150w, https:\/\/www.gdwanjiada.net\/wp-content\/uploads\/2024\/10\/750L-1300W-Wholesale-Clothes-Dryer-With-Foldable-Design-8-768x768.webp 768w, https:\/\/www.gdwanjiada.net\/wp-content\/uploads\/2024\/10\/750L-1300W-Wholesale-Clothes-Dryer-With-Foldable-Design-8-12x12.webp 12w, https:\/\/www.gdwanjiada.net\/wp-content\/uploads\/2024\/10\/750L-1300W-Wholesale-Clothes-Dryer-With-Foldable-Design-8-600x600.webp 600w, https:\/\/www.gdwanjiada.net\/wp-content\/uploads\/2024\/10\/750L-1300W-Wholesale-Clothes-Dryer-With-Foldable-Design-8-100x100.webp 100w\" sizes=\"(max-width: 800px) 100vw, 800px\" \/><\/figure><\/div><\/div><p><\/p>","protected":false},"excerpt":{"rendered":"<p>Bienvenido a comprar secadoras de ropa de alta calidad. Esta secadora de ropa plegable al por mayor tiene una funci\u00f3n de control remoto inteligente, una carga m\u00e1xima de hasta 20 kg y un dise\u00f1o antigoteo para garantizar la seguridad y la fiabilidad. Es un dispositivo de secado dom\u00e9stico ideal que es eficiente y ahorra espacio.<\/p>\n<h2>Caracter\u00edsticas del producto\uff1a<\/h2>\n<ul>\n<li>Funci\u00f3n de control remoto inteligente.<\/li>\n<li>La temperatura de uso es de 10-35 grados.<\/li>\n<li>Ajuste del tiempo de secado de 20-240 minutos.<\/li>\n<li>Mejor capacidad en seco de 13KG, capacidad m\u00e1xima de 20KG.<\/li>\n<li>La m\u00e1quina dejar\u00e1 de funcionar autom\u00e1ticamente cuando<\/li>\n<li>el calentamiento de la temperatura supera los 70 grados.<\/li>\n<li>El fusible interno se desconectar\u00e1 cuando la temperatura<\/li>\n<li>calentamiento supere los 105 grados o la potencia supere los 10 A.<\/li>\n<li>Tipo plegable, f\u00e1cil de guardar.<\/li>\n<li>La m\u00e1quina principal con dise\u00f1o a prueba de goteo, m\u00e1s seguro de usar.<\/li>\n<\/ul>","protected":false},"featured_media":1051,"comment_status":"closed","ping_status":"closed","template":"","meta":{"_acf_changed":false},"product_brand":[],"product_cat":[21],"product_tag":[],"class_list":{"0":"post-1044","1":"product","2":"type-product","3":"status-publish","4":"has-post-thumbnail","6":"product_cat-wholesale-clothes-dryers","8":"first","9":"instock","10":"shipping-taxable","11":"product-type-simple"},"acf":[],"_links":{"self":[{"href":"https:\/\/www.gdwanjiada.net\/es\/wp-json\/wp\/v2\/product\/1044","targetHints":{"allow":["GET"]}}],"collection":[{"href":"https:\/\/www.gdwanjiada.net\/es\/wp-json\/wp\/v2\/product"}],"about":[{"href":"https:\/\/www.gdwanjiada.net\/es\/wp-json\/wp\/v2\/types\/product"}],"replies":[{"embeddable":true,"href":"https:\/\/www.gdwanjiada.net\/es\/wp-json\/wp\/v2\/comments?post=1044"}],"wp:featuredmedia":[{"embeddable":true,"href":"https:\/\/www.gdwanjiada.net\/es\/wp-json\/wp\/v2\/media\/1051"}],"wp:attachment":[{"href":"https:\/\/www.gdwanjiada.net\/es\/wp-json\/wp\/v2\/media?parent=1044"}],"wp:term":[{"taxonomy":"product_brand","embeddable":true,"href":"https:\/\/www.gdwanjiada.net\/es\/wp-json\/wp\/v2\/product_brand?post=1044"},{"taxonomy":"product_cat","embeddable":true,"href":"https:\/\/www.gdwanjiada.net\/es\/wp-json\/wp\/v2\/product_cat?post=1044"},{"taxonomy":"product_tag","embeddable":true,"href":"https:\/\/www.gdwanjiada.net\/es\/wp-json\/wp\/v2\/product_tag?post=1044"}],"curies":[{"name":"wp","href":"https:\/\/api.w.org\/{rel}","templated":true}]}}