{"id":1036,"date":"2024-10-06T09:30:04","date_gmt":"2024-10-06T09:30:04","guid":{"rendered":"https:\/\/www.gdwanjiada.net\/?post_type=product&#038;p=1036"},"modified":"2024-10-06T09:46:47","modified_gmt":"2024-10-06T09:46:47","slug":"desktop-heater-wholesale","status":"publish","type":"product","link":"https:\/\/www.gdwanjiada.net\/es\/producto\/desktop-heater-wholesale\/","title":{"rendered":"Calentador De Sobremesa Al Por Mayor, Calentadores El\u00e9ctricos Con Material ABS"},"content":{"rendered":"<h3 class=\"wp-block-heading has-text-align-center\">Especificaciones del calentador de sobremesa al por mayor<\/h3><figure class=\"wp-block-table\"><table class=\"has-fixed-layout\"><tbody><tr><td rowspan=\"2\">Modelo<\/td><td rowspan=\"2\">Potencia\uff08W\uff09<\/td><td rowspan=\"2\">Tensi\u00f3n\uff08V\uff09<\/td><td rowspan=\"2\">Velocidad<\/td><td rowspan=\"2\">G.W.\uff08g\uff09<\/td><td rowspan=\"2\">Tama\u00f1o del producto\uff08mm\uff09<\/td><td rowspan=\"2\">Tama\u00f1o del embalaje\uff08mm\uff09<\/td><td rowspan=\"2\">Tama\u00f1o de la caja\uff08mm\uff09<\/td><td rowspan=\"2\">Embalaje Q'ty\uff08pc\uff09<\/td><td rowspan=\"2\">Cart\u00f3n G.W.\uff08kg\uff09<\/td><td rowspan=\"2\">Alimentaci\u00f3n<\/td><td rowspan=\"2\">Modo calefacci\u00f3n<\/td><td colspan=\"2\">Tipo de carga<\/td><\/tr><tr><td>20GP<\/td><td>40HQ<\/td><\/tr><tr><td>AQL039<\/td><td>800\/1200<\/td><td>220<\/td><td>2<\/td><td>720<\/td><td>207*133*110<\/td><td>228*168*150<\/td><td>620*475*510<\/td><td>24<\/td><td>18.5<\/td><td>Enchufe<\/td><td>PTC<\/td><td>4512<\/td><td>10968<\/td><\/tr><\/tbody><\/table><\/figure><div class=\"wp-block-columns is-layout-flex wp-container-core-columns-is-layout-9d6595d7 wp-block-columns-is-layout-flex\"><div class=\"wp-block-column is-layout-flow wp-block-column-is-layout-flow\" style=\"flex-basis:50%\"><h3 class=\"wp-block-heading has-text-align-left\">Ventajas del calentador de sobremesa al por mayor<\/h3>\n\n<ul class=\"wp-block-list\"><li><strong>Calefacci\u00f3n de doble velocidad, calentamiento r\u00e1pido: <\/strong>Este calefactor de sobremesa al por mayor est\u00e1 equipado con una funci\u00f3n de viento calefactor de doble velocidad. Los usuarios pueden elegir diferentes velocidades de calentamiento de acuerdo con la temperatura ambiente, proporcionar r\u00e1pidamente calor a la habitaci\u00f3n, y satisfacer una variedad de necesidades de uso.<\/li>\n\n<li><strong>Protecci\u00f3n antivuelco, uso seguro: <\/strong>Estos calefactores el\u00e9ctricos al por mayor incorporan una protecci\u00f3n antivuelco que garantiza el corte autom\u00e1tico de la alimentaci\u00f3n en caso de vuelco accidental, lo que evita cualquier riesgo potencial para la seguridad y le permite sentirse m\u00e1s tranquilo en el uso diario.<\/li>\n\n<li><strong>Tecnolog\u00eda de calentamiento PTC, eficiente y duradera: <\/strong>Nuestro calentador de sobremesa al por mayor adopta la tecnolog\u00eda de calentamiento PTC, que no s\u00f3lo se calienta r\u00e1pidamente y tiene una alta eficiencia t\u00e9rmica, sino que tambi\u00e9n es duradero y puede mantener un rendimiento estable y un efecto de calentamiento eficiente en el uso a largo plazo.<\/li>\n\n<li><strong>Material ign\u00edfugo ABS, doble garant\u00eda de seguridad: <\/strong>El cuerpo de nuestros calentadores el\u00e9ctricos al por mayor est\u00e1 hecho de material ign\u00edfugo ABS de alta calidad, que tiene una excelente resistencia a altas temperaturas y propiedades ign\u00edfugas, combinado con m\u00faltiples protecciones contra sobrecalentamiento y sobrecorriente para garantizar plenamente la seguridad y fiabilidad del equipo.<\/li><\/ul><\/div>\n\n<div class=\"wp-block-column is-layout-flow wp-block-column-is-layout-flow\"><figure class=\"wp-block-image size-full\"><img decoding=\"async\" width=\"800\" height=\"800\" src=\"https:\/\/www.gdwanjiada.net\/wp-content\/uploads\/2024\/10\/Desktop-Heater-Wholesale-Electric-Heaters-With-ABS-Material-4.webp\" alt=\"Calentador De Sobremesa Al Por Mayor, Calentadores El\u00e9ctricos Con Material ABS-4\" class=\"wp-image-1040\" srcset=\"https:\/\/www.gdwanjiada.net\/wp-content\/uploads\/2024\/10\/Desktop-Heater-Wholesale-Electric-Heaters-With-ABS-Material-4.webp 800w, https:\/\/www.gdwanjiada.net\/wp-content\/uploads\/2024\/10\/Desktop-Heater-Wholesale-Electric-Heaters-With-ABS-Material-4-300x300.webp 300w, https:\/\/www.gdwanjiada.net\/wp-content\/uploads\/2024\/10\/Desktop-Heater-Wholesale-Electric-Heaters-With-ABS-Material-4-150x150.webp 150w, https:\/\/www.gdwanjiada.net\/wp-content\/uploads\/2024\/10\/Desktop-Heater-Wholesale-Electric-Heaters-With-ABS-Material-4-768x768.webp 768w, https:\/\/www.gdwanjiada.net\/wp-content\/uploads\/2024\/10\/Desktop-Heater-Wholesale-Electric-Heaters-With-ABS-Material-4-12x12.webp 12w, https:\/\/www.gdwanjiada.net\/wp-content\/uploads\/2024\/10\/Desktop-Heater-Wholesale-Electric-Heaters-With-ABS-Material-4-600x600.webp 600w, https:\/\/www.gdwanjiada.net\/wp-content\/uploads\/2024\/10\/Desktop-Heater-Wholesale-Electric-Heaters-With-ABS-Material-4-100x100.webp 100w\" sizes=\"(max-width: 800px) 100vw, 800px\" \/><\/figure><\/div><\/div>","protected":false},"excerpt":{"rendered":"<p>Bienvenido a comprar calefactores el\u00e9ctricos al por mayor. Este calefactor de sobremesa al por mayor est\u00e1 equipado con viento de calentamiento de doble velocidad, protecci\u00f3n de apagado por vuelco y tecnolog\u00eda de calentamiento PTC, proporcionando una experiencia de calentamiento r\u00e1pida y segura. Adopta material ign\u00edfugo ABS y m\u00faltiples dise\u00f1os de protecci\u00f3n de seguridad para garantizar la seguridad y fiabilidad durante el uso.<\/p>\n<h2>Caracter\u00edsticas del producto\uff1a<\/h2>\n<ul>\n<li>Aire caliente con control de dos velocidades.<\/li>\n<li>Vuelco con protecci\u00f3n de apagado.<\/li>\n<li>La temperatura sube r\u00e1pidamente.<\/li>\n<li>Calentamiento por PTC, alta eficiencia y durabilidad.<\/li>\n<li>Protecci\u00f3n m\u00faltiple contra sobrecalentamiento o sobrecorriente.<\/li>\n<li>Material ign\u00edfugo ABS para mayor seguridad.<\/li>\n<\/ul>","protected":false},"featured_media":1042,"comment_status":"closed","ping_status":"closed","template":"","meta":{"_acf_changed":false},"product_brand":[],"product_cat":[22],"product_tag":[],"class_list":{"0":"post-1036","1":"product","2":"type-product","3":"status-publish","4":"has-post-thumbnail","6":"product_cat-wholesale-fan-heaters","8":"first","9":"instock","10":"shipping-taxable","11":"product-type-simple"},"acf":[],"_links":{"self":[{"href":"https:\/\/www.gdwanjiada.net\/es\/wp-json\/wp\/v2\/product\/1036","targetHints":{"allow":["GET"]}}],"collection":[{"href":"https:\/\/www.gdwanjiada.net\/es\/wp-json\/wp\/v2\/product"}],"about":[{"href":"https:\/\/www.gdwanjiada.net\/es\/wp-json\/wp\/v2\/types\/product"}],"replies":[{"embeddable":true,"href":"https:\/\/www.gdwanjiada.net\/es\/wp-json\/wp\/v2\/comments?post=1036"}],"wp:featuredmedia":[{"embeddable":true,"href":"https:\/\/www.gdwanjiada.net\/es\/wp-json\/wp\/v2\/media\/1042"}],"wp:attachment":[{"href":"https:\/\/www.gdwanjiada.net\/es\/wp-json\/wp\/v2\/media?parent=1036"}],"wp:term":[{"taxonomy":"product_brand","embeddable":true,"href":"https:\/\/www.gdwanjiada.net\/es\/wp-json\/wp\/v2\/product_brand?post=1036"},{"taxonomy":"product_cat","embeddable":true,"href":"https:\/\/www.gdwanjiada.net\/es\/wp-json\/wp\/v2\/product_cat?post=1036"},{"taxonomy":"product_tag","embeddable":true,"href":"https:\/\/www.gdwanjiada.net\/es\/wp-json\/wp\/v2\/product_tag?post=1036"}],"curies":[{"name":"wp","href":"https:\/\/api.w.org\/{rel}","templated":true}]}}