{"id":1026,"date":"2024-10-06T08:48:08","date_gmt":"2024-10-06T08:48:08","guid":{"rendered":"https:\/\/www.gdwanjiada.net\/?post_type=product&#038;p=1026"},"modified":"2024-10-23T04:21:45","modified_gmt":"2024-10-23T04:21:45","slug":"electric-heaters-wholesale","status":"publish","type":"product","link":"https:\/\/www.gdwanjiada.net\/es\/producto\/electric-heaters-wholesale\/","title":{"rendered":"Calentadores El\u00e9ctricos Al Por Mayor, Calentadores De Ventilador Con PTC Calefacci\u00f3n"},"content":{"rendered":"<h3 class=\"wp-block-heading has-text-align-center\">Especificaciones de los calentadores el\u00e9ctricos al por mayor<\/h3><figure class=\"wp-block-table\"><table class=\"has-fixed-layout\"><tbody><tr><td>Modelo<\/td><td>Modo calefacci\u00f3n<\/td><td>Volt\/Freq<\/td><td colspan=\"2\">Potencia (W)&nbsp;<\/td><td colspan=\"3\">Tama\u00f1o del producto (mm)&nbsp;<\/td><td colspan=\"2\">Embalaje<\/td><td>N.W.\/ G.W.(kg)&nbsp;<\/td><td>Tama\u00f1o del embalaje (mm)&nbsp;<\/td><td colspan=\"2\">Carga Ctd.<\/td><\/tr><tr><td rowspan=\"2\">WJD1302R<\/td><td rowspan=\"2\">PTC<\/td><td rowspan=\"2\">220V\/50Hz<\/td><td>Viento fr\u00edo<\/td><td>Viento t\u00e9rmico<\/td><td>Longitud<\/td><td>Anchura<\/td><td>Altura<\/td><td>Caja interior<\/td><td>1 unidad<\/td><td>1.5\/1.7<\/td><td>210*170*310<\/td><td>20'GP<\/td><td>40'HQ<\/td><\/tr><tr><td>8<\/td><td>900\/<br>1300<\/td><td>205<\/td><td>165<\/td><td>305<\/td><td>Cart\u00f3n<\/td><td>6 piezas<\/td><td>10.2\/11.2<\/td><td>435*525*330<\/td><td>2238<\/td><td>5436<\/td><\/tr><\/tbody><\/table><\/figure><div class=\"wp-block-columns is-layout-flex wp-container-core-columns-is-layout-9d6595d7 wp-block-columns-is-layout-flex\"><div class=\"wp-block-column is-layout-flow wp-block-column-is-layout-flow\" style=\"flex-basis:50%\"><h3 class=\"wp-block-heading has-text-align-left\">Ventajas de los calentadores el\u00e9ctricos al por mayor<\/h3>\n\n<ul class=\"wp-block-list\"><li><strong>Ajuste de temperatura de tres velocidades: <\/strong>Estos calefactores el\u00e9ctricos port\u00e1tiles al por mayor est\u00e1n equipados con ajuste de tres velocidades para viento natural, baja temperatura y alta temperatura. Los usuarios pueden elegir libremente seg\u00fan la temperatura interior, lo que es adecuado para una variedad de escenarios de uso durante todo el a\u00f1o. Tanto si se trata de un ligero calentamiento como de un calentamiento r\u00e1pido, el ajuste flexible permite obtener calor a demanda.<\/li>\n\n<li><strong>Viento de balanceo gran angular: <\/strong>Nuestros calefactores el\u00e9ctricos al por mayor soportan el giro autom\u00e1tico de gran \u00e1ngulo a izquierda y derecha, que puede distribuir uniformemente el aire caliente a todos los rincones de la habitaci\u00f3n, evitar el sobrecalentamiento local o la diferencia de temperatura desigual, para que pueda sentir una temperatura confortable en diferentes posiciones.<\/li>\n\n<li><strong>Doble protecci\u00f3n de seguridad: <\/strong>Nuestros calefactores el\u00e9ctricos al por mayor llevan incorporadas funciones de protecci\u00f3n contra sobrecalentamiento y sobrecorriente anormal, que cortan autom\u00e1ticamente la corriente en caso de accidente, evitan riesgos de seguridad causados por sobrecalentamiento o corriente anormal, garantizan la seguridad durante el uso y le hacen sentirse m\u00e1s tranquilo.<\/li>\n\n<li><strong>Ventilador silencioso, disfrute de un sue\u00f1o confortable<\/strong>: Nuestros calentadores el\u00e9ctricos al por mayor est\u00e1n equipados con un ventilador silencioso, que casi no hace ruido durante el funcionamiento, especialmente adecuado para el uso nocturno, asegurando que no interferir\u00e1 con su sue\u00f1o o la vida cotidiana, lo que le permite dormir tranquilamente en calor.<\/li><\/ul><\/div>\n\n<div class=\"wp-block-column is-layout-flow wp-block-column-is-layout-flow\"><figure class=\"wp-block-image size-full\"><img decoding=\"async\" width=\"800\" height=\"800\" src=\"https:\/\/www.gdwanjiada.net\/wp-content\/uploads\/2024\/10\/Electric-Heaters-Wholesale-Fan-Heaters-With-PTC-Heating-8.webp\" alt=\"Calentadores El\u00e9ctricos Al Por Mayor, Calentadores De Ventilador Con PTC Calefacci\u00f3n-8\" class=\"wp-image-1034\" srcset=\"https:\/\/www.gdwanjiada.net\/wp-content\/uploads\/2024\/10\/Electric-Heaters-Wholesale-Fan-Heaters-With-PTC-Heating-8.webp 800w, https:\/\/www.gdwanjiada.net\/wp-content\/uploads\/2024\/10\/Electric-Heaters-Wholesale-Fan-Heaters-With-PTC-Heating-8-300x300.webp 300w, https:\/\/www.gdwanjiada.net\/wp-content\/uploads\/2024\/10\/Electric-Heaters-Wholesale-Fan-Heaters-With-PTC-Heating-8-150x150.webp 150w, https:\/\/www.gdwanjiada.net\/wp-content\/uploads\/2024\/10\/Electric-Heaters-Wholesale-Fan-Heaters-With-PTC-Heating-8-768x768.webp 768w, https:\/\/www.gdwanjiada.net\/wp-content\/uploads\/2024\/10\/Electric-Heaters-Wholesale-Fan-Heaters-With-PTC-Heating-8-12x12.webp 12w, https:\/\/www.gdwanjiada.net\/wp-content\/uploads\/2024\/10\/Electric-Heaters-Wholesale-Fan-Heaters-With-PTC-Heating-8-600x600.webp 600w, https:\/\/www.gdwanjiada.net\/wp-content\/uploads\/2024\/10\/Electric-Heaters-Wholesale-Fan-Heaters-With-PTC-Heating-8-100x100.webp 100w\" sizes=\"(max-width: 800px) 100vw, 800px\" \/><\/figure><\/div><\/div>","protected":false},"excerpt":{"rendered":"<p>Bienvenido a comprar calefactores el\u00e9ctricos port\u00e1tiles al por mayor. Este calefactor el\u00e9ctrico al por mayor tiene tres velocidades de ajuste de temperatura y un gran \u00e1ngulo de oscilaci\u00f3n del viento a izquierda y derecha, lo que puede proporcionar un calor uniforme y confortable de acuerdo con las diferentes necesidades. La doble protecci\u00f3n de seguridad garantiza un uso seguro.<\/p>\n<h2>Caracter\u00edsticas del producto\uff1a<\/h2>\n<ul>\n<li>Calefacci\u00f3n PTC, alta eficiencia t\u00e9rmica, larga vida \u00fatil.<\/li>\n<li>Control por microordenador, m\u00e1s c\u00f3modo de usar.<\/li>\n<li>Tres modos de funcionamiento: viento natural, baja temperatura y alta temperatura.<\/li>\n<li>Giro a izquierda y derecha con viento de gran \u00e1ngulo.<\/li>\n<li>Temporizador de 1 a 7 horas.<\/li>\n<li>Protecci\u00f3n contra ca\u00edda de tensi\u00f3n.<\/li>\n<li>Protecci\u00f3n m\u00faltiple contra sobrecalentamiento y sobrecorriente.<\/li>\n<li>Material ign\u00edfugo ABS, m\u00e1s seguro de usar.<\/li>\n<li>Bajo nivel de ruido, no perturba el sue\u00f1o.<\/li>\n<\/ul>","protected":false},"featured_media":1029,"comment_status":"closed","ping_status":"closed","template":"","meta":{"_acf_changed":false},"product_brand":[],"product_cat":[22],"product_tag":[],"class_list":{"0":"post-1026","1":"product","2":"type-product","3":"status-publish","4":"has-post-thumbnail","6":"product_cat-wholesale-fan-heaters","8":"first","9":"instock","10":"shipping-taxable","11":"product-type-simple"},"acf":[],"_links":{"self":[{"href":"https:\/\/www.gdwanjiada.net\/es\/wp-json\/wp\/v2\/product\/1026","targetHints":{"allow":["GET"]}}],"collection":[{"href":"https:\/\/www.gdwanjiada.net\/es\/wp-json\/wp\/v2\/product"}],"about":[{"href":"https:\/\/www.gdwanjiada.net\/es\/wp-json\/wp\/v2\/types\/product"}],"replies":[{"embeddable":true,"href":"https:\/\/www.gdwanjiada.net\/es\/wp-json\/wp\/v2\/comments?post=1026"}],"wp:featuredmedia":[{"embeddable":true,"href":"https:\/\/www.gdwanjiada.net\/es\/wp-json\/wp\/v2\/media\/1029"}],"wp:attachment":[{"href":"https:\/\/www.gdwanjiada.net\/es\/wp-json\/wp\/v2\/media?parent=1026"}],"wp:term":[{"taxonomy":"product_brand","embeddable":true,"href":"https:\/\/www.gdwanjiada.net\/es\/wp-json\/wp\/v2\/product_brand?post=1026"},{"taxonomy":"product_cat","embeddable":true,"href":"https:\/\/www.gdwanjiada.net\/es\/wp-json\/wp\/v2\/product_cat?post=1026"},{"taxonomy":"product_tag","embeddable":true,"href":"https:\/\/www.gdwanjiada.net\/es\/wp-json\/wp\/v2\/product_tag?post=1026"}],"curies":[{"name":"wp","href":"https:\/\/api.w.org\/{rel}","templated":true}]}}