{"id":1019,"date":"2024-10-06T08:23:25","date_gmt":"2024-10-06T08:23:25","guid":{"rendered":"https:\/\/www.gdwanjiada.net\/?post_type=product&#038;p=1019"},"modified":"2024-10-06T08:48:00","modified_gmt":"2024-10-06T08:48:00","slug":"wholesale-electric-heaters","status":"publish","type":"product","link":"https:\/\/www.gdwanjiada.net\/es\/producto\/wholesale-electric-heaters\/","title":{"rendered":"Calentadores El\u00e9ctricos Cuadrados Peque\u00f1os al Por Mayor, Ventilador Port\u00e1til"},"content":{"rendered":"<h3 class=\"wp-block-heading has-text-align-center\">Especificaciones de los calentadores el\u00e9ctricos al por mayor<\/h3><figure class=\"wp-block-table\"><table class=\"has-fixed-layout\"><tbody><tr><td>Modelo<\/td><td>Modo calefacci\u00f3n<\/td><td>Volt\/Freq<\/td><td colspan=\"2\">Potencia (W)&nbsp;<\/td><td colspan=\"3\">Tama\u00f1o del producto (mm)&nbsp;<\/td><td colspan=\"2\">Embalaje<\/td><td>N.W.\/ G.W.(kg)&nbsp;<\/td><td>Tama\u00f1o del embalaje (mm)&nbsp;<\/td><td colspan=\"2\">Carga Ctd.<\/td><\/tr><tr><td rowspan=\"2\">WJD1301R<\/td><td rowspan=\"2\">PTC<\/td><td rowspan=\"2\">220V\/50Hz<\/td><td>Viento fr\u00edo<\/td><td>Viento t\u00e9rmico<\/td><td>Longitud<\/td><td>Anchura<\/td><td>Altura<\/td><td>Caja interior<\/td><td>1 unidad<\/td><td>1.5\/1.7<\/td><td>210*185*290<\/td><td>20'GP<\/td><td>40'HQ<\/td><\/tr><tr><td>8<\/td><td>900\/<br>1300<\/td><td>205<\/td><td>180<\/td><td>285<\/td><td>Cart\u00f3n<\/td><td>6 piezas<\/td><td>10.2\/11.2<\/td><td>435*570*310<\/td><td>2184<\/td><td>5298<\/td><\/tr><\/tbody><\/table><\/figure><div class=\"wp-block-columns is-layout-flex wp-container-core-columns-is-layout-9d6595d7 wp-block-columns-is-layout-flex\"><div class=\"wp-block-column is-layout-flow wp-block-column-is-layout-flow\" style=\"flex-basis:50%\"><h3 class=\"wp-block-heading has-text-align-left\">Ventajas de los calentadores el\u00e9ctricos al por mayor<\/h3>\n\n<ul class=\"wp-block-list\"><li><strong>Dise\u00f1o compacto, ahorra espacio:<\/strong> Nuestros calefactores el\u00e9ctricos cuadrados al por mayor est\u00e1n dise\u00f1ados para espacios reducidos. Su estilo moderno y sencillo tambi\u00e9n puede integrarse bien en diversos entornos dom\u00e9sticos o de oficina, ahorrando espacio sin afectar al aspecto general.<\/li>\n\n<li><strong>Calefacci\u00f3n eficiente, calefacci\u00f3n r\u00e1pida: <\/strong>Nuestros calefactores el\u00e9ctricos port\u00e1tiles al por mayor adoptan una avanzada tecnolog\u00eda de calentamiento r\u00e1pido, que puede elevar r\u00e1pidamente la temperatura ambiente en pocos minutos, proporcionando un calor confortable incluso en el fr\u00edo invierno. Tanto si se utiliza para calefacci\u00f3n local como para calentar toda la habitaci\u00f3n, puede funcionar de forma eficiente.<\/li>\n\n<li><strong>Dise\u00f1o port\u00e1til, f\u00e1cil de trasladar: <\/strong>Nuestros calefactores el\u00e9ctricos al por mayor est\u00e1n dise\u00f1ados para ser ligeros y equipados con c\u00f3modas asas, que son convenientes para mover en cualquier momento. Se puede llevar f\u00e1cilmente y mantener el calor con usted en todo momento.<\/li>\n\n<li><strong>Protecci\u00f3n de seguridad, uso sin preocupaciones: <\/strong>Estos calefactores el\u00e9ctricos port\u00e1tiles al por mayor est\u00e1n equipados con una funci\u00f3n de protecci\u00f3n contra el sobrecalentamiento para garantizar que el suministro el\u00e9ctrico se corta autom\u00e1ticamente cuando la temperatura es demasiado alta, a fin de evitar riesgos de seguridad causados por el sobrecalentamiento.<\/li><\/ul><\/div>\n\n<div class=\"wp-block-column is-layout-flow wp-block-column-is-layout-flow\"><figure class=\"wp-block-image size-full\"><img decoding=\"async\" width=\"800\" height=\"800\" src=\"https:\/\/www.gdwanjiada.net\/wp-content\/uploads\/2024\/10\/Small-Square-Wholesale-Electric-Heaters-Portable-Fan-Heater-5.webp\" alt=\"Calentadores El\u00e9ctricos Cuadrados Peque\u00f1os al por Mayor, Ventilador Calentador Port\u00e1til-5\" class=\"wp-image-1024\" srcset=\"https:\/\/www.gdwanjiada.net\/wp-content\/uploads\/2024\/10\/Small-Square-Wholesale-Electric-Heaters-Portable-Fan-Heater-5.webp 800w, https:\/\/www.gdwanjiada.net\/wp-content\/uploads\/2024\/10\/Small-Square-Wholesale-Electric-Heaters-Portable-Fan-Heater-5-300x300.webp 300w, https:\/\/www.gdwanjiada.net\/wp-content\/uploads\/2024\/10\/Small-Square-Wholesale-Electric-Heaters-Portable-Fan-Heater-5-150x150.webp 150w, https:\/\/www.gdwanjiada.net\/wp-content\/uploads\/2024\/10\/Small-Square-Wholesale-Electric-Heaters-Portable-Fan-Heater-5-768x768.webp 768w, https:\/\/www.gdwanjiada.net\/wp-content\/uploads\/2024\/10\/Small-Square-Wholesale-Electric-Heaters-Portable-Fan-Heater-5-12x12.webp 12w, https:\/\/www.gdwanjiada.net\/wp-content\/uploads\/2024\/10\/Small-Square-Wholesale-Electric-Heaters-Portable-Fan-Heater-5-600x600.webp 600w, https:\/\/www.gdwanjiada.net\/wp-content\/uploads\/2024\/10\/Small-Square-Wholesale-Electric-Heaters-Portable-Fan-Heater-5-100x100.webp 100w\" sizes=\"(max-width: 800px) 100vw, 800px\" \/><\/figure><\/div><\/div>","protected":false},"excerpt":{"rendered":"<p>Bienvenido a comprar ventiladores calefactores port\u00e1tiles al por mayor. Estos peque\u00f1os calefactores el\u00e9ctricos cuadrados al por mayor est\u00e1n dise\u00f1ados para ahorrar espacio, con una eficiente tecnolog\u00eda de calefacci\u00f3n, y pueden calentarse r\u00e1pidamente en pocos minutos. Con su dise\u00f1o port\u00e1til y la funci\u00f3n de protecci\u00f3n contra sobrecalentamiento incorporada, es un compa\u00f1ero ideal en las estaciones fr\u00edas.<\/p>\n<h2>Caracter\u00edsticas del producto\uff1a<\/h2>\n<ul>\n<li>Calentamiento por PTC, alta eficiencia t\u00e9rmica, larga vida \u00fatil.<\/li>\n<li>Control por microordenador, m\u00e1s c\u00f3modo.<\/li>\n<li>3 tipos de modo de funcionamiento: Viento natural, bajo<\/li>\n<li>y alta temperatura.<\/li>\n<li>Viento en gran angular de oscilaci\u00f3n izquierda-derecha.<\/li>\n<li>Ajuste de temporizaci\u00f3n de 1-7H.<\/li>\n<li>Protecci\u00f3n contra ca\u00edda de tensi\u00f3n.<\/li>\n<li>Protecci\u00f3n m\u00faltiple contra sobrecalentamiento o sobrecorriente.<\/li>\n<li>ABS Material ign\u00edfugo para mayor seguridad.<\/li>\n<li>Poco ruido, no perturba el sue\u00f1o.<\/li>\n<\/ul>","protected":false},"featured_media":1025,"comment_status":"closed","ping_status":"closed","template":"","meta":{"_acf_changed":false},"product_brand":[],"product_cat":[22],"product_tag":[],"class_list":{"0":"post-1019","1":"product","2":"type-product","3":"status-publish","4":"has-post-thumbnail","6":"product_cat-wholesale-fan-heaters","8":"first","9":"instock","10":"shipping-taxable","11":"product-type-simple"},"acf":[],"_links":{"self":[{"href":"https:\/\/www.gdwanjiada.net\/es\/wp-json\/wp\/v2\/product\/1019","targetHints":{"allow":["GET"]}}],"collection":[{"href":"https:\/\/www.gdwanjiada.net\/es\/wp-json\/wp\/v2\/product"}],"about":[{"href":"https:\/\/www.gdwanjiada.net\/es\/wp-json\/wp\/v2\/types\/product"}],"replies":[{"embeddable":true,"href":"https:\/\/www.gdwanjiada.net\/es\/wp-json\/wp\/v2\/comments?post=1019"}],"wp:featuredmedia":[{"embeddable":true,"href":"https:\/\/www.gdwanjiada.net\/es\/wp-json\/wp\/v2\/media\/1025"}],"wp:attachment":[{"href":"https:\/\/www.gdwanjiada.net\/es\/wp-json\/wp\/v2\/media?parent=1019"}],"wp:term":[{"taxonomy":"product_brand","embeddable":true,"href":"https:\/\/www.gdwanjiada.net\/es\/wp-json\/wp\/v2\/product_brand?post=1019"},{"taxonomy":"product_cat","embeddable":true,"href":"https:\/\/www.gdwanjiada.net\/es\/wp-json\/wp\/v2\/product_cat?post=1019"},{"taxonomy":"product_tag","embeddable":true,"href":"https:\/\/www.gdwanjiada.net\/es\/wp-json\/wp\/v2\/product_tag?post=1019"}],"curies":[{"name":"wp","href":"https:\/\/api.w.org\/{rel}","templated":true}]}}