{"id":830,"date":"2024-09-28T06:31:13","date_gmt":"2024-09-28T06:31:13","guid":{"rendered":"https:\/\/www.gdwanjiada.net\/?post_type=product&#038;p=830"},"modified":"2024-09-28T06:50:34","modified_gmt":"2024-09-28T06:50:34","slug":"bulk-handheld-fans","status":"publish","type":"product","link":"https:\/\/www.gdwanjiada.net\/de\/produkt\/bulk-handheld-fans\/","title":{"rendered":"Bulk Handheld Fans, Gro\u00dfhandel Mini Fans mit Beleuchtung Design"},"content":{"rendered":"<h3 class=\"wp-block-heading has-text-align-center\">Spezifikationen f\u00fcr handgehaltene Bulk-Ventilatoren<\/h3><figure class=\"wp-block-table\"><table class=\"has-fixed-layout\"><tbody><tr><td rowspan=\"2\">Modell<\/td><td rowspan=\"2\">Leistung\uff08W\uff09<\/td><td rowspan=\"2\">Spannung\uff08V\uff09<\/td><td rowspan=\"2\">Geschwindigkeitsmodus<\/td><td rowspan=\"2\">G.W.\uff08g\uff09<\/td><td rowspan=\"2\">Produktgr\u00f6\u00dfe\uff08mm\uff09<\/td><td rowspan=\"2\">Packungsgr\u00f6\u00dfe\uff08mm\uff09<\/td><td rowspan=\"2\">Kartongr\u00f6\u00dfe\uff08mm\uff09<\/td><td rowspan=\"2\">Verpackung Q'ty\uff08pc\uff09<\/td><td rowspan=\"2\">Karton G.W.\uff08kg\uff09<\/td><td rowspan=\"2\">Stromversorgung<\/td><td rowspan=\"2\">Kapazit\u00e4t der Batterie<\/td><td colspan=\"2\">Beladung Q'ty<\/td><\/tr><tr><td>20GP<\/td><td>40HQ<\/td><\/tr><tr><td>F02<\/td><td>9<\/td><td>5<\/td><td>5<\/td><td>268<\/td><td>114*56*45<\/td><td>107*52*152<\/td><td>445*340*335<\/td><td>45<\/td><td>14.4<\/td><td>Typ-C\/Akku<\/td><td>2400mh<\/td><td>26880<\/td><td>65280<\/td><\/tr><\/tbody><\/table><\/figure><div class=\"wp-block-columns is-layout-flex wp-container-core-columns-is-layout-9d6595d7 wp-block-columns-is-layout-flex\"><div class=\"wp-block-column is-layout-flow wp-block-column-is-layout-flow\" style=\"flex-basis:50%\"><h3 class=\"wp-block-heading has-text-align-left\">Vorteile von Handventilatoren in gro\u00dfen Mengen<\/h3>\n\n<ul class=\"wp-block-list\"><li><strong>Tragbares Design, leicht zu tragen: <\/strong>Unsere gro\u00dfen Handventilatoren sind kompakt und leicht zu transportieren, geeignet f\u00fcr Reisen, Outdoor-Aktivit\u00e4ten, B\u00fcro oder den t\u00e4glichen Gebrauch.<\/li>\n\n<li><strong>Mehrstufige Einstellung der Windgeschwindigkeit: <\/strong>Diese Gro\u00dfhandel Mini-Ventilatoren bieten 5-Gang-Windgeschwindigkeit Anpassung, k\u00f6nnen die Nutzer die entsprechende Windgeschwindigkeit nach ihren Bed\u00fcrfnissen w\u00e4hlen und genie\u00dfen Sie eine pers\u00f6nliche K\u00fchlung Erfahrung.<\/li>\n\n<li><strong>Beleuchtungsfunktion, praktisch und vielf\u00e4ltig: <\/strong>Unsere gro\u00dfen Handventilatoren haben ein eingebautes Beleuchtungsdesign und 2 dimmbare Modi. Sie k\u00f6nnen als Handventilatoren verwendet werden und bieten Beleuchtung. Sie sind f\u00fcr den Einsatz bei Nacht oder im Freien geeignet und haben verschiedene Funktionen.<\/li>\n\n<li><strong>Energiesparend und effizient, bequem zu bedienen:<\/strong> Diese Gro\u00dfhandel Mini-Ventilatoren mit Beleuchtung nehmen energiesparende Design, langlebige Lebensdauer der Batterie und einfache Bedienung. Ein-Knopf-Steuerung der Windgeschwindigkeit und Beleuchtung ist bequem und schnell.<\/li><\/ul><\/div>\n\n<div class=\"wp-block-column is-layout-flow wp-block-column-is-layout-flow\"><figure class=\"wp-block-image size-full\"><img decoding=\"async\" width=\"800\" height=\"800\" src=\"https:\/\/www.gdwanjiada.net\/wp-content\/uploads\/2024\/09\/Bulk-Handheld-Fans-Wholesale-Mini-Fans-With-Lighting-Design-5.webp\" alt=\"Bulk Handheld Fans, Gro\u00dfhandel Mini Fans mit Beleuchtung Design-5\" class=\"wp-image-840\" srcset=\"https:\/\/www.gdwanjiada.net\/wp-content\/uploads\/2024\/09\/Bulk-Handheld-Fans-Wholesale-Mini-Fans-With-Lighting-Design-5.webp 800w, https:\/\/www.gdwanjiada.net\/wp-content\/uploads\/2024\/09\/Bulk-Handheld-Fans-Wholesale-Mini-Fans-With-Lighting-Design-5-300x300.webp 300w, https:\/\/www.gdwanjiada.net\/wp-content\/uploads\/2024\/09\/Bulk-Handheld-Fans-Wholesale-Mini-Fans-With-Lighting-Design-5-150x150.webp 150w, https:\/\/www.gdwanjiada.net\/wp-content\/uploads\/2024\/09\/Bulk-Handheld-Fans-Wholesale-Mini-Fans-With-Lighting-Design-5-768x768.webp 768w, https:\/\/www.gdwanjiada.net\/wp-content\/uploads\/2024\/09\/Bulk-Handheld-Fans-Wholesale-Mini-Fans-With-Lighting-Design-5-600x600.webp 600w, https:\/\/www.gdwanjiada.net\/wp-content\/uploads\/2024\/09\/Bulk-Handheld-Fans-Wholesale-Mini-Fans-With-Lighting-Design-5-100x100.webp 100w\" sizes=\"(max-width: 800px) 100vw, 800px\" \/><\/figure><\/div><\/div>","protected":false},"excerpt":{"rendered":"<p>Willkommen im Gro\u00dfhandel Mini-Fans zu kaufen. Unsere gro\u00dfen Handventilatoren sind kompakt im Design, mit 5 Windgeschwindigkeitseinstellung und 2 Beleuchtungsmodi, die leicht zu tragen sind. Es integriert L\u00fcfter- und Beleuchtungsfunktionen, geeignet f\u00fcr den Au\u00dfenbereich, Reisen und den t\u00e4glichen Gebrauch, bietet K\u00fchlung und Beleuchtung. Energiesparend und effizient, einfach zu bedienen, erf\u00fcllt verschiedene Nutzungsanforderungen.<\/p>\n<h2>Produktmerkmale\uff1a<\/h2>\n<ul>\n<li>Mehrere Szenarien, wie z. B. am Hals h\u00e4ngen, Taille Desktop, Computer, F\u00f6hnen \u00d6lgem\u00e4lde, F\u00f6hnen Sie Ihre Wimpern, Camping und so weiter.\u00a0<\/li>\n<li>5-stufig einstellbarer Wind, 2 einstellbare Beleuchtungsst\u00e4rken\uff1b<\/li>\n<li>Kompaktes Design f\u00fcr einfachen Transport.<\/li>\n<li>Bildschirm = Gangschaltung + Licht + Strom<\/li>\n<\/ul>","protected":false},"featured_media":845,"comment_status":"closed","ping_status":"closed","template":"","meta":{"_acf_changed":false},"product_brand":[],"product_cat":[23],"product_tag":[],"class_list":{"0":"post-830","1":"product","2":"type-product","3":"status-publish","4":"has-post-thumbnail","6":"product_cat-wholesale-portable-fans","8":"first","9":"instock","10":"shipping-taxable","11":"product-type-simple"},"acf":[],"_links":{"self":[{"href":"https:\/\/www.gdwanjiada.net\/de\/wp-json\/wp\/v2\/product\/830","targetHints":{"allow":["GET"]}}],"collection":[{"href":"https:\/\/www.gdwanjiada.net\/de\/wp-json\/wp\/v2\/product"}],"about":[{"href":"https:\/\/www.gdwanjiada.net\/de\/wp-json\/wp\/v2\/types\/product"}],"replies":[{"embeddable":true,"href":"https:\/\/www.gdwanjiada.net\/de\/wp-json\/wp\/v2\/comments?post=830"}],"wp:featuredmedia":[{"embeddable":true,"href":"https:\/\/www.gdwanjiada.net\/de\/wp-json\/wp\/v2\/media\/845"}],"wp:attachment":[{"href":"https:\/\/www.gdwanjiada.net\/de\/wp-json\/wp\/v2\/media?parent=830"}],"wp:term":[{"taxonomy":"product_brand","embeddable":true,"href":"https:\/\/www.gdwanjiada.net\/de\/wp-json\/wp\/v2\/product_brand?post=830"},{"taxonomy":"product_cat","embeddable":true,"href":"https:\/\/www.gdwanjiada.net\/de\/wp-json\/wp\/v2\/product_cat?post=830"},{"taxonomy":"product_tag","embeddable":true,"href":"https:\/\/www.gdwanjiada.net\/de\/wp-json\/wp\/v2\/product_tag?post=830"}],"curies":[{"name":"wp","href":"https:\/\/api.w.org\/{rel}","templated":true}]}}