{"id":800,"date":"2024-09-28T03:46:47","date_gmt":"2024-09-28T03:46:47","guid":{"rendered":"https:\/\/www.gdwanjiada.net\/?post_type=product&#038;p=800"},"modified":"2026-03-10T02:25:55","modified_gmt":"2026-03-10T02:25:55","slug":"bulk-plastic-storage-bins","status":"publish","type":"product","link":"https:\/\/www.gdwanjiada.net\/de\/produkt\/bulk-plastic-storage-bins\/","title":{"rendered":"Bulk Plastic Storage Bins f\u00fcr Lebensmittel, Gro\u00dfhandel Lagerung Boxen"},"content":{"rendered":"<h3 class=\"wp-block-heading has-text-align-center\">Technische Daten von Kunststoff-Lagerbeh\u00e4ltern in loser Sch\u00fcttung<\/h3><figure class=\"wp-block-table\"><table class=\"has-fixed-layout\"><tbody><tr><td>Modell<\/td><td>Material<\/td><td>Produktgr\u00f6\u00dfe\uff08cm\uff09<\/td><td>Kartongr\u00f6\u00dfe\uff08cm\uff09<\/td><td>Packung Menge\uff08St\u00fcck\uff09<\/td><td>G.W.\uff08kg\uff09<\/td><td>N.W.\uff08kg\uff09<\/td><\/tr><tr><td>318<\/td><td>PP<\/td><td>34.5*23.5*24<\/td><td>48.5*36*76<\/td><td>20<\/td><td>0.54\/10.8<\/td><td>0.48\/9.6<\/td><\/tr><\/tbody><\/table><\/figure><div class=\"wp-block-columns is-layout-flex wp-container-core-columns-is-layout-9d6595d7 wp-block-columns-is-layout-flex\"><div class=\"wp-block-column is-layout-flow wp-block-column-is-layout-flow\" style=\"flex-basis:50%\"><h3 class=\"wp-block-heading has-text-align-left\">Vorteile von Kunststoff-Lagerbeh\u00e4ltern in loser Sch\u00fcttung<\/h3>\n\n<ul class=\"wp-block-list\"><li><strong>Lebensmittelgerechtes PP-Material, sicher und gesund: <\/strong>Unsere Kunststoffbeh\u00e4lter f\u00fcr Lebensmittel sind aus lebensmittelechtem PP-Kunststoff hergestellt, der ungiftig und unbedenklich ist und eine sichere Lagerung von Lebensmitteln gew\u00e4hrleistet. Sie eignen sich f\u00fcr die Lagerung verschiedener Trockenwaren, Getreide, Snacks usw. und erf\u00fcllen strenge Lebensmittelsicherheitsstandards.<\/li>\n\n<li><strong>Der versiegelte Deckel h\u00e4lt die Lebensmittel frisch: <\/strong>Das effiziente Verschlusssystem dieser Kunststofflagerbeh\u00e4lter kann Luft und Feuchtigkeit wirksam isolieren, sicherstellen, dass die Lebensmittel nicht von der Au\u00dfenwelt beeinflusst werden, die Haltbarkeit verl\u00e4ngern und Schimmel und Feuchtigkeit verhindern.<\/li>\n\n<li><strong>Bequemes mobiles Design: <\/strong>Unsere Kunststoffbeh\u00e4lter zur Aufbewahrung von Lebensmitteln sind mit zwei R\u00e4dern ausgestattet, wodurch sie einfacher und bequemer zu bewegen sind. Es ist geeignet f\u00fcr h\u00e4ufige Verwendung oder Szenen, die bewegt werden m\u00fcssen, und verbessert die Verwendung Erfahrung und Flexibilit\u00e4t.<\/li>\n\n<li><strong>Durchsichtige Box f\u00fcr leichten Zugang: <\/strong>Das durchsichtige Design dieser Lagerboxen f\u00fcr den Gro\u00dfhandel erm\u00f6glicht es den Nutzern, die darin gelagerten Artikel leicht zu sehen, wodurch die Notwendigkeit, den Deckel h\u00e4ufig zu \u00f6ffnen, verringert wird, und ist leicht zu verwalten und zu klassifizieren.<\/li><\/ul><\/div>\n\n<div class=\"wp-block-column is-layout-flow wp-block-column-is-layout-flow\"><figure class=\"wp-block-image size-full\"><img decoding=\"async\" width=\"800\" height=\"800\" src=\"https:\/\/www.gdwanjiada.net\/wp-content\/uploads\/2024\/09\/Bulk-Plastic-Storage-Bins-For-Food-Wholesale-Storage-Boxes-3.webp\" alt=\"Bulk Kunststoff Lagerung Bins f\u00fcr Lebensmittel, Gro\u00dfhandel Lagerung Boxen-3\" class=\"wp-image-803\" srcset=\"https:\/\/www.gdwanjiada.net\/wp-content\/uploads\/2024\/09\/Bulk-Plastic-Storage-Bins-For-Food-Wholesale-Storage-Boxes-3.webp 800w, https:\/\/www.gdwanjiada.net\/wp-content\/uploads\/2024\/09\/Bulk-Plastic-Storage-Bins-For-Food-Wholesale-Storage-Boxes-3-300x300.webp 300w, https:\/\/www.gdwanjiada.net\/wp-content\/uploads\/2024\/09\/Bulk-Plastic-Storage-Bins-For-Food-Wholesale-Storage-Boxes-3-150x150.webp 150w, https:\/\/www.gdwanjiada.net\/wp-content\/uploads\/2024\/09\/Bulk-Plastic-Storage-Bins-For-Food-Wholesale-Storage-Boxes-3-768x768.webp 768w, https:\/\/www.gdwanjiada.net\/wp-content\/uploads\/2024\/09\/Bulk-Plastic-Storage-Bins-For-Food-Wholesale-Storage-Boxes-3-600x600.webp 600w, https:\/\/www.gdwanjiada.net\/wp-content\/uploads\/2024\/09\/Bulk-Plastic-Storage-Bins-For-Food-Wholesale-Storage-Boxes-3-100x100.webp 100w\" sizes=\"(max-width: 800px) 100vw, 800px\" \/><\/figure><\/div><\/div>","protected":false},"excerpt":{"rendered":"<p>Willkommen im Gro\u00dfhandel Lagerboxen zu kaufen. Diese Bulk-Kunststoff-Lagerbeh\u00e4lter f\u00fcr Lebensmittel ist aus lebensmittelechtem PP-Kunststoff, mit einem versiegelten Deckel und 2 mobilen R\u00e4dern ausgestattet, die Benutzer leicht zu bewegen und sicher zu speichern Lebensmittel erm\u00f6glicht. Das durchsichtige Design macht es einfach, die Gegenst\u00e4nde im Inneren zu sehen. Er eignet sich f\u00fcr verschiedene Aufbewahrungsanforderungen in Haushalten, Restaurants und Gro\u00dfk\u00fcchen. Er ist in einer Vielzahl von Gr\u00f6\u00dfen erh\u00e4ltlich, langlebig und leicht zu reinigen.<\/p>\n<h2>Produktmerkmale\uff1a<\/h2>\n<ul>\n<li>Hergestellt aus lebensmittelechtem PP-Kunststoff, sicher und ungiftig.<\/li>\n<li>Der versiegelte Deckel sorgt f\u00fcr Luftdichtheit und h\u00e4lt die Lebensmittel frisch.<\/li>\n<li>Ausgestattet mit 2 R\u00e4dern f\u00fcr einfache Bewegung.<\/li>\n<li>Transluzentes Design f\u00fcr eine einfache Sicht auf die inneren Gegenst\u00e4nde.<\/li>\n<li>Erh\u00e4ltlich in einer Vielzahl von Farben und Gr\u00f6\u00dfen, um verschiedenen Aufbewahrungsanforderungen gerecht zu werden.<\/li>\n<li>Langlebig, sturzsicher und leicht zu reinigen.<\/li>\n<\/ul>","protected":false},"featured_media":801,"comment_status":"closed","ping_status":"closed","template":"","meta":{"_acf_changed":false},"product_brand":[],"product_cat":[19],"product_tag":[],"class_list":{"0":"post-800","1":"product","2":"type-product","3":"status-publish","4":"has-post-thumbnail","6":"product_cat-storage-bins-in-bulk","8":"first","9":"instock","10":"shipping-taxable","11":"product-type-simple"},"acf":[],"_links":{"self":[{"href":"https:\/\/www.gdwanjiada.net\/de\/wp-json\/wp\/v2\/product\/800","targetHints":{"allow":["GET"]}}],"collection":[{"href":"https:\/\/www.gdwanjiada.net\/de\/wp-json\/wp\/v2\/product"}],"about":[{"href":"https:\/\/www.gdwanjiada.net\/de\/wp-json\/wp\/v2\/types\/product"}],"replies":[{"embeddable":true,"href":"https:\/\/www.gdwanjiada.net\/de\/wp-json\/wp\/v2\/comments?post=800"}],"wp:featuredmedia":[{"embeddable":true,"href":"https:\/\/www.gdwanjiada.net\/de\/wp-json\/wp\/v2\/media\/801"}],"wp:attachment":[{"href":"https:\/\/www.gdwanjiada.net\/de\/wp-json\/wp\/v2\/media?parent=800"}],"wp:term":[{"taxonomy":"product_brand","embeddable":true,"href":"https:\/\/www.gdwanjiada.net\/de\/wp-json\/wp\/v2\/product_brand?post=800"},{"taxonomy":"product_cat","embeddable":true,"href":"https:\/\/www.gdwanjiada.net\/de\/wp-json\/wp\/v2\/product_cat?post=800"},{"taxonomy":"product_tag","embeddable":true,"href":"https:\/\/www.gdwanjiada.net\/de\/wp-json\/wp\/v2\/product_tag?post=800"}],"curies":[{"name":"wp","href":"https:\/\/api.w.org\/{rel}","templated":true}]}}