{"id":793,"date":"2024-09-28T03:30:24","date_gmt":"2024-09-28T03:30:24","guid":{"rendered":"https:\/\/www.gdwanjiada.net\/?post_type=product&#038;p=793"},"modified":"2026-03-10T02:15:21","modified_gmt":"2026-03-10T02:15:21","slug":"food-storage-bins-bulk","status":"publish","type":"product","link":"https:\/\/www.gdwanjiada.net\/de\/produkt\/food-storage-bins-bulk\/","title":{"rendered":"Lebensmittelbeh\u00e4lter Bulk, luftdichte Lagerbeh\u00e4lter Supply"},"content":{"rendered":"<h3 class=\"wp-block-heading has-text-align-center\">Spezifikationen f\u00fcr Lagerk\u00e4sten Bulk<\/h3><figure class=\"wp-block-table\"><table class=\"has-fixed-layout\"><tbody><tr><td>Modell<\/td><td>Material<\/td><td>Produktgr\u00f6\u00dfe\uff08cm\uff09<\/td><td>Kartongr\u00f6\u00dfe\uff08cm\uff09<\/td><td>Packung Menge\uff08St\u00fcck\uff09<\/td><td>G.W.\uff08kg\uff09<\/td><td>N.W.\uff08kg\uff09<\/td><\/tr><tr><td>317<\/td><td>PP<\/td><td>34.5*23.5*14.5<\/td><td>48.5*36*66.5<\/td><td>20<\/td><td>0.4\/8<\/td><td>0.34\/6.8<\/td><\/tr><\/tbody><\/table><\/figure><div class=\"wp-block-columns is-layout-flex wp-container-core-columns-is-layout-9d6595d7 wp-block-columns-is-layout-flex\"><div class=\"wp-block-column is-layout-flow wp-block-column-is-layout-flow\" style=\"flex-basis:50%\"><h3 class=\"wp-block-heading has-text-align-left\">Vorteile von Lagerbeh\u00e4ltern in loser Sch\u00fcttung<\/h3>\n\n<ul class=\"wp-block-list\"><li><strong>Lebensmitteltaugliche Sicherheitsgarantie: <\/strong>Unsere Lebensmittelbeh\u00e4lter in loser Sch\u00fcttung aus lebensmittelechtem PP-Kunststoff sorgen daf\u00fcr, dass bei Kontakt mit Lebensmitteln keine sch\u00e4dlichen Stoffe entstehen. Sie sind sicher und umweltfreundlich und eignen sich f\u00fcr die langfristige Lagerung von verschiedenen Trockenwaren, Gew\u00fcrzen, Getreide und anderen Lebensmitteln.<\/li>\n\n<li><strong>Hervorragende Abdichtungsleistung: <\/strong>Die luftdicht verschlossenen Deckel dieser Vorratsbeh\u00e4lter isolieren Luft und Feuchtigkeit, halten Lebensmittel frisch, verhindern Schimmel und Feuchtigkeit und sichern die Qualit\u00e4t von Lebensmitteln bei langfristiger Lagerung.<\/li>\n\n<li><strong>Vielseitig einsetzbare Aufbewahrungsl\u00f6sung: <\/strong>Wir bieten Lebensmittelbeh\u00e4lter in einer Vielzahl von Farben und Gr\u00f6\u00dfen an, die sich f\u00fcr den Einsatz in Haushalten, Restaurants und Gro\u00dfk\u00fcchen eignen, um den Lagerungsbedarf verschiedener Lebensmittel zu decken und die Klassifizierung und Verwaltung von Zutaten zu erleichtern.<\/li>\n\n<li><strong>Robust und leicht zu reinigen:<\/strong> Diese luftdichten Vorratsbeh\u00e4lter sind aus strapazierf\u00e4higem PP-Kunststoff gefertigt, sturzsicher und verschlei\u00dffest, und die glatte Oberfl\u00e4che unserer Vorratsbeh\u00e4lter f\u00fcr Lebensmittel ist leicht zu reinigen, so dass ein langfristiger Gebrauch gew\u00e4hrleistet ist.<\/li><\/ul><\/div>\n\n<div class=\"wp-block-column is-layout-flow wp-block-column-is-layout-flow\"><figure class=\"wp-block-image size-full\"><img decoding=\"async\" width=\"800\" height=\"800\" src=\"https:\/\/www.gdwanjiada.net\/wp-content\/uploads\/2024\/09\/Food-Storage-Bins-Bulk-Airtight-Bulk-Storage-Containers-4.webp\" alt=\"Lebensmittelbeh\u00e4lter Bulk, luftdichte Bulk-Lagerbeh\u00e4lter-4\" class=\"wp-image-797\" srcset=\"https:\/\/www.gdwanjiada.net\/wp-content\/uploads\/2024\/09\/Food-Storage-Bins-Bulk-Airtight-Bulk-Storage-Containers-4.webp 800w, https:\/\/www.gdwanjiada.net\/wp-content\/uploads\/2024\/09\/Food-Storage-Bins-Bulk-Airtight-Bulk-Storage-Containers-4-300x300.webp 300w, https:\/\/www.gdwanjiada.net\/wp-content\/uploads\/2024\/09\/Food-Storage-Bins-Bulk-Airtight-Bulk-Storage-Containers-4-150x150.webp 150w, https:\/\/www.gdwanjiada.net\/wp-content\/uploads\/2024\/09\/Food-Storage-Bins-Bulk-Airtight-Bulk-Storage-Containers-4-768x768.webp 768w, https:\/\/www.gdwanjiada.net\/wp-content\/uploads\/2024\/09\/Food-Storage-Bins-Bulk-Airtight-Bulk-Storage-Containers-4-600x600.webp 600w, https:\/\/www.gdwanjiada.net\/wp-content\/uploads\/2024\/09\/Food-Storage-Bins-Bulk-Airtight-Bulk-Storage-Containers-4-100x100.webp 100w\" sizes=\"(max-width: 800px) 100vw, 800px\" \/><\/figure><\/div><\/div>","protected":false},"excerpt":{"rendered":"<p>Willkommen zum Kauf von luftdichten Vorratsbeh\u00e4ltern. Unsere Lebensmittelbeh\u00e4lter sind aus lebensmittelechtem PP-Kunststoff, sicher und ungiftig, geeignet f\u00fcr die langfristige Lagerung von verschiedenen Lebensmitteln. Die versiegelten Deckel Design sorgt f\u00fcr Luftdichtheit, effektiv h\u00e4lt Lebensmittel frisch, verhindert Feuchtigkeit und Verschlechterung. Robust und leicht zu reinigen, um die Bequemlichkeit zu gew\u00e4hrleisten.<\/p>\n<h2>Produktmerkmale\uff1a<\/h2>\n<ul>\n<li>Hergestellt aus lebensmittelechtem PP-Kunststoff, sicher, ungiftig, BPA-frei.<\/li>\n<li>Der versiegelte Deckel mit Flip-Top-Design sorgt f\u00fcr gute Luftdichtigkeit.<\/li>\n<li>Geeignet f\u00fcr die Aufbewahrung aller Arten von Lebensmitteln, um sie frisch zu halten.<\/li>\n<li>Langlebig, sturzsicher und leicht zu reinigen.<\/li>\n<li>Erh\u00e4ltlich in einer Vielzahl von Farben, um verschiedenen Aufbewahrungsbed\u00fcrfnissen gerecht zu werden.<\/li>\n<li>Transluzentes Design f\u00fcr eine einfache Sicht auf den Inhalt.<\/li>\n<\/ul>","protected":false},"featured_media":794,"comment_status":"closed","ping_status":"closed","template":"","meta":{"_acf_changed":false},"product_brand":[],"product_cat":[19],"product_tag":[],"class_list":{"0":"post-793","1":"product","2":"type-product","3":"status-publish","4":"has-post-thumbnail","6":"product_cat-storage-bins-in-bulk","8":"first","9":"instock","10":"shipping-taxable","11":"product-type-simple"},"acf":[],"_links":{"self":[{"href":"https:\/\/www.gdwanjiada.net\/de\/wp-json\/wp\/v2\/product\/793","targetHints":{"allow":["GET"]}}],"collection":[{"href":"https:\/\/www.gdwanjiada.net\/de\/wp-json\/wp\/v2\/product"}],"about":[{"href":"https:\/\/www.gdwanjiada.net\/de\/wp-json\/wp\/v2\/types\/product"}],"replies":[{"embeddable":true,"href":"https:\/\/www.gdwanjiada.net\/de\/wp-json\/wp\/v2\/comments?post=793"}],"wp:featuredmedia":[{"embeddable":true,"href":"https:\/\/www.gdwanjiada.net\/de\/wp-json\/wp\/v2\/media\/794"}],"wp:attachment":[{"href":"https:\/\/www.gdwanjiada.net\/de\/wp-json\/wp\/v2\/media?parent=793"}],"wp:term":[{"taxonomy":"product_brand","embeddable":true,"href":"https:\/\/www.gdwanjiada.net\/de\/wp-json\/wp\/v2\/product_brand?post=793"},{"taxonomy":"product_cat","embeddable":true,"href":"https:\/\/www.gdwanjiada.net\/de\/wp-json\/wp\/v2\/product_cat?post=793"},{"taxonomy":"product_tag","embeddable":true,"href":"https:\/\/www.gdwanjiada.net\/de\/wp-json\/wp\/v2\/product_tag?post=793"}],"curies":[{"name":"wp","href":"https:\/\/api.w.org\/{rel}","templated":true}]}}